{"id":128,"date":"2015-04-21T22:09:12","date_gmt":"2015-04-21T20:09:12","guid":{"rendered":"http:\/\/www.zbornik-eint.org\/?page_id=128"},"modified":"2024-12-29T22:17:36","modified_gmt":"2024-12-29T20:17:36","slug":"zbornik-radova-knjiga-21-2011","status":"publish","type":"page","link":"http:\/\/www.zbornik-eint.org\/?page_id=128&lang=sr","title":{"rendered":"Zbornik radova, Elektrotehni\u010dki institut Nikola Tesla, knjiga 21, 2011"},"content":{"rendered":"<ol>\n<li><em>Zavisnost gubitaka snage turbogeneratora od reaktivnih optere\u0107enja, <\/em>M. Kosti\u0107, Branka B.Kosti\u0107, Igor Beli\u0107, Nikola Georgijevi\u0107, str. 1 (<a href=\"http:\/\/www.zbornik-eint.org\/wp-content\/uploads\/2015\/04\/1Zavisnost-gubitka-snage-turbogeneratora-od-reaktivnih-opterecenja.pdf\">1-2011<\/a>\u00a0)\u00a0<a href=\"http:\/\/scindeks.ceon.rs\/article.aspx?artid=0350-85281121001K\" target=\"_blank\" rel=\"noopener noreferrer\">SCIndeks<\/a><\/li>\n<li><em>Uticaj vetrogeneratora na kvalitet elektri\u010dne energije u ta\u010dki priklju\u010denja na distributivnu mre\u017eu,<\/em> Branka Kosti\u0107, Aleksandar Nikoli\u0107, str. 21 (<a href=\"http:\/\/www.zbornik-eint.org\/wp-content\/uploads\/2015\/04\/2Uticaj-vetrogeneratora-na-kvalitet-elektricne-energije-u-tacki-prikljucenja-na-distributivnu-mrezu.pdf\">2-2011<\/a>)\u00a0<a href=\"http:\/\/scindeks.ceon.rs\/article.aspx?artid=0350-85281121021K\" target=\"_blank\" rel=\"noopener noreferrer\">SCIndeks<\/a><\/li>\n<li><em>Ure\u0111aji za klimatizaciju i letnji maksimum potro\u0161nje elektri\u010dne energije u mre\u017ei PD ED Beograd, <\/em>Nada Vrcelj, Danka Kecman, str 33 (<a href=\"http:\/\/www.zbornik-eint.org\/wp-content\/uploads\/2015\/04\/3Uredjaji-za-klimatizaciju-i-letnji-maksimum-potrosnje-elektricne-energije-u-mrezi-PD-ED-Beograd.pdf\">3-2011<\/a>)\u00a0<a href=\"http:\/\/scindeks.ceon.rs\/article.aspx?artid=0350-85281121033V\" target=\"_blank\" rel=\"noopener noreferrer\">SCIndeks<\/a><\/li>\n<li><em>Analiza funkcionisanja sistema za regulaciju u\u010destanosti i snaga razmene elektroenergetskog sistema Srbije, <\/em>Sanja Ivkovi\u0107, Predrag Stefanov, Dragan P. Popovi\u0107, str. 43 (<a href=\"http:\/\/www.zbornik-eint.org\/wp-content\/uploads\/2015\/04\/4Analiza-funkcionisanja-sistema-za-regulaciju-ucestanosti-i-snaga-razmene-elektroenergetskog-sistema-Srbije.pdf\">4-2011<\/a>)\u00a0<a href=\"http:\/\/scindeks.ceon.rs\/article.aspx?artid=0350-85281121043I\" target=\"_blank\" rel=\"noopener noreferrer\">SCIndeks<\/a><\/li>\n<li><em>Izbor i pravilno kori\u0161\u0107enje motora (energetski menad\u017ement motora), <\/em>Miloje M. Kosti\u0107, str. 61 (<a href=\"http:\/\/www.zbornik-eint.org\/wp-content\/uploads\/2015\/04\/5Izbor-i-pravilno-koriscenje-motora.pdf\">5-2011<\/a>)\u00a0<a href=\"http:\/\/scindeks.ceon.rs\/article.aspx?artid=0350-85281121061K\" target=\"_blank\" rel=\"noopener noreferrer\">SCIndeks<\/a><\/li>\n<li><em>Ocena mogu\u0107nosti revitalizovanih agregata u HE Zvornik u uslovima ostrvskog rada<\/em>, Milan Ivanovi\u0107, Dragan P.Popovi\u0107, Sa\u0161a Mini\u0107 . str. 79 (<a href=\"http:\/\/www.zbornik-eint.org\/wp-content\/uploads\/2015\/04\/6Ocena-mogucnosti-revitalizovanih-agregata.pdf\">6-2011<\/a>)\u00a0<a href=\"http:\/\/scindeks.ceon.rs\/article.aspx?artid=0350-85281121079I\" target=\"_blank\" rel=\"noopener noreferrer\">SCIndeks<\/a><\/li>\n<li><em>Karakteristike i mogu\u0107nosti ra\u010dunarskog programa za brzu ocenu rada i efekata primarne regulacije u\u010destanosti elektroenergetskih interkonekcija, <\/em><em>Milan Ivanovi\u0107, Dragan P.Popovi\u0107, Sa\u0161a Mini\u0107, str.\u00a0<\/em>89 (<a href=\"http:\/\/www.zbornik-eint.org\/wp-content\/uploads\/2015\/04\/7Karakteristike-i-mogucnosti-racunarskog-programa.pdf\">7-2011<\/a>)\u00a0<a href=\"http:\/\/scindeks.ceon.rs\/article.aspx?artid=0350-85281121079I\" target=\"_blank\" rel=\"noopener noreferrer\">SCIndeks<\/a><\/li>\n<li><em>Izbor najpovoljnijih vrednosti parametara i karakteristika blok-transformatora u HE \u0110erdap 2 sa aspekta naponsko-reaktivnih stanja EES-a Srbije, <\/em>Milan Ivanovi\u0107, Dragan P.Popovi\u0107, Sa\u0161a Mini\u0107, str. 109 (<a href=\"http:\/\/www.zbornik-eint.org\/wp-content\/uploads\/2015\/04\/8Izbor-najpovoljnijih-vrednosti-parametara.pdf\">8-2011<\/a>)\u00a0<a href=\"http:\/\/scindeks.ceon.rs\/article.aspx?artid=0350-85281121109I\" target=\"_blank\" rel=\"noopener noreferrer\">SCIndeks<\/a><\/li>\n<li><em>Postupak za razdvajanje dodatnih gubitaka optere\u0107enja u transformatoru na dve komponente, <\/em>Miloje M. Kosti\u0107, str. 129 (<a href=\"http:\/\/www.zbornik-eint.org\/wp-content\/uploads\/2015\/04\/9Postupak-za-razdvajanje-dodatnih-gubitaka-opterecenja-u-transformatoru-na-dve-komponenete.pdf\">9-2011<\/a>)\u00a0<a href=\"http:\/\/scindeks.ceon.rs\/article.aspx?artid=0350-85281121129K\" target=\"_blank\" rel=\"noopener noreferrer\">SCIndeks<\/a><\/li>\n<li><em>Tiristorski ispravlja\u010di sa digitalnim regulatorima zasnovanim na mikrokontroleru 80C196 za sisteme besprekidnog napajanja<\/em>, Vladimir Vuki\u0107, str. 139 (<a href=\"http:\/\/www.zbornik-eint.org\/wp-content\/uploads\/2015\/04\/10Tiristorski-ispravljaci-sa-digitalnim-regulatorima-zasnovanim-na-mikrokontroleru-80c196-za-sisteme-besprekidnog-napajanja.pdf\">10-2011<\/a>)\u00a0<a href=\"http:\/\/scindeks.ceon.rs\/article.aspx?artid=0350-85281121139V\" target=\"_blank\" rel=\"noopener noreferrer\">SCIndeks<\/a><\/li>\n<li><em>Pobudni sistem sinhronog motora baziran na programabilnom logi\u010dkom kontroleru, <\/em>\u017darko Janda, Marko Jankovi\u0107, Sava Dobri\u010di\u0107, Predrag Ninkovi\u0107, str. 157 (<a href=\"http:\/\/www.zbornik-eint.org\/wp-content\/uploads\/2015\/04\/11Pobudni-sistem-sinhronog-motora-baziran-na-PLC.pdf\">11-2011<\/a>)\u00a0<a href=\"http:\/\/scindeks.ceon.rs\/article.aspx?artid=0350-85281121157J\" target=\"_blank\" rel=\"noopener noreferrer\">SCIndeks<\/a><\/li>\n<li><em>Odre\u0111ivanje dinami\u010dkih karakteristika regulatora napona statora i struje pobude elektroma\u0161inskog pobudnog sistema sa jednosmernom budilicom, <\/em>\u0110or\u0111e Stoji\u0107, Slavko Veinovi\u0107, Milan Milinkovi\u0107, Zoran \u0106iri\u0107, Du\u0161an Joksimovi\u0107, Nemanja Miloj\u010di\u0107, Du\u0161an Arnautovi\u0107, str. \u00a0169 (<a href=\"http:\/\/www.zbornik-eint.org\/wp-content\/uploads\/2015\/04\/12Odredjivanje-dinamickih-karakteristika-regulatora-napona-statora-i-struje-pobude-elektromasinskog-pobudnog-sistema-sa-jednosmernom-budilicom.pdf\">12-2011<\/a>)\u00a0<a href=\"http:\/\/scindeks.ceon.rs\/article.aspx?artid=0350-85281121169S\" target=\"_blank\" rel=\"noopener noreferrer\">SCIndeks<\/a><\/li>\n<li><em>Modernizacija, rekonstrukcija i razvoj sistema pobude sinhronih generatora<\/em>, D.Arnautovi\u0107, Z.\u0106iri\u0107, I.Stevanovi\u0107, \u0110.Stoji\u0107, N.Miloj\u010di\u0107, D.Joksimovi\u0107, M.Milinkovi\u0107, S.Veinovi\u0107, M.Baki\u0107, V.Palija, str. 181 (<a href=\"http:\/\/www.zbornik-eint.org\/wp-content\/uploads\/2015\/04\/13Modernizacija-rekonstrukcija-i-razvoj-sistema-pobude-sinhronih-generatora.pdf\">13-2011<\/a>)\u00a0<a href=\"http:\/\/scindeks.ceon.rs\/article.aspx?artid=0350-85281121181A\" target=\"_blank\" rel=\"noopener noreferrer\">SCIndeks<\/a><\/li>\n<li><em>Ispitivanja sistema pobude generatora u HE &#8220;Uvac&#8221;, <\/em>Nemanja Miloj\u010di\u0107, Zoran \u0106iri\u0107, Du\u0161an Joksimovi\u0107, \u0110or\u0111e Stoji\u0107, Milan Milinkovi\u0107, Slavko Veinovi\u0107, str. 197 (<a href=\"http:\/\/www.zbornik-eint.org\/wp-content\/uploads\/2015\/04\/14Ispitivanje-sistema-pobude-generator-u-HE-Uvac.pdf\">14-2011<\/a>)\u00a0<a href=\"http:\/\/scindeks.ceon.rs\/article.aspx?artid=0350-85281121197M\" target=\"_blank\" rel=\"noopener noreferrer\">SCIndeks<\/a><\/li>\n<li><em>Ispitivanje kvaliteta rada agregata C u HE \u201ePotpe\u0107\u201cu primarnoj regulaciji snage i u\u010destanosti, <\/em>Dane D\u017eep\u010deski, Slobodan Bogdanovi\u0107, Du\u0161an Arnautovi\u0107, Jelena Pavlovi\u0107, Jasna Dragosavac, str. 211 (<a href=\"http:\/\/www.zbornik-eint.org\/wp-content\/uploads\/2015\/04\/15Ispitivanje-kvaliteta-rada-agregata-c-u-HE-Potpec-u-primarnoj-regulaciji-snage-i-ucestanosti.pdf\">15-2011<\/a>)\u00a0<a href=\"http:\/\/scindeks.ceon.rs\/article.aspx?artid=0350-85281121211D\" target=\"_blank\" rel=\"noopener noreferrer\">SCIndeks<\/a><\/li>\n<li><em>Prenaponi preneti iz mre\u017ee 220 kV na 15,65 kV nivo bloka transformator-generator u HE \u201cBajina Ba\u0161ta<\/em>\u201d, Petar Vukelja, Jovan Mrvi\u0107, str. 223 (<a href=\"http:\/\/www.zbornik-eint.org\/wp-content\/uploads\/2015\/04\/16Prenaponi-preneti-iz-mreze-220kV-na-15.65-kV-nivo-blok-transformator-generator-u-HE-Bajina-Basta.pdf\">16-2011<\/a>)\u00a0<a href=\"http:\/\/scindeks.ceon.rs\/article.aspx?artid=0350-85281121223V\" target=\"_blank\" rel=\"noopener noreferrer\">SCIndeks<\/a><\/li>\n<li><em>Kvar metalnog otpornika za uzemljenje neutralne ta\u010dke mre\u017ee 35\u00a0kV, <\/em>Ninoslav Simi\u0107, Jovan Mrvi\u0107, str. 241 (<a href=\"http:\/\/www.zbornik-eint.org\/wp-content\/uploads\/2015\/04\/17Kvar-metalnog-otpornika-za-uzemljenje-neutralne-tacke-mreze-35kV.pdf\">17-2011<\/a>)\u00a0<a href=\"http:\/\/scindeks.ceon.rs\/article.aspx?artid=0350-85281121241S\" target=\"_blank\" rel=\"noopener noreferrer\">SCIndeks<\/a><\/li>\n<li><em>Magnetni monitoring generatora u elektranama EPS, <\/em>Nenad Kartalovi\u0107, Blagoje Babi\u0107, str. 247 (<a href=\"http:\/\/www.zbornik-eint.org\/wp-content\/uploads\/2015\/04\/18Magnetni-monitoring-generatora-u-elektranama-EPS.pdf\">18-2011<\/a>)\u00a0<a href=\"http:\/\/scindeks.ceon.rs\/article.aspx?artid=0350-85281121247K\" target=\"_blank\" rel=\"noopener noreferrer\">SCIndeks<\/a><\/li>\n<li><em>Optimalne lokacije rasklopne opreme u distributivnim mre\u017eama razli\u010ditih koncepcija napajanja potro\u0161a\u010da, <\/em>Vladica Mijailovi\u0107, str. 269 (<a href=\"http:\/\/www.zbornik-eint.org\/wp-content\/uploads\/2015\/04\/19Optimalne-lokacije-rasklopne-opreme-u-distributivnim-mrezama-razlicitih-koncepcija-napajanja-potrosaca.pdf\">19-2011<\/a>)\u00a0<a href=\"http:\/\/scindeks.ceon.rs\/article.aspx?artid=0350-85281121269M\" target=\"_blank\" rel=\"noopener noreferrer\">SCIndeks<\/a><\/li>\n<li><em>Funkcionisanje primarne regulacije u\u010destanosti u EPS-u, <\/em>Nikola Georgijevi\u0107, str. 283 (<a href=\"http:\/\/www.zbornik-eint.org\/wp-content\/uploads\/2015\/04\/20Funkcionisanje-primarne-regulacije-ucestanosti-u-EPS-u.pdf\">20-2011<\/a>)\u00a0<a href=\"http:\/\/scindeks.ceon.rs\/article.aspx?artid=0350-85281121283G\" target=\"_blank\" rel=\"noopener noreferrer\">SCIndeks<\/a><\/li>\n<li><em>Prora\u010dun trofaznih tokova snaga, <\/em>Maja Markovi\u0107, str. 293 (<a href=\"http:\/\/www.zbornik-eint.org\/wp-content\/uploads\/2015\/04\/21Proracun-trofaznih-tokova-snaga1.pdf\">21-2011<\/a>)\u00a0<a href=\"http:\/\/scindeks.ceon.rs\/article.aspx?artid=0350-85281121283G\" target=\"_blank\" rel=\"noopener noreferrer\">SCIndeks<\/a><\/li>\n<\/ol>\n","protected":false},"excerpt":{"rendered":"<p>Zavisnost gubitaka snage turbogeneratora od reaktivnih optere\u0107enja, M. Kosti\u0107, Branka B.Kosti\u0107, Igor Beli\u0107, Nikola Georgijevi\u0107, str. 1 (1-2011\u00a0)\u00a0SCIndeks Uticaj vetrogeneratora na kvalitet elektri\u010dne energije u ta\u010dki priklju\u010denja na distributivnu mre\u017eu, Branka Kosti\u0107, Aleksandar Nikoli\u0107, str. 21 (2-2011)\u00a0SCIndeks Ure\u0111aji za klimatizaciju i letnji maksimum potro\u0161nje elektri\u010dne energije u mre\u017ei PD ED Beograd, Nada Vrcelj, Danka Kecman, &hellip; <a href=\"http:\/\/www.zbornik-eint.org\/?page_id=128&#038;lang=sr\" class=\"more-link\">Continue reading <span class=\"screen-reader-text\">Zbornik radova, Elektrotehni\u010dki institut Nikola Tesla, knjiga 21, 2011<\/span> <span class=\"meta-nav\">&rarr;<\/span><\/a><\/p>\n","protected":false},"author":1,"featured_media":0,"parent":63,"menu_order":14,"comment_status":"closed","ping_status":"closed","template":"","meta":{"_monsterinsights_skip_tracking":false,"_monsterinsights_sitenote_active":false,"_monsterinsights_sitenote_note":"","_monsterinsights_sitenote_category":0,"footnotes":""},"class_list":["post-128","page","type-page","status-publish","hentry"],"_links":{"self":[{"href":"http:\/\/www.zbornik-eint.org\/index.php?rest_route=\/wp\/v2\/pages\/128","targetHints":{"allow":["GET"]}}],"collection":[{"href":"http:\/\/www.zbornik-eint.org\/index.php?rest_route=\/wp\/v2\/pages"}],"about":[{"href":"http:\/\/www.zbornik-eint.org\/index.php?rest_route=\/wp\/v2\/types\/page"}],"author":[{"embeddable":true,"href":"http:\/\/www.zbornik-eint.org\/index.php?rest_route=\/wp\/v2\/users\/1"}],"replies":[{"embeddable":true,"href":"http:\/\/www.zbornik-eint.org\/index.php?rest_route=%2Fwp%2Fv2%2Fcomments&post=128"}],"version-history":[{"count":11,"href":"http:\/\/www.zbornik-eint.org\/index.php?rest_route=\/wp\/v2\/pages\/128\/revisions"}],"predecessor-version":[{"id":1378,"href":"http:\/\/www.zbornik-eint.org\/index.php?rest_route=\/wp\/v2\/pages\/128\/revisions\/1378"}],"up":[{"embeddable":true,"href":"http:\/\/www.zbornik-eint.org\/index.php?rest_route=\/wp\/v2\/pages\/63"}],"wp:attachment":[{"href":"http:\/\/www.zbornik-eint.org\/index.php?rest_route=%2Fwp%2Fv2%2Fmedia&parent=128"}],"curies":[{"name":"wp","href":"https:\/\/api.w.org\/{rel}","templated":true}]}}