{"id":1287,"date":"2019-12-31T17:58:01","date_gmt":"2019-12-31T15:58:01","guid":{"rendered":"http:\/\/www.zbornik-eint.org\/?page_id=1287"},"modified":"2024-12-29T22:17:35","modified_gmt":"2024-12-29T20:17:35","slug":"zbornik-radova-elektrotehnicki-institut-nikola-tesla-knjiga-29-2019","status":"publish","type":"page","link":"http:\/\/www.zbornik-eint.org\/?page_id=1287&lang=sr","title":{"rendered":"Zbornik radova, Elektrotehni\u010dki institut Nikola Tesla, knjiga 29, 2019"},"content":{"rendered":"\n<ol class=\"wp-block-list\"><li><em><strong>Modelovanje frekvencijski zavisnog modela stubnog uzemljiva\u010da na osnovu merenja impulsnog odziva<\/strong><\/em>, Ranko Jasika, Jovan Mrvi\u0107, Stefan Obradovi\u0107, Ninoslav Simi\u0107, str  1 (<a href=\"http:\/\/www.zbornik-eint.org\/wp-content\/uploads\/2019\/12\/1-23610-Jasika-7.pdf\">1-23610)<\/a><\/li><li><em><strong>Procena \u0161tetnog uticaja RF polja u okolini antenskog sklopa digitalnog radio modema<\/strong><\/em>, Sa\u0161a Mili\u0107, Ljubi\u0161a S. \u010ci\u010dkari\u0107, Branislav D. Vulevi\u0107, str 13 (<a href=\"http:\/\/www.zbornik-eint.org\/wp-content\/uploads\/2019\/12\/2-23771-Milic-1.pdf\">2-23771)<\/a><\/li><li><strong><em>\u0418\u0441\u043f\u0438\u0442\u0438\u0432\u0430\u045a\u0430 \u0432\u0438\u0441\u043e\u043a\u043e\u0444\u0440\u0435\u043a\u0432\u0435\u043d\u0442\u043d\u043e\u0433 \u0435\u043b\u0435\u043a\u0442\u0440\u043e\u043c\u0430\u0433\u043d\u0435\u0442\u0441\u043a\u043e\u0433 \u043f\u043e\u0459\u0430 \u0443 \u0436\u0438\u0432\u043e\u0442\u043d\u043e\u0458 \u0441\u0440\u0435\u0434\u0438\u043d\u0438 \u0443 \u043e\u043a\u043e\u043b\u0438\u043d\u0438 \u0431\u0430\u0437\u043d\u0438\u0445 \u0441\u0442\u0430\u043d\u0438\u0446\u0430 \u043c\u043e\u0431\u0438\u043b\u043d\u0435 \u0442\u0435\u043b\u0435\u0444\u043e\u043d\u0438\u0458\u0435 \u0438 \u0440\u0430\u0434\u0438\u043e \u0438 \u0442\u0435\u043b\u0435\u0432\u0438\u0437\u0438\u0458\u0441\u043a\u0438\u0445 \u043f\u0440\u0435\u0434\u0430\u0458\u043d\u0438\u043a\u0430<\/em><\/strong>, \u041c\u0430\u0458\u0430 \u0413\u0440\u0431\u0438\u045b, \u041c\u0438\u045b\u043e \u0422\u043e\u0434\u043e\u0440\u043e\u0432\u0438\u045b, \u0410\u043b\u0435\u043a\u0441\u0430\u043d\u0434\u0430\u0440 \u041f\u0430\u0432\u043b\u043e\u0432\u0438\u045b, \u0414\u0435\u0458\u0430\u043d \u0425\u0440\u0432\u0438\u045b, \u0441\u0442\u0440.  25 (<a href=\"http:\/\/www.zbornik-eint.org\/wp-content\/uploads\/2019\/12\/3-24285-Grbic-1.pdf\">3-24285<\/a>)<\/li><li><strong><em>Procena stanja izolacije kablovskog voda 20kV tip NPHO 13 nakon o\u0161te\u0107enja izazvanog atmosferskim pra\u017enjenjem<\/em><\/strong>,  Ninoslav Simi\u0107, Jovan Mrvi\u0107, Ranko Jasika,  str. 37 (<a href=\"http:\/\/www.zbornik-eint.org\/wp-content\/uploads\/2019\/12\/4-23862-Simic-1.pdf\">4-23862)<\/a><\/li><li><strong><em>Procena stanja papirne izolacije energetskih transformatora na osnovu sadr\u017eaja 2-furfurala u mineralnom izolacionom ulju korigovanog na referentnu temperaturu od 20\u00baC<\/em><\/strong>, Valentina Vasovi\u0107, Draginja Mihajlovi\u0107, Jelena Jankovi\u0107, Jelena Luki\u0107, str.   45 (<a href=\"http:\/\/www.zbornik-eint.org\/wp-content\/uploads\/2019\/12\/5-23912-Valentina2-1.pdf\">5-23912)<\/a><\/li><li><strong><em>\u0423\u0442\u0438\u0446\u0430\u0458 \u0441\u0438\u0441\u0442\u0435\u043c\u0430 \u0440\u0435\u0433\u0443\u043b\u0430\u0446\u0438\u0458\u0435 \u043f\u043e\u0431\u0443\u0434\u0435 \u043d\u0430 \u0440\u0430\u0434 \u043f\u043e\u0434\u0438\u043c\u043f\u0435\u0434\u0430\u043d\u0442\u043d\u0435 \u0437\u0430\u0448\u0442\u0438\u0442\u0435 \u0433\u0435\u043d\u0435\u0440\u0430\u0442\u043e\u0440\u0430<\/em><\/strong>, \u041d\u0438\u043a\u043e\u043b\u0430 \u0421\u0443\u0447\u0435\u0432\u0438\u045b, \u0421\u0430\u045a\u0430 \u041b\u0443\u043a\u0438\u045b, \u0441\u0442\u0440. 57 (<a href=\"http:\/\/www.zbornik-eint.org\/wp-content\/uploads\/2019\/12\/6-23935-Sucevic-1.pdf\">6-23935)<\/a><\/li><li><strong><em>Analiza i modelovanje pretvara\u010da sa aktivnim ispravlja\u010dem i njegov uticaj na energetsku efikasnost elektromotornog pogona<\/em><\/strong>, Vladimir \u0160inik, Marko \u0160inik. str.  71 (<a href=\"http:\/\/www.zbornik-eint.org\/wp-content\/uploads\/2019\/12\/7-22213-Sinik-1.pdf\">7-22213)<\/a><\/li><li><strong><em>Unapre\u0111eno upravljanje monofaznom stati\u010dkom preklopkom<\/em><\/strong>, Blagota Jovanovi\u0107, Mladen Milo\u0161evi\u0107, \u017darko Janda, str. 113 (<a href=\"http:\/\/www.zbornik-eint.org\/wp-content\/uploads\/2019\/12\/8-24565-Jovanovic-1.pdf\">8-24565)<\/a><\/li><\/ol>\n\n\n\n<div class=\"wp-block-media-text alignwide\" style=\"grid-template-columns:16% auto\"><figure class=\"wp-block-media-text__media\"><\/figure><div class=\"wp-block-media-text__content\">\n<p class=\"has-large-font-size\"><\/p>\n<\/div><\/div>\n","protected":false},"excerpt":{"rendered":"<p>Modelovanje frekvencijski zavisnog modela stubnog uzemljiva\u010da na osnovu merenja impulsnog odziva, Ranko Jasika, Jovan Mrvi\u0107, Stefan Obradovi\u0107, Ninoslav Simi\u0107, str 1 (1-23610) Procena \u0161tetnog uticaja RF polja u okolini antenskog sklopa digitalnog radio modema, Sa\u0161a Mili\u0107, Ljubi\u0161a S. \u010ci\u010dkari\u0107, Branislav D. Vulevi\u0107, str 13 (2-23771) \u0418\u0441\u043f\u0438\u0442\u0438\u0432\u0430\u045a\u0430 \u0432\u0438\u0441\u043e\u043a\u043e\u0444\u0440\u0435\u043a\u0432\u0435\u043d\u0442\u043d\u043e\u0433 \u0435\u043b\u0435\u043a\u0442\u0440\u043e\u043c\u0430\u0433\u043d\u0435\u0442\u0441\u043a\u043e\u0433 \u043f\u043e\u0459\u0430 \u0443 \u0436\u0438\u0432\u043e\u0442\u043d\u043e\u0458 \u0441\u0440\u0435\u0434\u0438\u043d\u0438 \u0443 \u043e\u043a\u043e\u043b\u0438\u043d\u0438 \u0431\u0430\u0437\u043d\u0438\u0445 &hellip; <a href=\"http:\/\/www.zbornik-eint.org\/?page_id=1287&#038;lang=sr\" class=\"more-link\">Continue reading <span class=\"screen-reader-text\">Zbornik radova, Elektrotehni\u010dki institut Nikola Tesla, knjiga 29, 2019<\/span> <span class=\"meta-nav\">&rarr;<\/span><\/a><\/p>\n","protected":false},"author":1,"featured_media":0,"parent":63,"menu_order":6,"comment_status":"closed","ping_status":"closed","template":"","meta":{"_monsterinsights_skip_tracking":false,"_monsterinsights_sitenote_active":false,"_monsterinsights_sitenote_note":"","_monsterinsights_sitenote_category":0,"footnotes":""},"class_list":["post-1287","page","type-page","status-publish","hentry"],"_links":{"self":[{"href":"http:\/\/www.zbornik-eint.org\/index.php?rest_route=\/wp\/v2\/pages\/1287","targetHints":{"allow":["GET"]}}],"collection":[{"href":"http:\/\/www.zbornik-eint.org\/index.php?rest_route=\/wp\/v2\/pages"}],"about":[{"href":"http:\/\/www.zbornik-eint.org\/index.php?rest_route=\/wp\/v2\/types\/page"}],"author":[{"embeddable":true,"href":"http:\/\/www.zbornik-eint.org\/index.php?rest_route=\/wp\/v2\/users\/1"}],"replies":[{"embeddable":true,"href":"http:\/\/www.zbornik-eint.org\/index.php?rest_route=%2Fwp%2Fv2%2Fcomments&post=1287"}],"version-history":[{"count":8,"href":"http:\/\/www.zbornik-eint.org\/index.php?rest_route=\/wp\/v2\/pages\/1287\/revisions"}],"predecessor-version":[{"id":1318,"href":"http:\/\/www.zbornik-eint.org\/index.php?rest_route=\/wp\/v2\/pages\/1287\/revisions\/1318"}],"up":[{"embeddable":true,"href":"http:\/\/www.zbornik-eint.org\/index.php?rest_route=\/wp\/v2\/pages\/63"}],"wp:attachment":[{"href":"http:\/\/www.zbornik-eint.org\/index.php?rest_route=%2Fwp%2Fv2%2Fmedia&parent=1287"}],"curies":[{"name":"wp","href":"https:\/\/api.w.org\/{rel}","templated":true}]}}