{"id":1360,"date":"2020-12-30T11:06:15","date_gmt":"2020-12-30T09:06:15","guid":{"rendered":"http:\/\/www.zbornik-eint.org\/?page_id=1360"},"modified":"2026-01-07T17:31:45","modified_gmt":"2026-01-07T15:31:45","slug":"proceedings-electrical-engineering-institute-nikola-tesla-vol-30-2020","status":"publish","type":"page","link":"http:\/\/www.zbornik-eint.org\/?page_id=1360&lang=en","title":{"rendered":"Proceedings, Electrical engineering institute Nikola Tesla, vol. 30, 2020"},"content":{"rendered":"\n<ol class=\"wp-block-list\" type=\"1\"><li><em>Partial Discharges Measurement by UHF Method, <\/em>Nevena Male\u0161evi\u0107, Mileta \u017darkovi\u0107, Denis Ili\u0107, \u0110or\u0111e Jovanovi\u0107, pp 1 (<a rel=\"noreferrer noopener\" href=\"http:\/\/www.zbornik-eint.org\/wp-content\/uploads\/2020\/12\/1-28749-Nevena-Malesevic-2.pdf\" target=\"_blank\">1-28749<\/a>)<\/li><li><em>Starting the Synchronous Motor in the PAP &#8220;Lisina&#8221; by a Generator from the HPP &#8220;Vrla 1<\/em>\u201d, Ilija Stevanovi\u0107, \u0110or\u0111e Stoji\u0107, \u017darko Janda, Milorad Jovanovi\u0107, Petar Markovi\u0107, Zlatko \u0110ukanovi\u0107, pp 11 (<a rel=\"noreferrer noopener\" href=\"http:\/\/www.zbornik-eint.org\/wp-content\/uploads\/2020\/12\/2-26466-Ilija-Stevanovic-1.pdf\" target=\"_blank\">2-26466<\/a>)<\/li><li><em>Impact of Underground Cables on Ground Impedance Measurement Implementing FSM Concept in FOP Measuring Scheme, <\/em>Vojin Kosti\u0107, Dejan Savi\u0107, Milo\u0161 Liki\u0107, pp 31 (<a rel=\"noreferrer noopener\" href=\"http:\/\/www.zbornik-eint.org\/wp-content\/uploads\/2020\/12\/3-28070-Vojin-Kostic-1.pdf\" target=\"_blank\">3-28070<\/a>)<\/li><li><em>Reduction Factor of 110kV Cable Line: Measurement and Simulation, <\/em>Ranko Jasika, Jovan Mrvi\u0107, Ninoslav Simi\u0107, Mom\u010dilo Petrovi\u0107, pp 43 (<a rel=\"noreferrer noopener\" href=\"http:\/\/www.zbornik-eint.org\/wp-content\/uploads\/2020\/12\/4-28175-Jovan-Mrvic-1.pdf\" target=\"_blank\">4-28175<\/a>)<\/li><li><em>Induction Coils for Measuring Low Frequency and Low Intensity Magnetic Fields, <\/em>Sa\u0161a D. Mili\u0107, pp 51 (<a rel=\"noreferrer noopener\" href=\"http:\/\/www.zbornik-eint.org\/wp-content\/uploads\/2021\/01\/5-28255-Sasa-Milic-1.pdf\" target=\"_blank\">5-28255<\/a>)<\/li><li><em>The Possibility of the High Voltage Testing in Renewable Energy Power Facilities<\/em>, Ninoslav Simi\u0107, Jovan Mrvi\u0107, Ranko Jasika, pp 69 (<a rel=\"noreferrer noopener\" href=\"http:\/\/www.zbornik-eint.org\/wp-content\/uploads\/2021\/01\/6-28647-Ninoslav-Simic-1.pdf\" target=\"_blank\">6-28647<\/a>)<\/li><li><em>Load Angle Estimation of Synchronous Generator, <\/em>Slavko Veinovi\u0107, \u017darko Janda, \u0110or\u0111e Stoji\u0107, Jasna Dragosavac, pp 81 (<a rel=\"noreferrer noopener\" href=\"http:\/\/www.zbornik-eint.org\/wp-content\/uploads\/2021\/01\/7-29158-Slavko-Veinovic-1.pdf\" target=\"_blank\">7-29158<\/a>)<\/li><li><em>Comparative \u0410nalysis of the Switching Energy Losses in GaN HEMT and Silicon MOSFET Power, <\/em>Jovan Mrvi\u0107, Vladimir \u0110. Vuki\u0107, pp 93 (<a rel=\"noreferrer noopener\" href=\"http:\/\/www.zbornik-eint.org\/wp-content\/uploads\/2020\/12\/8-29318-Vukic-Mrvic-1.pdf\" target=\"_blank\">8-29318<\/a>)<\/li><\/ol>\n\n\n","protected":false},"excerpt":{"rendered":"<p>Partial Discharges Measurement by UHF Method, Nevena Male\u0161evi\u0107, Mileta \u017darkovi\u0107, Denis Ili\u0107, \u0110or\u0111e Jovanovi\u0107, pp 1 (1-28749) Starting the Synchronous Motor in the PAP &#8220;Lisina&#8221; by a Generator from the HPP &#8220;Vrla 1\u201d, Ilija Stevanovi\u0107, \u0110or\u0111e Stoji\u0107, \u017darko Janda, Milorad Jovanovi\u0107, Petar Markovi\u0107, Zlatko \u0110ukanovi\u0107, pp 11 (2-26466) Impact of Underground Cables on Ground Impedance &hellip; <a href=\"http:\/\/www.zbornik-eint.org\/?page_id=1360&#038;lang=en\" class=\"more-link\">Continue reading <span class=\"screen-reader-text\">Proceedings, Electrical engineering institute Nikola Tesla, vol. 30, 2020<\/span> <span class=\"meta-nav\">&rarr;<\/span><\/a><\/p>\n","protected":false},"author":1,"featured_media":0,"parent":393,"menu_order":5,"comment_status":"closed","ping_status":"closed","template":"","meta":{"_monsterinsights_skip_tracking":false,"_monsterinsights_sitenote_active":false,"_monsterinsights_sitenote_note":"","_monsterinsights_sitenote_category":0,"footnotes":""},"class_list":["post-1360","page","type-page","status-publish","hentry"],"_links":{"self":[{"href":"http:\/\/www.zbornik-eint.org\/index.php?rest_route=\/wp\/v2\/pages\/1360","targetHints":{"allow":["GET"]}}],"collection":[{"href":"http:\/\/www.zbornik-eint.org\/index.php?rest_route=\/wp\/v2\/pages"}],"about":[{"href":"http:\/\/www.zbornik-eint.org\/index.php?rest_route=\/wp\/v2\/types\/page"}],"author":[{"embeddable":true,"href":"http:\/\/www.zbornik-eint.org\/index.php?rest_route=\/wp\/v2\/users\/1"}],"replies":[{"embeddable":true,"href":"http:\/\/www.zbornik-eint.org\/index.php?rest_route=%2Fwp%2Fv2%2Fcomments&post=1360"}],"version-history":[{"count":7,"href":"http:\/\/www.zbornik-eint.org\/index.php?rest_route=\/wp\/v2\/pages\/1360\/revisions"}],"predecessor-version":[{"id":1408,"href":"http:\/\/www.zbornik-eint.org\/index.php?rest_route=\/wp\/v2\/pages\/1360\/revisions\/1408"}],"up":[{"embeddable":true,"href":"http:\/\/www.zbornik-eint.org\/index.php?rest_route=\/wp\/v2\/pages\/393"}],"wp:attachment":[{"href":"http:\/\/www.zbornik-eint.org\/index.php?rest_route=%2Fwp%2Fv2%2Fmedia&parent=1360"}],"curies":[{"name":"wp","href":"https:\/\/api.w.org\/{rel}","templated":true}]}}