{"id":1590,"date":"2024-04-08T11:10:51","date_gmt":"2024-04-08T09:10:51","guid":{"rendered":"https:\/\/www.zbornik-eint.org\/?page_id=1590"},"modified":"2024-04-08T11:10:53","modified_gmt":"2024-04-08T09:10:53","slug":"online-first-3","status":"publish","type":"page","link":"http:\/\/www.zbornik-eint.org\/?page_id=1590&lang=en","title":{"rendered":"Online first"},"content":{"rendered":"\n<ol class=\"wp-block-list\">\n<li><strong><em>Blind equalization of partial discharge channels<\/em><\/strong><em><strong>, <\/strong><\/em>Aleksandar \u017digi\u0107<a href=\"https:\/\/scindeks.ceon.rs\/Related.aspx?artaun=112236\">, <\/a>Nenad Kartalovi\u0107, Uro\u0161 Radoman, Uro\u0161 Kova\u010devi\u0107, pp. 1 <a href=\"http:\/\/www.zbornik-eint.org\/wp-content\/uploads\/2024\/04\/1-49112-Aleksandar-Zigic.pdf\" target=\"_blank\" rel=\"noreferrer noopener\">(1-49112)<\/a> <a href=\"https:\/\/scindeks-clanci.ceon.rs\/data\/pdf\/0350-8528\/8888\/0350-85288800001Q.pdf\" target=\"_blank\" rel=\"noreferrer noopener\">SCIndeks<\/a><\/li>\n<\/ol>\n","protected":false},"excerpt":{"rendered":"","protected":false},"author":1,"featured_media":0,"parent":0,"menu_order":17,"comment_status":"closed","ping_status":"closed","template":"","meta":{"_monsterinsights_skip_tracking":false,"_monsterinsights_sitenote_active":false,"_monsterinsights_sitenote_note":"","_monsterinsights_sitenote_category":0,"footnotes":""},"class_list":["post-1590","page","type-page","status-publish","hentry"],"_links":{"self":[{"href":"http:\/\/www.zbornik-eint.org\/index.php?rest_route=\/wp\/v2\/pages\/1590","targetHints":{"allow":["GET"]}}],"collection":[{"href":"http:\/\/www.zbornik-eint.org\/index.php?rest_route=\/wp\/v2\/pages"}],"about":[{"href":"http:\/\/www.zbornik-eint.org\/index.php?rest_route=\/wp\/v2\/types\/page"}],"author":[{"embeddable":true,"href":"http:\/\/www.zbornik-eint.org\/index.php?rest_route=\/wp\/v2\/users\/1"}],"replies":[{"embeddable":true,"href":"http:\/\/www.zbornik-eint.org\/index.php?rest_route=%2Fwp%2Fv2%2Fcomments&post=1590"}],"version-history":[{"count":2,"href":"http:\/\/www.zbornik-eint.org\/index.php?rest_route=\/wp\/v2\/pages\/1590\/revisions"}],"predecessor-version":[{"id":1592,"href":"http:\/\/www.zbornik-eint.org\/index.php?rest_route=\/wp\/v2\/pages\/1590\/revisions\/1592"}],"wp:attachment":[{"href":"http:\/\/www.zbornik-eint.org\/index.php?rest_route=%2Fwp%2Fv2%2Fmedia&parent=1590"}],"curies":[{"name":"wp","href":"https:\/\/api.w.org\/{rel}","templated":true}]}}