{"id":182,"date":"2015-04-22T12:06:56","date_gmt":"2015-04-22T10:06:56","guid":{"rendered":"http:\/\/www.zbornik-eint.org\/?page_id=182"},"modified":"2024-12-29T22:17:36","modified_gmt":"2024-12-29T20:17:36","slug":"zbornik-radova-knjiga-20-2010","status":"publish","type":"page","link":"http:\/\/www.zbornik-eint.org\/?page_id=182&lang=sr","title":{"rendered":"Zbornik radova, Elektrotehni\u010dki institut Nikola Tesla, knjiga 20, 2010"},"content":{"rendered":"<ol>\n<li><em>Karakteristike i mogu\u0107nosti ra\u010dunarskog programa za upravljanje naponima generatora u realnom vremenu<\/em>, Milan Ivanovi\u0107, Dragan <em>Popovi\u0107, <\/em>Milo\u0161 Stojkovi\u0107, str. 1<em> (<a href=\"http:\/\/www.zbornik-eint.org\/wp-content\/uploads\/2015\/04\/1Karakteristike-i-mogucnosti-racunarskog-programa-za-upravljanje-naponima-generato_.pdf\">1-2010<\/a>)<\/em><\/li>\n<li><em>Analiti\u010dki pristup merenju gubitaka u gvo\u017e\u0111u<\/em><em>, <\/em>Nenad Petrovi\u0107, Dragan Kova\u010devi\u0107, Vladimir Vuji\u010di\u0107, Slobodan Milovan\u010dev, str. 11 (<a href=\"http:\/\/www.zbornik-eint.org\/wp-content\/uploads\/2015\/04\/2Analiticki-pristup-merenja-gubitaka-u-gvozdju.pdf\">2-2010<\/a>)<\/li>\n<li><em>Prora\u010dun snaga trofaznog kratkog spoja u aktuelnoj i perspektivno sagledanoj distributivnoj mre\u017ei ED Vranje<\/em><em>, <\/em>Petar Kova\u010devi\u0107, Maja Markovi\u0107, str. \u00a025 (<a href=\"http:\/\/www.zbornik-eint.org\/wp-content\/uploads\/2015\/04\/3Proracun-snaga-trofaznog-kratkog-spoja-u-aktuelnoj-i-perspektivno-sagledanoj-dist_.pdf\">3-2010<\/a>)<\/li>\n<li><em>Analiza rada distributivne mre\u017ee sa visokim netehni\u010dkim gubicima elektri\u010dne energije<\/em><em>, <\/em>Maja Markovi\u0107, Petar Kova\u010devi\u0107, str. 37 (<a href=\"http:\/\/www.zbornik-eint.org\/wp-content\/uploads\/2015\/04\/4Analiza-rada-distributivne-mreze-sa-visokim-netehnickim-gubicima-elektricne-energ_.pdf\">4-2010<\/a>)<\/li>\n<li><em>Primena metode generalisanog redukovanog gradijenta (GRG) na problem optimalnog izbora lokacije i snage ure\u0111aja za kompenzaciju reaktivne snage u distributivnim mre\u017eama<\/em><em>, <\/em>Nada Vrcelj, Dragan P. Popovi\u0107, Sa\u0161a Mini\u0107, str. 49 (<a href=\"http:\/\/www.zbornik-eint.org\/wp-content\/uploads\/2015\/04\/5Primena-metode-generalisanog-redukovanog-gradijenta-na-problem-optimalnog-izbora-lokacije.pdf\">5-2010<\/a>)<\/li>\n<li><em>Softverski alat za prora\u010dun tokova snaga i naponskih prilika u distributivnim sistemima<\/em>, Milan Ivanovi\u0107, str. 65 (<a href=\"http:\/\/www.zbornik-eint.org\/wp-content\/uploads\/2015\/04\/6SOFTVERSKI-ALAT-ZA-PRORACUN-TOKOVA-SNAGA-I-NAPONSKIH-PRILIKA-U-DISTRIBUTIVNIM-MRE_.pdf\">6-2010<\/a>)<\/li>\n<li><em>Uticaj malih hidroelektrana na elektrodistributivnu\u00a0mre\u017eu ED Pirot<\/em><em>, <\/em>Milan Ivanovi\u0107, Sa\u0161a Mini\u0107, str.<em> 75<\/em> (<a href=\"http:\/\/www.zbornik-eint.org\/wp-content\/uploads\/2015\/04\/7UTICAJ-MHE-NA-ELEKTRODISTRIBUTIVNU-MREZU-ED-PIROT.pdf\">7-2010<\/a>)<\/li>\n<li><em>Perspektiva razvoja mre\u017ee 110 kV na podru\u010dju Jugoistoka<\/em><em>, <\/em>Tijana Janji\u0107, str. \u00a087 (<a href=\"http:\/\/www.zbornik-eint.org\/wp-content\/uploads\/2015\/04\/8Perspektiva-razvoja-mreze-110-kV-na-podrucju-Jugoistoka.pdf\">8-2010<\/a>)<\/li>\n<li><em>Merna nesigurnost pri merenju visokofrekventnog elektromagnetnog polja<\/em>, Aleksandar Pavlovi\u0107, Maja Grbi\u0107, str. 105 (<a href=\"http:\/\/www.zbornik-eint.org\/wp-content\/uploads\/2015\/04\/9Merna-nesigurnost-pri-merenju-visokofrekventnog-elektromagnetnog-polja.pdf\">9-2010<\/a>)<\/li>\n<li><em>Procena merne nesigurnosti pri merenju otpornosti indirektnom metodom <\/em><em>, <\/em>Jelena Deli\u0107, Ljubi\u0161a Nikoli\u0107<em>, <\/em>str. 121 (<a href=\"http:\/\/www.zbornik-eint.org\/wp-content\/uploads\/2015\/04\/10Procena-merne-nesigurnosti-pri-merenju-otpornosti-indirektnom-metodom.pdf\">10-2010<\/a>)<\/li>\n<\/ol>\n<ol start=\"11\">\n<li><em>Novo postrojenje sa tiristorskim ispravlja\u010dima i razvodom jednosmerne struje za napajanje hidroelektrane<\/em><em>, <\/em>Vladimir Vuki\u0107, Rajko Prole, Darko Jevti\u0107, str. 143 (<a href=\"http:\/\/www.zbornik-eint.org\/wp-content\/uploads\/2015\/04\/11Novo-postrojenje-sa-tiristorskim-ispravljacima-i-razvodom-jednosmeren-struje-za-napajanje-hidroelektrane.pdf\">11-2010<\/a>)<\/li>\n<li><em>Havarije metaloksidnih odvodnika prenapona u mre\u017ei 35 kV RB\u00a0\u201cKolubar<\/em><em>a\u201d, <\/em>Petar Vukelja, Jovan Mrvi\u0107, str. 157 (<a href=\"http:\/\/www.zbornik-eint.org\/wp-content\/uploads\/2015\/04\/12Havarije-metaloksidnih-odvodnika-prenapona.pdf\">12-2010<\/a>)<\/li>\n<li><em>Napredni sistem upravljanja potro\u0161njom i brojilima elektri\u010dne energije: Strategija implementacije i primer prakti\u010dne realizacije<\/em><em>, <\/em>Dragan Kova\u010devi\u0107, Aleksandar Raki\u0107, Dalibor Muratovi\u0107, Sa\u0161a Mini\u0107, str.\u00a0165 (<a href=\"http:\/\/www.zbornik-eint.org\/wp-content\/uploads\/2015\/04\/13Napredni-sistem-upravljanja-potrosnjomi-brojilima-elektricne-energije.pdf\">13-2010<\/a>)<\/li>\n<li><em>Primarna, sekundarna i tercijarna regulacija u\u010destanosti i primarna regulacija napona u EPS-u<\/em>, Gordana Radovi\u0107, Dragan P. Popovi\u0107, Petar Kova\u010devi\u0107, Milan Ivanovi\u0107, Sa\u0161a Mini\u0107, Slobodan Bogdanovi\u0107, Zoran \u0106iri\u0107, Dane D\u017eep\u010deski, Du\u0161an Arnautovi\u0107, str. \u00a0179 (<a href=\"http:\/\/www.zbornik-eint.org\/wp-content\/uploads\/2015\/04\/14Primarna-sekundarna-i-tercijarna-regulacija.pdf\">14-2010<\/a>)<\/li>\n<li><em>Ispitivanje elektri\u010dnog dela turbinskog regulatora na ispitnom polju, <\/em>Dane D\u017eep\u010deski, Jelena Pavlovi\u0107, Du\u0161an Arnautovi\u0107, Slobodan Bogdanovi\u0107, str. \u00a0201 (<a href=\"http:\/\/www.zbornik-eint.org\/wp-content\/uploads\/2015\/04\/15Ispitivanje-elektricnog-dela-turbinskog-regulatora-na-ispitnom-polju.pdf\">15-2010<\/a>)<\/li>\n<\/ol>\n","protected":false},"excerpt":{"rendered":"<p>Karakteristike i mogu\u0107nosti ra\u010dunarskog programa za upravljanje naponima generatora u realnom vremenu, Milan Ivanovi\u0107, Dragan Popovi\u0107, Milo\u0161 Stojkovi\u0107, str. 1 (1-2010) Analiti\u010dki pristup merenju gubitaka u gvo\u017e\u0111u, Nenad Petrovi\u0107, Dragan Kova\u010devi\u0107, Vladimir Vuji\u010di\u0107, Slobodan Milovan\u010dev, str. 11 (2-2010) Prora\u010dun snaga trofaznog kratkog spoja u aktuelnoj i perspektivno sagledanoj distributivnoj mre\u017ei ED Vranje, Petar Kova\u010devi\u0107, Maja &hellip; <a href=\"http:\/\/www.zbornik-eint.org\/?page_id=182&#038;lang=sr\" class=\"more-link\">Continue reading <span class=\"screen-reader-text\">Zbornik radova, Elektrotehni\u010dki institut Nikola Tesla, knjiga 20, 2010<\/span> <span class=\"meta-nav\">&rarr;<\/span><\/a><\/p>\n","protected":false},"author":1,"featured_media":0,"parent":63,"menu_order":15,"comment_status":"closed","ping_status":"closed","template":"","meta":{"_monsterinsights_skip_tracking":false,"_monsterinsights_sitenote_active":false,"_monsterinsights_sitenote_note":"","_monsterinsights_sitenote_category":0,"footnotes":""},"class_list":["post-182","page","type-page","status-publish","hentry"],"_links":{"self":[{"href":"http:\/\/www.zbornik-eint.org\/index.php?rest_route=\/wp\/v2\/pages\/182","targetHints":{"allow":["GET"]}}],"collection":[{"href":"http:\/\/www.zbornik-eint.org\/index.php?rest_route=\/wp\/v2\/pages"}],"about":[{"href":"http:\/\/www.zbornik-eint.org\/index.php?rest_route=\/wp\/v2\/types\/page"}],"author":[{"embeddable":true,"href":"http:\/\/www.zbornik-eint.org\/index.php?rest_route=\/wp\/v2\/users\/1"}],"replies":[{"embeddable":true,"href":"http:\/\/www.zbornik-eint.org\/index.php?rest_route=%2Fwp%2Fv2%2Fcomments&post=182"}],"version-history":[{"count":7,"href":"http:\/\/www.zbornik-eint.org\/index.php?rest_route=\/wp\/v2\/pages\/182\/revisions"}],"predecessor-version":[{"id":403,"href":"http:\/\/www.zbornik-eint.org\/index.php?rest_route=\/wp\/v2\/pages\/182\/revisions\/403"}],"up":[{"embeddable":true,"href":"http:\/\/www.zbornik-eint.org\/index.php?rest_route=\/wp\/v2\/pages\/63"}],"wp:attachment":[{"href":"http:\/\/www.zbornik-eint.org\/index.php?rest_route=%2Fwp%2Fv2%2Fmedia&parent=182"}],"curies":[{"name":"wp","href":"https:\/\/api.w.org\/{rel}","templated":true}]}}