{"id":241,"date":"2015-04-22T15:28:01","date_gmt":"2015-04-22T13:28:01","guid":{"rendered":"http:\/\/www.zbornik-eint.org\/?page_id=241"},"modified":"2024-12-29T22:17:36","modified_gmt":"2024-12-29T20:17:36","slug":"zbornik-radova-knjiga-18-2007","status":"publish","type":"page","link":"http:\/\/www.zbornik-eint.org\/?page_id=241&lang=sr","title":{"rendered":"Zbornik radova, Elektrotehni\u010dki institut Nikola Tesla, knjiga 18, 2007"},"content":{"rendered":"<ol>\n<li><em>Izbor nominalnog faktora snage generatora i karakteristika njegovog blok-transformatora sa aspekta zahteva elektroenergetskog sistema<\/em>, Dragan P. Popovi\u0107, Milo\u0161 Lj. Stojkovi\u0107, str.1 (<a href=\"http:\/\/www.zbornik-eint.org\/wp-content\/uploads\/2015\/04\/1IZBOR-NOMINALNOG-FAKTORA-SNAGE-GENERATORA-I-KARAKTERISTIKA-NJEGOVOG-BLOK.pdf\">1-2007<\/a>)<i><\/i><\/li>\n<li><em>Odziv integrisanog kola izra\u0111enog primenom BIFET procesa u polju X zra\u010denja, <\/em>Vladimir Vuki\u0107, str. 21 (<a href=\"http:\/\/www.zbornik-eint.org\/wp-content\/uploads\/2015\/04\/2ODZIV-INTEGRISANOG-KOLA-IZRADJENOG-PRIMENOM.pdf\">2-2007<\/a>)<\/li>\n<li><i><\/i><em>Izbor odnosa kratkog spoja i sinhronih reaktansi generatora sa aspekta zahteva elektroenergetskog sistema, <\/em>Dragan P. Popovi\u0107, Milo\u0161 Lj. Stojkovi\u0107, str. <em>35 <\/em>(<a href=\"http:\/\/www.zbornik-eint.org\/wp-content\/uploads\/2015\/04\/3IZBOR-ODNOSA-KRATKOG-SPOJA-I-SINHRONIH-REAKTANSI-GENERATORA-SA-ASPEKATA-ZAHTEVA-ELEKTROENERGETSKOG-SISTEMA.pdf\">3-2007<\/a>)<\/li>\n<li><em>Tehni\u010dki i ekonomski efekti smanjenja reaktivnog optere\u0107enja u prenosnoj i distributivnim mre\u017eama u Srbiji kompenzacijom na srednjem naponu,<\/em> Tijana Janji\u0107, Sa\u0161a Mini\u0107, Miloje Kosti\u0107, str. <em>53 <\/em>(<a href=\"http:\/\/www.zbornik-eint.org\/wp-content\/uploads\/2015\/04\/4Tehnicki-i-ekonomski-efekti-Smanjenja-reaktivnog-opterecenja-u-prenosnoj-i-distributivnim-mrezama-u-Srbiji-kroz-kompenzaciju-na-srednjem-naponu.pdf\">4-2007<\/a>)<\/li>\n<li><em>Racionalizacija sopstvene potro\u0161nje elektri\u010dne energije u termoelektrani Morava, <\/em>Ivan Stanisavljevi\u0107<i><\/i>, Vladimir Sovrli\u0107, Miloje Kosti\u0107, str. <em>69<\/em> (<a href=\"http:\/\/www.zbornik-eint.org\/wp-content\/uploads\/2015\/04\/5Racionalizacija-sopstvene-potrosnje-elektricne-energije-u-Termoelektrani.pdf\">5-2007<\/a>)<i><\/i><\/li>\n<li><em>Metodologija formiranja prognoze potro\u0161nje elektri\u010dne energije i njene prostorne raspodele i primeri primene, <\/em>Ana \u0160aranovi\u0107, Danka Kecman, Igor Beli\u0107, Branislav \u0106upi\u0107, Milan Ivanovi\u0107, Vladimir Sovrli\u0107, Ivan Stanisavljevi\u0107, str. <em>85<\/em> (<a href=\"http:\/\/www.zbornik-eint.org\/wp-content\/uploads\/2015\/04\/6Metodologija-formiranja-prognoze-potrosnje-elektricne-energije-i-njene-prostorne-raspodele-i-primeri-primene.pdf\">6-2007<\/a>)<\/li>\n<li><em>Unapre\u0111enje koncepskijskih re\u0161enja kablovske distributivne mre\u017ee 10 i 35 kV u ED Beograd, <\/em>Sa\u0161a Mini\u0107, Nada Obradovi\u0107, str. <em>108 <\/em>(<a href=\"http:\/\/www.zbornik-eint.org\/wp-content\/uploads\/2015\/04\/7Unapredenje-koncepcijskih-resenja-kablovske-distributivne-mreze-10-i-35-kV-u-ED-Beograd.pdf\">7-2007<\/a>)<\/li>\n<li><em>Rekonstrukcija sistema pobude bloka 4 u TE Nikola Tesla A, <\/em>Zoran \u0106iri\u0107, \u0110or\u0111e Stoji\u0107, Du\u0161an Joksimovi\u0107, Nemanja Miloj\u010di\u0107, Du\u0161an Arnautovi\u0107, str. <em>125 <\/em>(<a href=\"http:\/\/www.zbornik-eint.org\/wp-content\/uploads\/2015\/04\/8REKONSTRUKCIJA-SISTEMA-POBUDE-BLOKA-4-U-TE.pdf\">8-2007<\/a>)<\/li>\n<li><em>Objedinjeno upravljanje naponom, otresanjem elektroda i grejanjem izolatora i levkova kod elektrostati\u010dkih filtera, <\/em>Ilija Stevanovi\u0107, Rajko Prole, Darko Jevti\u0107, Du\u0161an Arnautovi\u0107, Slobodan Josifovi\u0107, Sava Dobri\u010di\u0107, Slobodan Vukosavi\u0107, str. <em>143<\/em> (<a href=\"http:\/\/www.zbornik-eint.org\/wp-content\/uploads\/2015\/04\/9OBJEDINJENO-UPRAVLJANJE-NAPONOM.pdf\">9-2007<\/a>)<\/li>\n<li><em>Prenaponi i struje pri uklju\u010denju i isklju\u010denju transformatora 35kV\/10kV vakuumskim prekida\u010dem, <\/em>Petar Vukelja, Jovan Mrvi\u0107, Dejan Hrvi\u0107, str. <em>153 <\/em>(<a href=\"http:\/\/www.zbornik-eint.org\/wp-content\/uploads\/2015\/04\/10Prenaponi-i-struje-pri-ukljucenju-i-iskljucenju-transformatora.pdf\">10-2007<\/a>)<\/li>\n<li><em>Istra\u017eivanje prenetih prenapona sa vi\u0161enaponske na ni\u017eenaponsku stranu blok transformatora 420kV\/15,75kV\/15,75\u00a0kVproizvodnje ASEA u HE \u201c\u0110erdap\u201d, <\/em>Petar Vukelja, Jovan Mrvi\u0107, Dejan Hrvi\u0107, str. 161 (<a href=\"http:\/\/www.zbornik-eint.org\/wp-content\/uploads\/2015\/04\/11ISTRA\u017dIVANJE-PRENETIH-PRENAPONA-SA11VI\u0160ENAPONSKENA-NI\u017dENAPONSKU-STRANU-BLOK-TRANSFORMATORA-420kV.pdf\">11-2007<\/a>)<\/li>\n<li><em>Merenje ja\u010dina elektri\u010dnog i magnetskog polja u termoelektrani \u201cNikola Tesla-B\u201d, <\/em>Dejan Hrvi\u0107, Mom\u010dilo Petrovi\u0107, str. 175 (<a href=\"http:\/\/www.zbornik-eint.org\/wp-content\/uploads\/2015\/04\/12Merenje-jacine-elektricnog-i-magnetskog-polja-u-termoelektrani.pdf\">12-2007<\/a>)<\/li>\n<li><em>Analiza prelaznih re\u017eima u elektromotornom pogonu za paletiranje na osnovu parametara kvaliteta elektri\u010dne energije, <\/em>Vladimir \u0106uk, Aleksandar Nikoli\u0107, str. 185, (<a href=\"http:\/\/www.zbornik-eint.org\/wp-content\/uploads\/2015\/04\/13ANALIZA-PRELAZNIH-REZIMA-U-ELEKTROMOTORNOM-POGONU-ZA-PALETIRANJE-NA-OSNOVU-PARAMETARA-KVALITETA-ELEKTRICNE-ENERGIJE.pdf\">13-2007<\/a>)<\/li>\n<li><em>Etaloniranje merne aparature za ispitivanje ta\u010dnosti mernih transformatora, <\/em>Dragana Naumovi\u0107-Vukovi\u0107, Slobodan \u0160kundri\u0107, str. 195 (<a href=\"http:\/\/www.zbornik-eint.org\/wp-content\/uploads\/2015\/04\/14Etaloniranje-merne-aparature-za-ispitivanje-tacnosti-mernih-transformatora.pdf\">14-2007<\/a>)<\/li>\n<\/ol>\n","protected":false},"excerpt":{"rendered":"<p>Izbor nominalnog faktora snage generatora i karakteristika njegovog blok-transformatora sa aspekta zahteva elektroenergetskog sistema, Dragan P. Popovi\u0107, Milo\u0161 Lj. Stojkovi\u0107, str.1 (1-2007) Odziv integrisanog kola izra\u0111enog primenom BIFET procesa u polju X zra\u010denja, Vladimir Vuki\u0107, str. 21 (2-2007) Izbor odnosa kratkog spoja i sinhronih reaktansi generatora sa aspekta zahteva elektroenergetskog sistema, Dragan P. Popovi\u0107, Milo\u0161 &hellip; <a href=\"http:\/\/www.zbornik-eint.org\/?page_id=241&#038;lang=sr\" class=\"more-link\">Continue reading <span class=\"screen-reader-text\">Zbornik radova, Elektrotehni\u010dki institut Nikola Tesla, knjiga 18, 2007<\/span> <span class=\"meta-nav\">&rarr;<\/span><\/a><\/p>\n","protected":false},"author":1,"featured_media":0,"parent":63,"menu_order":17,"comment_status":"closed","ping_status":"closed","template":"","meta":{"_monsterinsights_skip_tracking":false,"_monsterinsights_sitenote_active":false,"_monsterinsights_sitenote_note":"","_monsterinsights_sitenote_category":0,"footnotes":""},"class_list":["post-241","page","type-page","status-publish","hentry"],"_links":{"self":[{"href":"http:\/\/www.zbornik-eint.org\/index.php?rest_route=\/wp\/v2\/pages\/241","targetHints":{"allow":["GET"]}}],"collection":[{"href":"http:\/\/www.zbornik-eint.org\/index.php?rest_route=\/wp\/v2\/pages"}],"about":[{"href":"http:\/\/www.zbornik-eint.org\/index.php?rest_route=\/wp\/v2\/types\/page"}],"author":[{"embeddable":true,"href":"http:\/\/www.zbornik-eint.org\/index.php?rest_route=\/wp\/v2\/users\/1"}],"replies":[{"embeddable":true,"href":"http:\/\/www.zbornik-eint.org\/index.php?rest_route=%2Fwp%2Fv2%2Fcomments&post=241"}],"version-history":[{"count":4,"href":"http:\/\/www.zbornik-eint.org\/index.php?rest_route=\/wp\/v2\/pages\/241\/revisions"}],"predecessor-version":[{"id":259,"href":"http:\/\/www.zbornik-eint.org\/index.php?rest_route=\/wp\/v2\/pages\/241\/revisions\/259"}],"up":[{"embeddable":true,"href":"http:\/\/www.zbornik-eint.org\/index.php?rest_route=\/wp\/v2\/pages\/63"}],"wp:attachment":[{"href":"http:\/\/www.zbornik-eint.org\/index.php?rest_route=%2Fwp%2Fv2%2Fmedia&parent=241"}],"curies":[{"name":"wp","href":"https:\/\/api.w.org\/{rel}","templated":true}]}}