{"id":391,"date":"2015-05-07T09:03:02","date_gmt":"2015-05-07T07:03:02","guid":{"rendered":"http:\/\/www.zbornik-eint.org\/?page_id=391"},"modified":"2026-01-07T17:31:45","modified_gmt":"2026-01-07T15:31:45","slug":"proceedings-electrical-engineering-institute-nikola-tesla-vol-24-2014","status":"publish","type":"page","link":"http:\/\/www.zbornik-eint.org\/?page_id=391&lang=en","title":{"rendered":"Proceedings, Electrical engineering institute Nikola Tesla, vol. 24, 2014"},"content":{"rendered":"<ol>\n<li><span style=\"color: #000000;\"><em>Assessment of the Operating Conditions of Coordinated Q\u2013V Controller within Secondary Voltage Control System,<\/em><\/span>\u00a0D.<em>\u00a0<\/em>Arnautovi\u0107, J. Dragosavac, \u017d. Janda, J. Milanovi\u0107, Lj. Mihailovi\u0107, pp. 1(<a href=\"http:\/\/www.zbornik-eint.org\/wp-content\/uploads\/2015\/04\/1-6997.pdf\">1-6997<\/a>)<\/li>\n<li><em>Use of UPFC Device Controlled by Fuzzy Logic Controllers for Decoupled Power Flow Control, S.\u00a0<\/em>Ivkovi\u0107, pp. 15(<a href=\"http:\/\/www.zbornik-eint.org\/wp-content\/uploads\/2015\/04\/2-4936.pdf\">2-4936<\/a>)<\/li>\n<li><em>Revitalization of a Small Hydro Power Plant \u2013 Unit Control System Development, <\/em>S.<em>\u00a0<\/em>Dobri\u010di\u0107, J. Dragosavac, T. Gaji\u0107, P. Ninkovi\u0107, M. Jankovi\u0107, D. Arnautovi\u0107, pp.\u00a0<em>29<\/em>(<a href=\"http:\/\/www.zbornik-eint.org\/wp-content\/uploads\/2015\/04\/3-6902.pdf\">3-6902<\/a>)<\/li>\n<li><em>Analysis of Technical-Economic Requirements for the Construction of a Solar Power Plant on the Roof of the Business Building of the Electrical Engineering Institute \u201cNikola Tesla\u201d,<\/em> M.<em> \u00a0<\/em> Grbi\u0107, R. Anti\u0107, J. Pono\u0107ko, J. Mikulovi\u0107, \u017d.\u0110uri\u0161i\u0107, pp.\u00a0<em>41<\/em>(<a href=\"http:\/\/www.zbornik-eint.org\/wp-content\/uploads\/2015\/04\/4-4934.pdf\">4-4934<\/a>)<\/li>\n<li><em>Detection of Shorted Turns on Rotor Poles in Hydrogenerators Using Artificial Neural Networks,<\/em> B<em>.\u00a0<\/em>Babi\u0107, N. Kartalovi\u0107, A. \u017digi\u0107, N. Caki\u0107, S. Milosavljevi\u0107, pp. 57(<a href=\"http:\/\/www.zbornik-eint.org\/wp-content\/uploads\/2015\/04\/5-6596.pdf\">5-6596<\/a>)<\/li>\n<li><em>Development and Verification of a Software Tool for the Acoustic Location of Partial Discharge in a Power Transformer,<\/em>\u00a0V. Polu\u017eanski, U. Kova\u010devi\u0107, N. Kartalovi\u0107, D. Kova\u010devi\u0107, pp. 71(<a href=\"http:\/\/www.zbornik-eint.org\/wp-content\/uploads\/2015\/04\/6-6883.pdf\">6-6883<\/a>)<\/li>\n<li><em>Power Transformer Geometry Monitoring of Active Parts by SFRA Method, <\/em>D. Ili\u0107, S. Mili\u0107, \u0110. Jovanovi\u0107, pp. 87(<a href=\"http:\/\/www.zbornik-eint.org\/wp-content\/uploads\/2015\/04\/7-6419.pdf\">7-6419<\/a>)<\/li>\n<li><em>Analysis of Voltage and Current Harmonics and the Risk of Resonance in a Network with Power Capacitors,<\/em> M.\u00a0Kosti\u0107, N. Georgijevi\u0107, pp. 107(<a href=\"http:\/\/www.zbornik-eint.org\/wp-content\/uploads\/2015\/04\/8-4955.pdf\">8-4955<\/a>)<\/li>\n<li><em>System for Measurement and Automatic Regulation of Gas Flow within an Oil Aging Test Device,<\/em> A<em>.\u00a0<\/em>\u017digi\u0107, N. Kartalovi\u0107, N. Caki\u0107, J. Luki\u0107, S. Milosavljevi\u0107, pp. 119(<a href=\"http:\/\/www.zbornik-eint.org\/wp-content\/uploads\/2015\/04\/9-6718.pdf\">9-6718<\/a>)<\/li>\n<li><em>Experimental Investigations of Mineral and Ester-based Oils at Low Temperature, M.\u00a0<\/em>An\u0111elkovi\u0107, D. \u0110or\u0111evi\u0107, pp. 137(<a href=\"http:\/\/www.zbornik-eint.org\/wp-content\/uploads\/2015\/04\/10-6824.pdf\">10-6824<\/a>)<\/li>\n<li><em>Verification of Low-Voltage Electrical Installations \u2013 The Most Common Faults During Design Phase and Commissioning, <\/em>N.Simi\u0107, pp. 147(<a href=\"http:\/\/www.zbornik-eint.org\/wp-content\/uploads\/2015\/04\/11-6934.pdf\">11-6934<\/a>)<\/li>\n<li><em>Analytical Method for Determining Breakdown Slip of an Induction Motor Based on of Five Parameters,<\/em>\u00a0N. Petrovi\u0107, \u017d. Janda, pp. 157(<a href=\"http:\/\/www.zbornik-eint.org\/wp-content\/uploads\/2015\/04\/12-6890.pdf\">12-6890<\/a>)<\/li>\n<li><em>Density Measurement Using Oscillatory-Type Devices, <\/em>Pei\u0107 Tukuljac, pp. 169(<a href=\"http:\/\/www.zbornik-eint.org\/wp-content\/uploads\/2015\/04\/13-5404.pdf\">13-5404<\/a>)<\/li>\n<li><em>Method for Indirect Determination of Turbogenerator Parameters under Operating Condition,\u00a0<\/em>M.\u00a0 Kosti\u0107, pp. 177(<a href=\"http:\/\/www.zbornik-eint.org\/wp-content\/uploads\/2015\/04\/14-6717.pdf\">14-6717<\/a>)<\/li>\n<\/ol>\n","protected":false},"excerpt":{"rendered":"<p>Assessment of the Operating Conditions of Coordinated Q\u2013V Controller within Secondary Voltage Control System,\u00a0D.\u00a0Arnautovi\u0107, J. Dragosavac, \u017d. Janda, J. Milanovi\u0107, Lj. Mihailovi\u0107, pp. 1(1-6997) Use of UPFC Device Controlled by Fuzzy Logic Controllers for Decoupled Power Flow Control, S.\u00a0Ivkovi\u0107, pp. 15(2-4936) Revitalization of a Small Hydro Power Plant \u2013 Unit Control System Development, S.\u00a0Dobri\u010di\u0107, J. &hellip; <a href=\"http:\/\/www.zbornik-eint.org\/?page_id=391&#038;lang=en\" class=\"more-link\">Continue reading <span class=\"screen-reader-text\">Proceedings, Electrical engineering institute Nikola Tesla, vol. 24, 2014<\/span> <span class=\"meta-nav\">&rarr;<\/span><\/a><\/p>\n","protected":false},"author":1,"featured_media":0,"parent":393,"menu_order":11,"comment_status":"closed","ping_status":"open","template":"","meta":{"_monsterinsights_skip_tracking":false,"_monsterinsights_sitenote_active":false,"_monsterinsights_sitenote_note":"","_monsterinsights_sitenote_category":0,"footnotes":""},"class_list":["post-391","page","type-page","status-publish","hentry"],"_links":{"self":[{"href":"http:\/\/www.zbornik-eint.org\/index.php?rest_route=\/wp\/v2\/pages\/391","targetHints":{"allow":["GET"]}}],"collection":[{"href":"http:\/\/www.zbornik-eint.org\/index.php?rest_route=\/wp\/v2\/pages"}],"about":[{"href":"http:\/\/www.zbornik-eint.org\/index.php?rest_route=\/wp\/v2\/types\/page"}],"author":[{"embeddable":true,"href":"http:\/\/www.zbornik-eint.org\/index.php?rest_route=\/wp\/v2\/users\/1"}],"replies":[{"embeddable":true,"href":"http:\/\/www.zbornik-eint.org\/index.php?rest_route=%2Fwp%2Fv2%2Fcomments&post=391"}],"version-history":[{"count":1,"href":"http:\/\/www.zbornik-eint.org\/index.php?rest_route=\/wp\/v2\/pages\/391\/revisions"}],"predecessor-version":[{"id":392,"href":"http:\/\/www.zbornik-eint.org\/index.php?rest_route=\/wp\/v2\/pages\/391\/revisions\/392"}],"up":[{"embeddable":true,"href":"http:\/\/www.zbornik-eint.org\/index.php?rest_route=\/wp\/v2\/pages\/393"}],"wp:attachment":[{"href":"http:\/\/www.zbornik-eint.org\/index.php?rest_route=%2Fwp%2Fv2%2Fmedia&parent=391"}],"curies":[{"name":"wp","href":"https:\/\/api.w.org\/{rel}","templated":true}]}}