{"id":401,"date":"2015-05-07T11:59:41","date_gmt":"2015-05-07T09:59:41","guid":{"rendered":"http:\/\/www.zbornik-eint.org\/?page_id=401"},"modified":"2026-01-07T17:31:45","modified_gmt":"2026-01-07T15:31:45","slug":"proceedings-electrical-engineering-institute-nikola-tesla-vol-21-2011","status":"publish","type":"page","link":"http:\/\/www.zbornik-eint.org\/?page_id=401&lang=en","title":{"rendered":"Proceedings, Electrical engineering institute Nikola Tesla, vol. 21, 2011"},"content":{"rendered":"<ol>\n<li><em>Turbogenerator Losses Dependence of Reactive Loads, <\/em>M. Kosti\u0107, Branka B.Kosti\u0107, Igor Beli\u0107, Nikola Georgijevi\u0107, pp. 1 (<a href=\"http:\/\/www.zbornik-eint.org\/wp-content\/uploads\/2015\/04\/1Zavisnost-gubitka-snage-turbogeneratora-od-reaktivnih-opterecenja.pdf\">1-2011<\/a>\u00a0)<\/li>\n<li><em>Wind-generator Influence to the Power Quality in the Coupling Point to the Distribution Network,<\/em> Branka Kosti\u0107, Aleksandar Nikoli\u0107, pp. 21 (<a href=\"http:\/\/www.zbornik-eint.org\/wp-content\/uploads\/2015\/04\/2Uticaj-vetrogeneratora-na-kvalitet-elektricne-energije-u-tacki-prikljucenja-na-distributivnu-mrezu.pdf\">2-2011<\/a>)<\/li>\n<li><em>Air Conditioners And Summer Maximum Electricity Consumption In The Network PD ED Belgrade, <\/em>Nada Vrcelj, Danka Kecman, pp.\u00a033 (<a href=\"http:\/\/www.zbornik-eint.org\/wp-content\/uploads\/2015\/04\/3Uredjaji-za-klimatizaciju-i-letnji-maksimum-potrosnje-elektricne-energije-u-mrezi-PD-ED-Beograd.pdf\">3-2011<\/a>)<\/li>\n<li><em>Analysis of System Frequency and Active Power Control Functioning of Serbian Power System, <\/em>Sanja Ivkovi\u0107, Predrag Stefanov, Dragan P. Popovi\u0107, pp. 43 (<a href=\"http:\/\/www.zbornik-eint.org\/wp-content\/uploads\/2015\/04\/4Analiza-funkcionisanja-sistema-za-regulaciju-ucestanosti-i-snaga-razmene-elektroenergetskog-sistema-Srbije.pdf\">4-2011<\/a>)<\/li>\n<li><em>Adequate Sizing and Motor Exploitation (Motor energy management), <\/em>Miloje M. Kosti\u0107, pp. 61 (<a href=\"http:\/\/www.zbornik-eint.org\/wp-content\/uploads\/2015\/04\/5Izbor-i-pravilno-koriscenje-motora.pdf\">5-2011<\/a>)<\/li>\n<li><em>Evaluation of Possibilities of Revitalized HPP Zvornik in Island Operation Conditions<\/em>, Milan Ivanovi\u0107, Dragan P.Popovi\u0107, Sa\u0161a Mini\u0107, pp. 79 (<a href=\"http:\/\/www.zbornik-eint.org\/wp-content\/uploads\/2015\/04\/6Ocena-mogucnosti-revitalizovanih-agregata.pdf\">6-2011<\/a>)<\/li>\n<li><em>Characteristics and Possibilities of Computer Program for Fast Assessment of Primary Frequency Control of Electric Power Interconnections<\/em>, Milan Ivanovi\u0107, Dragan P.Popovi\u0107, Sa\u0161a Mini\u0107, pp.\u00a089 (<a href=\"http:\/\/www.zbornik-eint.org\/wp-content\/uploads\/2015\/04\/7Karakteristike-i-mogucnosti-racunarskog-programa.pdf\">7-2011<\/a>)<\/li>\n<li><em>Selection of Parametars and Characteristics of Block-Transformers in HPP \u0110erdap 2, According to the Voltage-Reactive States of Serbian Power System , <\/em>Milan Ivanovi\u0107, Dragan P.Popovi\u0107, Sa\u0161a Mini\u0107, pp. 109 (<a href=\"http:\/\/www.zbornik-eint.org\/wp-content\/uploads\/2015\/04\/8Izbor-najpovoljnijih-vrednosti-parametara.pdf\">8-2011<\/a>)<\/li>\n<li><em>Power Transformer Additional Load Losses Separation Procedure, <\/em>Miloje M. Kosti\u0107, pp. 129 (<a href=\"http:\/\/www.zbornik-eint.org\/wp-content\/uploads\/2015\/04\/9Postupak-za-razdvajanje-dodatnih-gubitaka-opterecenja-u-transformatoru-na-dve-komponenete.pdf\">9-2011<\/a>)<\/li>\n<li><em>Thyristor Rectifiers With Digital Control Units Based on Microcontroller 80C196 for Uninterruptible Power Supply Systems<\/em>, Vladimir Vuki\u0107, pp. 139 (<a href=\"http:\/\/www.zbornik-eint.org\/wp-content\/uploads\/2015\/04\/10Tiristorski-ispravljaci-sa-digitalnim-regulatorima-zasnovanim-na-mikrokontroleru-80c196-za-sisteme-besprekidnog-napajanja.pdf\">10-2011<\/a>)<\/li>\n<li><em>Programmable Logic Controller Based Synchronous Motor Excitation System, <\/em>\u017darko Janda, Marko Jankovi\u0107, Sava Dobri\u010di\u0107, Predrag Ninkovi\u0107, pp. 157 (<a href=\"http:\/\/www.zbornik-eint.org\/wp-content\/uploads\/2015\/04\/11Pobudni-sistem-sinhronog-motora-baziran-na-PLC.pdf\">11-2011<\/a>)<\/li>\n<li><em>Dynamic Performance Estimation of Stator Voltage Regulator in Rotary Exciter System with DC Exciter, <\/em>\u0110or\u0111e Stoji\u0107, Slavko Veinovi\u0107, Milan Milinkovi\u0107, Zoran \u0106iri\u0107, Du\u0161an Joksimovi\u0107, Nemanja Miloj\u010di\u0107, Du\u0161an Arnautovi\u0107, pp. \u00a0169 (<a href=\"http:\/\/www.zbornik-eint.org\/wp-content\/uploads\/2015\/04\/12Odredjivanje-dinamickih-karakteristika-regulatora-napona-statora-i-struje-pobude-elektromasinskog-pobudnog-sistema-sa-jednosmernom-budilicom.pdf\">12-2011<\/a>)<\/li>\n<li><em>Modernization, Reconstruction and Development of Excitation Systems for Synchronous Generators<\/em>, D.Arnautovi\u0107, Z.\u0106iri\u0107, I.Stevanovi\u0107, \u0110.Stoji\u0107, N.Miloj\u010di\u0107, D.Joksimovi\u0107, M.Milinkovi\u0107, S.Veinovi\u0107, M.Baki\u0107, V.Palija, pp. 181 (<a href=\"http:\/\/www.zbornik-eint.org\/wp-content\/uploads\/2015\/04\/13Modernizacija-rekonstrukcija-i-razvoj-sistema-pobude-sinhronih-generatora.pdf\">13-2011<\/a>)<\/li>\n<li><em>Excitation System Testing in HPP &#8220;Uvac&#8221;, <\/em>Nemanja Miloj\u010di\u0107, Zoran \u0106iri\u0107, Du\u0161an Joksimovi\u0107, \u0110or\u0111e Stoji\u0107, Milan Milinkovi\u0107, Slavko Veinovi\u0107, pp. 197 (<a href=\"http:\/\/www.zbornik-eint.org\/wp-content\/uploads\/2015\/04\/14Ispitivanje-sistema-pobude-generator-u-HE-Uvac.pdf\">14-2011<\/a>)<\/li>\n<li><em>Tests of Work Quality of Power Unit C in HPP \u201ePotpe\u0107\u201c in Load-Frequency Control, <\/em>Dane D\u017eep\u010deski, Slobodan Bogdanovi\u0107, Du\u0161an Arnautovi\u0107, Jelena Pavlovi\u0107, Jasna Dragosavac, pp. 211 (<a href=\"http:\/\/www.zbornik-eint.org\/wp-content\/uploads\/2015\/04\/15Ispitivanje-kvaliteta-rada-agregata-c-u-HE-Potpec-u-primarnoj-regulaciji-snage-i-ucestanosti.pdf\">15-2011<\/a>)<\/li>\n<li><em>Overvoltages Transferred from a Network of 220 kV to 15.65 kV Level of the Step-up Transformer in HPP &#8220;Bajina Ba\u0161ta&#8221;<\/em>, Petar Vukelja, Jovan Mrvi\u0107, pp. 223 (<a href=\"http:\/\/www.zbornik-eint.org\/wp-content\/uploads\/2015\/04\/16Prenaponi-preneti-iz-mreze-220kV-na-15.65-kV-nivo-blok-transformator-generator-u-HE-Bajina-Basta.pdf\">16-2011<\/a>)<\/li>\n<li><em>A Neutral Grounding Metallic Resistor Failure in a 35 kV Network, <\/em>Ninoslav Simi\u0107, Jovan Mrvi\u0107, pp. 241 (<a href=\"http:\/\/www.zbornik-eint.org\/wp-content\/uploads\/2015\/04\/17Kvar-metalnog-otpornika-za-uzemljenje-neutralne-tacke-mreze-35kV.pdf\">17-2011<\/a>)<\/li>\n<li><em>Magnetic Monitoring of Power Generators in EPS, <\/em>Nenad Kartalovi\u0107, Blagoje Babi\u0107, pp. 247 (<a href=\"http:\/\/www.zbornik-eint.org\/wp-content\/uploads\/2015\/04\/18Magnetni-monitoring-generatora-u-elektranama-EPS.pdf\">18-2011<\/a>)<\/li>\n<li><em>Optimal Placement of Switching Equipment in Reconfigurable Distribution Systems, <\/em>Vladica Mijailovi\u0107, pp. 269 (<a href=\"http:\/\/www.zbornik-eint.org\/wp-content\/uploads\/2015\/04\/19Optimalne-lokacije-rasklopne-opreme-u-distributivnim-mrezama-razlicitih-koncepcija-napajanja-potrosaca.pdf\">19-2011<\/a>)<\/li>\n<li><em>Operation of Frequency Primary Control in EPS, <\/em>Nikola Georgijevi\u0107, pp. 283 (<a href=\"http:\/\/www.zbornik-eint.org\/wp-content\/uploads\/2015\/04\/20Funkcionisanje-primarne-regulacije-ucestanosti-u-EPS-u.pdf\">20-2011<\/a>)<\/li>\n<li><em>Three-Phase Load Flow, <\/em>Maja Markovi\u0107, pp. 293 (<a href=\"http:\/\/www.zbornik-eint.org\/wp-content\/uploads\/2015\/04\/21Proracun-trofaznih-tokova-snaga1.pdf\">21-2011<\/a>)<\/li>\n<\/ol>\n","protected":false},"excerpt":{"rendered":"<p>Turbogenerator Losses Dependence of Reactive Loads, M. Kosti\u0107, Branka B.Kosti\u0107, Igor Beli\u0107, Nikola Georgijevi\u0107, pp. 1 (1-2011\u00a0) Wind-generator Influence to the Power Quality in the Coupling Point to the Distribution Network, Branka Kosti\u0107, Aleksandar Nikoli\u0107, pp. 21 (2-2011) Air Conditioners And Summer Maximum Electricity Consumption In The Network PD ED Belgrade, Nada Vrcelj, Danka Kecman, &hellip; <a href=\"http:\/\/www.zbornik-eint.org\/?page_id=401&#038;lang=en\" class=\"more-link\">Continue reading <span class=\"screen-reader-text\">Proceedings, Electrical engineering institute Nikola Tesla, vol. 21, 2011<\/span> <span class=\"meta-nav\">&rarr;<\/span><\/a><\/p>\n","protected":false},"author":1,"featured_media":0,"parent":393,"menu_order":14,"comment_status":"closed","ping_status":"open","template":"","meta":{"_monsterinsights_skip_tracking":false,"_monsterinsights_sitenote_active":false,"_monsterinsights_sitenote_note":"","_monsterinsights_sitenote_category":0,"footnotes":""},"class_list":["post-401","page","type-page","status-publish","hentry"],"_links":{"self":[{"href":"http:\/\/www.zbornik-eint.org\/index.php?rest_route=\/wp\/v2\/pages\/401","targetHints":{"allow":["GET"]}}],"collection":[{"href":"http:\/\/www.zbornik-eint.org\/index.php?rest_route=\/wp\/v2\/pages"}],"about":[{"href":"http:\/\/www.zbornik-eint.org\/index.php?rest_route=\/wp\/v2\/types\/page"}],"author":[{"embeddable":true,"href":"http:\/\/www.zbornik-eint.org\/index.php?rest_route=\/wp\/v2\/users\/1"}],"replies":[{"embeddable":true,"href":"http:\/\/www.zbornik-eint.org\/index.php?rest_route=%2Fwp%2Fv2%2Fcomments&post=401"}],"version-history":[{"count":1,"href":"http:\/\/www.zbornik-eint.org\/index.php?rest_route=\/wp\/v2\/pages\/401\/revisions"}],"predecessor-version":[{"id":402,"href":"http:\/\/www.zbornik-eint.org\/index.php?rest_route=\/wp\/v2\/pages\/401\/revisions\/402"}],"up":[{"embeddable":true,"href":"http:\/\/www.zbornik-eint.org\/index.php?rest_route=\/wp\/v2\/pages\/393"}],"wp:attachment":[{"href":"http:\/\/www.zbornik-eint.org\/index.php?rest_route=%2Fwp%2Fv2%2Fmedia&parent=401"}],"curies":[{"name":"wp","href":"https:\/\/api.w.org\/{rel}","templated":true}]}}