{"id":406,"date":"2015-05-08T12:19:45","date_gmt":"2015-05-08T10:19:45","guid":{"rendered":"http:\/\/www.zbornik-eint.org\/?page_id=406"},"modified":"2026-01-07T17:31:45","modified_gmt":"2026-01-07T15:31:45","slug":"proceedings-electrical-engineering-institute-nikola-tesla-vol-19-2008-2009","status":"publish","type":"page","link":"http:\/\/www.zbornik-eint.org\/?page_id=406&lang=en","title":{"rendered":"Proceedings, Electrical engineering institute Nikola Tesla, vol. 19, 2008-2009"},"content":{"rendered":"<ol>\n<li><em>One Method for Calculation of Undelivered Electricity in Distribution Network, <\/em>Nada Vrcelj, Sa\u0161a Mini\u0107, pp. 1 (<a href=\"http:\/\/www.zbornik-eint.org\/wp-content\/uploads\/2015\/04\/1JEDNA-METODA-ZA-PRORACUN-NEISPORUCENE-ELEKTRICNE-ENERGIJE-U-DISTRIBUTIVNIM-MRE\u017dAMA.pdf\">1-2008-2009<\/a>)<i><\/i><\/li>\n<li><em>Methodological and Practical Aspects of the Choice of Generator Rated Power Factor and Characteristics of Block-Transformers in TPP Kolubara B and TPP Nikola Tesla B3,<\/em> Dragan P. Popovi\u0107, Milo\u0161 Stojkovi\u0107, Ivan Stanisavljevi\u0107, pp. 11 (<a href=\"http:\/\/www.zbornik-eint.org\/wp-content\/uploads\/2015\/04\/2Metodoloski-i-prakticni-aspekti-izbor-nominalong-faktora-snage-generatora-i-karakteristika-blok-transformatora-u-TE-Kolubara-B-i-TE-Nikola-Tesla-B3.pdf\">2-2008-2009<\/a>)<\/li>\n<li><em>Selection of Inertia Time Constant, Transient Reactance, Exitation System with Voltage Regulator of Generators in TPP Kolubara B And TPP Nikola Tesla B3, <\/em>Dragan P. Popovi\u0107, Ivan Stanisavljevi\u0107, Milo\u0161 Stojkovi\u0107, pp. 21 (<a href=\"http:\/\/www.zbornik-eint.org\/wp-content\/uploads\/2015\/04\/3Izbor-vremenske-konstante-inrtcije-tranzijentne-reaktanse-i-sistema-regulacije-pobude-agregata-u-TE-Kolubara-B-i-TE-Nikola-Tesla-B3.pdf\">3-2008-2009<\/a>)<\/li>\n<li><em>Generator Voltages Control in Real Time and Voltage-reactive States on Interconnected Lines, <\/em>Dragan P. Popovi\u0107, Milo\u0161 Stojkovi\u0107, pp. 33 (<a href=\"http:\/\/www.zbornik-eint.org\/wp-content\/uploads\/2015\/04\/4UPRAVLJANJE-NAPONIMA-GENERATORA-U-REALNOM-VREMENU-I-NAPONSKO.pdf\">4-2008-2009<\/a>)<\/li>\n<li><em>Possibilites of Rationalization of Underexitation States of Serbian Generators, <\/em>Dragan P. Popovi\u0107, Milo\u0161 Stojkovi\u0107, Zoran Bo\u017eovi\u0107, pp. 41 (<a href=\"http:\/\/www.zbornik-eint.org\/wp-content\/uploads\/2015\/04\/5MOGUCNOSTI-RACIONALIZACIJE-POTPOBU\u00d0ENIH-RE\u017dIMA-RADA-GENERATORA-U-EES-SRBIJE.pdf\">5-2008-2009<\/a>)<\/li>\n<li><em>Effects of Distribution Utilities Business, Technical and Geographical Information System Integration, <\/em>Sa\u0161a Mini\u0107, Dragan Tasi\u0107, Maja Markovi\u0107, Danka Kecman, Miroslav Stankovi\u0107, Branislav \u0106upi\u0107, pp. 61 (<a href=\"http:\/\/www.zbornik-eint.org\/wp-content\/uploads\/2015\/04\/6Efekti-povezivanja-PIS-TIS-i-GIS-ED-preduzeca.pdf\">6-2008-2009<\/a>)<\/li>\n<li><em>Power Factor Correction of Consumers with High Distortion of Voltage and Current,<\/em> Miloje Kosti\u0107, Branka Kosti\u0107, Sa\u0161a Mini\u0107, pp.\u00a0<i><\/i>71 (<a href=\"http:\/\/www.zbornik-eint.org\/wp-content\/uploads\/2015\/04\/7KOMPENZACIJA-REAKTIVNE-ENERGIJE-POTROSACA-SA-VISOKOM-DISTORZIJOM-STRUJE-I-NAPONA_.pdf\">7-2008-2009<\/a>)<\/li>\n<li><em>Thyristor Rectifier Led by Programmable Logic Controller with Modular Dc\/Dc Converter in Output Stage, <\/em>Vladimir Vuki\u0107, pp. 85 (<a href=\"http:\/\/www.zbornik-eint.org\/wp-content\/uploads\/2015\/04\/8Tiristorski-ispravljac-upravljan-programabilnim-logickim-kontrolerom-sa-mod_.pdf\">8-2008-2009<\/a>)<\/li>\n<li><em>Optimization of Flashover Detection in Electrostatic Precipitators with Single Phase Thyristor Type Power Supply, <\/em>Ilija Stevanovi\u0107, Rajko Prole, Darko Jevti\u0107, Slobodan Josifovi\u0107, Mladen Ostoji\u0107, Du\u0161an Arnautovi\u0107, pp. 93 (<a href=\"http:\/\/www.zbornik-eint.org\/wp-content\/uploads\/2015\/04\/9Optimizacija-detkcije-proboja-kod-elektro_.pdf\">9-2008-2009<\/a>)<\/li>\n<li><em>Reconstruction of the Excitation System for A1 Unit in the TPP &#8220;Nikola Tesla A&#8221;, <\/em>Zoran \u0106iri\u0107, \u0110or\u0111e Stoji\u0107, Du\u0161an Joksimovi\u0107, Nemanja Miloj\u010di\u0107, Milan\u00a0Milinkovi\u0107, Du\u0161an Arnautovi\u0107, pp.<i><\/i>101 (<a href=\"http:\/\/www.zbornik-eint.org\/wp-content\/uploads\/2015\/04\/10REKONSTRUKCIJA-SISTEMA-POBUDE-bloka-1-u-TE-Nikola-Tesla-A1.pdf\">10-2008-2009<\/a>)<\/li>\n<li><em>Manufacturing and Comissioning of Static Excitation Systems for Synchronous Generators at HPP &#8220;Bo\u010dac&#8221;,<\/em> Zoran \u0106iri\u0107, \u0110or\u0111e Stoji\u0107, Nemanja Miloj\u010di\u0107, Milan Milinkovi\u0107, Du\u0161an\u00a0Joksimovi\u0107, Du\u0161an Arnautovi\u0107, pp. 117 (<a href=\"http:\/\/www.zbornik-eint.org\/wp-content\/uploads\/2015\/04\/11IZRADA-I-PUSTANJE-U-POGON-STATICKIH-SISTEMA-POBUDE-SINHRONIH-GENERATORA-U-HE-BO_.pdf\">11-2008-2009<\/a>)<i><\/i><\/li>\n<li><em>Design and Development of Dual-Channel Automatic Generator Synchronizing Device, <\/em>Predrag Ninkovi\u0107, Blagota Jovanovi\u0107, Mladen Milo\u0161evi\u0107, Tomislav Gaji\u0107, Du\u0161an\u00a0Arnautovi\u0107, pp. 129 (<a href=\"http:\/\/www.zbornik-eint.org\/wp-content\/uploads\/2015\/04\/12REALIZACIJA-DVOKANALNOG-AUTOMATSKOG-SINHRONIZATORA2-ispr.pdf\">12-2008-2009<\/a>)<\/li>\n<li><em>Design and Development of a Single-Phase Uninterruptible Power Supply System with Load Short-Curcuit Support Mode, <\/em>Predrag Ninkovi\u0107, Blagota Jovanovi\u0107, Mladen Milo\u0161evi\u0107, Tomislav Gaji\u0107, pp. 141 (<a href=\"http:\/\/www.zbornik-eint.org\/wp-content\/uploads\/2015\/04\/13REALIZACIJA-MONOFAZNOG-SISTEMA-BESPREKIDNOG-NAPAJANJA-SA-RE\u017dIMOM-KRATKOG-SPOJA-U-POTRO\u0160ACU.pdf\">13-2008-2009<\/a>)<\/li>\n<li><em>Reactive Power Simulator Designed for Thermal Power Plant &#8220;Nikola Tesla A&#8221; \u00a0for Testing the Joint Var Controller , <\/em>Jasna Dragosavac, \u017darko Janda, Tomislav Gaji\u0107, Jelena Pavlovi\u0107, Du\u0161an\u00a0Arnautovi\u0107, Ljubi\u0161a Mihailovi\u0107, pp. 157 (<a href=\"http:\/\/www.zbornik-eint.org\/wp-content\/uploads\/2015\/04\/14Realizacija-simulatora-reaktivne-snage-elektrane-tent-A-radi-ispitivanja-grupnog-regulator-reaktivne-snage.pdf\">14-2008-2009<\/a>)<\/li>\n<li><em>Tests of Turbine Governor at HPP\u00a0&#8220;Djerdap 2&#8221;, Slobodan Bogdanovi\u0107,<\/em>Stanojevi\u0107,<i>\u00a0<\/i><span style=\"line-height: 1.5;\">Cojki\u0107, Du\u0161an Arnautovi\u0107, Dane\u00a0D\u017eep\u010deski,\u00a0pp. 169 (<a href=\"http:\/\/www.zbornik-eint.org\/wp-content\/uploads\/2015\/04\/15ISPITIVANJA-TURBINSKOG-REGULATORA-U-HE-\u00d0ERDAP-2.pdf\">15-2008-2009<\/a><\/span><\/li>\n<li><em>Digital Turbine Governor for Station Service Power Generator in HPP\u00a0&#8220;Bistrica&#8221;, <\/em>Dane D\u017eep\u010deski, Slobodan Bogdanovi\u0107, Du\u0161an Arnautovi\u0107, Jelena Pavlovi\u0107, Jasna\u00a0Dragosavac, pp. 181 (<a href=\"http:\/\/www.zbornik-eint.org\/wp-content\/uploads\/2015\/04\/16DIGITALNI-TURBINSKI-REGULATOR-ZA-AGREGAT-SOPSTVENE-POTRO\u0160NJE-U-HE-BISTRICA_.pdf\">16-2008-2009<\/a>)<\/li>\n<li><em>Design of High Speed Transfer Device for Medium Voltage Motor Bus Supply Transfer, <\/em>Tomislav Gaji\u0107, \u017darko Janda, Mladen Milo\u0161evi\u0107, Du\u0161an Arnautovi\u0107, pp. <i><\/i>195 (<a href=\"http:\/\/www.zbornik-eint.org\/wp-content\/uploads\/2015\/04\/17RAZVOJ-I-REALIZACIJA-ALGORITAMA-I-URE\u00d0AJA-ZA-AUTOMATSKO-PREBACIVANJE-NAPAJANJA-SABIRNICA-6kV-NA-REZERVNO-NAPAJANJE.pdf\">17-2008-2009<\/a>)<\/li>\n<li><em>Overvoltages Produced by 36 kV and 12 kV\u00a0Vacuum Circuit Breakers Switching in Electrical Distribution Network of Kraljevo, <\/em>Petar Vukelja, Jovan Mrvi\u0107, Dejan Hrvi\u0107, Vojin Kosti\u0107, pp.207 (<a href=\"http:\/\/www.zbornik-eint.org\/wp-content\/uploads\/2015\/04\/18Prenaponi-pri-radu-vakuumskih-prekidaca-36-kV-i-12-kV-u-elektrodistributivnoj-mrezi-Kraljeva.pdf\">18-2008-2009<\/a>)<i><\/i><\/li>\n<li><em>Earth Fault Currents and Transient Overvoltages in 10 kV\u00a0Networks of Town Nis, <\/em>Petar Vukelja, Jovan Mrvi\u0107, Dejan Hrvi\u0107, Vojin Kosti\u0107, pp.<i><\/i><i><\/i>217 (<a href=\"http:\/\/www.zbornik-eint.org\/wp-content\/uploads\/2015\/04\/19STRUJE-ZEMLJOSPOJA-I-PRELAZNI-FAZNI-NAPONI-U-MRE\u017dAMA-10-kV-GRADA-NI\u0160A.pdf\">19-2008-2009<\/a>)<\/li>\n<li><em>Electric and Magnetic Field Strength Measurement Methods, <\/em>Mom\u010dilo Petrovi\u0107, Dejan Hrvi\u0107, Vojin Kosti\u0107, pp. <i><\/i><i><\/i>225\u00a0(<a href=\"http:\/\/www.zbornik-eint.org\/wp-content\/uploads\/2015\/04\/20METODE-MERENJA-JACINE-ELEKTRICNOG-POLJA-I-MAGNETSKE-INDUKCIJE.pdf\">20-2008-2009<\/a>)<\/li>\n<li><em>Measurement of Magnetic and Electric Fields Beneath the High Voltage Overhead Power Lines,<\/em> Dejan Hrvi\u0107, Mom\u010dilo Petrovi\u0107, Vojin Kosti\u0107, pp. <i><\/i><i><\/i>237 (<a href=\"http:\/\/www.zbornik-eint.org\/wp-content\/uploads\/2015\/04\/21MERENJA-JACINA-ELEKTRICNOG-POLJA-I-MAGNETSKE-INDUKCIJE-ISPOD-NADZEMNIH-VODOVA-VISOKIH-NAPO.pdf\">21-2008-2009<\/a>)<\/li>\n<li><em>Applications of Infrared Thermography in Diagnostics of Power Transformer Thermal Irregularities, <\/em>Ljubi\u0161a \u010ci\u010dkari\u0107, pp. 249 (<a href=\"http:\/\/www.zbornik-eint.org\/wp-content\/uploads\/2015\/04\/22PRIMENA-TERMOGRAFIJE-U-DIJAGNOSTICI-TOPLOTNIH-STANJA-ENERGETSKIH-TRANSFORMATORA.pdf\">22-2008-2009<\/a>)<i><\/i><i><\/i><\/li>\n<li><em>Influence of 690VAC Frequency Converter to the Increase of High-Order Harmonics in Compressor Drive, <\/em>Aleksandar Nikoli\u0107, pp. <i><\/i><i><\/i>261 (<a href=\"http:\/\/www.zbornik-eint.org\/wp-content\/uploads\/2015\/04\/23Uticaj-rada-frekventnog-regulatora-napona-690V-na-povecanje-sadrzaja-visih-harmonika-u-pogonu-kompresora.pdf\">23-2008-2009<\/a>)<\/li>\n<li><em>Remote Temperature Monitoring of Rotor Poles of Hydro Generators, <\/em>Sa\u0161a Mili\u0107, pp.\u00a0<i><\/i><i><\/i>271 (<a href=\"http:\/\/www.zbornik-eint.org\/wp-content\/uploads\/2015\/04\/24Daljinski-temeperaturni-nadzor-polova-rotora-hidrogeneratora.pdf\">24-2008-2009<\/a>)<\/li>\n<li><em>Water in Insulating System of Power Transformers, <\/em>Branka Bo\u0161kovi\u0107, Sla\u0111ana Tesli\u0107, Jelena Luki\u0107, pp.\u00a0<i><\/i><i><\/i>285, (<a href=\"http:\/\/www.zbornik-eint.org\/wp-content\/uploads\/2015\/04\/25Voda-u-izolacionom-sistemu-energetskih-transformatora.pdf\">25-2008-2009<\/a>)<\/li>\n<\/ol>\n","protected":false},"excerpt":{"rendered":"<p>One Method for Calculation of Undelivered Electricity in Distribution Network, Nada Vrcelj, Sa\u0161a Mini\u0107, pp. 1 (1-2008-2009) Methodological and Practical Aspects of the Choice of Generator Rated Power Factor and Characteristics of Block-Transformers in TPP Kolubara B and TPP Nikola Tesla B3, Dragan P. Popovi\u0107, Milo\u0161 Stojkovi\u0107, Ivan Stanisavljevi\u0107, pp. 11 (2-2008-2009) Selection of Inertia &hellip; <a href=\"http:\/\/www.zbornik-eint.org\/?page_id=406&#038;lang=en\" class=\"more-link\">Continue reading <span class=\"screen-reader-text\">Proceedings, Electrical engineering institute Nikola Tesla, vol. 19, 2008-2009<\/span> <span class=\"meta-nav\">&rarr;<\/span><\/a><\/p>\n","protected":false},"author":1,"featured_media":0,"parent":393,"menu_order":16,"comment_status":"closed","ping_status":"open","template":"","meta":{"_monsterinsights_skip_tracking":false,"_monsterinsights_sitenote_active":false,"_monsterinsights_sitenote_note":"","_monsterinsights_sitenote_category":0,"footnotes":""},"class_list":["post-406","page","type-page","status-publish","hentry"],"_links":{"self":[{"href":"http:\/\/www.zbornik-eint.org\/index.php?rest_route=\/wp\/v2\/pages\/406","targetHints":{"allow":["GET"]}}],"collection":[{"href":"http:\/\/www.zbornik-eint.org\/index.php?rest_route=\/wp\/v2\/pages"}],"about":[{"href":"http:\/\/www.zbornik-eint.org\/index.php?rest_route=\/wp\/v2\/types\/page"}],"author":[{"embeddable":true,"href":"http:\/\/www.zbornik-eint.org\/index.php?rest_route=\/wp\/v2\/users\/1"}],"replies":[{"embeddable":true,"href":"http:\/\/www.zbornik-eint.org\/index.php?rest_route=%2Fwp%2Fv2%2Fcomments&post=406"}],"version-history":[{"count":1,"href":"http:\/\/www.zbornik-eint.org\/index.php?rest_route=\/wp\/v2\/pages\/406\/revisions"}],"predecessor-version":[{"id":407,"href":"http:\/\/www.zbornik-eint.org\/index.php?rest_route=\/wp\/v2\/pages\/406\/revisions\/407"}],"up":[{"embeddable":true,"href":"http:\/\/www.zbornik-eint.org\/index.php?rest_route=\/wp\/v2\/pages\/393"}],"wp:attachment":[{"href":"http:\/\/www.zbornik-eint.org\/index.php?rest_route=%2Fwp%2Fv2%2Fmedia&parent=406"}],"curies":[{"name":"wp","href":"https:\/\/api.w.org\/{rel}","templated":true}]}}