{"id":418,"date":"2015-05-14T13:15:15","date_gmt":"2015-05-14T11:15:15","guid":{"rendered":"http:\/\/www.zbornik-eint.org\/?page_id=418"},"modified":"2026-01-07T17:31:46","modified_gmt":"2026-01-07T15:31:46","slug":"proceedings-electrical-engineering-institute-nikola-tesla-vol-17-2005","status":"publish","type":"page","link":"http:\/\/www.zbornik-eint.org\/?page_id=418&lang=en","title":{"rendered":"Proceedings, Electrical engineering institute Nikola Tesla, vol. 17, 2005"},"content":{"rendered":"<ol>\n<li><em>An Advanced Active Power Flow Control Method by Use of Static Phase Shifting Transformer<\/em>, Dragan P. Popovi\u0107, pp. 1 (<a href=\"http:\/\/www.zbornik-eint.org\/wp-content\/uploads\/2015\/04\/1JEDNA-UNAPRE\u00d0ENA-METODA-UPRAVLJANJA-TOKOVIMA-AKTIVNIH-SNAGA-POMOCU-STATICKIH-TRANSFORMATORA-ZA-REGULACIJU-UGLA.pdf\">1-2005<\/a>)<i><\/i><\/li>\n<li><em>Wind Velocity\u2013Vector Instrument, <\/em>Slobodan \u0160kundri\u0107, Srboljub Vukovojac, Nid\u017eo Miladinovi\u0107, Sr\u0111an Milosavljevi\u0107, pp. 9 (<a href=\"http:\/\/www.zbornik-eint.org\/wp-content\/uploads\/2015\/04\/2MERAC-BRZINE-VETRA.pdf\">2-2005<\/a>)<\/li>\n<li><i><\/i><em>Time Oriented Hierarchical Method for Calculation of PCA and MCA, <\/em>Marko Jankovi\u0107, pp. 19 (<a href=\"http:\/\/www.zbornik-eint.org\/wp-content\/uploads\/2015\/04\/3Vremenski-orijentisan-hijerarhijski-metod-za-izracunavanje-PCA-i-MCA.pdf\">3-2005<\/a>)<\/li>\n<li><em>Influence of Ionizing Radiation on Characteristics of Low-Dropout Voltage Regulators, <\/em>Vladimir Vuki\u0107, pp. 31 (<a href=\"http:\/\/www.zbornik-eint.org\/wp-content\/uploads\/2015\/04\/4Uticaj-jonizujeceg-zracenja-na-karakteristike-linearnih-stabilizatora-napona.pdf\">4-2005<\/a>)<\/li>\n<li>Comparative Study of Used Transformer Oil Reclamation Processes Based on Use of Natural and Synthetic Adsorbents, Jelena Luki\u0107<i><\/i>, Ksenija Draki\u0107, Vesna Radin, Vlada Ivan\u010devi\u0107, pp. 45 (<a href=\"http:\/\/www.zbornik-eint.org\/wp-content\/uploads\/2015\/04\/5Uporedna-analiza-efekata-regeneracije-koriscenih-transformatorskih-ulja.pdf\">5-2005<\/a>)<i><\/i><\/li>\n<li><em>Possible Power Fault Causes in the 10 kV Power Network of the Aluminium Producing Complex, <\/em>Petar Vukelja, Jovan Mrvi\u0107, Dejan Hrvi\u0107, pp. 53 (<a href=\"http:\/\/www.zbornik-eint.org\/wp-content\/uploads\/2015\/04\/6Uzroci-havarijskih-dogadjaja-u-mrezi-10kV-kombinata-aluminijuma.pdf\">6-2005<\/a>)<\/li>\n<li><em>Transient Current and Voltage Phenomena Research in Power Network of U.S. Steel Serbia, <\/em>Petar Vukelja, Jovan Mrvi\u0107, Dejan Hrvi\u0107, pp. 67 (<a href=\"http:\/\/www.zbornik-eint.org\/wp-content\/uploads\/2015\/04\/7Istrazivanje-prelaznih-napona-i-struja-i-ispitivanja-opreme.pdf\">7-2005<\/a>)<\/li>\n<li><em>Realization of Preregulator for Devices Powered by 110Vdc Auxiliary Power System, <\/em>Predrag Ninkovi\u0107, Blagota Jovanovi\u0107, Marko Jankovi\u0107, pp. 81 (<a href=\"http:\/\/www.zbornik-eint.org\/wp-content\/uploads\/2015\/04\/8REALIZACIJA-PREDREGULATORA-ZA-SISTEM-NAPAJANJA-SA-BATERIJE-110VDC.pdf\">8-2005<\/a>)<\/li>\n<li><em>Measures for Improving Energy Efficiency in Paper Industry Based on Power Quality Analysis, <\/em>Aleksandar Nikoli\u0107, pp. 93 (<a href=\"http:\/\/www.zbornik-eint.org\/wp-content\/uploads\/2015\/04\/9Mere-za-povecanje-energetske-efikasnosti-u-industriji-papira.pdf\">9-2005<\/a>)<\/li>\n<li><em>Thermography Research in EPS Power System Installations, <\/em>Miomir Sen\u0107ani\u0107, Ljubi\u0161a \u010ci\u010dkari\u0107, Ninoslav Simi\u0107, pp. 103 (<a href=\"http:\/\/www.zbornik-eint.org\/wp-content\/uploads\/2015\/04\/10Termografska-istrazivanja-u-elektroenergetskim-postrojenjima.pdf\">10-2005<\/a>)<\/li>\n<li><em>Determination of the Reduction Factor for 110 kV Cable Feeding Line, <\/em>Mladen \u0160upi\u0107, Mom\u010dilo Petrovi\u0107, pp. 115 (<a href=\"http:\/\/www.zbornik-eint.org\/wp-content\/uploads\/2015\/04\/11Odredjivanje-redukcionog-faktora-110.pdf\">11-2005<\/a>)<\/li>\n<\/ol>\n","protected":false},"excerpt":{"rendered":"<p>An Advanced Active Power Flow Control Method by Use of Static Phase Shifting Transformer, Dragan P. Popovi\u0107, pp. 1 (1-2005) Wind Velocity\u2013Vector Instrument, Slobodan \u0160kundri\u0107, Srboljub Vukovojac, Nid\u017eo Miladinovi\u0107, Sr\u0111an Milosavljevi\u0107, pp. 9 (2-2005) Time Oriented Hierarchical Method for Calculation of PCA and MCA, Marko Jankovi\u0107, pp. 19 (3-2005) Influence of Ionizing Radiation on Characteristics &hellip; <a href=\"http:\/\/www.zbornik-eint.org\/?page_id=418&#038;lang=en\" class=\"more-link\">Continue reading <span class=\"screen-reader-text\">Proceedings, Electrical engineering institute Nikola Tesla, vol. 17, 2005<\/span> <span class=\"meta-nav\">&rarr;<\/span><\/a><\/p>\n","protected":false},"author":1,"featured_media":0,"parent":393,"menu_order":18,"comment_status":"closed","ping_status":"open","template":"","meta":{"_monsterinsights_skip_tracking":false,"_monsterinsights_sitenote_active":false,"_monsterinsights_sitenote_note":"","_monsterinsights_sitenote_category":0,"footnotes":""},"class_list":["post-418","page","type-page","status-publish","hentry"],"_links":{"self":[{"href":"http:\/\/www.zbornik-eint.org\/index.php?rest_route=\/wp\/v2\/pages\/418","targetHints":{"allow":["GET"]}}],"collection":[{"href":"http:\/\/www.zbornik-eint.org\/index.php?rest_route=\/wp\/v2\/pages"}],"about":[{"href":"http:\/\/www.zbornik-eint.org\/index.php?rest_route=\/wp\/v2\/types\/page"}],"author":[{"embeddable":true,"href":"http:\/\/www.zbornik-eint.org\/index.php?rest_route=\/wp\/v2\/users\/1"}],"replies":[{"embeddable":true,"href":"http:\/\/www.zbornik-eint.org\/index.php?rest_route=%2Fwp%2Fv2%2Fcomments&post=418"}],"version-history":[{"count":3,"href":"http:\/\/www.zbornik-eint.org\/index.php?rest_route=\/wp\/v2\/pages\/418\/revisions"}],"predecessor-version":[{"id":423,"href":"http:\/\/www.zbornik-eint.org\/index.php?rest_route=\/wp\/v2\/pages\/418\/revisions\/423"}],"up":[{"embeddable":true,"href":"http:\/\/www.zbornik-eint.org\/index.php?rest_route=\/wp\/v2\/pages\/393"}],"wp:attachment":[{"href":"http:\/\/www.zbornik-eint.org\/index.php?rest_route=%2Fwp%2Fv2%2Fmedia&parent=418"}],"curies":[{"name":"wp","href":"https:\/\/api.w.org\/{rel}","templated":true}]}}