{"id":420,"date":"2015-05-14T13:41:00","date_gmt":"2015-05-14T11:41:00","guid":{"rendered":"http:\/\/www.zbornik-eint.org\/?page_id=420"},"modified":"2026-01-07T17:31:46","modified_gmt":"2026-01-07T15:31:46","slug":"proceedings-electrical-engineering-institute-nikola-tesla-vol-16-2004","status":"publish","type":"page","link":"http:\/\/www.zbornik-eint.org\/?page_id=420&lang=en","title":{"rendered":"Proceedings, Electrical engineering institute Nikola Tesla, vol. 16, 2004"},"content":{"rendered":"<ol>\n<li><em>Active Power Flow Control by Use of Static Phase Shifting Transformers<\/em>, Dragan P. Popovi\u0107, pp. 1 (<a href=\"http:\/\/www.zbornik-eint.org\/wp-content\/uploads\/2015\/04\/1.Upravljanje-tokovima-aktivnih-snaga.pdf\">1-2004<\/a>)<\/li>\n<li><em>Mathematical Models of Hydraulic Systems in Hydro Power Plants<\/em>, Du\u0161an Arnautovi\u0107, pp. 19 (<a href=\"http:\/\/www.zbornik-eint.org\/wp-content\/uploads\/2015\/04\/2.Matematicki-model-hidraulickih-sistema-hidroelektrana.pdf\">2-2004<\/a>)<\/li>\n<li><em>An Overview of Standards and Recommendations for Harmonic Control in Electrical Power Systems<\/em>, \u017darko S. Janda, pp. 33 (<a href=\"http:\/\/www.zbornik-eint.org\/wp-content\/uploads\/2015\/04\/3.Pregled-standarda-i-preporuka-za-kontrolu-visih-harmonika.pdf\">3-2004<\/a>)<\/li>\n<li><em>Thyristor\u2019s Excitation System with Electrical Braking and Digital Automatic Regulator in Hydropower Plant \u201cBistrica\u201d<\/em>, Ilija Stevanovi\u0107, \u0110or\u0111e Stoji\u0107, Zoran \u0106iri\u0107, pp. 47 (<a href=\"http:\/\/www.zbornik-eint.org\/wp-content\/uploads\/2015\/04\/4.Tiristorski-sistem-pobude-sa-elektricnim-kocenjem.pdf\">4-2004<\/a>)<\/li>\n<li><em>Microprocessor Control of Twelve-Pulse Serial Line-Frequency Converter<\/em>, Vladimir Vuki\u0107, Marko Jankovi\u0107, Rajko Prole, pp. 61 (<a href=\"http:\/\/www.zbornik-eint.org\/wp-content\/uploads\/2015\/04\/5.Mikroprocesorsko-upravljanje-dvanaestopulsnim-rednim-tiristorskim-mostom.pdf\">5-2004<\/a>)<\/li>\n<li><em>Overvoltages and Currents During Line-To-Ground Faults in 6 kV Networks of \u201cSartid\u201d, <\/em>Petar Vukelja, Jovan Mrvi\u0107, Dejan Hrvi\u0107, Mladen \u0160upi\u0107, Mom\u010dilo Petrovi\u0107, pp. 69 (<a href=\"http:\/\/www.zbornik-eint.org\/wp-content\/uploads\/2015\/04\/6.Prenaponi-i-struje-pri-pojavi-zemljospoja.pdf\">6-2004<\/a>)<\/li>\n<li><em> Overvoltages and Currents While Switching on and off High Voltage Motors in 6 kV Network of \u201cSartid\u201d<\/em>, Petar Vukelja, Jovan Mrvi\u0107, Dejan Hrvi\u0107, Ninoslav Simi\u0107, pp. 79 (<a href=\"http:\/\/www.zbornik-eint.org\/wp-content\/uploads\/2015\/04\/7.Prenaponi-i-struje-pri-ukljucenju-i-iskljucenju.pdf\">7-2004<\/a>)<\/li>\n<li><em>New Concept of Power Transformer Paper-Oil Insualtion Analysis<\/em>, Jelena Luki\u0107, Ksenija Draki\u0107, Sla\u0111ana Gavran\u010di\u0107, Sne\u017eana Kova\u010devi\u0107, pp. 91 (<a href=\"http:\/\/www.zbornik-eint.org\/wp-content\/uploads\/2015\/04\/8.Novi-koncept-analize-papirno-uljnog-izolacionog-sistema-transformatora.pdf\">8-2004<\/a>)<\/li>\n<li><em>Review of Power Transformers Condition by Analyzing Database Results of The Transformer Insulating Oils<\/em>, Ksenija Draki\u0107, Jelena Luki\u0107, Sla\u0111ana Gavran\u010di\u0107, Sne\u017eana Kova\u010devi\u0107, pp. 101 (<a href=\"http:\/\/www.zbornik-eint.org\/wp-content\/uploads\/2015\/04\/9.Pregled-stanja-energetskih-transformatora-analizom.pdf\">9-2004<\/a>)<\/li>\n<li><em>Measurement of Electric and Magnetic Field Strength, <\/em>Mladen \u0160upi\u0107, Mom\u010dilo Petrovi\u0107, Aleksandar Pavlovi\u0107, Dejan Hrvi\u0107, pp. 115 (<a href=\"http:\/\/www.zbornik-eint.org\/wp-content\/uploads\/2015\/04\/10.Merenje-jacine-magnetskog-polja.pdf\">10-2004<\/a>)<\/li>\n<\/ol>\n","protected":false},"excerpt":{"rendered":"<p>Active Power Flow Control by Use of Static Phase Shifting Transformers, Dragan P. Popovi\u0107, pp. 1 (1-2004) Mathematical Models of Hydraulic Systems in Hydro Power Plants, Du\u0161an Arnautovi\u0107, pp. 19 (2-2004) An Overview of Standards and Recommendations for Harmonic Control in Electrical Power Systems, \u017darko S. Janda, pp. 33 (3-2004) Thyristor\u2019s Excitation System with Electrical &hellip; <a href=\"http:\/\/www.zbornik-eint.org\/?page_id=420&#038;lang=en\" class=\"more-link\">Continue reading <span class=\"screen-reader-text\">Proceedings, Electrical engineering institute Nikola Tesla, vol. 16, 2004<\/span> <span class=\"meta-nav\">&rarr;<\/span><\/a><\/p>\n","protected":false},"author":1,"featured_media":0,"parent":393,"menu_order":19,"comment_status":"closed","ping_status":"open","template":"","meta":{"_monsterinsights_skip_tracking":false,"_monsterinsights_sitenote_active":false,"_monsterinsights_sitenote_note":"","_monsterinsights_sitenote_category":0,"footnotes":""},"class_list":["post-420","page","type-page","status-publish","hentry"],"_links":{"self":[{"href":"http:\/\/www.zbornik-eint.org\/index.php?rest_route=\/wp\/v2\/pages\/420","targetHints":{"allow":["GET"]}}],"collection":[{"href":"http:\/\/www.zbornik-eint.org\/index.php?rest_route=\/wp\/v2\/pages"}],"about":[{"href":"http:\/\/www.zbornik-eint.org\/index.php?rest_route=\/wp\/v2\/types\/page"}],"author":[{"embeddable":true,"href":"http:\/\/www.zbornik-eint.org\/index.php?rest_route=\/wp\/v2\/users\/1"}],"replies":[{"embeddable":true,"href":"http:\/\/www.zbornik-eint.org\/index.php?rest_route=%2Fwp%2Fv2%2Fcomments&post=420"}],"version-history":[{"count":1,"href":"http:\/\/www.zbornik-eint.org\/index.php?rest_route=\/wp\/v2\/pages\/420\/revisions"}],"predecessor-version":[{"id":421,"href":"http:\/\/www.zbornik-eint.org\/index.php?rest_route=\/wp\/v2\/pages\/420\/revisions\/421"}],"up":[{"embeddable":true,"href":"http:\/\/www.zbornik-eint.org\/index.php?rest_route=\/wp\/v2\/pages\/393"}],"wp:attachment":[{"href":"http:\/\/www.zbornik-eint.org\/index.php?rest_route=%2Fwp%2Fv2%2Fmedia&parent=420"}],"curies":[{"name":"wp","href":"https:\/\/api.w.org\/{rel}","templated":true}]}}