{"id":441,"date":"2015-05-15T10:57:43","date_gmt":"2015-05-15T08:57:43","guid":{"rendered":"http:\/\/www.zbornik-eint.org\/?page_id=441"},"modified":"2026-01-07T17:31:46","modified_gmt":"2026-01-07T15:31:46","slug":"proceedings-electrical-engineering-institute-nikola-tesla-vol-14-1999","status":"publish","type":"page","link":"http:\/\/www.zbornik-eint.org\/?page_id=441&lang=en","title":{"rendered":"Proceedings, Electrical engineering institute Nikola Tesla, vol. 14, 1999"},"content":{"rendered":"<ol>\n<li><em>Initalization of Steady-State Security Analyses of Power Systems<\/em>, Dragan P. Popovi\u0107, pp. 1 (<a href=\"http:\/\/www.zbornik-eint.org\/wp-content\/uploads\/2015\/04\/1-1999.pdf\">1-1999<\/a>)<\/li>\n<li><em>Nonlinear Mathematical Models of Steam Boiler Auxiliary Devices<\/em>, Slobodan Bogdanovi\u0107, pp. 21 (<a href=\"http:\/\/www.zbornik-eint.org\/wp-content\/uploads\/2015\/04\/2-1999.pdf\">2-1999<\/a>)<\/li>\n<li><em>Mathematical Models for Analysis of Electrical Energy Losses in Complex Networks<\/em>, Emilija Radoji\u010di\u0107-Turkovi\u0107, Maja Turkovi\u0107, pp. 33 (<a href=\"http:\/\/www.zbornik-eint.org\/wp-content\/uploads\/2015\/04\/3-1999.pdf\">3-1999<\/a>)<\/li>\n<li><em>An Advanced Model of the Synchronous Machine for Harmonic Power Flow Analysis<\/em>, Lidija Pavlovi\u0107, Dragan Petrovi\u0107, Zoran Lazarevi\u0107, \u017darko Janda, pp. 49 (<a href=\"http:\/\/www.zbornik-eint.org\/wp-content\/uploads\/2015\/04\/4-1999.pdf\">4-1999<\/a>)<\/li>\n<li><em>Mathematical Model of an Excitation System of Synchronous Generator and Tuning of the Regulator Parameters<\/em>, Maja S. Turkovi\u0107, pp. 61 (<a href=\"http:\/\/www.zbornik-eint.org\/wp-content\/uploads\/2015\/04\/5-1999.pdf\">5-1999<\/a>)<\/li>\n<li><em>Overvoltages on 110\/6.3 kV Transformer Insulation in TS &#8220;Hip&#8221;<\/em>, Petar Vukelja, Jovan Mrvi\u0107, Goran Drobnjak, pp. 75 (<a href=\"http:\/\/www.zbornik-eint.org\/wp-content\/uploads\/2015\/04\/6-1999.pdf\">6-1999<\/a>)<\/li>\n<li><em>Overvoltage Protection of Power Transformers in 35 kV Distribution Network of Tivat<\/em>, Petar Vukelja, Jovan Mrvi\u0107, Dejan Hrvi\u0107,\u00a0pp. 85 (<a href=\"http:\/\/www.zbornik-eint.org\/wp-content\/uploads\/2015\/04\/7-1999.pdf\">7-1999<\/a>)<\/li>\n<li><em>Investigation of the Soil Characteristics on the Route of the High-Voltage Cable Lines<\/em>, Milutin Sredojevi\u0107, \u0110or\u0111e Popovi\u0107, Aleksandra Popovac-Damljanovi\u0107, pp. 99 (<a href=\"http:\/\/www.zbornik-eint.org\/wp-content\/uploads\/2015\/04\/8-1999.pdf\">8-1999<\/a>)<\/li>\n<li><em>The Computer Usage in Realization of Helmholtz Coils<\/em>, Sa\u0161a Mili\u0107, pp. 109 (<a href=\"http:\/\/www.zbornik-eint.org\/wp-content\/uploads\/2015\/04\/9-1999.pdf\">9-1999<\/a>)<\/li>\n<li><em>Secondary Relay Testing Device \u2013 SIR 3<\/em>, Sr\u0111an Milosavljevi\u0107, Ratomir Milosavljevi\u0107, pp. 117 (<a href=\"http:\/\/www.zbornik-eint.org\/wp-content\/uploads\/2015\/04\/10-1999.pdf\">10-1999<\/a>)<\/li>\n<\/ol>\n","protected":false},"excerpt":{"rendered":"<p>Initalization of Steady-State Security Analyses of Power Systems, Dragan P. Popovi\u0107, pp. 1 (1-1999) Nonlinear Mathematical Models of Steam Boiler Auxiliary Devices, Slobodan Bogdanovi\u0107, pp. 21 (2-1999) Mathematical Models for Analysis of Electrical Energy Losses in Complex Networks, Emilija Radoji\u010di\u0107-Turkovi\u0107, Maja Turkovi\u0107, pp. 33 (3-1999) An Advanced Model of the Synchronous Machine for Harmonic Power &hellip; <a href=\"http:\/\/www.zbornik-eint.org\/?page_id=441&#038;lang=en\" class=\"more-link\">Continue reading <span class=\"screen-reader-text\">Proceedings, Electrical engineering institute Nikola Tesla, vol. 14, 1999<\/span> <span class=\"meta-nav\">&rarr;<\/span><\/a><\/p>\n","protected":false},"author":1,"featured_media":0,"parent":393,"menu_order":21,"comment_status":"closed","ping_status":"open","template":"","meta":{"_monsterinsights_skip_tracking":false,"_monsterinsights_sitenote_active":false,"_monsterinsights_sitenote_note":"","_monsterinsights_sitenote_category":0,"footnotes":""},"class_list":["post-441","page","type-page","status-publish","hentry"],"_links":{"self":[{"href":"http:\/\/www.zbornik-eint.org\/index.php?rest_route=\/wp\/v2\/pages\/441","targetHints":{"allow":["GET"]}}],"collection":[{"href":"http:\/\/www.zbornik-eint.org\/index.php?rest_route=\/wp\/v2\/pages"}],"about":[{"href":"http:\/\/www.zbornik-eint.org\/index.php?rest_route=\/wp\/v2\/types\/page"}],"author":[{"embeddable":true,"href":"http:\/\/www.zbornik-eint.org\/index.php?rest_route=\/wp\/v2\/users\/1"}],"replies":[{"embeddable":true,"href":"http:\/\/www.zbornik-eint.org\/index.php?rest_route=%2Fwp%2Fv2%2Fcomments&post=441"}],"version-history":[{"count":1,"href":"http:\/\/www.zbornik-eint.org\/index.php?rest_route=\/wp\/v2\/pages\/441\/revisions"}],"predecessor-version":[{"id":442,"href":"http:\/\/www.zbornik-eint.org\/index.php?rest_route=\/wp\/v2\/pages\/441\/revisions\/442"}],"up":[{"embeddable":true,"href":"http:\/\/www.zbornik-eint.org\/index.php?rest_route=\/wp\/v2\/pages\/393"}],"wp:attachment":[{"href":"http:\/\/www.zbornik-eint.org\/index.php?rest_route=%2Fwp%2Fv2%2Fmedia&parent=441"}],"curies":[{"name":"wp","href":"https:\/\/api.w.org\/{rel}","templated":true}]}}