{"id":463,"date":"2015-12-23T14:38:37","date_gmt":"2015-12-23T12:38:37","guid":{"rendered":"http:\/\/www.zbornik-eint.org\/?page_id=463"},"modified":"2024-12-29T22:17:35","modified_gmt":"2024-12-29T20:17:35","slug":"zbornik-radova-elektrotehnicki-institut-nikola-tesla-knjiga-26-2016","status":"publish","type":"page","link":"http:\/\/www.zbornik-eint.org\/?page_id=463&lang=sr","title":{"rendered":"Zbornik radova, Elektrotehni\u010dki institut Nikola Tesla, knjiga 26, 2016"},"content":{"rendered":"<ol>\n<li style=\"text-align: justify;\"><em><strong>Konvertor protokola za serijsku komunikaciju izme\u0111u digitalnih regulatora ispravl\u0458a\u010da i upravl\u0458a\u010dkog ra\u010dunarskog sistema elektrane<\/strong>,&nbsp;<\/em>V. Vuki\u0107, str. 1 (<a href=\"http:\/\/www.zbornik-eint.org\/wp-content\/uploads\/2015\/12\/10604-1.pdf\">10604-1<\/a>)<a href=\"http:\/\/scindeks.ceon.rs\/article.aspx?query=ISSID%26and%2612968&amp;page=0&amp;sort=8&amp;stype=0&amp;backurl=%2fissue.aspx%3fissue%3d12968\" target=\"_blank\" rel=\"noopener noreferrer\">SCIndeks<\/a><\/li>\n<li style=\"text-align: justify;\"><em><strong>Termi\u010dki izazovi u projektovanju invertora za industrijske namene<\/strong>, <\/em>P. Ninkovi\u0107, M. Luki\u0107, B. Jovanovi\u0107, M. Milo\u0161evi\u0107, &nbsp;str. 23 (<a href=\"http:\/\/www.zbornik-eint.org\/wp-content\/uploads\/2015\/12\/12280-1a.pdf\">12280-1a<\/a>)&nbsp;<a href=\"http:\/\/scindeks.ceon.rs\/article.aspx?query=ISSID%26and%2612968&amp;page=1&amp;sort=8&amp;stype=0&amp;backurl=%2fissue.aspx%3fissue%3d12968\" target=\"_blank\" rel=\"noopener noreferrer\">SCIndeks<\/a><\/li>\n<li style=\"text-align: justify;\"><em><strong>Ispitivanje novog re\u0161enja upalja\u010dkog kola za IGBT prekida\u010de<\/strong>,&nbsp;<\/em>M. Luki\u0107, P. Ninkovi\u0107, str. 53 (<a href=\"http:\/\/www.zbornik-eint.org\/wp-content\/uploads\/2015\/12\/12304-2.pdf\">12304-2<\/a>)&nbsp;<a href=\"http:\/\/scindeks.ceon.rs\/article.aspx?query=ISSID%26and%2612968&amp;page=2&amp;sort=8&amp;stype=0&amp;backurl=%2fissue.aspx%3fissue%3d12968\" target=\"_blank\" rel=\"noopener noreferrer\">SCIndeks<\/a><\/li>\n<li style=\"text-align: justify;\"><em><strong>Primena softverskog alata DIgSILENT POWERFACTORY za modelovanje sistema relejne za\u0161tite industrijske mre\u017ee<\/strong>,&nbsp;<\/em>N. Su\u010devi\u0107, D. Milo\u0161evi\u0107, str. 69 (<a href=\"http:\/\/www.zbornik-eint.org\/wp-content\/uploads\/2015\/12\/12295-3.pdf\">12295-3<\/a>)<a href=\"http:\/\/scindeks.ceon.rs\/article.aspx?query=ISSID%26and%2612968&amp;page=3&amp;sort=8&amp;stype=0&amp;backurl=%2fissue.aspx%3fissue%3d12968%26lang%3dsr&amp;lang=sr\" target=\"_blank\" rel=\"noopener noreferrer\">SCIndeks<\/a><\/li>\n<li style=\"text-align: justify;\"><em><strong>Relejne za\u0161tite koje se koordiniraju sa pogonskim dijagramom, funkcijama sistema regulacije pobude i za\u0161titama elektroenergetskog sistema<\/strong>,&nbsp;<\/em>D. Buha, B. Buha, D. Ja\u010di\u0107, S. Gligorov, M. Bo\u017eilov, S. Marinkovi\u0107, S. Milosavl\u0458evi\u0107, str. 85 (<a href=\"http:\/\/www.zbornik-eint.org\/wp-content\/uploads\/2015\/12\/12300-4.pdf\">12300-4<\/a>)&nbsp;<a href=\"http:\/\/scindeks.ceon.rs\/article.aspx?query=ISSID%26and%2612968&amp;page=4&amp;sort=8&amp;stype=0&amp;backurl=%2fissue.aspx%3fissue%3d12968\" target=\"_blank\" rel=\"noopener noreferrer\">SCIndeks<\/a><\/li>\n<li style=\"text-align: justify;\"><em><strong>Analiza rada potro\u0161a\u010da elektri\u010dne energije u postrojenju toplane sa predlogom unapre\u0111enja energetske efikasnosti<\/strong>,&nbsp;<\/em>A. Nikoli\u0107, R. Anti\u0107, str. 101 (<a href=\"http:\/\/www.zbornik-eint.org\/wp-content\/uploads\/2015\/12\/12324-5.pdf\">12324-5<\/a>)&nbsp;<a href=\"http:\/\/scindeks.ceon.rs\/article.aspx?query=ISSID%26and%2612968&amp;page=5&amp;sort=8&amp;stype=0&amp;backurl=%2fissue.aspx%3fissue%3d12968%26lang%3dsr&amp;lang=sr\" target=\"_blank\" rel=\"noopener noreferrer\">SCIndeks<\/a><\/li>\n<li style=\"text-align: justify;\"><strong><em>Uticaj naponsko frekventne regulacije CNC brusilice na rad drugih ure\u0111aja u elektri\u010dnoj instalaciji niskog napona<\/em><\/strong>, N. Simi\u0107, J. Mrvi\u0107, str. 119 (<a href=\"http:\/\/www.zbornik-eint.org\/wp-content\/uploads\/2015\/12\/12320-6-1.pdf\">12320-6<\/a>)&nbsp;<a href=\"http:\/\/scindeks.ceon.rs\/article.aspx?query=ISSID%26and%2612968&amp;page=6&amp;sort=8&amp;stype=0&amp;backurl=%2fissue.aspx%3fissue%3d12968\" target=\"_blank\" rel=\"noopener noreferrer\">SCIndeks<\/a><\/li>\n<li style=\"text-align: justify;\"><strong><em>Potencijal vratila kod turboagregata<\/em><\/strong>,&nbsp;I. Klasni\u0107, D. Joksimovi\u0107, Z. \u0106iri\u0107, str. 129 (<a href=\"http:\/\/www.zbornik-eint.org\/wp-content\/uploads\/2015\/12\/12122-7.pdf\">12122-7<\/a>)&nbsp;<a href=\"http:\/\/scindeks.ceon.rs\/article.aspx?query=ISSID%26and%2612968&amp;page=7&amp;sort=8&amp;stype=0&amp;backurl=%2fissue.aspx%3fissue%3d12968%26lang%3dsr&amp;lang=sr\" target=\"_blank\" rel=\"noopener noreferrer\">SCIndeks<\/a><\/li>\n<li><strong><em>Nivoi elektri\u010dnih pol\u0458a visokih u\u010destanosti: jedan primer odre\u0111ivanja merne nesigurnosti kod \u0161irokopojasnih merenja<\/em><\/strong>,&nbsp;B. Vulevi\u0107, M. Grbi\u0107, A. Pavlovi\u0107, str. 141 (<a href=\"http:\/\/www.zbornik-eint.org\/wp-content\/uploads\/2015\/12\/12318-8.pdf\">12318-8<\/a>)&nbsp;<a href=\"http:\/\/scindeks.ceon.rs\/article.aspx?query=ISSID%26and%2612968&amp;page=8&amp;sort=8&amp;stype=0&amp;backurl=%2fissue.aspx%3fissue%3d12968%26lang%3dsr&amp;lang=sr\" target=\"_blank\" rel=\"noopener noreferrer\">SCIndeks<\/a><\/li>\n<li style=\"text-align: justify;\"><strong><em>Ispitivanja elektri\u010dnih i magnetskih pol\u0458a u okolini transformatorskih stanica 110<\/em>\/x kV<\/strong>,&nbsp;M. Grbi\u0107, A. Pavlovi\u0107, D. Hrvi\u0107, B. Vulevi\u0107, str. 151 (<a href=\"http:\/\/www.zbornik-eint.org\/wp-content\/uploads\/2015\/12\/12319-9.pdf\">12319-9<\/a>)&nbsp;<a href=\"http:\/\/scindeks.ceon.rs\/article.aspx?query=ISSID%26and%2612968&amp;page=9&amp;sort=8&amp;stype=0&amp;backurl=%2fissue.aspx%3fissue%3d12968%26lang%3dsr&amp;lang=sr\" target=\"_blank\" rel=\"noopener noreferrer\">SCIndeks<\/a><\/li>\n<li style=\"text-align: justify;\"><strong><em>Primena EDA metodologije u cilju sagledavanja stanja izolacionog sistema obrtnih ma\u0161ina<\/em><\/strong>,&nbsp;D. Ili\u0107, R. Partonji\u0107, M. Mili\u0107, \u0110. Jovanovi\u0107, Lj. Nikoli\u0107, str. 165 (<a href=\"http:\/\/www.zbornik-eint.org\/wp-content\/uploads\/2015\/12\/12251-10.pdf\">12251-10<\/a>)<a href=\"http:\/\/scindeks.ceon.rs\/article.aspx?artid=0350-85281626165I\">SCIndeks<\/a><\/li>\n<li style=\"text-align: justify;\">\n<p style=\"text-align: justify;\"><strong><em>Primena programskog alata ATP\/EMTP u analizi atmosferskih prenapona,&nbsp;<\/em><\/strong><br \/>\nJ. Mrvi\u0107, R. Jasika, P. Vukelja, G. Lepovi\u0107, N. Simi\u0107, str. 177 (<a href=\"http:\/\/www.zbornik-eint.org\/wp-content\/uploads\/2015\/12\/12323-11-1.pdf\">12323-11<\/a>)&nbsp;<a href=\"http:\/\/scindeks.ceon.rs\/article.aspx?artid=0350-85281626177M\">SCIndeks<\/a><\/li>\n<li style=\"text-align: justify;\">\n<p style=\"text-align: justify;\"><strong><em>Provera ta\u010dnosti ostvarivanja kombinatorske karakteristike Kaplanove turbine u elektrani<\/em><\/strong>,&nbsp;D. D\u017eep\u010deski, S. Bogdanovi\u0107, V. Stanoj\u010di\u0107, R. Mitrovi\u0107, Z. Bojani\u0107, V. Njegovan, D. Marinovi\u0107, str. 195 (<a href=\"http:\/\/www.zbornik-eint.org\/wp-content\/uploads\/2015\/12\/12402-12.pdf\">12402-12<\/a>)&nbsp;<a href=\"http:\/\/scindeks.ceon.rs\/article.aspx?query=ISSID%26and%2612968&amp;page=12&amp;sort=8&amp;stype=0&amp;backurl=%2fissue.aspx%3fissue%3d12968\" target=\"_blank\" rel=\"noopener noreferrer\">SCIndeks<\/a><\/p>\n<\/li>\n<\/ol>\n","protected":false},"excerpt":{"rendered":"<p>Konvertor protokola za serijsku komunikaciju izme\u0111u digitalnih regulatora ispravl\u0458a\u010da i upravl\u0458a\u010dkog ra\u010dunarskog sistema elektrane,&nbsp;V. Vuki\u0107, str. 1 (10604-1)SCIndeks Termi\u010dki izazovi u projektovanju invertora za industrijske namene, P. Ninkovi\u0107, M. Luki\u0107, B. Jovanovi\u0107, M. Milo\u0161evi\u0107, &nbsp;str. 23 (12280-1a)&nbsp;SCIndeks Ispitivanje novog re\u0161enja upalja\u010dkog kola za IGBT prekida\u010de,&nbsp;M. Luki\u0107, P. Ninkovi\u0107, str. 53 (12304-2)&nbsp;SCIndeks Primena softverskog alata DIgSILENT &hellip; <a href=\"http:\/\/www.zbornik-eint.org\/?page_id=463&#038;lang=sr\" class=\"more-link\">Continue reading <span class=\"screen-reader-text\">Zbornik radova, Elektrotehni\u010dki institut Nikola Tesla, knjiga 26, 2016<\/span> <span class=\"meta-nav\">&rarr;<\/span><\/a><\/p>\n","protected":false},"author":1,"featured_media":0,"parent":63,"menu_order":10,"comment_status":"closed","ping_status":"closed","template":"","meta":{"_monsterinsights_skip_tracking":false,"_monsterinsights_sitenote_active":false,"_monsterinsights_sitenote_note":"","_monsterinsights_sitenote_category":0,"footnotes":""},"class_list":["post-463","page","type-page","status-publish","hentry"],"_links":{"self":[{"href":"http:\/\/www.zbornik-eint.org\/index.php?rest_route=\/wp\/v2\/pages\/463","targetHints":{"allow":["GET"]}}],"collection":[{"href":"http:\/\/www.zbornik-eint.org\/index.php?rest_route=\/wp\/v2\/pages"}],"about":[{"href":"http:\/\/www.zbornik-eint.org\/index.php?rest_route=\/wp\/v2\/types\/page"}],"author":[{"embeddable":true,"href":"http:\/\/www.zbornik-eint.org\/index.php?rest_route=\/wp\/v2\/users\/1"}],"replies":[{"embeddable":true,"href":"http:\/\/www.zbornik-eint.org\/index.php?rest_route=%2Fwp%2Fv2%2Fcomments&post=463"}],"version-history":[{"count":32,"href":"http:\/\/www.zbornik-eint.org\/index.php?rest_route=\/wp\/v2\/pages\/463\/revisions"}],"predecessor-version":[{"id":1376,"href":"http:\/\/www.zbornik-eint.org\/index.php?rest_route=\/wp\/v2\/pages\/463\/revisions\/1376"}],"up":[{"embeddable":true,"href":"http:\/\/www.zbornik-eint.org\/index.php?rest_route=\/wp\/v2\/pages\/63"}],"wp:attachment":[{"href":"http:\/\/www.zbornik-eint.org\/index.php?rest_route=%2Fwp%2Fv2%2Fmedia&parent=463"}],"curies":[{"name":"wp","href":"https:\/\/api.w.org\/{rel}","templated":true}]}}