{"id":516,"date":"2015-12-24T10:06:34","date_gmt":"2015-12-24T08:06:34","guid":{"rendered":"http:\/\/www.zbornik-eint.org\/?page_id=516"},"modified":"2026-01-07T17:31:45","modified_gmt":"2026-01-07T15:31:45","slug":"proceedings-electrical-engineering-institute-nikola-tesla-vol-25-2015-2","status":"publish","type":"page","link":"http:\/\/www.zbornik-eint.org\/?page_id=516&lang=en","title":{"rendered":"Proceedings, Electrical engineering institute Nikola Tesla, vol. 25, 2015"},"content":{"rendered":"<ol>\n<li><em>Influence of Interphase Transformers and AC Line Reactances on the Thyristor Bridges\u2019 Current Sharing in 18-Pulse Rectifiers<\/em>, V. Vuki\u0107, pp. 1 (<a href=\"http:\/\/www.zbornik-eint.org\/wp-content\/uploads\/2015\/12\/1-9150-5.pdf\" rel=\"\">1 9150<\/a>)<\/li>\n<li><em>Testing of Resistivity of Dense Ash Slurry and Return Water from \u201cKostolac A\u201d Power Plant under Laboratory Conditions<\/em>, V. Kosti\u0107, M. Grbi\u0107, P. Branisavljevi\u0107, \u017d. Janda, J. Mrv\u0107, pp. 31 (<a href=\"http:\/\/www.zbornik-eint.org\/wp-content\/uploads\/2015\/12\/2-8524-2.pdf\" rel=\"\">2 8524<\/a>)<\/li>\n<li><em>The Adaptive Internet Application for Interpretation of the Transformer Oil Gas Chromatographic Analysis Results<\/em>, V. Polu\u017eanski, D. Boji\u0107, N. Miladinovi\u0107, J. Luki\u0107, S. Milosavljevi\u0107, pp. 41 (<a href=\"http:\/\/www.zbornik-eint.org\/wp-content\/uploads\/2015\/12\/3-9151-2.pdf\" rel=\"\">3 9151<\/a>)<\/li>\n<li><em>The Ambient Temperature Influence on the Modelling of Power Distribution Networks<\/em>, N. Vrcelj, D. Milo\u0161evi\u0107, N. \u0160u\u0161nica, V. Stanojevi\u0107, pp. 53 (<a href=\"http:\/\/www.zbornik-eint.org\/wp-content\/uploads\/2015\/12\/4-9155-2.pdf\" rel=\"\">4 9155<\/a>)<\/li>\n<li><em>Importance of Organized Energy Efficiency Introduction and Improvement in PE EPS<\/em>, A. Nikoli\u0107, V. \u0110or\u0111evi\u0107, pp. 65 (<a href=\"http:\/\/www.zbornik-eint.org\/wp-content\/uploads\/2015\/12\/5-9320-2.pdf\" rel=\"\">5 9320<\/a>)<\/li>\n<li><em>Low-Voltage Electrical Installations in Medical Buildings \u2013 Clinical Centres and Hospitals<\/em>, N. Simi\u0107, pp. 79 (<a href=\"http:\/\/www.zbornik-eint.org\/wp-content\/uploads\/2015\/12\/6-9398-2.pdf\" rel=\"\">6 9398<\/a>)<\/li>\n<li><em>Generator Step up Transformer Overvoltage Protection in \u0415PS Power Plants<\/em>, J. Mrvi\u0107, P. Vukelja, N. Simi\u0107, pp. 87 (<a href=\"http:\/\/www.zbornik-eint.org\/wp-content\/uploads\/2015\/12\/7-9168-2.pdf\" rel=\"\">7 9168<\/a>)<\/li>\n<li><em>Determination of Losses and Generator Efficiency<\/em>, I. Klasni\u0107, Z. \u0106iri\u0107, S. Bogdanovi\u0107, D. D\u017eep\u010deski, D. Joksimovi\u0107, D. Arnautovi\u0107, pp. 97 (<a href=\"http:\/\/www.zbornik-eint.org\/wp-content\/uploads\/2015\/12\/8-9222-1.pdf\" rel=\"\">8 9222<\/a>)<\/li>\n<li><em>Calculation and Analysis of Generator Limiting Regimes with Respect to Stator End Core Heating<\/em>, M. Kosti\u0107, pp. 111 (<a href=\"http:\/\/www.zbornik-eint.org\/wp-content\/uploads\/2015\/12\/9-9205-2.pdf\" rel=\"\">9 9205<\/a>)<\/li>\n<li><em>Modelling of Thermal Power Plant for the Needs of Q-V Characteristic Control on HV Bus Bars<\/em>, J. Pavlovi\u0107, T. Gaji\u0107, J. Dragosavac, \u017d. Janda, S. Dobri\u010di\u0107, D. Arnautovi\u0107, pp. 127 (<a href=\"http:\/\/www.zbornik-eint.org\/wp-content\/uploads\/2015\/12\/10-9296-2.pdf\" rel=\"\">10 9296<\/a>)<\/li>\n<li><em>Verification of Turbine and Governor Model of Hydro Generator Unit for the Purpose of Load Frequency Control System Simulation<\/em>, D. D\u017eep\u010deski, N. Georgijevi\u0107, J. Pavlovi\u0107, D. Arnautovi\u0107, S. Luki\u0107, V. Stanoj\u010di\u0107, S. Bogdanovi\u0107, D. Tri\u0161i\u0107, B. Jovanovi\u0107, A. Latinovi\u0107, pp. 145 (<a href=\"http:\/\/www.zbornik-eint.org\/wp-content\/uploads\/2015\/12\/11-9401-2.pdf\" rel=\"\">11 9401<\/a>)<\/li>\n<li><em>Unit A1 of HE \u201cPirot\u201d Excitation System Parameter Identification<\/em>, D. Joksimovi\u0107, \u0110. Stoji\u0107, Z. \u0106iri\u0107, D. Arnautovi\u0107, M. Milinkovi\u0107, S. Veinovi\u0107, N. Miloj\u010di\u0107, pp. 155 (<a href=\"http:\/\/www.zbornik-eint.org\/wp-content\/uploads\/2015\/12\/12-9233-1.pdf\" rel=\"\">12 9233<\/a>)<\/li>\n<li><em>Acceptance Testing of Unit A4 of HE \u201c\u0110erdap 1\u201d Excitation System<\/em>, D. Joksimovi\u0107, Z. \u0106iri\u0107, I. Klasni\u0107, D. Arnautovi\u0107, S. Bogdanovi\u0107, N. Miloj\u010di\u0107, pp. 171 (<a href=\"http:\/\/www.zbornik-eint.org\/wp-content\/uploads\/2015\/12\/13-9232-1.pdf\" rel=\"\">13 9232<\/a>)<\/li>\n<li><em>Frequency-Time Diagram \u043ef Partial Discharge Pulses Recorded \u043en Large Generators<\/em>, N. Kartalovic, A. \u017digi\u0107, B. Babi\u0107, F. Zec, M. Radoj\u010di\u0107, pp. 187 (<a href=\"http:\/\/www.zbornik-eint.org\/wp-content\/uploads\/2015\/12\/14-9539-2.pdf\" rel=\"\">14 9539<\/a>)<\/li>\n<\/ol>\n","protected":false},"excerpt":{"rendered":"<p>Influence of Interphase Transformers and AC Line Reactances on the Thyristor Bridges\u2019 Current Sharing in 18-Pulse Rectifiers, V. Vuki\u0107, pp. 1 (1 9150) Testing of Resistivity of Dense Ash Slurry and Return Water from \u201cKostolac A\u201d Power Plant under Laboratory Conditions, V. Kosti\u0107, M. Grbi\u0107, P. Branisavljevi\u0107, \u017d. Janda, J. Mrv\u0107, pp. 31 (2 8524) &hellip; <a href=\"http:\/\/www.zbornik-eint.org\/?page_id=516&#038;lang=en\" class=\"more-link\">Continue reading <span class=\"screen-reader-text\">Proceedings, Electrical engineering institute Nikola Tesla, vol. 25, 2015<\/span> <span class=\"meta-nav\">&rarr;<\/span><\/a><\/p>\n","protected":false},"author":1,"featured_media":0,"parent":393,"menu_order":10,"comment_status":"closed","ping_status":"closed","template":"","meta":{"_monsterinsights_skip_tracking":false,"_monsterinsights_sitenote_active":false,"_monsterinsights_sitenote_note":"","_monsterinsights_sitenote_category":0,"footnotes":""},"class_list":["post-516","page","type-page","status-publish","hentry"],"_links":{"self":[{"href":"http:\/\/www.zbornik-eint.org\/index.php?rest_route=\/wp\/v2\/pages\/516","targetHints":{"allow":["GET"]}}],"collection":[{"href":"http:\/\/www.zbornik-eint.org\/index.php?rest_route=\/wp\/v2\/pages"}],"about":[{"href":"http:\/\/www.zbornik-eint.org\/index.php?rest_route=\/wp\/v2\/types\/page"}],"author":[{"embeddable":true,"href":"http:\/\/www.zbornik-eint.org\/index.php?rest_route=\/wp\/v2\/users\/1"}],"replies":[{"embeddable":true,"href":"http:\/\/www.zbornik-eint.org\/index.php?rest_route=%2Fwp%2Fv2%2Fcomments&post=516"}],"version-history":[{"count":4,"href":"http:\/\/www.zbornik-eint.org\/index.php?rest_route=\/wp\/v2\/pages\/516\/revisions"}],"predecessor-version":[{"id":615,"href":"http:\/\/www.zbornik-eint.org\/index.php?rest_route=\/wp\/v2\/pages\/516\/revisions\/615"}],"up":[{"embeddable":true,"href":"http:\/\/www.zbornik-eint.org\/index.php?rest_route=\/wp\/v2\/pages\/393"}],"wp:attachment":[{"href":"http:\/\/www.zbornik-eint.org\/index.php?rest_route=%2Fwp%2Fv2%2Fmedia&parent=516"}],"curies":[{"name":"wp","href":"https:\/\/api.w.org\/{rel}","templated":true}]}}