{"id":538,"date":"2016-06-16T14:18:48","date_gmt":"2016-06-16T12:18:48","guid":{"rendered":"http:\/\/www.zbornik-eint.org\/?page_id=538"},"modified":"2026-01-07T18:46:30","modified_gmt":"2026-01-07T16:46:30","slug":"online-first","status":"publish","type":"page","link":"http:\/\/www.zbornik-eint.org\/?page_id=538&lang=sr","title":{"rendered":"Sadr\u017eaj u pripremi &#8211; Online first"},"content":{"rendered":"<p>Ovde su postavljeni lektorisani radovi pre objavljivanja koji se grafi\u010dki mogu razlikovati od \u0161tampane verzije radova. Nakon uklju\u010divanja u broj \u010dasopisa i preloma, radovi \u0107e biti sklonjeni sa ove lokacije.<\/p>\n","protected":false},"excerpt":{"rendered":"<p>Ovde su postavljeni lektorisani radovi pre objavljivanja koji se grafi\u010dki mogu razlikovati od \u0161tampane verzije radova. Nakon uklju\u010divanja u broj \u010dasopisa i preloma, radovi \u0107e biti sklonjeni sa ove lokacije.<\/p>\n","protected":false},"author":1,"featured_media":0,"parent":0,"menu_order":17,"comment_status":"closed","ping_status":"closed","template":"","meta":{"_monsterinsights_skip_tracking":false,"_monsterinsights_sitenote_active":false,"_monsterinsights_sitenote_note":"","_monsterinsights_sitenote_category":0,"footnotes":""},"class_list":["post-538","page","type-page","status-publish","hentry"],"_links":{"self":[{"href":"http:\/\/www.zbornik-eint.org\/index.php?rest_route=\/wp\/v2\/pages\/538","targetHints":{"allow":["GET"]}}],"collection":[{"href":"http:\/\/www.zbornik-eint.org\/index.php?rest_route=\/wp\/v2\/pages"}],"about":[{"href":"http:\/\/www.zbornik-eint.org\/index.php?rest_route=\/wp\/v2\/types\/page"}],"author":[{"embeddable":true,"href":"http:\/\/www.zbornik-eint.org\/index.php?rest_route=\/wp\/v2\/users\/1"}],"replies":[{"embeddable":true,"href":"http:\/\/www.zbornik-eint.org\/index.php?rest_route=%2Fwp%2Fv2%2Fcomments&post=538"}],"version-history":[{"count":8,"href":"http:\/\/www.zbornik-eint.org\/index.php?rest_route=\/wp\/v2\/pages\/538\/revisions"}],"predecessor-version":[{"id":1673,"href":"http:\/\/www.zbornik-eint.org\/index.php?rest_route=\/wp\/v2\/pages\/538\/revisions\/1673"}],"wp:attachment":[{"href":"http:\/\/www.zbornik-eint.org\/index.php?rest_route=%2Fwp%2Fv2%2Fmedia&parent=538"}],"curies":[{"name":"wp","href":"https:\/\/api.w.org\/{rel}","templated":true}]}}