{"id":544,"date":"2016-06-17T15:03:28","date_gmt":"2016-06-17T13:03:28","guid":{"rendered":"http:\/\/www.zbornik-eint.org\/?page_id=544"},"modified":"2024-07-09T23:45:14","modified_gmt":"2024-07-09T21:45:14","slug":"online-first-2","status":"publish","type":"page","link":"http:\/\/www.zbornik-eint.org\/?page_id=544&lang=en","title":{"rendered":"Online first"},"content":{"rendered":"\n<p><em><strong>Blind equalization of partial discharge channels<\/strong><\/em>, \u017digi\u0107 Aleksandar, Kartalovi\u0107 Nenad, Radoman Uro\u0161, Kova\u010devi\u0107 Uro\u0161, Zbornik radova, Elektrotehni\u010dki institut &#8220;Nikola Tesla&#8221;, Online First <a href=\"http:\/\/www.zbornik-eint.org\/wp-content\/uploads\/2024\/04\/1-49112-Aleksandar-Zigic.pdf\" data-type=\"link\" data-id=\"http:\/\/www.zbornik-eint.org\/wp-content\/uploads\/2024\/04\/1-49112-Aleksandar-Zigic.pdf\" target=\"_blank\" rel=\"noreferrer noopener\">(1-49112)<\/a><\/p>\n","protected":false},"excerpt":{"rendered":"<p>Blind equalization of partial discharge channels, \u017digi\u0107 Aleksandar, Kartalovi\u0107 Nenad, Radoman Uro\u0161, Kova\u010devi\u0107 Uro\u0161, Zbornik radova, Elektrotehni\u010dki institut &#8220;Nikola Tesla&#8221;, Online First (1-49112)<\/p>\n","protected":false},"author":1,"featured_media":0,"parent":0,"menu_order":11,"comment_status":"closed","ping_status":"closed","template":"","meta":{"_monsterinsights_skip_tracking":false,"_monsterinsights_sitenote_active":false,"_monsterinsights_sitenote_note":"","_monsterinsights_sitenote_category":0,"footnotes":""},"class_list":["post-544","page","type-page","status-publish","hentry"],"_links":{"self":[{"href":"http:\/\/www.zbornik-eint.org\/index.php?rest_route=\/wp\/v2\/pages\/544","targetHints":{"allow":["GET"]}}],"collection":[{"href":"http:\/\/www.zbornik-eint.org\/index.php?rest_route=\/wp\/v2\/pages"}],"about":[{"href":"http:\/\/www.zbornik-eint.org\/index.php?rest_route=\/wp\/v2\/types\/page"}],"author":[{"embeddable":true,"href":"http:\/\/www.zbornik-eint.org\/index.php?rest_route=\/wp\/v2\/users\/1"}],"replies":[{"embeddable":true,"href":"http:\/\/www.zbornik-eint.org\/index.php?rest_route=%2Fwp%2Fv2%2Fcomments&post=544"}],"version-history":[{"count":4,"href":"http:\/\/www.zbornik-eint.org\/index.php?rest_route=\/wp\/v2\/pages\/544\/revisions"}],"predecessor-version":[{"id":1597,"href":"http:\/\/www.zbornik-eint.org\/index.php?rest_route=\/wp\/v2\/pages\/544\/revisions\/1597"}],"wp:attachment":[{"href":"http:\/\/www.zbornik-eint.org\/index.php?rest_route=%2Fwp%2Fv2%2Fmedia&parent=544"}],"curies":[{"name":"wp","href":"https:\/\/api.w.org\/{rel}","templated":true}]}}