{"id":6,"date":"2015-04-20T10:37:26","date_gmt":"2015-04-20T08:37:26","guid":{"rendered":"http:\/\/www.zbornik-eint.org\/?page_id=6"},"modified":"2017-12-20T12:11:40","modified_gmt":"2017-12-20T10:11:40","slug":"izdavac-elektrotehnicki-institut-nikola-tesla","status":"publish","type":"page","link":"http:\/\/www.zbornik-eint.org\/?page_id=6&lang=sr","title":{"rendered":"Izdava\u010d: Elektrotehni\u010dki institut &#8220;Nikola  Tesla&#8221;"},"content":{"rendered":"<p style=\"text-align: justify;\"><strong>Elektrotehni\u010dki Institut Nikola Tesla<\/strong><a href=\"http:\/\/www.ieent.org\" target=\"_blank\">\u00a0www.ieent.org<\/a> je privredno dru\u0161tvo organizovano u formi akcionarskog dru\u0161tva sa me\u0161ovitim kapitalom. Struktura kapitala 98% dr\u017eavni, 2% privatni.<\/p>\n<p style=\"text-align: justify;\">Elektrotehni\u010dki Institut Nikola Tesla je u skladu sa Zakonom o nu\u010dnoistra\u017eiva\u010dkoj delatnosti, akreditovan i registrovan kao istra\u017eiva\u010dko-razvojni Institut u oblasti elektrotehnike.<\/p>\n<p style=\"text-align: justify;\">Elektrotehni\u010dki Institut Nikola Tesla je \u010dlan:<br \/>\n&#8211; Univerziteta u Beogradu\u00a0<a title=\"Univerzitet u Beogradu\" href=\"http:\/\/www.bg.ac.rs\/\" target=\"_blank\">http:\/\/www.bg.ac.rs\/<\/a><br \/>\n&#8211; Zajednice Instituta Srbije<a title=\"Zajednica Instituta Srbije\" href=\"%20http:\/\/www.zis.phy.bg.ac.rs\/clanovizis.html\" target=\"_blank\">\u00a0http:\/\/www.zis.phy.bg.ac.rs\/clanovizis.html<\/a><br \/>\n&#8211; Instituta za standardizaciju Srbije\u00a0<a title=\"Institut za standardizaciju Srbije\" href=\"http:\/\/www.iss.rs\" target=\"_blank\">http:\/\/www.iss.rs<\/a><br \/>\n&#8211; CIGRE<\/p>\n<p style=\"text-align: justify;\">Elektrotehni\u010dki Institut Nikola Tesla poseduje Akreditovanu laboratoriju za ispitivanje i etaloniranje koju je akreditovalo Akreditaciono telo Srbije u skladu sa zakonom o akreditaciji<\/p>\n","protected":false},"excerpt":{"rendered":"<p>Elektrotehni\u010dki Institut Nikola Tesla\u00a0www.ieent.org je privredno dru\u0161tvo organizovano u formi akcionarskog dru\u0161tva sa me\u0161ovitim kapitalom. Struktura kapitala 98% dr\u017eavni, 2% privatni. Elektrotehni\u010dki Institut Nikola Tesla je u skladu sa Zakonom o nu\u010dnoistra\u017eiva\u010dkoj delatnosti, akreditovan i registrovan kao istra\u017eiva\u010dko-razvojni Institut u oblasti elektrotehnike. Elektrotehni\u010dki Institut Nikola Tesla je \u010dlan: &#8211; Univerziteta u Beogradu\u00a0http:\/\/www.bg.ac.rs\/ &#8211; Zajednice Instituta &hellip; <a href=\"http:\/\/www.zbornik-eint.org\/?page_id=6&#038;lang=sr\" class=\"more-link\">Continue reading <span class=\"screen-reader-text\">Izdava\u010d: Elektrotehni\u010dki institut &#8220;Nikola  Tesla&#8221;<\/span> <span class=\"meta-nav\">&rarr;<\/span><\/a><\/p>\n","protected":false},"author":1,"featured_media":0,"parent":0,"menu_order":6,"comment_status":"closed","ping_status":"open","template":"","meta":{"_monsterinsights_skip_tracking":false,"_monsterinsights_sitenote_active":false,"_monsterinsights_sitenote_note":"","_monsterinsights_sitenote_category":0,"footnotes":""},"class_list":["post-6","page","type-page","status-publish","hentry"],"_links":{"self":[{"href":"http:\/\/www.zbornik-eint.org\/index.php?rest_route=\/wp\/v2\/pages\/6","targetHints":{"allow":["GET"]}}],"collection":[{"href":"http:\/\/www.zbornik-eint.org\/index.php?rest_route=\/wp\/v2\/pages"}],"about":[{"href":"http:\/\/www.zbornik-eint.org\/index.php?rest_route=\/wp\/v2\/types\/page"}],"author":[{"embeddable":true,"href":"http:\/\/www.zbornik-eint.org\/index.php?rest_route=\/wp\/v2\/users\/1"}],"replies":[{"embeddable":true,"href":"http:\/\/www.zbornik-eint.org\/index.php?rest_route=%2Fwp%2Fv2%2Fcomments&post=6"}],"version-history":[{"count":5,"href":"http:\/\/www.zbornik-eint.org\/index.php?rest_route=\/wp\/v2\/pages\/6\/revisions"}],"predecessor-version":[{"id":348,"href":"http:\/\/www.zbornik-eint.org\/index.php?rest_route=\/wp\/v2\/pages\/6\/revisions\/348"}],"wp:attachment":[{"href":"http:\/\/www.zbornik-eint.org\/index.php?rest_route=%2Fwp%2Fv2%2Fmedia&parent=6"}],"curies":[{"name":"wp","href":"https:\/\/api.w.org\/{rel}","templated":true}]}}