{"id":663,"date":"2017-12-19T13:48:27","date_gmt":"2017-12-19T11:48:27","guid":{"rendered":"http:\/\/www.zbornik-eint.org\/?page_id=663"},"modified":"2024-12-29T22:17:35","modified_gmt":"2024-12-29T20:17:35","slug":"zbornik-radova-elektrotehnicki-institut-nikola-tesla-knjiga-27-2017","status":"publish","type":"page","link":"http:\/\/www.zbornik-eint.org\/?page_id=663&lang=sr","title":{"rendered":"Zbornik radova, Elektrotehni\u010dki institut Nikola Tesla, knjiga 27, 2017"},"content":{"rendered":"<ol>\n<li><strong><em>Kori\u0161\u0107enje funkcije gustine verovatno\u0107e u postupku za prepoznavanje tipa fizi\u010dke ve\u017ebe<\/em><\/strong>, Nikola Caki\u0107, Milica Dilpari\u0107, Aleksandar \u017digi\u0107, Sr\u0111an Milosavljevi\u0107, Blagoje Babi\u0107, str. 1, (<a href=\"http:\/\/www.zbornik-eint.org\/wp-content\/uploads\/2017\/12\/1-13603-cakic.pdf\">1-13603<\/a>)\u00a0<a href=\"http:\/\/scindeks.ceon.rs\/article.aspx?artid=0350-85281727001C\" target=\"_blank\" rel=\"noopener noreferrer\">SCIndeks<\/a><\/li>\n<li><strong><em>Pregled problema vezanih za kvar metalnog otpornika u neutralnoj ta\u010dki energetskog transformatora<\/em><\/strong>,Vojin Kosti\u0107, str. 11, (<a href=\"http:\/\/www.zbornik-eint.org\/wp-content\/uploads\/2017\/12\/2-15388-Vojin.pdf\">2-15388<\/a>)\u00a0<a href=\"http:\/\/scindeks.ceon.rs\/article.aspx?artid=0350-85281727011K\" target=\"_blank\" rel=\"noopener noreferrer\">SCIndeks<\/a><\/li>\n<li><strong><em>\u0160irokopojasna merenja nivoa elektri\u010dnih polja visokih u\u010destanosti i odre\u0111ivanje koeficijenata izlo\u017eenosti<\/em><\/strong>, Branislav Vulevi\u0107, Ljubi\u0161a \u010ci\u010dkari\u0107, str. 21, (<a href=\"http:\/\/www.zbornik-eint.org\/wp-content\/uploads\/2017\/12\/3-15519-vulevic.pdf\">3-15519<\/a>) <a href=\"http:\/\/scindeks.ceon.rs\/article.aspx?artid=0350-85281727021V\" target=\"_blank\" rel=\"noopener noreferrer\">SCIndeks<\/a><\/li>\n<li><strong><em>Analiza uticaja priklju\u010denja ve\u0107eg broja malih hidroelektrana na struje kratkih spojeva i rad sistema relejne za\u0161tite distributivne mre\u017ee<\/em><\/strong>, Nikola Su\u010devi\u0107, \u017deljko \u0110uri\u0161i\u0107, str. 29, (<a href=\"http:\/\/www.zbornik-eint.org\/wp-content\/uploads\/2017\/12\/4-15521-Su\u010devi\u0107.pdf\">4-15521<\/a>)\u00a0\u00a0<a href=\"http:\/\/scindeks.ceon.rs\/article.aspx?artid=0350-85281727029S\">SCIndeks<\/a><\/li>\n<li><strong><em>Optimizacija parametara dinami\u010dkog modela MOP-a primenom programskog alata ATP\/EMTP<\/em><\/strong>, Ranko Jasika, Jovan Mrvi\u0107, Ninoslav Simi\u0107, Ljubi\u0161a \u010ci\u010dkari\u0107, str. 47, (<a href=\"http:\/\/www.zbornik-eint.org\/wp-content\/uploads\/2017\/12\/5-15534-Jasika.pdf\">5-15534<\/a>)\u00a0<a href=\"http:\/\/scindeks.ceon.rs\/article.aspx?artid=0350-85281727047J\">SCIndeks<\/a><\/li>\n<li><em><strong>Privremena elektri\u010dna instalacija izvo\u0111a\u010da radova u elektranama i industriji<\/strong>,\u00a0<\/em>Ninoslav Simi\u0107, Jovan Mrvi\u0107, Ranko Jasika, str. 57, (<a href=\"http:\/\/www.zbornik-eint.org\/wp-content\/uploads\/2017\/12\/6-15592-Simi\u0107.pdf\">6-15592<\/a>)\u00a0<a href=\"http:\/\/scindeks.ceon.rs\/article.aspx?artid=0350-85281727057S\">SCIndeks<\/a><\/li>\n<li><strong><em>Odre\u0111ivanje relativnog stepena korisnosti turbine u mHE<\/em><\/strong>, Dane D\u017eep\u010deski, Vladimir Petrovi\u0107, Marko Miji\u0107, str. 71, (<a href=\"http:\/\/www.zbornik-eint.org\/wp-content\/uploads\/2017\/12\/7-15600-Dane.pdf\">7-15600<\/a>)\u00a0<a href=\"http:\/\/scindeks.ceon.rs\/article.aspx?artid=0350-85281727071D\">SCIndeks<\/a><\/li>\n<li><strong><em>Detekcija kvara kaveza asinhronog motora analizom talasnog oblika polazne struje<\/em><\/strong>, Radmila Partonji\u0107, \u017darko Janda, Zoran Lazarevi\u0107, str. 83, (<a href=\"http:\/\/www.zbornik-eint.org\/wp-content\/uploads\/2017\/12\/8-15653-Partonjic.pdf\">8-15653<\/a>)\u00a0<a href=\"http:\/\/scindeks.ceon.rs\/article.aspx?artid=0350-85281727083P\">SCIndeks<\/a><\/li>\n<li><strong><em>Analiza uticaja promene prenosnog odnosa blok transformatora na veli\u010dine u ta\u010dki priklju\u010denja na prenosnu mre\u017eu<\/em><\/strong>, Dragan \u0110or\u0111evi\u0107, Ana Radovanovi\u0107, Jasna Dragosavac, \u017darko Janda, str. 91, (<a href=\"http:\/\/www.zbornik-eint.org\/wp-content\/uploads\/2017\/12\/9-15657-\u0110or\u0111evi\u0107.pdf\">9-15657<\/a>)\u00a0<a href=\"http:\/\/scindeks.ceon.rs\/article.aspx?artid=0350-85281727091D\">SCIndeks<\/a><\/li>\n<li><strong><em>Zna\u010daj kontinualnog pra\u0107enja i kontrole sopstvene potro\u0161nje u termoelektranama<\/em><\/strong>, Aleksandar Nikoli\u0107, Radoslav Anti\u0107, str. 105, (<a href=\"http:\/\/www.zbornik-eint.org\/wp-content\/uploads\/2017\/12\/10-15722-Nikolic.pdf\">10-15722<\/a>)\u00a0<a href=\"http:\/\/scindeks.ceon.rs\/article.aspx?artid=0350-85281727105N\">SCIndeks<\/a><\/li>\n<\/ol>\n","protected":false},"excerpt":{"rendered":"<p>Kori\u0161\u0107enje funkcije gustine verovatno\u0107e u postupku za prepoznavanje tipa fizi\u010dke ve\u017ebe, Nikola Caki\u0107, Milica Dilpari\u0107, Aleksandar \u017digi\u0107, Sr\u0111an Milosavljevi\u0107, Blagoje Babi\u0107, str. 1, (1-13603)\u00a0SCIndeks Pregled problema vezanih za kvar metalnog otpornika u neutralnoj ta\u010dki energetskog transformatora,Vojin Kosti\u0107, str. 11, (2-15388)\u00a0SCIndeks \u0160irokopojasna merenja nivoa elektri\u010dnih polja visokih u\u010destanosti i odre\u0111ivanje koeficijenata izlo\u017eenosti, Branislav Vulevi\u0107, Ljubi\u0161a \u010ci\u010dkari\u0107, &hellip; <a href=\"http:\/\/www.zbornik-eint.org\/?page_id=663&#038;lang=sr\" class=\"more-link\">Continue reading <span class=\"screen-reader-text\">Zbornik radova, Elektrotehni\u010dki institut Nikola Tesla, knjiga 27, 2017<\/span> <span class=\"meta-nav\">&rarr;<\/span><\/a><\/p>\n","protected":false},"author":1,"featured_media":0,"parent":63,"menu_order":8,"comment_status":"closed","ping_status":"closed","template":"","meta":{"_monsterinsights_skip_tracking":false,"_monsterinsights_sitenote_active":false,"_monsterinsights_sitenote_note":"","_monsterinsights_sitenote_category":0,"footnotes":""},"class_list":["post-663","page","type-page","status-publish","hentry"],"_links":{"self":[{"href":"http:\/\/www.zbornik-eint.org\/index.php?rest_route=\/wp\/v2\/pages\/663","targetHints":{"allow":["GET"]}}],"collection":[{"href":"http:\/\/www.zbornik-eint.org\/index.php?rest_route=\/wp\/v2\/pages"}],"about":[{"href":"http:\/\/www.zbornik-eint.org\/index.php?rest_route=\/wp\/v2\/types\/page"}],"author":[{"embeddable":true,"href":"http:\/\/www.zbornik-eint.org\/index.php?rest_route=\/wp\/v2\/users\/1"}],"replies":[{"embeddable":true,"href":"http:\/\/www.zbornik-eint.org\/index.php?rest_route=%2Fwp%2Fv2%2Fcomments&post=663"}],"version-history":[{"count":13,"href":"http:\/\/www.zbornik-eint.org\/index.php?rest_route=\/wp\/v2\/pages\/663\/revisions"}],"predecessor-version":[{"id":1382,"href":"http:\/\/www.zbornik-eint.org\/index.php?rest_route=\/wp\/v2\/pages\/663\/revisions\/1382"}],"up":[{"embeddable":true,"href":"http:\/\/www.zbornik-eint.org\/index.php?rest_route=\/wp\/v2\/pages\/63"}],"wp:attachment":[{"href":"http:\/\/www.zbornik-eint.org\/index.php?rest_route=%2Fwp%2Fv2%2Fmedia&parent=663"}],"curies":[{"name":"wp","href":"https:\/\/api.w.org\/{rel}","templated":true}]}}