{"id":741,"date":"2018-12-26T12:36:18","date_gmt":"2018-12-26T10:36:18","guid":{"rendered":"http:\/\/www.zbornik-eint.org\/?page_id=741"},"modified":"2024-12-29T22:17:35","modified_gmt":"2024-12-29T20:17:35","slug":"zbornik-radova-elektrotehnicki-institut-nikola-tesla-knjiga-28-2018","status":"publish","type":"page","link":"http:\/\/www.zbornik-eint.org\/?page_id=741&lang=sr","title":{"rendered":"Zbornik radova, Elektrotehni\u010dki institut Nikola Tesla, knjiga 28, 2018"},"content":{"rendered":"<ol>\n<li><em><strong>Ta\u043b\u0430\u0441\u043d\u043e\u0441\u0442 \u0438\u0437\u043b\u0430\u0437\u043d\u0435 \u0441\u0442\u0440\u0443\u0458\u0435 \u0438 \u0434\u0438\u043d\u0430\u043c\u0438\u0447\u043a\u0435 \u043a\u0430\u0440\u0430\u043a\u0442\u0435\u0440\u0438\u0441\u0442\u0438\u043a\u0435 \u043e\u0441\u0430\u043c\u043d\u0430\u0435\u0441\u0442\u043e\u0438\u043c\u043f\u0443\u043b\u0441\u043d\u043e\u0433 \u0442\u0438\u0440\u0438\u0441\u0442\u043e\u0440\u0441\u043a\u043e\u0433 \u0438\u0441\u043f\u0440\u0430\u0432\u0459\u0430\u0447\u0430, \u043f\u0440\u043e\u0458\u0435\u043a\u0442\u043e\u0432\u0430\u043d\u043e\u0433 \u0437\u0430 \u043d\u0430\u043f\u0430\u0458\u0430\u045a\u0435 \u0435\u043b\u0435\u043a\u0442\u0440\u043e\u043c\u0430\u0433\u043d\u0435\u0442\u0430<\/strong><\/em>, \u0412\u043b\u0430\u0434\u0438\u043c\u0438\u0440 \u0412\u0443\u043a\u0438\u045b, str. 1 (<a href=\"http:\/\/www.zbornik-eint.org\/wp-content\/uploads\/2018\/12\/1-19363-Vukic.pdf\">1-19363<\/a>)\u00a0<a href=\"https:\/\/scindeks-clanci.ceon.rs\/data\/pdf\/0350-8528\/2018\/0350-85281828001V.pdf\" target=\"_blank\" rel=\"noopener noreferrer\">SCIndeks<\/a><\/li>\n<li><em><strong>Izbor optimalnog broja parnih harmonika pobudne struje senzora za preciznu detekciju jednosmerne komponente napona u niskonaponskoj distributivnoj mre\u017ei kao strategija za potiskivanja sistematske gre\u0161ke usled fluktuacije mre\u017enog napona<\/strong><\/em>, Nenad Petrovi\u0107, Neboj\u0161a Pjevalica \u017darko Janda, str. 25 (<a href=\"http:\/\/www.zbornik-eint.org\/wp-content\/uploads\/2018\/12\/2-19390-Petrovic.pdf\">2-19390<\/a>)\u00a0<a href=\"https:\/\/scindeks-clanci.ceon.rs\/data\/pdf\/0350-8528\/2018\/0350-85281828025P.pdf\" target=\"_blank\" rel=\"noopener noreferrer\">SCIndeks<\/a><\/li>\n<li><em><strong>Primena patentirane tehnologije za re\u0161avanje problema PCB kontaminacije i korozivnog sumpora u energetskim transformatorima<\/strong><\/em>, Jelena Jankovi\u0107, Draginja Mihajlovi\u0107, Neda Kova\u010devi\u0107, Valentina Vasovi\u0107, Jelena Luki\u0107, str. 41 (<a href=\"http:\/\/www.zbornik-eint.org\/wp-content\/uploads\/2018\/12\/3-19592-Jelena-Jankovic.pdf\">3-19592)<\/a>\u00a0<a href=\"https:\/\/scindeks-clanci.ceon.rs\/data\/pdf\/0350-8528\/2018\/0350-85281828041J.pdf\" target=\"_blank\" rel=\"noopener noreferrer\">SCIndeks<\/a><\/li>\n<li><em><strong>Detekcija i lokalizacija mesta proboja statorskog namotaja hidrogeneratora naliza uticaja priklju\u010denja ve\u0107eg broja malih hidroelektrana na struje kratkih spojeva i rad sistema relejne za\u0161tite distributivne mre\u017ee<\/strong><\/em>, Ilija Klasni\u0107, Ljubi\u0161a Nikoli\u0107, Zoran \u0106iri\u0107, str. 51 (<a href=\"http:\/\/www.zbornik-eint.org\/wp-content\/uploads\/2018\/12\/4-19131-Klasnic.pdf\">4-19131)\u00a0<\/a><a href=\"https:\/\/scindeks-clanci.ceon.rs\/data\/pdf\/0350-8528\/2018\/0350-85281828051K.pdf\" target=\"_blank\" rel=\"noopener noreferrer\">SCIndeks<\/a><\/li>\n<li><em><strong>\u0418\u0437\u0440\u0430\u0434\u0430 \u0446\u0435\u043d\u0442\u0440\u0430\u043b\u0438\u0437\u043e\u0432\u0430\u043d\u0435 \u0441\u0435\u0440\u0432\u0435\u0440\u0441\u043a\u0435 \u043c\u0430\u0441\u043a\u0435 \u0437\u0430 \u043c\u0440\u0435\u0436\u043d\u0443 \u043a\u043e\u043c\u0443\u043d\u0438\u043a\u0430\u0446\u0438\u0458\u0443 \u0438 \u043a\u043e\u043d\u0442\u0440\u043e\u043b\u0443 \u0443\u0440\u0435\u0452\u0430\u0458\u0430 \u0437\u0430 \u043c\u043e\u043d\u0438\u0442\u043e\u0440\u0438\u043d\u0433 \u043f\u0430\u0440\u0446\u0438\u0458\u0430\u043b\u043d\u0438\u0445 \u043f\u0440\u0430\u0436\u045a\u0435\u045a\u0430<\/strong><\/em>, \u041d\u0438\u043a\u043e\u043b\u0430 \u0426\u0430\u043a\u0438\u045b, \u041c\u0438\u043b\u0438\u0446\u0430 \u0426\u0430\u043a\u0438\u045b, \u0410\u043b\u0435\u043a\u0441\u0430\u043d\u0434\u0430\u0440 \u0416\u0438\u0433\u0438\u045b, \u0421\u0440\u0452\u0430\u043d \u041c\u0438\u043b\u043e\u0441\u0430\u0432\u0459\u0435\u0432\u0438\u045b, \u041d\u0435\u043d\u0430\u0434 \u041a\u0430\u0440\u0442\u0430\u043b\u043e\u0432\u0438\u045b, str. 59 (<a href=\"http:\/\/www.zbornik-eint.org\/wp-content\/uploads\/2018\/12\/5-19605-Cakic.pdf\">5-19605)<\/a>\u00a0<a href=\"https:\/\/scindeks-clanci.ceon.rs\/data\/pdf\/0350-8528\/2018\/0350-85281828059C.pdf\" target=\"_blank\" rel=\"noopener noreferrer\">SCIndeks<\/a><\/li>\n<li><em><strong>Algoritmi upravljanja iglama Peltonove turbine na MHE<\/strong><\/em>, Jelena Pavlovi\u0107, Miroslav Dragi\u0107evi\u0107, Dane D\u017eep\u010deski, Vladimir Stanoj\u010di\u0107, Nemanja Miloj\u010di\u0107, \u0110or\u0111e Stoji\u0107 , str. 67 (<a href=\"http:\/\/www.zbornik-eint.org\/wp-content\/uploads\/2018\/12\/6-19597-Pavlovic.pdf\">6-19597)<\/a>\u00a0<a href=\"https:\/\/scindeks-clanci.ceon.rs\/data\/pdf\/0350-8528\/2018\/0350-85281828067P.pdf\" target=\"_blank\" rel=\"noopener noreferrer\">SCIndeks<\/a><\/li>\n<li><em><strong>Ispitivanje kablovskih vodova 35kV tip IPZO 13 i vra\u0107anje u pogon nakon o\u0161te\u0107enja izazvanih poplavom<\/strong><\/em>, Ninoslav Simi\u0107, Jovan Mrvi\u0107, str. 75 (<a href=\"http:\/\/www.zbornik-eint.org\/wp-content\/uploads\/2018\/12\/7-19393-Simic.pdf\">7-19393)<\/a>\u00a0<a href=\"https:\/\/scindeks-clanci.ceon.rs\/data\/pdf\/0350-8528\/2018\/0350-85281828075S.pdf\" target=\"_blank\" rel=\"noopener noreferrer\">SCIndeks<\/a><\/li>\n<li><em><strong>\u0418\u0441\u043f\u0438\u0442\u0438\u0432\u0430\u045a\u0430 \u0435\u043b\u0435\u043a\u0442\u0440\u0438\u0447\u043d\u0438\u0445 \u0438 \u043c\u0430\u0433\u043d\u0435\u0442\u0441\u043a\u0438\u0445 \u043f\u043e\u0459\u0430 \u0443 \u0436\u0438\u0432\u043e\u0442\u043d\u043e\u0458 \u0441\u0440\u0435\u0434\u0438\u043d\u0438 \u0443 \u043e\u043a\u043e\u043b\u0438\u043d\u0438 \u0442\u0440\u0430\u043d\u0441\u0444\u043e\u0440\u043c\u0430\u0442\u043e\u0440\u0441\u043a\u0435 \u0441\u0442\u0430\u043d\u0438\u0446\u0435 400\/110 kV<\/strong><\/em>, \u041c\u0430\u0458\u0430 \u0413\u0440\u0431\u0438\u045b, \u0410\u043b\u0435\u043a\u0441\u0430\u043d\u0434\u0430\u0440 \u041f\u0430\u0432\u043b\u043e\u0432\u0438\u045b, str 85 (<a href=\"http:\/\/www.zbornik-eint.org\/wp-content\/uploads\/2018\/12\/8-19622-Grbic.pdf\">8-19622)<\/a>\u00a0<a href=\"https:\/\/scindeks-clanci.ceon.rs\/data\/pdf\/0350-8528\/2018\/0350-85281828085G.pdf\" target=\"_blank\" rel=\"noopener noreferrer\">SCIndeks<\/a><\/li>\n<li><em><strong>\u0423\u0442\u0438\u0446\u0430\u0458 \u0432\u0435\u043b\u0438\u043a\u0435 \u0441\u043e\u043b\u0430\u0440\u043d\u0435 \u0435\u043b\u0435\u043a\u0442\u0440\u0430\u043d\u0435 \u043d\u0430 \u0441\u0442\u0440\u0443\u0458\u0435 \u043a\u0440\u0430\u0442\u043a\u0438\u0445 \u0441\u043f\u043e\u0458\u0435\u0432\u0430 \u0438 \u0430\u043d\u0430\u043b\u0438\u0437\u0430 \u0440\u0430\u0434\u0430 \u0434\u0438\u0441\u0442\u0430\u043d\u0442\u043d\u0435 \u0437\u0430\u0448\u0442\u0438\u0442\u0435 \u0432\u0438\u0441\u043e\u043a\u043e\u043d\u0430\u043f\u043e\u043d\u0441\u043a\u043e\u0433 \u043f\u0440\u0438\u043a\u0459\u0443\u0447\u043d\u043e\u0433<\/strong><\/em>, \u041d\u0438\u043a\u043e\u043b\u0430 \u0421\u0443\u0447\u0435\u0432\u0438\u045b, str. 93 (<a href=\"http:\/\/www.zbornik-eint.org\/wp-content\/uploads\/2018\/12\/9-19107-Sucevic.pdf\">9-19107)<\/a>\u00a0<a href=\"https:\/\/scindeks-clanci.ceon.rs\/data\/pdf\/0350-8528\/2018\/0350-85281828093S.pdf\" target=\"_blank\" rel=\"noopener noreferrer\">SCIndeks<\/a><\/li>\n<li><em><strong>Indeksiranje planskih investicija u EES<\/strong><\/em>, Miroslav Stankovi\u0107, Sa\u0161a Mini\u0107, Igor Beli\u0107, Vladimir Jokovi\u0107, str. 109 (<a href=\"http:\/\/www.zbornik-eint.org\/wp-content\/uploads\/2018\/12\/10-19532-Stankovic.pdf\">10-19532)<\/a>\u00a0<a href=\"https:\/\/scindeks-clanci.ceon.rs\/data\/pdf\/0350-8528\/2018\/0350-85281828109S.pdf\" target=\"_blank\" rel=\"noopener noreferrer\">SCIndeks<\/a><\/li>\n<li><em><strong>Nova metoda za prepoznavanje aktivnosti ljudi zasnovana na IMU senzorima i na teoriji digitalne obrade govora<\/strong><\/em>, Nikola Caki\u0107, Milica Caki\u0107, Sr\u0111an Milosavljevi\u0107, Aleksandar \u017digi\u0107, str. 135 (<a href=\"http:\/\/www.zbornik-eint.org\/wp-content\/uploads\/2018\/12\/11-19587-Cakic.pdf\">11-19587)<\/a>\u00a0<a href=\"https:\/\/scindeks-clanci.ceon.rs\/data\/pdf\/0350-8528\/2018\/0350-85281828135C.pdf\" target=\"_blank\" rel=\"noopener noreferrer\">SCIndeks<\/a><\/li>\n<\/ol>\n","protected":false},"excerpt":{"rendered":"<p>Ta\u043b\u0430\u0441\u043d\u043e\u0441\u0442 \u0438\u0437\u043b\u0430\u0437\u043d\u0435 \u0441\u0442\u0440\u0443\u0458\u0435 \u0438 \u0434\u0438\u043d\u0430\u043c\u0438\u0447\u043a\u0435 \u043a\u0430\u0440\u0430\u043a\u0442\u0435\u0440\u0438\u0441\u0442\u0438\u043a\u0435 \u043e\u0441\u0430\u043c\u043d\u0430\u0435\u0441\u0442\u043e\u0438\u043c\u043f\u0443\u043b\u0441\u043d\u043e\u0433 \u0442\u0438\u0440\u0438\u0441\u0442\u043e\u0440\u0441\u043a\u043e\u0433 \u0438\u0441\u043f\u0440\u0430\u0432\u0459\u0430\u0447\u0430, \u043f\u0440\u043e\u0458\u0435\u043a\u0442\u043e\u0432\u0430\u043d\u043e\u0433 \u0437\u0430 \u043d\u0430\u043f\u0430\u0458\u0430\u045a\u0435 \u0435\u043b\u0435\u043a\u0442\u0440\u043e\u043c\u0430\u0433\u043d\u0435\u0442\u0430, \u0412\u043b\u0430\u0434\u0438\u043c\u0438\u0440 \u0412\u0443\u043a\u0438\u045b, str. 1 (1-19363)\u00a0SCIndeks Izbor optimalnog broja parnih harmonika pobudne struje senzora za preciznu detekciju jednosmerne komponente napona u niskonaponskoj distributivnoj mre\u017ei kao strategija za potiskivanja sistematske gre\u0161ke usled fluktuacije mre\u017enog napona, Nenad Petrovi\u0107, Neboj\u0161a Pjevalica \u017darko Janda, str. 25 (2-19390)\u00a0SCIndeks &hellip; <a href=\"http:\/\/www.zbornik-eint.org\/?page_id=741&#038;lang=sr\" class=\"more-link\">Continue reading <span class=\"screen-reader-text\">Zbornik radova, Elektrotehni\u010dki institut Nikola Tesla, knjiga 28, 2018<\/span> <span class=\"meta-nav\">&rarr;<\/span><\/a><\/p>\n","protected":false},"author":1,"featured_media":0,"parent":63,"menu_order":7,"comment_status":"closed","ping_status":"closed","template":"","meta":{"_monsterinsights_skip_tracking":false,"_monsterinsights_sitenote_active":false,"_monsterinsights_sitenote_note":"","_monsterinsights_sitenote_category":0,"footnotes":""},"class_list":["post-741","page","type-page","status-publish","hentry"],"_links":{"self":[{"href":"http:\/\/www.zbornik-eint.org\/index.php?rest_route=\/wp\/v2\/pages\/741","targetHints":{"allow":["GET"]}}],"collection":[{"href":"http:\/\/www.zbornik-eint.org\/index.php?rest_route=\/wp\/v2\/pages"}],"about":[{"href":"http:\/\/www.zbornik-eint.org\/index.php?rest_route=\/wp\/v2\/types\/page"}],"author":[{"embeddable":true,"href":"http:\/\/www.zbornik-eint.org\/index.php?rest_route=\/wp\/v2\/users\/1"}],"replies":[{"embeddable":true,"href":"http:\/\/www.zbornik-eint.org\/index.php?rest_route=%2Fwp%2Fv2%2Fcomments&post=741"}],"version-history":[{"count":19,"href":"http:\/\/www.zbornik-eint.org\/index.php?rest_route=\/wp\/v2\/pages\/741\/revisions"}],"predecessor-version":[{"id":1240,"href":"http:\/\/www.zbornik-eint.org\/index.php?rest_route=\/wp\/v2\/pages\/741\/revisions\/1240"}],"up":[{"embeddable":true,"href":"http:\/\/www.zbornik-eint.org\/index.php?rest_route=\/wp\/v2\/pages\/63"}],"wp:attachment":[{"href":"http:\/\/www.zbornik-eint.org\/index.php?rest_route=%2Fwp%2Fv2%2Fmedia&parent=741"}],"curies":[{"name":"wp","href":"https:\/\/api.w.org\/{rel}","templated":true}]}}