{"id":12,"date":"2015-04-20T11:09:45","date_gmt":"2015-04-20T09:09:45","guid":{"rendered":"http:\/\/www.zbornik-eint.org\/?page_id=12"},"modified":"2022-02-22T14:12:26","modified_gmt":"2022-02-22T12:12:26","slug":"o-casopisu","status":"publish","type":"page","link":"https:\/\/www.zbornik-eint.org\/?page_id=12&lang=sr","title":{"rendered":"O \u010dasopisu"},"content":{"rendered":"<p><em><strong><span style=\"color: #000000;\"><span style=\"text-decoration: underline;\">Ure\u0111iva\u010dki odbor<\/span>:<\/span><\/strong><\/em><\/p>\n<p><span style=\"color: #000000;\">dr Dragan Kova\u010devi\u0107<\/span><\/p>\n<p><span style=\"color: #000000;\">dr Vladimir Vuki\u0107 <span id=\"badgeCont598772\"><script src=\"http:\/\/labs.researcherid.com\/mashlets?el=badgeCont598772&amp;mashlet=badge&amp;showTitle=false&amp;className=a&amp;rid=F-7976-2012&amp;size=small\"><\/script> <a style=\"color: #000000;\" href=\"http:\/\/orcid.org\/0000-0002-4421-0574\" target=\"_blank\" rel=\"noopener noreferrer\"><img loading=\"lazy\" decoding=\"async\" class=\"alignnone size-full wp-image-1272\" src=\"http:\/\/www.zbornik-eint.org\/wp-content\/uploads\/2019\/07\/ORCID-iD_icon-24x24.gif\" alt=\"\" width=\"24\" height=\"24\" \/><\/a> <\/span><span id=\"badgeCont598772\"><\/span><\/span><\/p>\n<p><span style=\"color: #000000;\">dr \u0110or\u0111e Stoji\u0107 <span id=\"badgeCont728024\" style=\"width: 26px;\"><\/span><script src=\"http:\/\/labs.researcherid.com\/mashlets?el=badgeCont728024&amp;mashlet=badge&amp;showTitle=false&amp;className=a&amp;rid=F-9146-2015&amp;size=small\"><\/script><a style=\"color: #000000;\" href=\"http:\/\/orcid.org\/0000-0002-4716-0488\" target=\"_blank\" rel=\"noopener noreferrer\"><img loading=\"lazy\" decoding=\"async\" class=\"alignnone size-full wp-image-651\" src=\"http:\/\/www.zbornik-eint.org\/wp-content\/uploads\/2015\/04\/orcid_24x24.png\" alt=\"orcid_24x24\" width=\"24\" height=\"24\" \/><\/a><\/span><\/p>\n<p><span style=\"color: #000000;\">dr Jasna Dragosavac <span id=\"badgeCont728024\" style=\"width: 26px;\"><\/span><a href=\"https:\/\/publons.com\/researcher\/G-2606-2015\/\" target=\"_blank\" rel=\"noopener noreferrer\"><script src=\"http:\/\/labs.researcherid.com\/mashlets?el=badgeCont728024&amp;mashlet=badge&amp;showTitle=false&amp;className=a&amp;rid=F-9146-2015&amp;size=small\"><\/script><\/a><a style=\"color: #000000;\" href=\"http:\/\/orcid.org\/0000-0001-5935-2084\" target=\"_blank\" rel=\"noopener noreferrer\"><img loading=\"lazy\" decoding=\"async\" class=\"alignnone size-full wp-image-651\" src=\"http:\/\/www.zbornik-eint.org\/wp-content\/uploads\/2015\/04\/orcid_24x24.png\" alt=\"orcid_24x24\" width=\"24\" height=\"24\" \/><\/a><\/span><\/p>\n<p><span style=\"color: #000000;\">dr Aleksandar \u017digi\u0107<\/span><\/p>\n<p><span style=\"color: #000000;\">dr Sa\u0161a Mili\u0107\u00a0<a style=\"color: #000000;\" href=\"http:\/\/orcid.org\/0000-0001-5757-3430\" target=\"_blank\" rel=\"noopener noreferrer\"><img loading=\"lazy\" decoding=\"async\" class=\"alignnone size-full wp-image-651\" src=\"http:\/\/www.zbornik-eint.org\/wp-content\/uploads\/2015\/04\/orcid_24x24.png\" alt=\"orcid_24x24\" width=\"24\" height=\"24\" \/><\/a><\/span><\/p>\n<p><span style=\"color: #000000;\">dr \u017darko Janda <span id=\"badgeCont936462\" style=\"width: 26px;\"><a style=\"color: #000000;\" href=\"https:\/\/publons.com\/researcher\/I-4199-2012\/\" target=\"_blank\" rel=\"noopener noreferrer\"><script src=\"http:\/\/labs.researcherid.com\/mashlets?el=badgeCont936462&amp;mashlet=badge&amp;showTitle=false&amp;className=a&amp;rid=I-4199-2012&amp;size=small\"><\/script> <\/a><a style=\"color: #000000;\" href=\"http:\/\/orcid.org\/0000-0002-5696-0399\" target=\"_blank\" rel=\"noopener noreferrer\"><img loading=\"lazy\" decoding=\"async\" class=\"alignnone size-full wp-image-1272\" src=\"http:\/\/www.zbornik-eint.org\/wp-content\/uploads\/2019\/07\/ORCID-iD_icon-24x24.gif\" alt=\"\" width=\"24\" height=\"24\" \/><\/a><\/span><span id=\"badgeCont936462\" style=\"width: 26px;\"><\/span><\/span><\/p>\n<p><span style=\"color: #000000;\">dr Jelena Luki\u0107<\/span><\/p>\n<p><span style=\"font-size: inherit; color: #000000;\">dr Vojin Kosti\u0107 <span style=\"color: #000000;\"><span id=\"badgeCont936462\" style=\"width: 26px;\"><a style=\"color: #000000;\" href=\"https:\/\/publons.com\/researcher\/R-6463-2019\/\" target=\"_blank\" rel=\"noopener noreferrer\"><script src=\"http:\/\/labs.researcherid.com\/mashlets?el=badgeCont936462&amp;mashlet=badge&amp;showTitle=false&amp;className=a&amp;rid=I-4199-2012&amp;size=small\"><\/script><\/a><\/span><\/span> <a style=\"color: #000000;\" href=\"http:\/\/orcid.org\/0000-0002-7517-5927\" target=\"_blank\" rel=\"noopener noreferrer\"><img loading=\"lazy\" decoding=\"async\" class=\"alignnone size-full wp-image-651\" src=\"http:\/\/www.zbornik-eint.org\/wp-content\/uploads\/2015\/04\/orcid_24x24.png\" alt=\"orcid_24x24\" width=\"24\" height=\"24\" \/><\/a><\/span><\/p>\n<p><span style=\"color: #000000;\">dr Nenad Kartalovi\u0107\u00a0<\/span><span id=\"badgeCont120807\" style=\"width: 26px;\"><\/span><\/p>\n<p><span style=\"color: #000000;\">prof. dr Zoran Lazarevi\u0107<\/span><\/p>\n<p><span style=\"color: #000000;\">prof. dr Tomislav \u0160ekara <span id=\"badgeCont120807\" style=\"width: 26px;\"><script src=\"http:\/\/labs.researcherid.com\/mashlets?el=badgeCont120807&amp;mashlet=badge&amp;showTitle=false&amp;className=a&amp;rid=G-2606-2015&amp;size=small\"><\/script> <a style=\"color: #000000;\" href=\"https:\/\/publons.com\/researcher\/J-8144-2019\/\"><img loading=\"lazy\" decoding=\"async\" class=\"alignnone size-full wp-image-1283\" src=\"http:\/\/www.zbornik-eint.org\/wp-content\/uploads\/2019\/10\/publons-proba.jpg\" alt=\"\" width=\"25\" height=\"25\" \/><\/a><\/span> <a style=\"color: #000000;\" href=\"http:\/\/orcid.org\/0000-0001-8031-3135\" target=\"_blank\" rel=\"noopener noreferrer\"><img loading=\"lazy\" decoding=\"async\" class=\"alignnone size-full wp-image-651\" src=\"http:\/\/www.zbornik-eint.org\/wp-content\/uploads\/2015\/04\/orcid_24x24.png\" alt=\"orcid_24x24\" width=\"24\" height=\"24\" \/><\/a><\/span><\/p>\n<p><span style=\"color: #000000;\">prof. dr Predrag Pejovi\u0107 <a style=\"color: #000000;\" href=\"http:\/\/orcid.org\/0000-0003-4064-6204\" target=\"_blank\" rel=\"noopener noreferrer\"><img loading=\"lazy\" decoding=\"async\" class=\"alignnone size-full wp-image-651\" src=\"http:\/\/www.zbornik-eint.org\/wp-content\/uploads\/2015\/04\/orcid_24x24.png\" alt=\"orcid_24x24\" width=\"24\" height=\"24\" \/><\/a><\/span><\/p>\n<p><span style=\"color: #000000;\">dr \u017deljko Despotovi\u0107\u00a0 <a style=\"color: #000000;\" href=\"http:\/\/orcid.org\/0000-0003-2977-6710\" target=\"_blank\" rel=\"noopener noreferrer\"><img loading=\"lazy\" decoding=\"async\" class=\"alignnone size-full wp-image-651\" src=\"http:\/\/www.zbornik-eint.org\/wp-content\/uploads\/2015\/04\/orcid_24x24.png\" alt=\"orcid_24x24\" width=\"24\" height=\"24\" \/><\/a><\/span><\/p>\n<p><em><strong>Recenzenti radova:<\/strong><\/em><\/p>\n<p>dr Jasna Dragosavac <a href=\"http:\/\/orcid.org\/0000-0001-5935-2084\" target=\"_blank\" rel=\"noopener noreferrer\"><img loading=\"lazy\" decoding=\"async\" class=\"alignnone size-full wp-image-651\" src=\"http:\/\/www.zbornik-eint.org\/wp-content\/uploads\/2015\/04\/orcid_24x24.png\" alt=\"orcid_24x24\" width=\"24\" height=\"24\" \/><\/a><\/p>\n<p>dr Sa\u0161a Mili\u0107 <a href=\"http:\/\/orcid.org\/0000-0001-5757-3430\" target=\"_blank\" rel=\"noopener noreferrer\"><img loading=\"lazy\" decoding=\"async\" class=\"alignnone size-full wp-image-651\" src=\"http:\/\/www.zbornik-eint.org\/wp-content\/uploads\/2015\/04\/orcid_24x24.png\" alt=\"orcid_24x24\" width=\"24\" height=\"24\" \/><\/a><\/p>\n<p>dr Vladimir Vuki\u0107 <span id=\"badgeCont120807\"><a href=\"https:\/\/publons.com\/researcher\/F-7976-2012\/\" target=\"_blank\" rel=\"noopener noreferrer\"><img loading=\"lazy\" decoding=\"async\" class=\"alignnone size-full wp-image-1283\" src=\"http:\/\/www.zbornik-eint.org\/wp-content\/uploads\/2019\/10\/publons-proba.jpg\" alt=\"\" width=\"25\" height=\"25\" \/><\/a><\/span><span id=\"badgeCont598772\"> <a href=\"http:\/\/orcid.org\/0000-0002-4421-0574\" target=\"_blank\" rel=\"noopener noreferrer\"><img loading=\"lazy\" decoding=\"async\" class=\"alignnone size-full wp-image-1272\" src=\"http:\/\/www.zbornik-eint.org\/wp-content\/uploads\/2019\/07\/ORCID-iD_icon-24x24.gif\" alt=\"\" width=\"24\" height=\"24\" \/><\/a> <\/span><span id=\"badgeCont598772\"><\/span><\/p>\n<p>dr \u0110or\u0111e Stoji\u0107 <span id=\"badgeCont120807\"><\/span><a href=\"http:\/\/orcid.org\/0000-0002-4716-0488\" target=\"_blank\" rel=\"noopener noreferrer\"><img loading=\"lazy\" decoding=\"async\" class=\"alignnone size-full wp-image-651\" src=\"http:\/\/www.zbornik-eint.org\/wp-content\/uploads\/2015\/04\/orcid_24x24.png\" alt=\"orcid_24x24\" width=\"24\" height=\"24\" \/><\/a><\/p>\n<p>dr Jasna Dragosavac <a href=\"https:\/\/publons.com\/researcher\/G-2606-2015\/\" target=\"_blank\" rel=\"noopener noreferrer\"><span id=\"badgeCont120807\"><img loading=\"lazy\" decoding=\"async\" class=\"alignnone size-full wp-image-1283\" src=\"http:\/\/www.zbornik-eint.org\/wp-content\/uploads\/2019\/10\/publons-proba.jpg\" alt=\"\" width=\"25\" height=\"25\" \/> <\/span><\/a><a href=\"http:\/\/orcid.org\/0000-0001-5935-2084\" target=\"_blank\" rel=\"noopener noreferrer\"><img loading=\"lazy\" decoding=\"async\" class=\"alignnone size-full wp-image-651\" src=\"http:\/\/www.zbornik-eint.org\/wp-content\/uploads\/2015\/04\/orcid_24x24.png\" alt=\"orcid_24x24\" width=\"24\" height=\"24\" \/><\/a><\/p>\n<p>dr Aleksandar \u017digi\u0107<\/p>\n<p>dr Sa\u0161a Mili\u0107 <a href=\"http:\/\/orcid.org\/0000-0001-5757-3430\" target=\"_blank\" rel=\"noopener noreferrer\"><img loading=\"lazy\" decoding=\"async\" class=\"alignnone size-full wp-image-651\" src=\"http:\/\/www.zbornik-eint.org\/wp-content\/uploads\/2015\/04\/orcid_24x24.png\" alt=\"orcid_24x24\" width=\"24\" height=\"24\" \/><\/a><\/p>\n<p>dr \u017darko Janda <a href=\"https:\/\/publons.com\/researcher\/I-4199-2012\/\" target=\"_blank\" rel=\"noopener noreferrer\"><span id=\"badgeCont120807\"><img loading=\"lazy\" decoding=\"async\" class=\"alignnone size-full wp-image-1283\" src=\"http:\/\/www.zbornik-eint.org\/wp-content\/uploads\/2019\/10\/publons-proba.jpg\" alt=\"\" width=\"25\" height=\"25\" \/><\/span><\/a><span id=\"badgeCont936462\">\u00a0<a href=\"http:\/\/orcid.org\/0000-0002-5696-0399\" target=\"_blank\" rel=\"noopener noreferrer\"><img loading=\"lazy\" decoding=\"async\" class=\"alignnone size-full wp-image-1272\" src=\"http:\/\/www.zbornik-eint.org\/wp-content\/uploads\/2019\/07\/ORCID-iD_icon-24x24.gif\" alt=\"\" width=\"24\" height=\"24\" \/><\/a><\/span><span id=\"badgeCont936462\"><\/span><\/p>\n<p>dr Jelena Luki\u0107<\/p>\n<p>dr Vojin Kosti\u0107 <span id=\"badgeCont120807\"><a href=\"https:\/\/publons.com\/researcher\/R-6463-2019\/\" target=\"_blank\" rel=\"noopener noreferrer\"><img loading=\"lazy\" decoding=\"async\" class=\"alignnone size-full wp-image-1283\" src=\"http:\/\/www.zbornik-eint.org\/wp-content\/uploads\/2019\/10\/publons-proba.jpg\" alt=\"\" width=\"25\" height=\"25\" \/><\/a><\/span>\u00a0<a href=\"http:\/\/orcid.org\/0000-0002-7517-5927\" target=\"_blank\" rel=\"noopener noreferrer\"><img loading=\"lazy\" decoding=\"async\" class=\"alignnone size-full wp-image-651\" src=\"http:\/\/www.zbornik-eint.org\/wp-content\/uploads\/2015\/04\/orcid_24x24.png\" alt=\"orcid_24x24\" width=\"24\" height=\"24\" \/><\/a><\/p>\n<p>dr Nenad Kartalovi\u0107<\/p>\n<p>prof. dr Zoran Lazarevi\u0107<\/p>\n<p>dr \u017deljko Despotovi\u0107<span id=\"badgeCont120807\"><a href=\"https:\/\/publons.com\/researcher\/E-3402-2013\/\"><img loading=\"lazy\" decoding=\"async\" class=\"alignnone size-full wp-image-1283\" src=\"http:\/\/www.zbornik-eint.org\/wp-content\/uploads\/2019\/10\/publons-proba.jpg\" alt=\"\" width=\"25\" height=\"25\" \/><\/a><\/span> <a href=\"http:\/\/orcid.org\/0000-0003-2977-6710\" target=\"_blank\" rel=\"noopener noreferrer\"><img loading=\"lazy\" decoding=\"async\" class=\"alignnone size-full wp-image-651\" src=\"http:\/\/www.zbornik-eint.org\/wp-content\/uploads\/2015\/04\/orcid_24x24.png\" alt=\"orcid_24x24\" width=\"24\" height=\"24\" \/><\/a><\/p>\n<p>dr Mileta \u017darkovi\u0107 <a href=\"http:\/\/orcid.org\/0000-0001-5855-6595\" target=\"_blank\" rel=\"noopener noreferrer\"><img loading=\"lazy\" decoding=\"async\" class=\"alignnone size-full wp-image-651\" src=\"http:\/\/www.zbornik-eint.org\/wp-content\/uploads\/2015\/04\/orcid_24x24.png\" alt=\"orcid_24x24\" width=\"24\" height=\"24\" \/><\/a><\/p>\n<p>mr Predrag Ninkovi\u0107<\/p>\n<p>mr Nikola Miladinovi\u0107<\/p>\n<p>Glavni urednik:\u00a0\u00a0 \u00a0\u00a0\u00a0\u00a0\u00a0\u00a0\u00a0\u00a0\u00a0\u00a0\u00a0\u00a0\u00a0\u00a0\u00a0\u00a0\u00a0\u00a0\u00a0 dr \u017darko Janda <a href=\"http:\/\/www.zbornik-eint.org\/wp-content\/uploads\/2015\/04\/orcid_24x24.png\"><img loading=\"lazy\" decoding=\"async\" class=\"alignnone size-full wp-image-651\" src=\"http:\/\/www.zbornik-eint.org\/wp-content\/uploads\/2015\/04\/orcid_24x24.png\" alt=\"orcid_24x24\" width=\"24\" height=\"24\" \/><\/a><\/p>\n<p>Tehni\u010dki urednik:\u00a0\u00a0\u00a0\u00a0\u00a0\u00a0\u00a0\u00a0\u00a0\u00a0\u00a0\u00a0\u00a0\u00a0\u00a0\u00a0\u00a0\u00a0 Tatjana Jugovi\u0107 Repaji\u0107 <a href=\"http:\/\/orcid.org\/0000-0001-7206-9486\" target=\"_blank\" rel=\"noopener noreferrer\"><img loading=\"lazy\" decoding=\"async\" class=\"alignnone size-full wp-image-651\" src=\"http:\/\/www.zbornik-eint.org\/wp-content\/uploads\/2015\/04\/orcid_24x24.png\" alt=\"orcid_24x24\" width=\"24\" height=\"24\" \/><\/a><\/p>\n<p>Izlazi jedanput godi\u0161nje<\/p>\n<p>\u0160tampa:<\/p>\n<p>CIP &#8211;\u00a0 \u041a\u0430\u0442\u0430\u043b\u043e\u0433\u0438\u0437\u0430\u0446\u0438\u0458\u0430 \u0443 \u043f\u0443\u0431\u043b\u0438\u043a\u0430\u0446\u0438\u0458\u0438<\/p>\n<p>\u041d\u0430\u0440\u043e\u0434\u043d\u0430 \u0431\u0438\u0431\u043b\u0438\u043e\u0442\u0435\u043a\u0430 \u0421\u0440\u0431\u0438\u0458\u0435, \u0411\u0435\u043e\u0433\u0440\u0430\u0434<\/p>\n<p>621.3<\/p>\n<p>ZBORNIK radova \/ Elektrotehni\u010dki institut<\/p>\n<p>&#8220;Nikola Tesla&#8221; = Proceedings \/ Electrical<\/p>\n<p>Engineering Institute &#8220;Nikola Tesla&#8221; \/ glavni<\/p>\n<p>urednik \u017darko Janda. &#8211; 1954, knj. 1-\u00a0\u00a0\u00a0 . &#8211;<\/p>\n<p>Beograd : Elektrotehni\u010dki institut &#8220;Nikola<\/p>\n<p>Tesla&#8221;, 1954- (Beograd : Grafi\u010dko poslovni<\/p>\n<p>centar). &#8211; 23 cm<\/p>\n<p><a href=\"http:\/\/scindeks.ceon.rs\/journaldetails.aspx?issn=0350-8528&amp;lang=en\">http:\/\/scindeks.ceon.rs\/journaldetails.aspx?issn=0350-8528&amp;lang=en<\/a><\/p>\n<p><a href=\"http:\/\/www.zbornik-eint.org\">http:\/\/www.zbornik-eint.org<\/a><\/p>\n<p>Godi\u0161nje<\/p>\n<p>dr \u017darko Janda <a href=\"http:\/\/www.zbornik-eint.org\/wp-content\/uploads\/2015\/04\/orcid_24x24.png\"><img loading=\"lazy\" decoding=\"async\" class=\"alignnone size-full wp-image-651\" src=\"http:\/\/www.zbornik-eint.org\/wp-content\/uploads\/2015\/04\/orcid_24x24.png\" alt=\"orcid_24x24\" width=\"24\" height=\"24\" \/><\/a><\/p>\n<p>dr \u0110or\u0111e Stoji\u0107 <a href=\"http:\/\/www.zbornik-eint.org\/wp-content\/uploads\/2015\/04\/orcid_24x24.png\"><img loading=\"lazy\" decoding=\"async\" class=\"alignnone size-full wp-image-651\" src=\"http:\/\/www.zbornik-eint.org\/wp-content\/uploads\/2015\/04\/orcid_24x24.png\" alt=\"orcid_24x24\" width=\"24\" height=\"24\" \/><\/a><\/p>\n<p>dr Nenad Kartalovi\u0107<\/p>\n<p>dr Aleksandar \u017digi\u0107<\/p>\n<p>prof. dr Zoran Lazarevi\u0107<\/p>\n<p>dr Vladimir Vuki\u0107 <a href=\"http:\/\/www.zbornik-eint.org\/wp-content\/uploads\/2015\/04\/orcid_24x24.png\"><img loading=\"lazy\" decoding=\"async\" class=\"alignnone size-full wp-image-651\" src=\"http:\/\/www.zbornik-eint.org\/wp-content\/uploads\/2015\/04\/orcid_24x24.png\" alt=\"orcid_24x24\" width=\"24\" height=\"24\" \/><\/a><\/p>\n<p>mr Jovan Mrvi\u0107<\/p>\n<p>dr Jelena Luki\u0107<\/p>\n<p>mr Predrag Ninkovi\u0107<\/p>\n<p>mr Nikola Miladinovi\u0107<\/p>\n<p>dr \u017deljko Despotovi\u0107 <a href=\"http:\/\/www.zbornik-eint.org\/wp-content\/uploads\/2015\/04\/orcid_24x24.png\"><img loading=\"lazy\" decoding=\"async\" class=\"alignnone size-full wp-image-651\" src=\"http:\/\/www.zbornik-eint.org\/wp-content\/uploads\/2015\/04\/orcid_24x24.png\" alt=\"orcid_24x24\" width=\"24\" height=\"24\" \/><\/a><a href=\"https:\/\/orcid.org\/0000-0003-2977-6710\" target=\"_blank\" rel=\"noopener noreferrer\">orcid.org\/0000-0003-2977-6710<\/a><\/p>\n<p>dr Mileta \u017darkovi\u0107 <a href=\"http:\/\/www.zbornik-eint.org\/wp-content\/uploads\/2015\/04\/orcid_24x24.png\"><img loading=\"lazy\" decoding=\"async\" class=\"alignnone size-full wp-image-651\" src=\"http:\/\/www.zbornik-eint.org\/wp-content\/uploads\/2015\/04\/orcid_24x24.png\" alt=\"orcid_24x24\" width=\"24\" height=\"24\" \/><\/a><a href=\"https:\/\/orcid.org\/0000-0001-5855-6595\" target=\"_blank\" rel=\"noopener noreferrer\">orcid.org\/0000-0001-5855-6595<\/a><\/p>\n<p>Glavni urednik:\u00a0\u00a0 \u00a0\u00a0\u00a0\u00a0\u00a0\u00a0\u00a0\u00a0\u00a0\u00a0\u00a0\u00a0\u00a0\u00a0\u00a0\u00a0\u00a0\u00a0\u00a0 dr \u017darko Janda <a href=\"http:\/\/www.zbornik-eint.org\/wp-content\/uploads\/2015\/04\/orcid_24x24.png\"><img loading=\"lazy\" decoding=\"async\" class=\"alignnone size-full wp-image-651\" src=\"http:\/\/www.zbornik-eint.org\/wp-content\/uploads\/2015\/04\/orcid_24x24.png\" alt=\"orcid_24x24\" width=\"24\" height=\"24\" \/><\/a><\/p>\n<p>Tehni\u010dki urednik:\u00a0\u00a0\u00a0\u00a0\u00a0\u00a0\u00a0\u00a0\u00a0\u00a0\u00a0\u00a0\u00a0\u00a0\u00a0\u00a0\u00a0\u00a0 Tatjana Jugovi\u0107 Repaji\u0107 <a href=\"http:\/\/www.zbornik-eint.org\/wp-content\/uploads\/2015\/04\/orcid_24x24.png\"><img loading=\"lazy\" decoding=\"async\" class=\"alignnone size-full wp-image-651\" src=\"http:\/\/www.zbornik-eint.org\/wp-content\/uploads\/2015\/04\/orcid_24x24.png\" alt=\"orcid_24x24\" width=\"24\" height=\"24\" \/><\/a><a href=\"https:\/\/orcid.org\/0000-0001-7206-9486\" target=\"_blank\" rel=\"noopener noreferrer\">orcid.org\/0000-0001-7206-9486<\/a><\/p>\n<p>Izlazi jedanput godi\u0161nje<\/p>\n<p>\u0160tampa:<\/p>\n<p>CIP &#8211;\u00a0 \u041a\u0430\u0442\u0430\u043b\u043e\u0433\u0438\u0437\u0430\u0446\u0438\u0458\u0430 \u0443 \u043f\u0443\u0431\u043b\u0438\u043a\u0430\u0446\u0438\u0458\u0438<\/p>\n<p>\u041d\u0430\u0440\u043e\u0434\u043d\u0430 \u0431\u0438\u0431\u043b\u0438\u043e\u0442\u0435\u043a\u0430 \u0421\u0440\u0431\u0438\u0458\u0435, \u0411\u0435\u043e\u0433\u0440\u0430\u0434<\/p>\n<p>621.3<\/p>\n<p>ZBORNIK radova \/ Elektrotehni\u010dki institut<\/p>\n<p>&#8220;Nikola Tesla&#8221; = Proceedings \/ Electrical<\/p>\n<p>Engineering Institute &#8220;Nikola Tesla&#8221; \/ glavni<\/p>\n<p>urednik \u017darko Janda. &#8211; 1954, knj. 1-\u00a0\u00a0\u00a0 . &#8211;<\/p>\n<p>Beograd : Elektrotehni\u010dki institut &#8220;Nikola<\/p>\n<p>Tesla&#8221;, 1954- (Beograd : Grafi\u010dko poslovni<\/p>\n<p>centar). &#8211; 23 cm<\/p>\n<p><a href=\"http:\/\/scindeks.ceon.rs\/journaldetails.aspx?issn=0350-8528&amp;lang=en\">http:\/\/scindeks.ceon.rs\/journaldetails.aspx?issn=0350-8528&amp;lang=en<\/a><\/p>\n<p><a href=\"http:\/\/www.zbornik-eint.org\">http:\/\/www.zbornik-eint.org<\/a><\/p>\n<p>Godi\u0161nje<\/p>\n<p>dr \u017darko Janda <a href=\"http:\/\/www.zbornik-eint.org\/wp-content\/uploads\/2015\/04\/orcid_24x24.png\"><img loading=\"lazy\" decoding=\"async\" class=\"alignnone size-full wp-image-651\" src=\"http:\/\/www.zbornik-eint.org\/wp-content\/uploads\/2015\/04\/orcid_24x24.png\" alt=\"orcid_24x24\" width=\"24\" height=\"24\" \/><\/a><\/p>\n<p>dr \u0110or\u0111e Stoji\u0107 <a href=\"http:\/\/www.zbornik-eint.org\/wp-content\/uploads\/2015\/04\/orcid_24x24.png\"><img loading=\"lazy\" decoding=\"async\" class=\"alignnone size-full wp-image-651\" src=\"http:\/\/www.zbornik-eint.org\/wp-content\/uploads\/2015\/04\/orcid_24x24.png\" alt=\"orcid_24x24\" width=\"24\" height=\"24\" \/><\/a><\/p>\n<p>dr Nenad Kartalovi\u0107<\/p>\n<p>dr Aleksandar \u017digi\u0107<\/p>\n<p>prof. dr Zoran Lazarevi\u0107<\/p>\n<p>dr Vladimir Vuki\u0107 <a href=\"http:\/\/www.zbornik-eint.org\/wp-content\/uploads\/2015\/04\/orcid_24x24.png\"><img loading=\"lazy\" decoding=\"async\" class=\"alignnone size-full wp-image-651\" src=\"http:\/\/www.zbornik-eint.org\/wp-content\/uploads\/2015\/04\/orcid_24x24.png\" alt=\"orcid_24x24\" width=\"24\" height=\"24\" \/><\/a><\/p>\n<p>mr Jovan Mrvi\u0107<\/p>\n<p>dr Jelena Luki\u0107<\/p>\n<p>mr Predrag Ninkovi\u0107<\/p>\n<p>mr Nikola Miladinovi\u0107<\/p>\n<p>dr \u017deljko Despotovi\u0107 <a href=\"http:\/\/www.zbornik-eint.org\/wp-content\/uploads\/2015\/04\/orcid_24x24.png\"><img loading=\"lazy\" decoding=\"async\" class=\"alignnone size-full wp-image-651\" src=\"http:\/\/www.zbornik-eint.org\/wp-content\/uploads\/2015\/04\/orcid_24x24.png\" alt=\"orcid_24x24\" width=\"24\" height=\"24\" \/><\/a><a href=\"https:\/\/orcid.org\/0000-0003-2977-6710\" target=\"_blank\" rel=\"noopener noreferrer\">orcid.org\/0000-0003-2977-6710<\/a><\/p>\n<p>dr Mileta \u017darkovi\u0107 <a href=\"http:\/\/www.zbornik-eint.org\/wp-content\/uploads\/2015\/04\/orcid_24x24.png\"><img loading=\"lazy\" decoding=\"async\" class=\"alignnone size-full wp-image-651\" src=\"http:\/\/www.zbornik-eint.org\/wp-content\/uploads\/2015\/04\/orcid_24x24.png\" alt=\"orcid_24x24\" width=\"24\" height=\"24\" \/><\/a><a href=\"https:\/\/orcid.org\/0000-0001-5855-6595\" target=\"_blank\" rel=\"noopener noreferrer\">orcid.org\/0000-0001-5855-6595<\/a><\/p>\n<p><span style=\"text-decoration: underline;\">Glavni urednik:\u00a0\u00a0<\/span> \u00a0\u00a0\u00a0\u00a0\u00a0\u00a0\u00a0\u00a0\u00a0\u00a0\u00a0\u00a0\u00a0\u00a0\u00a0\u00a0\u00a0\u00a0\u00a0 dr \u017darko Janda <a href=\"http:\/\/www.zbornik-eint.org\/wp-content\/uploads\/2015\/04\/orcid_24x24.png\"><img loading=\"lazy\" decoding=\"async\" class=\"alignnone size-full wp-image-651\" src=\"http:\/\/www.zbornik-eint.org\/wp-content\/uploads\/2015\/04\/orcid_24x24.png\" alt=\"orcid_24x24\" width=\"24\" height=\"24\" \/><\/a><\/p>\n<p>Tehni\u010dki urednik:\u00a0\u00a0\u00a0\u00a0\u00a0\u00a0\u00a0\u00a0\u00a0\u00a0\u00a0\u00a0\u00a0\u00a0\u00a0\u00a0\u00a0\u00a0 Tatjana Jugovi\u0107 Repaji\u0107 <a href=\"http:\/\/www.zbornik-eint.org\/wp-content\/uploads\/2015\/04\/orcid_24x24.png\"><img loading=\"lazy\" decoding=\"async\" class=\"alignnone size-full wp-image-651\" src=\"http:\/\/www.zbornik-eint.org\/wp-content\/uploads\/2015\/04\/orcid_24x24.png\" alt=\"orcid_24x24\" width=\"24\" height=\"24\" \/><\/a><a href=\"https:\/\/orcid.org\/0000-0001-7206-9486\" target=\"_blank\" rel=\"noopener noreferrer\">orcid.org\/0000-0001-7206-9486<\/a><\/p>\n<p>Izlazi jedanput godi\u0161nje<\/p>\n<p>\u0160tampa:<\/p>\n<p>CIP &#8211;\u00a0 \u041a\u0430\u0442\u0430\u043b\u043e\u0433\u0438\u0437\u0430\u0446\u0438\u0458\u0430 \u0443 \u043f\u0443\u0431\u043b\u0438\u043a\u0430\u0446\u0438\u0458\u0438<\/p>\n<p>\u041d\u0430\u0440\u043e\u0434\u043d\u0430 \u0431\u0438\u0431\u043b\u0438\u043e\u0442\u0435\u043a\u0430 \u0421\u0440\u0431\u0438\u0458\u0435, \u0411\u0435\u043e\u0433\u0440\u0430\u0434<\/p>\n<p>621.3<\/p>\n<p>ZBORNIK radova \/ Elektrotehni\u010dki institut<\/p>\n<p>&#8220;Nikola Tesla&#8221; = Proceedings \/ Electrical<\/p>\n<p>Engineering Institute &#8220;Nikola Tesla&#8221; \/ glavni<\/p>\n<p>urednik \u017darko Janda. &#8211; 1954, knj. 1-\u00a0\u00a0\u00a0 . &#8211;<\/p>\n<p>Beograd : Elektrotehni\u010dki institut &#8220;Nikola<\/p>\n<p>Tesla&#8221;, 1954- (Beograd : Grafi\u010dko poslovni<\/p>\n<p>centar). &#8211; 23 cm<\/p>\n<p><a href=\"http:\/\/scindeks.ceon.rs\/journaldetails.aspx?issn=0350-8528&amp;lang=en\">http:\/\/scindeks.ceon.rs\/journaldetails.aspx?issn=0350-8528&amp;lang=en<\/a><\/p>\n<p><a href=\"http:\/\/www.zbornik-eint.org\">http:\/\/www.zbornik-eint.org<\/a><\/p>\n<p>Godi\u0161nje<\/p>\n","protected":false},"excerpt":{"rendered":"<p>Ure\u0111iva\u010dki odbor: dr Dragan Kova\u010devi\u0107 dr Vladimir Vuki\u0107 dr \u0110or\u0111e Stoji\u0107 dr Jasna Dragosavac dr Aleksandar \u017digi\u0107 dr Sa\u0161a Mili\u0107\u00a0 dr \u017darko Janda dr Jelena Luki\u0107 dr Vojin Kosti\u0107 dr Nenad Kartalovi\u0107\u00a0 prof. dr Zoran Lazarevi\u0107 prof. dr Tomislav \u0160ekara prof. dr Predrag Pejovi\u0107 dr \u017deljko Despotovi\u0107\u00a0 Recenzenti radova: dr Jasna Dragosavac dr Sa\u0161a Mili\u0107 &hellip; <a href=\"https:\/\/www.zbornik-eint.org\/?page_id=12&#038;lang=sr\" class=\"more-link\">Continue reading <span class=\"screen-reader-text\">O \u010dasopisu<\/span> <span class=\"meta-nav\">&rarr;<\/span><\/a><\/p>\n","protected":false},"author":1,"featured_media":0,"parent":0,"menu_order":5,"comment_status":"closed","ping_status":"open","template":"","meta":{"_monsterinsights_skip_tracking":false,"_monsterinsights_sitenote_active":false,"_monsterinsights_sitenote_note":"","_monsterinsights_sitenote_category":0,"footnotes":""},"class_list":["post-12","page","type-page","status-publish","hentry"],"_links":{"self":[{"href":"https:\/\/www.zbornik-eint.org\/index.php?rest_route=\/wp\/v2\/pages\/12","targetHints":{"allow":["GET"]}}],"collection":[{"href":"https:\/\/www.zbornik-eint.org\/index.php?rest_route=\/wp\/v2\/pages"}],"about":[{"href":"https:\/\/www.zbornik-eint.org\/index.php?rest_route=\/wp\/v2\/types\/page"}],"author":[{"embeddable":true,"href":"https:\/\/www.zbornik-eint.org\/index.php?rest_route=\/wp\/v2\/users\/1"}],"replies":[{"embeddable":true,"href":"https:\/\/www.zbornik-eint.org\/index.php?rest_route=%2Fwp%2Fv2%2Fcomments&post=12"}],"version-history":[{"count":70,"href":"https:\/\/www.zbornik-eint.org\/index.php?rest_route=\/wp\/v2\/pages\/12\/revisions"}],"predecessor-version":[{"id":1677,"href":"https:\/\/www.zbornik-eint.org\/index.php?rest_route=\/wp\/v2\/pages\/12\/revisions\/1677"}],"wp:attachment":[{"href":"https:\/\/www.zbornik-eint.org\/index.php?rest_route=%2Fwp%2Fv2%2Fmedia&parent=12"}],"curies":[{"name":"wp","href":"https:\/\/api.w.org\/{rel}","templated":true}]}}