{"id":1494,"date":"2023-01-04T14:13:09","date_gmt":"2023-01-04T12:13:09","guid":{"rendered":"https:\/\/www.zbornik-eint.org\/?page_id=1494"},"modified":"2024-12-29T22:17:35","modified_gmt":"2024-12-29T20:17:35","slug":"zbornik-radova-elektrotehnicki-institut-nikola-tesla-knjiga-32-2022","status":"publish","type":"page","link":"https:\/\/www.zbornik-eint.org\/?page_id=1494&lang=sr","title":{"rendered":"Zbornik radova, Elektrotehni\u010dki institut Nikola Tesla, knjiga 32, 2022"},"content":{"rendered":"\n<p><\/p>\n\n\n\n<ol class=\"wp-block-list\"><li><strong><em>Primena \u010diste tehnologije za uklanjanje PCB iz mineralnih ulja i energetskih transformatora do postizanja veoma niskih vrednosti PCB-a za potrebe remonta i recikla\u017ee<\/em><\/strong>, Draginja Mihajlovi\u0107, Jelena Jankovi\u0107, Valentina Vasovi\u0107, Vladimir Ivan\u010devi\u0107, Jelena Luki\u0107, str. 1 <a rel=\"noreferrer noopener\" href=\"http:\/\/www.zbornik-eint.org\/wp-content\/uploads\/2023\/01\/1-41260-Draginja.pdf\" target=\"_blank\">(1-41260)<\/a>  <a href=\"https:\/\/scindeks.ceon.rs\/article.aspx?artid=0350-85282232001M\">SCIndeks<\/a><\/li><li><strong><em>\u041f\u0440\u043e\u0440\u0430\u0447\u0443\u043d \u043f\u043e\u0434\u0435\u0448\u0435\u045a\u0430 \u0437\u0430\u0448\u0442\u0438\u0442\u043d\u0438\u0445 \u0444\u0443\u043d\u043a\u0446\u0438\u0458\u0430 \u043d\u043e\u0432\u0438\u0445 \u0435\u043b\u0435\u043c\u0435\u043d\u0430\u0442\u0430 500 kV \u043f\u0440\u0435\u043d\u043e\u0441\u043d\u043e\u0433 \u0441\u0438\u0441\u0442\u0435\u043c\u0430<\/em><\/strong>, Nikola Su\u010devi\u0107, str. 15   <a rel=\"noreferrer noopener\" href=\"http:\/\/www.zbornik-eint.org\/wp-content\/uploads\/2023\/01\/2-41337-Sucevic-1.pdf\" target=\"_blank\">(2-41337) <\/a><a href=\"https:\/\/scindeks.ceon.rs\/article.aspx?artid=0350-85282232015S\"> SCIndeks<\/a><\/li><li><strong><em>Naprezanja izolacije elektroenergetske opreme pri nestandardnim talasnim oblicima prenapona<\/em><\/strong>, Ranko Jasika, Jovan Mrvi\u0107, Stefan Obradovi\u0107, str 27 <a rel=\"noreferrer noopener\" href=\"http:\/\/www.zbornik-eint.org\/wp-content\/uploads\/2023\/01\/3-41430-Ranko.pdf\" target=\"_blank\">(3-41430)<\/a> <a href=\"https:\/\/scindeks.ceon.rs\/article.aspx?artid=0350-85282232027J\">SCIndeks<\/a><\/li><li><strong><em>Ispitivanje specifi\u010dne toplotne otpornosti i vla\u017enosti kablovske posteljice u laboratorijskim uslovima, <\/em><\/strong>Ninoslav Simi\u0107, Stefan Obradovi\u0107, str 43 <a rel=\"noreferrer noopener\" href=\"http:\/\/www.zbornik-eint.org\/wp-content\/uploads\/2023\/01\/4-41463-Ninoslav.pdf\" target=\"_blank\">(4-41463)<\/a> <a rel=\"noreferrer noopener\" href=\"https:\/\/scindeks.ceon.rs\/article.aspx?artid=0350-85282232043S\" target=\"_blank\">SCIndeks<\/a><\/li><li><strong><em>Analiza dinami\u010dkih karakteristika sistema za regulaciju pobude kada je aktivan limiter ugla snage<\/em><\/strong> <strong><em>primenom ra\u010dunarskog modela,<\/em><\/strong> Du\u0161an Joksimovi\u0107,  Jasna Dragosavac, Slavko Veinovi\u0107, \u0110or\u0111e Stoji\u0107, Milan Marinkovi\u0107, Milan \u0110or\u0111evi\u0107, str. 53 <a rel=\"noreferrer noopener\" href=\"http:\/\/www.zbornik-eint.org\/wp-content\/uploads\/2023\/01\/5-41541-Dusan-Joksimovic.pdf\" data-type=\"URL\" target=\"_blank\">(5-41541)<\/a> <a href=\"https:\/\/scindeks.ceon.rs\/article.aspx?artid=0350-85282232053J\">SCIndeks<\/a><\/li><li><strong><em>\u041f\u0440\u0438\u043c\u0435\u043d\u0430 \u043c\u0435\u0440\u0430 \u0437\u0430 \u0441\u043c\u0430\u045a\u0435\u045a\u0435 \u043d\u0438\u0432\u043e\u0430 \u043c\u0430\u0433\u043d\u0435\u0442\u043d\u0435 \u0438\u043d\u0434\u0443\u043a\u0446\u0438\u0458\u0435 \u0443 \u0441\u0442\u0430\u043d\u0443 \u0438\u0437\u043d\u0430\u0434 \u0442\u0440\u0430\u043d\u0441\u0444\u043e\u0440\u043c\u0430\u0442\u043e\u0440\u0441\u043a\u0435 \u0441\u0442\u0430\u043d\u0438\u0446\u0435 \u043d\u0430\u043f\u043e\u043d\u0441\u043a\u043e\u0433 \u043d\u0438\u0432\u043e\u0430 10\/0,4\u00a0kV<\/em><\/strong>, \u041c\u0430\u0458\u0430 \u0413\u0440\u0431\u0438\u045b, \u0410\u043b\u0435\u043a\u0441\u0430\u043d\u0434\u0430\u0440 \u041f\u0430\u0432\u043b\u043e\u0432\u0438\u045b, \u0414\u0435\u0458\u0430\u043d \u0425\u0440\u0432\u0438\u045b, \u0441\u0442\u0440. 73 <a rel=\"noreferrer noopener\" href=\"http:\/\/www.zbornik-eint.org\/wp-content\/uploads\/2023\/01\/6-41601-Maja-Grbic.pdf\" target=\"_blank\">(6-41601)<\/a>  <a href=\"https:\/\/scindeks.ceon.rs\/article.aspx?artid=0350-85282232073G\">SCIndeks<\/a><\/li><li><strong><em>Analiza mogu\u0107nosti postojanja paralelnog rezonantnog kola u RHE Bajina Ba\u0161t<\/em><\/strong>a, Milica Dilpari\u0107 Caki\u0107, Branka Kova\u010devi\u0107, str. 85  <a rel=\"noreferrer noopener\" href=\"http:\/\/www.zbornik-eint.org\/wp-content\/uploads\/2023\/01\/7-41656-Dilparic.pdf\" target=\"_blank\">(7-41656)<\/a> <a href=\"https:\/\/scindeks.ceon.rs\/article.aspx?artid=0350-85282232085D\">SCIndeks<\/a><\/li><li><strong><em>Pouzdanost prenosa podataka<\/em><\/strong> <strong><em>serijske komunikacije prilikom kori\u0161\u0107enja Uart-Usb konvertora<\/em><\/strong>, Nikola Caki\u0107, Aleksandar \u017digi\u0107, Sr\u0111an Milosavljevi\u0107, str. 95 <a rel=\"noreferrer noopener\" href=\"http:\/\/www.zbornik-eint.org\/wp-content\/uploads\/2023\/01\/8-41677-Cakic.pdf\" target=\"_blank\">(8-41677<\/a>  <a href=\"https:\/\/scindeks.ceon.rs\/article.aspx?artid=0350-85282232095C\">SCIndeks<\/a><\/li><li><strong><em>Estimacija dinami\u010dke termi\u010dke margine rotora hidrogeneratora, <\/em><\/strong>Ilija Klasni\u010d, Dragan Beloni\u0107, \u017darko Janda, Jasna Dragosavac, Zoran \u0106iri\u0107, str. 101 <a rel=\"noreferrer noopener\" href=\"http:\/\/www.zbornik-eint.org\/wp-content\/uploads\/2023\/01\/9-41740-Ilija-Klasnic.pdf\" target=\"_blank\">(9-41740)<\/a> <a href=\"https:\/\/scindeks.ceon.rs\/article.aspx?artid=0350-85282232101K\">SCIndeks<\/a><\/li><li><strong><em>Algoritam za realizaciju distribucije reaktivne snage &#8220;prema generatoru&#8221; u termoelektrani<\/em><\/strong> <strong><em>Nikola Tesla A, <\/em><\/strong>Jelena Pavlovi\u0107, Bojan Radoji\u010di\u0107, Lazar Stan\u010di\u0107, Sava Dobri\u010di\u0107, \u017darko Janda, str. 113 <a rel=\"noreferrer noopener\" href=\"http:\/\/www.zbornik-eint.org\/wp-content\/uploads\/2023\/01\/10-41760-Jelena-Pavlovic.pdf\" target=\"_blank\">(10-41760)<\/a> <a href=\"https:\/\/scindeks.ceon.rs\/article.aspx?artid=0350-85282232113P\">SCIndeks<\/a><\/li><li><em><strong>Nikola Tesla as a phenomenon in the world of science<\/strong><\/em>, Vukan R. Slavkovi\u0107 (rad na engleskom), str 125 <a rel=\"noreferrer noopener\" href=\"http:\/\/www.zbornik-eint.org\/wp-content\/uploads\/2023\/01\/11-39893-Vukan.pdf\" target=\"_blank\">(11-39893)<\/a> <a href=\"https:\/\/scindeks.ceon.rs\/article.aspx?artid=0350-85282232125S\">SCIndeks<\/a><\/li><\/ol>\n\n\n\n<p><\/p>\n\n\n\n<p><\/p>\n","protected":false},"excerpt":{"rendered":"<p>Primena \u010diste tehnologije za uklanjanje PCB iz mineralnih ulja i energetskih transformatora do postizanja veoma niskih vrednosti PCB-a za potrebe remonta i recikla\u017ee, Draginja Mihajlovi\u0107, Jelena Jankovi\u0107, Valentina Vasovi\u0107, Vladimir Ivan\u010devi\u0107, Jelena Luki\u0107, str. 1 (1-41260) SCIndeks \u041f\u0440\u043e\u0440\u0430\u0447\u0443\u043d \u043f\u043e\u0434\u0435\u0448\u0435\u045a\u0430 \u0437\u0430\u0448\u0442\u0438\u0442\u043d\u0438\u0445 \u0444\u0443\u043d\u043a\u0446\u0438\u0458\u0430 \u043d\u043e\u0432\u0438\u0445 \u0435\u043b\u0435\u043c\u0435\u043d\u0430\u0442\u0430 500 kV \u043f\u0440\u0435\u043d\u043e\u0441\u043d\u043e\u0433 \u0441\u0438\u0441\u0442\u0435\u043c\u0430, Nikola Su\u010devi\u0107, str. 15 (2-41337) SCIndeks Naprezanja izolacije &hellip; <a href=\"https:\/\/www.zbornik-eint.org\/?page_id=1494&#038;lang=sr\" class=\"more-link\">Continue reading <span class=\"screen-reader-text\">Zbornik radova, Elektrotehni\u010dki institut Nikola Tesla, knjiga 32, 2022<\/span> <span class=\"meta-nav\">&rarr;<\/span><\/a><\/p>\n","protected":false},"author":1,"featured_media":0,"parent":63,"menu_order":3,"comment_status":"closed","ping_status":"closed","template":"","meta":{"_monsterinsights_skip_tracking":false,"_monsterinsights_sitenote_active":false,"_monsterinsights_sitenote_note":"","_monsterinsights_sitenote_category":0,"footnotes":""},"class_list":["post-1494","page","type-page","status-publish","hentry"],"_links":{"self":[{"href":"https:\/\/www.zbornik-eint.org\/index.php?rest_route=\/wp\/v2\/pages\/1494","targetHints":{"allow":["GET"]}}],"collection":[{"href":"https:\/\/www.zbornik-eint.org\/index.php?rest_route=\/wp\/v2\/pages"}],"about":[{"href":"https:\/\/www.zbornik-eint.org\/index.php?rest_route=\/wp\/v2\/types\/page"}],"author":[{"embeddable":true,"href":"https:\/\/www.zbornik-eint.org\/index.php?rest_route=\/wp\/v2\/users\/1"}],"replies":[{"embeddable":true,"href":"https:\/\/www.zbornik-eint.org\/index.php?rest_route=%2Fwp%2Fv2%2Fcomments&post=1494"}],"version-history":[{"count":20,"href":"https:\/\/www.zbornik-eint.org\/index.php?rest_route=\/wp\/v2\/pages\/1494\/revisions"}],"predecessor-version":[{"id":1553,"href":"https:\/\/www.zbornik-eint.org\/index.php?rest_route=\/wp\/v2\/pages\/1494\/revisions\/1553"}],"up":[{"embeddable":true,"href":"https:\/\/www.zbornik-eint.org\/index.php?rest_route=\/wp\/v2\/pages\/63"}],"wp:attachment":[{"href":"https:\/\/www.zbornik-eint.org\/index.php?rest_route=%2Fwp%2Fv2%2Fmedia&parent=1494"}],"curies":[{"name":"wp","href":"https:\/\/api.w.org\/{rel}","templated":true}]}}