{"id":1502,"date":"2023-01-04T15:19:23","date_gmt":"2023-01-04T13:19:23","guid":{"rendered":"https:\/\/www.zbornik-eint.org\/?page_id=1502"},"modified":"2026-01-07T17:31:45","modified_gmt":"2026-01-07T15:31:45","slug":"proceedings-electrical-engineering-institute-nikola-tesla-vol-32-2022","status":"publish","type":"page","link":"https:\/\/www.zbornik-eint.org\/?page_id=1502&lang=en","title":{"rendered":"Proceedings, Electrical engineering institute Nikola Tesla, vol. 32, 2022"},"content":{"rendered":"\n<ol class=\"wp-block-list\"><li><strong><em>Application of the Environmentally Friendly Technology for the Removal of PCBs from Mineral Oils and Power Transformers to Achieve very Low Values of PCBs for Repair and Materials Recycling,<\/em><\/strong> Draginja Mihajlovi\u0107, Jelena Jankovi\u0107, Valentina Vasovi\u0107, Vladimir Ivan\u010devi\u0107, Jelena Luki\u0107, pp 1 <a rel=\"noreferrer noopener\" href=\"http:\/\/www.zbornik-eint.org\/wp-content\/uploads\/2023\/01\/1-41260-Draginja.pdf\" target=\"_blank\">(1-41260)<\/a>  <a rel=\"noreferrer noopener\" href=\"https:\/\/scindeks.ceon.rs\/article.aspx?query=ISSID%26and%2616548&amp;page=0&amp;sort=8&amp;stype=0&amp;backurl=%2fissue.aspx%3fissue%3d16548%26lang%3den&amp;lang=en\" target=\"_blank\">SCIndeks<\/a><\/li><li><strong><em>Calculation of Protection Function Settings of New Elements of the 500 kV Transmission System<\/em><\/strong>, Nikola J. Su\u010devi\u0107, pp 15 <a rel=\"noreferrer noopener\" href=\"http:\/\/www.zbornik-eint.org\/wp-content\/uploads\/2023\/01\/2-41337-Sucevic-1.pdf\" target=\"_blank\">(2-41337)<\/a>\u00a0 <a href=\"https:\/\/scindeks.ceon.rs\/article.aspx?query=ISSID%26and%2616548&amp;page=1&amp;sort=8&amp;stype=0&amp;backurl=%2fissue.aspx%3fissue%3d16548%26lang%3den&amp;lang=en\">SCIndeks<\/a><\/li><li><strong><em>Insulation Stresses of Power Equipment Exposed to Non-standard Overvoltage Waveforms<\/em><\/strong>, Ranko Jasika, Jovan Mrvi\u0107, Stefan Obradovi\u0107, pp 27<a rel=\"noreferrer noopener\" href=\"http:\/\/www.zbornik-eint.org\/wp-content\/uploads\/2023\/01\/3-41430-Ranko.pdf\" target=\"_blank\"> (3-41430)<\/a>\u00a0<a href=\"https:\/\/scindeks.ceon.rs\/article.aspx?query=ISSID%26and%2616548&amp;page=2&amp;sort=8&amp;stype=0&amp;backurl=%2fissue.aspx%3fissue%3d16548%26lang%3den&amp;lang=en\">SCIndeks<\/a><\/li><li><strong><em>The Examination of the Specific Thermal Resistivity And Moisture of Cable Bed In Laboratory, <\/em><\/strong>Ninoslav Simi\u0107, Stefan Obradovi\u0107, pp  43 <a rel=\"noreferrer noopener\" href=\"http:\/\/www.zbornik-eint.org\/wp-content\/uploads\/2023\/01\/4-41463-Ninoslav.pdf\" target=\"_blank\">(4-41463)<\/a>\u00a0 <a href=\"https:\/\/scindeks.ceon.rs\/article.aspx?query=ISSID%26and%2616548&amp;page=3&amp;sort=8&amp;stype=0&amp;backurl=%2fissue.aspx%3fissue%3d16548%26lang%3den&amp;lang=en\">SCIndeks<\/a><\/li><li><strong><em>Computer Model Analysis of Dynamic Performances of the Excitation Control System When the Load Angle Limiter Is Active<\/em><\/strong>, Du\u0161an Joksimovi\u0107, Jasna Dragosavac, Slavko Veinovi\u0107, \u0110or\u0111e Stoji\u0107, Milan Marinkovi\u0107, Milan \u0110or\u0111evi\u0107, pp 53 <a rel=\"noreferrer noopener\" href=\"http:\/\/www.zbornik-eint.org\/wp-content\/uploads\/2023\/01\/5-41541-Dusan-Joksimovic.pdf\" target=\"_blank\">(5-41541)<\/a> \u00a0<a href=\"https:\/\/scindeks.ceon.rs\/article.aspx?query=ISSID%26and%2616548&amp;page=4&amp;sort=8&amp;stype=0&amp;backurl=%2fissue.aspx%3fissue%3d16548%26lang%3den&amp;lang=en\">SCIndeks<\/a><\/li><li><strong><em>Application of Measures for Reduction of Magnetic Flux Density Levels in the Apartment Located Above the 10\/0.4 Kv Transformer Station<\/em><\/strong>, Maja Grbi\u0107, Aleksandar Pavlovi\u0107, Dejan Hrvi\u0107, pp 73 <a rel=\"noreferrer noopener\" href=\"http:\/\/www.zbornik-eint.org\/wp-content\/uploads\/2023\/01\/6-41601-Maja-Grbic.pdf\" target=\"_blank\">(6-41601)<\/a>\u00a0 <a href=\"https:\/\/scindeks.ceon.rs\/article.aspx?query=ISSID%26and%2616548&amp;page=5&amp;sort=8&amp;stype=0&amp;backurl=%2fissue.aspx%3fissue%3d16548%26lang%3den&amp;lang=en\">SCIndeks<\/a><\/li><li><strong><em>Analysis of the Possibility of a Parallel Resonant Circuit in RHPP Bajina Ba\u0161ta<\/em><\/strong>, Milica Dilpari\u0107 Caki\u0107, Branka Kova\u010devi\u0107, pp 85 <a rel=\"noreferrer noopener\" href=\"http:\/\/www.zbornik-eint.org\/wp-content\/uploads\/2023\/01\/7-41656-Dilparic.pdf\" target=\"_blank\">(7-41656)<\/a> <a href=\"https:\/\/scindeks.ceon.rs\/article.aspx?query=ISSID%26and%2616548&amp;page=6&amp;sort=8&amp;stype=0&amp;backurl=%2fissue.aspx%3fissue%3d16548%26lang%3den&amp;lang=en\">SCIndeks<\/a><\/li><li><strong><em>The Reliability of Serial Data Communication Using Uart-Usb converter<\/em><\/strong>, Nikola Caki\u0107, Aleksandar \u017digi\u0107, Srdjan Milosavljevi\u0107, pp 95  <a rel=\"noreferrer noopener\" href=\"http:\/\/www.zbornik-eint.org\/wp-content\/uploads\/2023\/01\/8-41677-Cakic.pdf\" target=\"_blank\">(8-41677)<\/a> <a href=\"https:\/\/scindeks.ceon.rs\/article.aspx?query=ISSID%26and%2616548&amp;page=7&amp;sort=8&amp;stype=0&amp;backurl=%2fissue.aspx%3fissue%3d16548%26lang%3den&amp;lang=en\">SCIndeks<\/a><\/li><li><strong><em>Estimation of Hydrogenerator Rotor Dynamic Thermal Margine, <\/em><\/strong>Ilija Klasni\u0107, Dragan Beloni\u0107, \u017darko Janda, Jasna Dragosavac, Zoran \u0106iri\u0107, pp 101 <a rel=\"noreferrer noopener\" href=\"http:\/\/www.zbornik-eint.org\/wp-content\/uploads\/2023\/01\/9-41740-Ilija-Klasnic.pdf\" target=\"_blank\">(9-41740)<\/a> <a href=\"https:\/\/scindeks.ceon.rs\/article.aspx?query=ISSID%26and%2616548&amp;page=8&amp;sort=8&amp;stype=0&amp;backurl=%2fissue.aspx%3fissue%3d16548%26lang%3den&amp;lang=en\">SCIndeks<\/a><\/li><li><strong><em>Algorithm of Reactive Power Dispatching \u201cper generator\u201d Realization on TPP Nikola Tesla A<\/em><\/strong>, Jelena Pavlovi\u0107, Bojan Radoji\u010di\u0107, Lazar Stan\u010di\u0107, Jasna Dragosavac, Sava Dobri\u010di\u0107, \u017darko Janda, pp 113  <a rel=\"noreferrer noopener\" href=\"http:\/\/www.zbornik-eint.org\/wp-content\/uploads\/2023\/01\/10-41760-Jelena-Pavlovic.pdf\" target=\"_blank\">(10-41760)<\/a> \u00a0<a href=\"https:\/\/scindeks.ceon.rs\/article.aspx?query=ISSID%26and%2616548&amp;page=9&amp;sort=8&amp;stype=0&amp;backurl=%2fissue.aspx%3fissue%3d16548%26lang%3den&amp;lang=en\">SCIndeks<\/a><\/li><li><strong><em>Nikola Tesla as a Phenomenon in the World of Science<\/em><\/strong>, Vukan R. Slavkovi\u0107, pp 125 <a href=\"http:\/\/www.zbornik-eint.org\/wp-content\/uploads\/2023\/01\/11-39893-Vukan.pdf\">(11-39893)<\/a> <a href=\"https:\/\/scindeks.ceon.rs\/article.aspx?query=ISSID%26and%2616548&amp;page=10&amp;sort=8&amp;stype=0&amp;backurl=%2fissue.aspx%3fissue%3d16548%26lang%3den&amp;lang=en\">SCIndeks<\/a><\/li><\/ol>\n\n\n\n<ol class=\"wp-block-list\"><li><\/li><\/ol>\n\n\n\n<p><\/p>\n","protected":false},"excerpt":{"rendered":"<p>Application of the Environmentally Friendly Technology for the Removal of PCBs from Mineral Oils and Power Transformers to Achieve very Low Values of PCBs for Repair and Materials Recycling, Draginja Mihajlovi\u0107, Jelena Jankovi\u0107, Valentina Vasovi\u0107, Vladimir Ivan\u010devi\u0107, Jelena Luki\u0107, pp 1 (1-41260) SCIndeks Calculation of Protection Function Settings of New Elements of the 500 kV &hellip; <a href=\"https:\/\/www.zbornik-eint.org\/?page_id=1502&#038;lang=en\" class=\"more-link\">Continue reading <span class=\"screen-reader-text\">Proceedings, Electrical engineering institute Nikola Tesla, vol. 32, 2022<\/span> <span class=\"meta-nav\">&rarr;<\/span><\/a><\/p>\n","protected":false},"author":1,"featured_media":0,"parent":393,"menu_order":3,"comment_status":"closed","ping_status":"closed","template":"","meta":{"_monsterinsights_skip_tracking":false,"_monsterinsights_sitenote_active":false,"_monsterinsights_sitenote_note":"","_monsterinsights_sitenote_category":0,"footnotes":""},"class_list":["post-1502","page","type-page","status-publish","hentry"],"_links":{"self":[{"href":"https:\/\/www.zbornik-eint.org\/index.php?rest_route=\/wp\/v2\/pages\/1502","targetHints":{"allow":["GET"]}}],"collection":[{"href":"https:\/\/www.zbornik-eint.org\/index.php?rest_route=\/wp\/v2\/pages"}],"about":[{"href":"https:\/\/www.zbornik-eint.org\/index.php?rest_route=\/wp\/v2\/types\/page"}],"author":[{"embeddable":true,"href":"https:\/\/www.zbornik-eint.org\/index.php?rest_route=\/wp\/v2\/users\/1"}],"replies":[{"embeddable":true,"href":"https:\/\/www.zbornik-eint.org\/index.php?rest_route=%2Fwp%2Fv2%2Fcomments&post=1502"}],"version-history":[{"count":13,"href":"https:\/\/www.zbornik-eint.org\/index.php?rest_route=\/wp\/v2\/pages\/1502\/revisions"}],"predecessor-version":[{"id":1557,"href":"https:\/\/www.zbornik-eint.org\/index.php?rest_route=\/wp\/v2\/pages\/1502\/revisions\/1557"}],"up":[{"embeddable":true,"href":"https:\/\/www.zbornik-eint.org\/index.php?rest_route=\/wp\/v2\/pages\/393"}],"wp:attachment":[{"href":"https:\/\/www.zbornik-eint.org\/index.php?rest_route=%2Fwp%2Fv2%2Fmedia&parent=1502"}],"curies":[{"name":"wp","href":"https:\/\/api.w.org\/{rel}","templated":true}]}}