{"id":16,"date":"2015-04-20T11:37:50","date_gmt":"2015-04-20T09:37:50","guid":{"rendered":"http:\/\/www.zbornik-eint.org\/?page_id=16"},"modified":"2024-12-29T22:17:35","modified_gmt":"2024-12-29T20:17:35","slug":"zbornik-radova-elektrotehnicki-institut-nikola-tesla-knjiga-24-2014","status":"publish","type":"page","link":"https:\/\/www.zbornik-eint.org\/?page_id=16&lang=sr","title":{"rendered":"Zbornik radova, Elektrotehni\u010dki institut Nikola Tesla, knjiga 24, 2014"},"content":{"rendered":"<ol>\n<li><span style=\"color: #000000;\"><em>Definisanje uslova za rad ure\u0111aja za grupnu regulaciju pobude i reaktivnih snaga (GRPRS) u sistemu automatskog upravljanja naponima u mre\u017ei,<\/em><\/span>\u00a0D.<em>\u00a0<\/em>Arnautovi\u0107, J. Dragosavac, \u017d. Janda, J. Milanovi\u0107, Lj. Mihailovi\u0107 , str. 1(<a href=\"http:\/\/www.zbornik-eint.org\/wp-content\/uploads\/2015\/04\/1-6997.pdf\">1-6997<\/a>)\u00a0<a href=\"http:\/\/scindeks.ceon.rs\/article.aspx?query=ISSID%26and%2611831&amp;page=0&amp;sort=8&amp;stype=0&amp;backurl=%2fissue.aspx%3fissue%3d11831\" target=\"_blank\" rel=\"noopener noreferrer\">SCIndeks<\/a><\/li>\n<li><em>Primena UPFC ure\u0111aja sa fuzzy logi\u010dkim kontrolerom za raspregnuto upravljanje tokovima snaga, S.\u00a0<\/em>Ivkovi\u0107, str. 15(<a href=\"http:\/\/www.zbornik-eint.org\/wp-content\/uploads\/2015\/04\/2-4936.pdf\">2-4936<\/a>)\u00a0<a href=\"http:\/\/scindeks.ceon.rs\/article.aspx?query=ISSID%26and%2611831&amp;page=1&amp;sort=8&amp;stype=0&amp;backurl=%2fissue.aspx%3fissue%3d11831\" target=\"_blank\" rel=\"noopener noreferrer\">SCIndeks<\/a><\/li>\n<li><em>Revitalizacija malih hidroelektrana \u2013 razvoj sistema upravljanja agregatom, <\/em>S.<em>\u00a0<\/em>Dobri\u010di\u0107, J. Dragosavac, T. Gaji\u0107, P. Ninkovi\u0107, M. Jankovi\u0107, D. Arnautovi\u0107, str.\u00a0<em>29<\/em>(<a href=\"http:\/\/www.zbornik-eint.org\/wp-content\/uploads\/2015\/04\/3-6902.pdf\">3-6902<\/a>)\u00a0<a href=\"http:\/\/scindeks.ceon.rs\/article.aspx?query=ISSID%26and%2611831&amp;page=2&amp;sort=8&amp;stype=0&amp;backurl=%2fissue.aspx%3fissue%3d11831\" target=\"_blank\" rel=\"noopener noreferrer\">SCIndeks<\/a><\/li>\n<li><em>Analiza tehno-ekonomskih uslova izgradnje solarne elektrane na krovu poslovne zgrade Elektrotehni\u010dkog instituta \u201eNikola Tesla\u201d,<\/em> M.<em> \u00a0<\/em> Grbi\u0107, R. Anti\u0107, J. Pono\u0107ko, J. Mikulovi\u0107, \u017d.\u0110uri\u0161i\u0107, str.\u00a0<em>41<\/em>(<a href=\"http:\/\/www.zbornik-eint.org\/wp-content\/uploads\/2015\/04\/4-4934.pdf\">4-4934<\/a>)\u00a0<a href=\"http:\/\/scindeks.ceon.rs\/article.aspx?query=ISSID%26and%2611831&amp;page=3&amp;sort=8&amp;stype=0&amp;backurl=%2fissue.aspx%3fissue%3d11831\" target=\"_blank\" rel=\"noopener noreferrer\">SCIndeks<\/a><\/li>\n<li><em>Detekcija kratkospojenih navojaka na polovima rotora hidrogeneratora primenom neuralnih mre\u017ea ,<\/em> B<em>.\u00a0<\/em>Babi\u0107, N. Kartalovi\u0107, A. \u017digi\u0107, N. Caki\u0107, S. Milosavljevi\u0107, str. 57(<a href=\"http:\/\/www.zbornik-eint.org\/wp-content\/uploads\/2015\/04\/5-6596.pdf\">5-6596<\/a>)\u00a0<a href=\"http:\/\/scindeks.ceon.rs\/article.aspx?query=ISSID%26and%2611831&amp;page=4&amp;sort=8&amp;stype=0&amp;backurl=%2fissue.aspx%3fissue%3d11831\" target=\"_blank\" rel=\"noopener noreferrer\">SCIndeks<\/a><\/li>\n<li><em>Razvoj i verifikacija programskog alata za odre\u0111ivanje lokacije parcijalnih pra\u017enjenja u energetskom transformatoru akusti\u010dkom metodom,<\/em>\u00a0V. Polu\u017eanski, U. Kova\u010devi\u0107, N. Kartalovi\u0107, D. Kova\u010devi\u0107, str. 71(<a href=\"http:\/\/www.zbornik-eint.org\/wp-content\/uploads\/2015\/04\/6-6883.pdf\">6-6883<\/a>)\u00a0<a href=\"http:\/\/scindeks.ceon.rs\/article.aspx?query=ISSID%26and%2611831&amp;page=5&amp;sort=8&amp;stype=0&amp;backurl=%2fissue.aspx%3fissue%3d11831\" target=\"_blank\" rel=\"noopener noreferrer\">SCIndeks<\/a><\/li>\n<li><em>Primena SFRA metode za analizu geometrije aktivnog dela transformatora, <\/em>D. Ili\u0107, S. Mili\u0107, \u0110. Jovanovi\u0107, str. 87(<a href=\"http:\/\/www.zbornik-eint.org\/wp-content\/uploads\/2015\/04\/7-6419.pdf\">7-6419<\/a>)\u00a0<a href=\"http:\/\/scindeks.ceon.rs\/article.aspx?query=ISSID%26and%2611831&amp;page=6&amp;sort=8&amp;stype=0&amp;backurl=%2fissue.aspx%3fissue%3d11831\" target=\"_blank\" rel=\"noopener noreferrer\">SCIndeks<\/a><\/li>\n<li><em>Analiza vi\u0161ih harmonika napona i struje i opasnosti od rezonance u mre\u017ei sa kondenzatorima,<\/em> M.\u00a0Kosti\u0107, N. Georgijevi\u0107, str. 107(<a href=\"http:\/\/www.zbornik-eint.org\/wp-content\/uploads\/2015\/04\/8-4955.pdf\">8-4955<\/a>)\u00a0<a href=\"http:\/\/scindeks.ceon.rs\/article.aspx?query=ISSID%26and%2611831&amp;page=7&amp;sort=8&amp;stype=0&amp;backurl=%2fissue.aspx%3fissue%3d11831\" target=\"_blank\" rel=\"noopener noreferrer\">SCIndeks<\/a><\/li>\n<li><em>Sistem za merenje i automatsku regulaciju protoka gasa u okviru ure\u0111aja za ispitivanje oksidacione stabilnosti transformatorskih ulja \u201cTermoblok\u201d,<\/em> A<em>.\u00a0<\/em>\u017digi\u0107, N. Kartalovi\u0107, N. Caki\u0107, J. Luki\u0107, S. Milosavljevi\u0107, str. 119(<a href=\"http:\/\/www.zbornik-eint.org\/wp-content\/uploads\/2015\/04\/9-6718.pdf\">9-6718<\/a>)\u00a0<a href=\"http:\/\/scindeks.ceon.rs\/article.aspx?query=ISSID%26and%2611831&amp;page=8&amp;sort=8&amp;stype=0&amp;backurl=%2fissue.aspx%3fissue%3d11831\" target=\"_blank\" rel=\"noopener noreferrer\">SCIndeks<\/a><\/li>\n<li><em>Eksperimentalna ispitivanja mineralnih izolacionih ulja i ulja na bazi estra na niskim temperaturama, M.\u00a0<\/em>An\u0111elkovi\u0107, D. \u0110or\u0111evi\u0107, str. 137(<a href=\"http:\/\/www.zbornik-eint.org\/wp-content\/uploads\/2015\/04\/10-6824.pdf\">10-6824<\/a>)\u00a0<a href=\"http:\/\/scindeks.ceon.rs\/article.aspx?query=ISSID%26and%2611831&amp;page=9&amp;sort=8&amp;stype=0&amp;backurl=%2fissue.aspx%3fissue%3d11831\" target=\"_blank\" rel=\"noopener noreferrer\">SCIndeks<\/a><\/li>\n<li><em>Verifikacija elektri\u010dnih instalacija niskog napona &#8211; naj\u010de\u0161\u0107i problemi u projektovanju i izvo\u0111enju, <\/em>N.Simi\u0107, str. 147(<a href=\"http:\/\/www.zbornik-eint.org\/wp-content\/uploads\/2015\/04\/11-6934.pdf\">11-6934<\/a>)\u00a0<a href=\"http:\/\/scindeks.ceon.rs\/article.aspx?query=ISSID%26and%2611831&amp;page=10&amp;sort=8&amp;stype=0&amp;backurl=%2fissue.aspx%3fissue%3d11831\" target=\"_blank\" rel=\"noopener noreferrer\">SCIndeks<\/a><\/li>\n<li><em>Analiti\u010dki postupak za odre\u0111ivanje vrednosti prevalnog klizanja asinhronog motora na osnovu pet parametara,<\/em>\u00a0N. Petrovi\u0107, \u017d. Janda, str. 157(<a href=\"http:\/\/www.zbornik-eint.org\/wp-content\/uploads\/2015\/04\/12-6890.pdf\">12-6890<\/a>)\u00a0<a href=\"http:\/\/scindeks.ceon.rs\/article.aspx?query=ISSID%26and%2611831&amp;page=11&amp;sort=8&amp;stype=0&amp;backurl=%2fissue.aspx%3fissue%3d11831\" target=\"_blank\" rel=\"noopener noreferrer\">SCIndeks<\/a><\/li>\n<li><em>Merenje gustine kori\u0161\u0107enjem ure\u0111aja oscilatornog tipa, <\/em>Pei\u0107 Tukuljac, str. 169(<a href=\"http:\/\/www.zbornik-eint.org\/wp-content\/uploads\/2015\/04\/13-5404.pdf\">13-5404<\/a>)\u00a0<a href=\"http:\/\/scindeks.ceon.rs\/Article.aspx?artid=0350-85281424169P\" target=\"_blank\" rel=\"noopener noreferrer\">SCIndeks<\/a><\/li>\n<li><em>Metod za indirektno odre\u0111ivanje parametara turbogeneratora u radnim uslovima,\u00a0<\/em>M.\u00a0 Kosti\u0107, str. 177(<a href=\"http:\/\/www.zbornik-eint.org\/wp-content\/uploads\/2015\/04\/14-6717.pdf\">14-6717<\/a>)\u00a0<a href=\"http:\/\/scindeks.ceon.rs\/article.aspx?artid=0350-85281424177K\" target=\"_blank\" rel=\"noopener noreferrer\">SCIndeks<\/a><\/li>\n<li><em>Predstavljanje knjige \u201eKompenzacija reaktivne energije i vi\u0161i harmonici u elektri\u010dnim mre\u017eama\u201c autora dr Miloja Kosti\u0107a<\/em>, Aleksandar Nikoli\u0107, str. 193(<a href=\"http:\/\/www.zbornik-eint.org\/wp-content\/uploads\/2015\/04\/15-Kratak-prikaz-knjige-MKostica.pdf\">15-<\/a><a href=\"http:\/\/www.zbornik-eint.org\/wp-content\/uploads\/2015\/04\/15-Kratak-prikaz-knjige-MKostica.pdf\">Kratak prikaz knjige MKostica<\/a>)<\/li>\n<\/ol>\n","protected":false},"excerpt":{"rendered":"<p>Definisanje uslova za rad ure\u0111aja za grupnu regulaciju pobude i reaktivnih snaga (GRPRS) u sistemu automatskog upravljanja naponima u mre\u017ei,\u00a0D.\u00a0Arnautovi\u0107, J. Dragosavac, \u017d. Janda, J. Milanovi\u0107, Lj. Mihailovi\u0107 , str. 1(1-6997)\u00a0SCIndeks Primena UPFC ure\u0111aja sa fuzzy logi\u010dkim kontrolerom za raspregnuto upravljanje tokovima snaga, S.\u00a0Ivkovi\u0107, str. 15(2-4936)\u00a0SCIndeks Revitalizacija malih hidroelektrana \u2013 razvoj sistema upravljanja agregatom, S.\u00a0Dobri\u010di\u0107, &hellip; <a href=\"https:\/\/www.zbornik-eint.org\/?page_id=16&#038;lang=sr\" class=\"more-link\">Continue reading <span class=\"screen-reader-text\">Zbornik radova, Elektrotehni\u010dki institut Nikola Tesla, knjiga 24, 2014<\/span> <span class=\"meta-nav\">&rarr;<\/span><\/a><\/p>\n","protected":false},"author":1,"featured_media":0,"parent":63,"menu_order":11,"comment_status":"closed","ping_status":"closed","template":"","meta":{"_monsterinsights_skip_tracking":false,"_monsterinsights_sitenote_active":false,"_monsterinsights_sitenote_note":"","_monsterinsights_sitenote_category":0,"footnotes":""},"class_list":["post-16","page","type-page","status-publish","hentry"],"_links":{"self":[{"href":"https:\/\/www.zbornik-eint.org\/index.php?rest_route=\/wp\/v2\/pages\/16","targetHints":{"allow":["GET"]}}],"collection":[{"href":"https:\/\/www.zbornik-eint.org\/index.php?rest_route=\/wp\/v2\/pages"}],"about":[{"href":"https:\/\/www.zbornik-eint.org\/index.php?rest_route=\/wp\/v2\/types\/page"}],"author":[{"embeddable":true,"href":"https:\/\/www.zbornik-eint.org\/index.php?rest_route=\/wp\/v2\/users\/1"}],"replies":[{"embeddable":true,"href":"https:\/\/www.zbornik-eint.org\/index.php?rest_route=%2Fwp%2Fv2%2Fcomments&post=16"}],"version-history":[{"count":12,"href":"https:\/\/www.zbornik-eint.org\/index.php?rest_route=\/wp\/v2\/pages\/16\/revisions"}],"predecessor-version":[{"id":1381,"href":"https:\/\/www.zbornik-eint.org\/index.php?rest_route=\/wp\/v2\/pages\/16\/revisions\/1381"}],"up":[{"embeddable":true,"href":"https:\/\/www.zbornik-eint.org\/index.php?rest_route=\/wp\/v2\/pages\/63"}],"wp:attachment":[{"href":"https:\/\/www.zbornik-eint.org\/index.php?rest_route=%2Fwp%2Fv2%2Fmedia&parent=16"}],"curies":[{"name":"wp","href":"https:\/\/api.w.org\/{rel}","templated":true}]}}