{"id":1619,"date":"2024-12-29T23:39:53","date_gmt":"2024-12-29T21:39:53","guid":{"rendered":"https:\/\/www.zbornik-eint.org\/?page_id=1619"},"modified":"2026-01-07T16:41:43","modified_gmt":"2026-01-07T14:41:43","slug":"zbornik-radova-elektrotehnicki-institut-nikola-tesla-knjiga-34-2024","status":"publish","type":"page","link":"https:\/\/www.zbornik-eint.org\/?page_id=1619&lang=sr","title":{"rendered":"Zbornik radova, Elektrotehni\u010dki institut Nikola Tesla, knjiga 34, 2024"},"content":{"rendered":"\n<ol class=\"wp-block-list\">\n<li>Slepa ekvalizacija kanala za prenos signala parcijalnih pra\u017enjenja, Aleksandar \u017digi\u0107<a href=\"https:\/\/orcid.org\/0000-0002-2104-2440\" target=\"_blank\" rel=\"noreferrer noopener\"><img loading=\"lazy\" decoding=\"async\" width=\"20\" height=\"20\" class=\"wp-image-1630\" style=\"width: 20px;\" src=\"http:\/\/www.zbornik-eint.org\/wp-content\/uploads\/2025\/03\/ORCID-iD_icon-24x24-1.gif\" alt=\"\"><\/a>, Nenad Kartalovi\u0107<a href=\"https:\/\/orcid.org\/0000-0003-3810-342X\" target=\"_blank\" rel=\"noreferrer noopener\"><img loading=\"lazy\" decoding=\"async\" width=\"20\" height=\"20\" class=\"wp-image-1630\" style=\"width: 20px;\" src=\"http:\/\/www.zbornik-eint.org\/wp-content\/uploads\/2025\/03\/ORCID-iD_icon-24x24-1.gif\" alt=\"\"><\/a>, Uro\u0161 Radoman<a href=\"https:\/\/orcid.org\/0000-0002-9270-4456\" target=\"_blank\" rel=\"noreferrer noopener\"><img loading=\"lazy\" decoding=\"async\" width=\"20\" height=\"20\" class=\"wp-image-1630\" style=\"width: 20px;\" src=\"http:\/\/www.zbornik-eint.org\/wp-content\/uploads\/2025\/03\/ORCID-iD_icon-24x24-1.gif\" alt=\"\"><\/a>, Uro\u0161 Kova\u010devi\u0107<a href=\"https:\/\/orcid.org\/0000-0003-4850-6396\" target=\"_blank\" rel=\"noreferrer noopener\"><img loading=\"lazy\" decoding=\"async\" width=\"20\" height=\"20\" class=\"wp-image-1630\" style=\"width: 20px;\" src=\"http:\/\/www.zbornik-eint.org\/wp-content\/uploads\/2025\/03\/ORCID-iD_icon-24x24-1.gif\" alt=\"\"><\/a>, str, 1 <a href=\"http:\/\/www.zbornik-eint.org\/wp-content\/uploads\/2024\/12\/1-49112-Aleksandar-Zigic.pdf\" target=\"_blank\" rel=\"noreferrer noopener\">(1-49112)<\/a> <a href=\"https:\/\/scindeks.ceon.rs\/article.aspx?artid=0350-85282434001Q\" target=\"_blank\" rel=\"noreferrer noopener\">SCIndeks<\/a><\/li>\n\n\n\n<li>Komparativna analiza dubokih neuronskih mre\u017ea i algoritama sa poja\u010danjem gradijenta u dugoro\u010dnom predvi\u0111anju snage vetra, Luka Ivanovi\u0107<a href=\"https:\/\/orcid.org\/0000-0003-4345-4523\" target=\"_blank\" rel=\"noreferrer noopener\"><img loading=\"lazy\" decoding=\"async\" width=\"20\" height=\"20\" class=\"wp-image-1630\" style=\"width: 20px;\" src=\"http:\/\/www.zbornik-eint.org\/wp-content\/uploads\/2025\/03\/ORCID-iD_icon-24x24-1.gif\" alt=\"\"><\/a>, Sa\u0161a D. Mili\u0107<a href=\"https:\/\/orcid.org\/0000-0001-5757-3430\" target=\"_blank\" rel=\"noreferrer noopener\"><img loading=\"lazy\" decoding=\"async\" width=\"20\" height=\"20\" class=\"wp-image-1630\" style=\"width: 20px;\" src=\"http:\/\/www.zbornik-eint.org\/wp-content\/uploads\/2025\/03\/ORCID-iD_icon-24x24-1.gif\" alt=\"\"><\/a>, \u017divko Sokolovi\u0107<a href=\"https:\/\/orcid.org\/0009-0009-0747-6320\" target=\"_blank\" rel=\"noreferrer noopener\"><img loading=\"lazy\" decoding=\"async\" width=\"20\" height=\"20\" class=\"wp-image-1630\" style=\"width: 20px;\" src=\"http:\/\/www.zbornik-eint.org\/wp-content\/uploads\/2025\/03\/ORCID-iD_icon-24x24-1.gif\" alt=\"\"><\/a>, Aleksandar Raki\u0107<a href=\"https:\/\/orcid.org\/0000-0002-3682-1754\" target=\"_blank\" rel=\"noreferrer noopener\"><img loading=\"lazy\" decoding=\"async\" width=\"20\" height=\"20\" class=\"wp-image-1630\" style=\"width: 20px;\" src=\"http:\/\/www.zbornik-eint.org\/wp-content\/uploads\/2025\/03\/ORCID-iD_icon-24x24-1.gif\" alt=\"\"><\/a>, str. 15  <a href=\"http:\/\/www.zbornik-eint.org\/wp-content\/uploads\/2024\/12\/2-51258-Luka-Ivanovic.pdf\" target=\"_blank\" rel=\"noreferrer noopener\">(2-51258)<\/a> <a href=\"https:\/\/scindeks.ceon.rs\/article.aspx?artid=0350-85282434015I\" target=\"_blank\" rel=\"noreferrer noopener\">SCIndeks<\/a><\/li>\n\n\n\n<li>Modifikacija realizacije limitera minimalne pobude u okviru sistema pobude generatora bloka B1 u TE \u201cNikola Tesla B\u201d, Ilija Klasni\u0107<a href=\"https:\/\/orcid.org\/0000-0002-7908-9110\" target=\"_blank\" rel=\"noreferrer noopener\"><img loading=\"lazy\" decoding=\"async\" width=\"20\" height=\"20\" class=\"wp-image-1630\" style=\"width: 20px;\" src=\"http:\/\/www.zbornik-eint.org\/wp-content\/uploads\/2025\/03\/ORCID-iD_icon-24x24-1.gif\" alt=\"\"><\/a>, Slavko Veinovi\u0107<a href=\"https:\/\/orcid.org\/0000-0001-7064-976X\" target=\"_blank\" rel=\"noreferrer noopener\"><img loading=\"lazy\" decoding=\"async\" width=\"20\" height=\"20\" class=\"wp-image-1630\" style=\"width: 20px;\" src=\"http:\/\/www.zbornik-eint.org\/wp-content\/uploads\/2025\/03\/ORCID-iD_icon-24x24-1.gif\" alt=\"\"><\/a>, Du\u0161an Joksimovi\u0107<a href=\"https:\/\/orcid.org\/0000-0001-8070-9412\" target=\"_blank\" rel=\"noreferrer noopener\"><img loading=\"lazy\" decoding=\"async\" width=\"20\" height=\"20\" class=\"wp-image-1630\" style=\"width: 20px;\" src=\"http:\/\/www.zbornik-eint.org\/wp-content\/uploads\/2025\/03\/ORCID-iD_icon-24x24-1.gif\" alt=\"\"><\/a>, Luka Ivanovi\u0107<a href=\"https:\/\/orcid.org\/0000-0003-4345-4523\" target=\"_blank\" rel=\"noreferrer noopener\"><img loading=\"lazy\" decoding=\"async\" width=\"20\" height=\"20\" class=\"wp-image-1630\" style=\"width: 20px;\" src=\"http:\/\/www.zbornik-eint.org\/wp-content\/uploads\/2025\/03\/ORCID-iD_icon-24x24-1.gif\" alt=\"\"><\/a>, Bojan Radoji\u010di\u0107, Milo\u0161 Brdarevi\u0107, str. 37 <a href=\"http:\/\/www.zbornik-eint.org\/wp-content\/uploads\/2024\/12\/3-54005-Ilija-Klasnic.pdf\" target=\"_blank\" rel=\"noreferrer noopener\">(3-54005)<\/a><a href=\"https:\/\/scindeks.ceon.rs\/article.aspx?artid=0350-85282434037K\" target=\"_blank\" rel=\"noreferrer noopener\">SCIndeks<\/a><\/li>\n\n\n\n<li>Primeri ultrazvu\u010dne detekcije parcijalnih pra\u017enjenja na 110 kV mernim transformatorima, Mom\u010dilo Mili\u0107<a href=\"https:\/\/orcid.org\/0000-0002-3331-8301\" target=\"_blank\" rel=\"noreferrer noopener\"><img loading=\"lazy\" decoding=\"async\" width=\"20\" height=\"20\" class=\"wp-image-1630\" style=\"width: 20px;\" src=\"http:\/\/www.zbornik-eint.org\/wp-content\/uploads\/2025\/03\/ORCID-iD_icon-24x24-1.gif\" alt=\"\"><\/a>, \u0110or\u0111e Jovanovi\u0107<a href=\"https:\/\/orcid.org\/0009-0009-3706-5151\" target=\"_blank\" rel=\"noreferrer noopener\"><img loading=\"lazy\" decoding=\"async\" width=\"20\" height=\"20\" class=\"wp-image-1630\" style=\"width: 20px;\" src=\"http:\/\/www.zbornik-eint.org\/wp-content\/uploads\/2025\/03\/ORCID-iD_icon-24x24-1.gif\" alt=\"\"><\/a>, Vesna Radin<a href=\"https:\/\/orcid.org\/0009-0006-0628-2485\" target=\"_blank\" rel=\"noreferrer noopener\"><img loading=\"lazy\" decoding=\"async\" width=\"20\" height=\"20\" class=\"wp-image-1630\" style=\"width: 20px;\" src=\"http:\/\/www.zbornik-eint.org\/wp-content\/uploads\/2025\/03\/ORCID-iD_icon-24x24-1.gif\" alt=\"\"><\/a>, Marko Dimitrijevi\u0107, str. 49 <a href=\"http:\/\/www.zbornik-eint.org\/wp-content\/uploads\/2024\/12\/4-54558-Momcilo-Milic.pdf\" target=\"_blank\" rel=\"noreferrer noopener\">(4-54558)<\/a> <a href=\"https:\/\/scindeks.ceon.rs\/article.aspx?artid=0350-85282434049M\" target=\"_blank\" rel=\"noreferrer noopener\">SCIndeks<\/a><\/li>\n\n\n\n<li>Digitalni blizanac (Digital Twin) energetskih uljnih transformatora \u2013 koncept i primena, Uro\u0161 Radoman<a href=\"https:\/\/orcid.org\/0000-0002-9270-4456\" target=\"_blank\" rel=\"noreferrer noopener\"><img loading=\"lazy\" decoding=\"async\" width=\"20\" height=\"20\" class=\"wp-image-1630\" style=\"width: 20px;\" src=\"http:\/\/www.zbornik-eint.org\/wp-content\/uploads\/2025\/03\/ORCID-iD_icon-24x24-1.gif\" alt=\"\"><\/a>, Filip Kilibarda<a href=\"https:\/\/orcid.org\/0009-0005-7169-4753\" target=\"_blank\" rel=\"noreferrer noopener\"><img loading=\"lazy\" decoding=\"async\" width=\"20\" height=\"20\" class=\"wp-image-1630\" style=\"width: 20px;\" src=\"http:\/\/www.zbornik-eint.org\/wp-content\/uploads\/2025\/03\/ORCID-iD_icon-24x24-1.gif\" alt=\"\"><\/a>, Nenad Kartalovi\u0107<a href=\"https:\/\/orcid.org\/0000-0003-3810-342X\" target=\"_blank\" rel=\"noreferrer noopener\"><img loading=\"lazy\" decoding=\"async\" width=\"20\" height=\"20\" class=\"wp-image-1630\" style=\"width: 20px;\" src=\"http:\/\/www.zbornik-eint.org\/wp-content\/uploads\/2025\/03\/ORCID-iD_icon-24x24-1.gif\" alt=\"\"><\/a>, Nikola Miladinovi\u0107<a href=\"https:\/\/orcid.org\/0000-0002-5055-7558\" target=\"_blank\" rel=\"noreferrer noopener\"><img loading=\"lazy\" decoding=\"async\" width=\"20\" height=\"20\" class=\"wp-image-1630\" style=\"width: 20px;\" src=\"http:\/\/www.zbornik-eint.org\/wp-content\/uploads\/2025\/03\/ORCID-iD_icon-24x24-1.gif\" alt=\"\"><\/a>, Vladimir Polu\u017eanski<a href=\"https:\/\/orcid.org\/0000-0002-4094-4044\" target=\"_blank\" rel=\"noreferrer noopener\"><img loading=\"lazy\" decoding=\"async\" width=\"20\" height=\"20\" class=\"wp-image-1630\" style=\"width: 20px;\" src=\"http:\/\/www.zbornik-eint.org\/wp-content\/uploads\/2025\/03\/ORCID-iD_icon-24x24-1.gif\" alt=\"\"><\/a>, Valentina Vasovi\u0107<a href=\"https:\/\/orcid.org\/0000-0001-5789-4867\" target=\"_blank\" rel=\"noreferrer noopener\"><img loading=\"lazy\" decoding=\"async\" width=\"20\" height=\"20\" class=\"wp-image-1630\" style=\"width: 20px;\" src=\"http:\/\/www.zbornik-eint.org\/wp-content\/uploads\/2025\/03\/ORCID-iD_icon-24x24-1.gif\" alt=\"\"><\/a>,Branko Pejovi\u0107<a href=\"https:\/\/orcid.org\/0000-0002-9998-4825\"><img loading=\"lazy\" decoding=\"async\" width=\"20\" height=\"20\" class=\"wp-image-1630\" style=\"width: 20px;\" src=\"http:\/\/www.zbornik-eint.org\/wp-content\/uploads\/2025\/03\/ORCID-iD_icon-24x24-1.gif\" alt=\"\"><\/a>, Aleksandar \u017digi\u0107<a href=\"https:\/\/orcid.org\/0000-0002-2104-2440\" target=\"_blank\" rel=\"noreferrer noopener\"><img loading=\"lazy\" decoding=\"async\" width=\"20\" height=\"20\" class=\"wp-image-1630\" style=\"width: 20px;\" src=\"http:\/\/www.zbornik-eint.org\/wp-content\/uploads\/2025\/03\/ORCID-iD_icon-24x24-1.gif\" alt=\"\"><\/a>, Jelena Luki\u0107<a href=\"https:\/\/orcid.org\/0000-0003-3538-203X\" target=\"_blank\" rel=\"noreferrer noopener\"><img loading=\"lazy\" decoding=\"async\" width=\"20\" height=\"20\" class=\"wp-image-1630\" style=\"width: 20px;\" src=\"http:\/\/www.zbornik-eint.org\/wp-content\/uploads\/2025\/03\/ORCID-iD_icon-24x24-1.gif\" alt=\"\"><\/a>, str. 61 <a href=\"http:\/\/www.zbornik-eint.org\/wp-content\/uploads\/2024\/12\/5-54654-Uros-Radoman.pdf\" target=\"_blank\" rel=\"noreferrer noopener\">(5-54654)<\/a> <a href=\"https:\/\/scindeks.ceon.rs\/article.aspx?artid=0350-85282434061R\" target=\"_blank\" rel=\"noreferrer noopener\">SCIndeks<\/a><\/li>\n\n\n\n<li>Rezultati GreenCleanS projekta Fonda za nauku Republike Srbije, Dejan Kolarski<a href=\"https:\/\/orcid.org\/0000-0001-8723-7788\" target=\"_blank\" rel=\"noreferrer noopener\"><img loading=\"lazy\" decoding=\"async\" width=\"20\" height=\"20\" class=\"wp-image-1630\" style=\"width: 20px;\" src=\"http:\/\/www.zbornik-eint.org\/wp-content\/uploads\/2025\/03\/ORCID-iD_icon-24x24-1.gif\" alt=\"\"><\/a>, Jelena Luki\u0107<a href=\"https:\/\/orcid.org\/0000-0003-3538-203X\" target=\"_blank\" rel=\"noreferrer noopener\"><img loading=\"lazy\" decoding=\"async\" width=\"20\" height=\"20\" class=\"wp-image-1630\" style=\"width: 20px;\" src=\"http:\/\/www.zbornik-eint.org\/wp-content\/uploads\/2025\/03\/ORCID-iD_icon-24x24-1.gif\" alt=\"\"><\/a>, Valentina Vasovi\u0107<a href=\"https:\/\/orcid.org\/0000-0001-5789-4867\" target=\"_blank\" rel=\"noreferrer noopener\"><img loading=\"lazy\" decoding=\"async\" width=\"20\" height=\"20\" class=\"wp-image-1630\" style=\"width: 20px;\" src=\"http:\/\/www.zbornik-eint.org\/wp-content\/uploads\/2025\/03\/ORCID-iD_icon-24x24-1.gif\" alt=\"\"><\/a>, Jelena Jankovi\u0107<a href=\"https:\/\/orcid.org\/0000-0001-5820-5736\" target=\"_blank\" rel=\"noreferrer noopener\"><img loading=\"lazy\" decoding=\"async\" width=\"20\" height=\"20\" class=\"wp-image-1630\" style=\"width: 20px;\" src=\"http:\/\/www.zbornik-eint.org\/wp-content\/uploads\/2025\/03\/ORCID-iD_icon-24x24-1.gif\" alt=\"\"><\/a>, Draginja Mihajlovi\u0107<a href=\"https:\/\/orcid.org\/0000-0001-8515-855X\" target=\"_blank\" rel=\"noreferrer noopener\"><img loading=\"lazy\" decoding=\"async\" width=\"20\" height=\"20\" class=\"wp-image-1630\" style=\"width: 20px;\" src=\"http:\/\/www.zbornik-eint.org\/wp-content\/uploads\/2025\/03\/ORCID-iD_icon-24x24-1.gif\" alt=\"\"><\/a>, str. 83 <a href=\"http:\/\/www.zbornik-eint.org\/wp-content\/uploads\/2024\/12\/6-54867-Dejan-Kolarski.pdf\" target=\"_blank\" rel=\"noreferrer noopener\">(6-54867)<\/a> <a href=\"https:\/\/scindeks.ceon.rs\/article.aspx?artid=0350-85282434083K\" target=\"_blank\" rel=\"noreferrer noopener\">SCIndeks<\/a><\/li>\n\n\n\n<li>Primena disperzione i regresione analize u cilju optimizacije efikasnosti tehnolo\u0161kog postupka dehlorinacije PCB kontaminiranih izolacionih ulja, Savo Marinkovi\u0107<a href=\"https:\/\/orcid.org\/0009-0003-9487-8251\" target=\"_blank\" rel=\"noreferrer noopener\"><img loading=\"lazy\" decoding=\"async\" width=\"20\" height=\"20\" class=\"wp-image-1630\" style=\"width: 20px;\" src=\"http:\/\/www.zbornik-eint.org\/wp-content\/uploads\/2025\/03\/ORCID-iD_icon-24x24-1.gif\" alt=\"\"><\/a>, Draginja Mihajlovi\u0107<a href=\"https:\/\/orcid.org\/0000-0001-8515-855X\" target=\"_blank\" rel=\"noreferrer noopener\"><img loading=\"lazy\" decoding=\"async\" width=\"20\" height=\"20\" class=\"wp-image-1630\" style=\"width: 20px;\" src=\"http:\/\/www.zbornik-eint.org\/wp-content\/uploads\/2025\/03\/ORCID-iD_icon-24x24-1.gif\" alt=\"\"><\/a>, Jelena Luki\u0107<a href=\"https:\/\/orcid.org\/0000-0003-3538-203X\" target=\"_blank\" rel=\"noreferrer noopener\"><img loading=\"lazy\" decoding=\"async\" width=\"20\" height=\"20\" class=\"wp-image-1630\" style=\"width: 20px;\" src=\"http:\/\/www.zbornik-eint.org\/wp-content\/uploads\/2025\/03\/ORCID-iD_icon-24x24-1.gif\" alt=\"\"><\/a>, Ana Marinkovi\u0107<a href=\"https:\/\/orcid.org\/0000-0002-3206-1102\" target=\"_blank\" rel=\"noreferrer noopener\"><img loading=\"lazy\" decoding=\"async\" width=\"20\" height=\"20\" class=\"wp-image-1630\" style=\"width: 20px;\" src=\"http:\/\/www.zbornik-eint.org\/wp-content\/uploads\/2025\/03\/ORCID-iD_icon-24x24-1.gif\" alt=\"\"><\/a>, Dragana Naumovi\u0107 Vukovi\u0107<a href=\"https:\/\/orcid.org\/0000-0002-8334-4452\" target=\"_blank\" rel=\"noreferrer noopener\"><img loading=\"lazy\" decoding=\"async\" width=\"20\" height=\"20\" class=\"wp-image-1630\" style=\"width: 20px;\" src=\"http:\/\/www.zbornik-eint.org\/wp-content\/uploads\/2025\/03\/ORCID-iD_icon-24x24-1.gif\" alt=\"\"><\/a>, str. 95 <a href=\"http:\/\/www.zbornik-eint.org\/wp-content\/uploads\/2024\/12\/7-55173-Savo-Marinkovic.pdf\" target=\"_blank\" rel=\"noreferrer noopener\">(7-55173)<\/a> <a href=\"https:\/\/scindeks.ceon.rs\/article.aspx?artid=0350-85282434095M\" target=\"_blank\" rel=\"noreferrer noopener\">SCIndeks<\/a><\/li>\n\n\n\n<li>Trofazni strujni invertor sa ubrizgavanjem tre\u0107eg harmonika za obnovljive izvore energije povezane na mre\u017eu, Predrag Ninkovi\u0107<a href=\"https:\/\/orcid.org\/0000-0002-5385-8938\" target=\"_blank\" rel=\"noreferrer noopener\"><img loading=\"lazy\" decoding=\"async\" width=\"20\" height=\"20\" class=\"wp-image-1630\" style=\"width: 20px;\" src=\"http:\/\/www.zbornik-eint.org\/wp-content\/uploads\/2025\/03\/ORCID-iD_icon-24x24-1.gif\" alt=\"\"><\/a>, \u017darko Janda<a href=\"https:\/\/orcid.org\/0000-0002-5696-0399\" target=\"_blank\" rel=\"noreferrer noopener\"><img loading=\"lazy\" decoding=\"async\" width=\"20\" height=\"20\" class=\"wp-image-1630\" style=\"width: 20px;\" src=\"http:\/\/www.zbornik-eint.org\/wp-content\/uploads\/2025\/03\/ORCID-iD_icon-24x24-1.gif\" alt=\"\"><\/a>, Predrag Pejovi\u0107<a href=\"https:\/\/orcid.org\/0000-0003-4064-6204\" target=\"_blank\" rel=\"noreferrer noopener\"><img loading=\"lazy\" decoding=\"async\" width=\"20\" height=\"20\" class=\"wp-image-1630\" style=\"width: 20px;\" src=\"http:\/\/www.zbornik-eint.org\/wp-content\/uploads\/2025\/03\/ORCID-iD_icon-24x24-1.gif\" alt=\"\"><\/a>, str. 109 <a href=\"http:\/\/www.zbornik-eint.org\/wp-content\/uploads\/2024\/12\/8-55462-Predrag-Ninkovic.pdf\" target=\"_blank\" rel=\"noreferrer noopener\">(8-55462)<\/a> <a href=\"https:\/\/scindeks.ceon.rs\/article.aspx?artid=0350-85282434109N\" target=\"_blank\" rel=\"noreferrer noopener\">SCIndeks<\/a><\/li>\n<\/ol>\n","protected":false},"excerpt":{"rendered":"","protected":false},"author":1,"featured_media":0,"parent":63,"menu_order":1,"comment_status":"closed","ping_status":"closed","template":"","meta":{"_monsterinsights_skip_tracking":false,"_monsterinsights_sitenote_active":false,"_monsterinsights_sitenote_note":"","_monsterinsights_sitenote_category":0,"footnotes":""},"class_list":["post-1619","page","type-page","status-publish","hentry"],"_links":{"self":[{"href":"https:\/\/www.zbornik-eint.org\/index.php?rest_route=\/wp\/v2\/pages\/1619","targetHints":{"allow":["GET"]}}],"collection":[{"href":"https:\/\/www.zbornik-eint.org\/index.php?rest_route=\/wp\/v2\/pages"}],"about":[{"href":"https:\/\/www.zbornik-eint.org\/index.php?rest_route=\/wp\/v2\/types\/page"}],"author":[{"embeddable":true,"href":"https:\/\/www.zbornik-eint.org\/index.php?rest_route=\/wp\/v2\/users\/1"}],"replies":[{"embeddable":true,"href":"https:\/\/www.zbornik-eint.org\/index.php?rest_route=%2Fwp%2Fv2%2Fcomments&post=1619"}],"version-history":[{"count":9,"href":"https:\/\/www.zbornik-eint.org\/index.php?rest_route=\/wp\/v2\/pages\/1619\/revisions"}],"predecessor-version":[{"id":1641,"href":"https:\/\/www.zbornik-eint.org\/index.php?rest_route=\/wp\/v2\/pages\/1619\/revisions\/1641"}],"up":[{"embeddable":true,"href":"https:\/\/www.zbornik-eint.org\/index.php?rest_route=\/wp\/v2\/pages\/63"}],"wp:attachment":[{"href":"https:\/\/www.zbornik-eint.org\/index.php?rest_route=%2Fwp%2Fv2%2Fmedia&parent=1619"}],"curies":[{"name":"wp","href":"https:\/\/api.w.org\/{rel}","templated":true}]}}