{"id":1642,"date":"2025-12-31T13:16:21","date_gmt":"2025-12-31T11:16:21","guid":{"rendered":"https:\/\/www.zbornik-eint.org\/?page_id=1642"},"modified":"2026-01-07T17:18:23","modified_gmt":"2026-01-07T15:18:23","slug":"zbornik-radova-elektrotehnicki-institut-nikola-tesla-knjiga-35-2025","status":"publish","type":"page","link":"https:\/\/www.zbornik-eint.org\/?lang=sr","title":{"rendered":"Zbornik radova, Elektrotehni\u010dki institut Nikola Tesla, knjiga 35, 2025"},"content":{"rendered":"\n<ol class=\"wp-block-list\">\n<li><em><strong>Prognoza potro\u0161nje elektri\u010dne energije kori\u0161\u0107enjem ARIMA i LSTM modela<\/strong>, \u017divko Sokolovi\u0107, Sa\u0161a Mili\u0107, str.1<\/em><a href=\"http:\/\/www.zbornik-eint.org\/wp-content\/uploads\/2026\/01\/1-58547-Zivko-Sokolovic.pdf\" target=\"_blank\" rel=\"noreferrer noopener\">(1-58547)<\/a> <a href=\"https:\/\/scindeks.ceon.rs\/article.aspx?artid=0350-85282535001S\" target=\"_blank\" rel=\"noreferrer noopener\">SCIndeks<\/a><\/li>\n\n\n\n<li><em><strong>Odre\u0111ivanje stepena iskori\u0161\u0107enja turbogeneratora B3 nazna\u010dene snage 412 MVA u TE \u201cKostolac B\u201d<\/strong>, Ilija Klasni\u0107, Miroslav Dragi\u0107evi\u0107, Du\u0161an Joksimovi\u0107, Darko \u0160ari\u0107, \u017deljko Lazovi\u0107, str 21<\/em> <a href=\"http:\/\/www.zbornik-eint.org\/wp-content\/uploads\/2026\/01\/2-62727-Ilija-Klasnic.pdf\" target=\"_blank\" rel=\"noreferrer noopener\">(2-62727)<\/a> <a href=\"https:\/\/scindeks.ceon.rs\/article.aspx?artid=0350-85282535021K\" target=\"_blank\" rel=\"noreferrer noopener\">SCIndeks<\/a><\/li>\n\n\n\n<li><em><strong>Sistem besprekidnog napajanja snage 120 kVA u termoelektrani Kostolac A \u2013 invertori u paralelnom radu<\/strong>, Nikola Mirkovi\u0107, Blagota Jovanovi\u0107, Slavko Veinovi\u0107, Miroslav Popovi\u0107, Ivan Kuraj, An\u0111elka Mirkovi\u0107, Zlatko Simeunovi\u0107, Dejan \u017dukovski, str. 33<\/em> <a href=\"http:\/\/www.zbornik-eint.org\/wp-content\/uploads\/2026\/01\/3-63145-Nikola-MirkovicX.pdf\" target=\"_blank\" rel=\"noreferrer noopener\">(3-63145)<\/a> <a href=\"https:\/\/scindeks.ceon.rs\/article.aspx?artid=0350-85282535033M\" target=\"_blank\" rel=\"noreferrer noopener\">SCIndeks<\/a><\/li>\n\n\n\n<li><em><strong>Odre\u0111ivanje momenta inercije turboagregata<\/strong>, Jasna Dragosavac , Anita Mijajlovi\u0107, Ilija Klasni\u0107, Milan \u0110or\u0111evi\u0107, Igor Damjanac, Milo\u0161 Brdarevi\u0107, str. 49<\/em><a href=\"http:\/\/www.zbornik-eint.org\/wp-content\/uploads\/2026\/01\/4-63014-Jasna-Anita.pdf\" target=\"_blank\" rel=\"noreferrer noopener\"> (4-63014)<\/a> <a href=\"https:\/\/scindeks.ceon.rs\/article.aspx?artid=0350-85282535049D\" target=\"_blank\" rel=\"noreferrer noopener\">SCIndeks<\/a><\/li>\n\n\n\n<li><em><strong>Implementacija daljinskog upravljanja turbinskim regulatorom na ispitnom polju<\/strong>, Jovan Stevanovi\u0107, Goran Kva\u0161\u010dev, Miroslav Dragi\u0107evi\u0107, Jelena Pavlovi\u0107, str. 61<\/em><a href=\"http:\/\/www.zbornik-eint.org\/wp-content\/uploads\/2026\/01\/5-63093-Jovan-StevanovicX.pdf\" target=\"_blank\" rel=\"noreferrer noopener\">(5-63093)<\/a> <a href=\"https:\/\/scindeks.ceon.rs\/article.aspx?artid=0350-85282535061S\" target=\"_blank\" rel=\"noreferrer noopener\">SCIndeks<\/a><\/li>\n\n\n\n<li><em><strong>Metodologija za ocenu naponsko \u2013 reaktivne sposobnosti sinhronih jedinica pri izmenjenoj impedansi transformatora<\/strong>, Jasna Dragosavac, \u017darko Janda, Anita Mijajlovi\u0107, Ilija Klasni\u0107, str.<\/em> <em>73<\/em> <a href=\"http:\/\/www.zbornik-eint.org\/wp-content\/uploads\/2026\/01\/6-63149-Anita-Mijajlovic.pdf\" target=\"_blank\" rel=\"noreferrer noopener\">(6-63149)<\/a> <a href=\"https:\/\/scindeks.ceon.rs\/article.aspx?artid=0350-85282535073D\" target=\"_blank\" rel=\"noreferrer noopener\">SCIndeks<\/a><\/li>\n\n\n\n<li><em><strong>Snimanje frekventnog odziva namotaja metodom SFRA (Sweep Frequency Response Analysis) \u2013 primeri nakon kvarova na energetskim transformatorima i uticaji na sniml\u0458ene odzive<\/strong>, Mom\u010dilo Mili\u0107, \u0110or\u0111e Jovanovi\u0107, Marko Dimitrijevi\u0107, str.  87<\/em> <a href=\"http:\/\/www.zbornik-eint.org\/wp-content\/uploads\/2026\/01\/7-62902-Momcilo-Milic.pdf\" target=\"_blank\" rel=\"noreferrer noopener\">(7-62902)<\/a> <a href=\"https:\/\/scindeks.ceon.rs\/article.aspx?artid=0350-85282535087M\" target=\"_blank\" rel=\"noreferrer noopener\">SCIndeks<\/a><\/li>\n\n\n\n<li><em><strong>Idejno re\u0161enje za unapre\u0111enje sistema za napajanje elektrolizera i proizvodnju vodonika<\/strong>, Nikola Kova\u010devi\u0107, Kristina Lazovi\u0107, Milorad Igi\u0107, Sava Dobri\u010di\u0107, str. 105<\/em> <a href=\"http:\/\/www.zbornik-eint.org\/wp-content\/uploads\/2026\/01\/8-63000-Nikola-Kovacevic.pdf\" target=\"_blank\" rel=\"noreferrer noopener\">(8-63000)<\/a> <a href=\"https:\/\/scindeks.ceon.rs\/article.aspx?artid=0350-85282535105K\" target=\"_blank\" rel=\"noreferrer noopener\">SCIndeks<\/a><\/li>\n\n\n\n<li><em><strong>Kinetika reakcije elementarnog sumpora i srebra u sintetskim estrima i pore\u0111enje sa mineralnim uljima<\/strong>, Milica \u0110uki\u0107, Jelena Luki\u0107, Jelena Jankovi\u0107, Dejan Kolarski, str.127<\/em> <a href=\"http:\/\/www.zbornik-eint.org\/wp-content\/uploads\/2026\/01\/9-63582-Milica-Djukic.pdf\" target=\"_blank\" rel=\"noreferrer noopener\">(9-63582)<\/a> <a href=\"https:\/\/scindeks.ceon.rs\/article.aspx?artid=0350-85282535127Q\" target=\"_blank\" rel=\"noreferrer noopener\">SCIndeks<\/a><\/li>\n\n\n\n<li><em><strong>Tehni\u010dke specifikacije za nabavku energetskih transformatora<\/strong>, Mihajlo Risti\u0107, Slobodan Maksimovi\u0107, Branko Pejovi\u0107, \u0110or\u0111e Jovanovi\u0107, Dragan Tesli\u0107, Miroslav Radoj\u010di\u0107, Vesna Radin, str.147<\/em> <a href=\"http:\/\/www.zbornik-eint.org\/wp-content\/uploads\/2026\/01\/10-55545-Mihajlo-Ristic.pdf\" target=\"_blank\" rel=\"noreferrer noopener\">(10-55545)<\/a> <a href=\"https:\/\/scindeks.ceon.rs\/article.aspx?artid=0350-85282535147R\" target=\"_blank\" rel=\"noreferrer noopener\">SCIndeks<\/a><\/li>\n<\/ol>\n","protected":false},"excerpt":{"rendered":"","protected":false},"author":1,"featured_media":0,"parent":12,"menu_order":2,"comment_status":"closed","ping_status":"closed","template":"","meta":{"_monsterinsights_skip_tracking":false,"_monsterinsights_sitenote_active":false,"_monsterinsights_sitenote_note":"","_monsterinsights_sitenote_category":0,"footnotes":""},"class_list":["post-1642","page","type-page","status-publish","hentry"],"_links":{"self":[{"href":"https:\/\/www.zbornik-eint.org\/index.php?rest_route=\/wp\/v2\/pages\/1642","targetHints":{"allow":["GET"]}}],"collection":[{"href":"https:\/\/www.zbornik-eint.org\/index.php?rest_route=\/wp\/v2\/pages"}],"about":[{"href":"https:\/\/www.zbornik-eint.org\/index.php?rest_route=\/wp\/v2\/types\/page"}],"author":[{"embeddable":true,"href":"https:\/\/www.zbornik-eint.org\/index.php?rest_route=\/wp\/v2\/users\/1"}],"replies":[{"embeddable":true,"href":"https:\/\/www.zbornik-eint.org\/index.php?rest_route=%2Fwp%2Fv2%2Fcomments&post=1642"}],"version-history":[{"count":5,"href":"https:\/\/www.zbornik-eint.org\/index.php?rest_route=\/wp\/v2\/pages\/1642\/revisions"}],"predecessor-version":[{"id":1658,"href":"https:\/\/www.zbornik-eint.org\/index.php?rest_route=\/wp\/v2\/pages\/1642\/revisions\/1658"}],"up":[{"embeddable":true,"href":"https:\/\/www.zbornik-eint.org\/index.php?rest_route=\/wp\/v2\/pages\/12"}],"wp:attachment":[{"href":"https:\/\/www.zbornik-eint.org\/index.php?rest_route=%2Fwp%2Fv2%2Fmedia&parent=1642"}],"curies":[{"name":"wp","href":"https:\/\/api.w.org\/{rel}","templated":true}]}}