{"id":1664,"date":"2026-01-07T18:38:16","date_gmt":"2026-01-07T16:38:16","guid":{"rendered":"https:\/\/www.zbornik-eint.org\/?page_id=1664"},"modified":"2026-01-07T18:38:19","modified_gmt":"2026-01-07T16:38:19","slug":"proceedings-electrical-engineering-institute-nikola-tesla-vol-35-2025","status":"publish","type":"page","link":"https:\/\/www.zbornik-eint.org\/?lang=en","title":{"rendered":"Proceedings, Electrical engineering institute Nikola Tesla, vol. 35, 2025"},"content":{"rendered":"\n<ol class=\"wp-block-list\">\n<li><em><strong>Electricity Consumption Forecasting using ARIMA and LSTM<\/strong>, \u017divko Sokolovi\u0107, Sa\u0161a Mili\u0107, pp.1<\/em> <a href=\"http:\/\/www.zbornik-eint.org\/wp-content\/uploads\/2026\/01\/1-58547-Zivko-Sokolovic.pdf\" target=\"_blank\" rel=\"noreferrer noopener\">(1-58547)<\/a> <a href=\"https:\/\/scindeks.ceon.rs\/article.aspx?artid=0350-85282535001S\" target=\"_blank\" rel=\"noreferrer noopener\">SCIndeks<\/a><\/li>\n\n\n\n<li><strong><em>Determination of the Efficiency of the Turbogenerator B3 Rated 412 MVA at the Kostolac B Thermal Power Plant<\/em><\/strong>, <em>Ilija Klasni\u0107, Miroslav Dragi\u0107evi\u0107, Du\u0161an Joksimovi\u0107, Darko \u0160ari\u0107, \u017deljko Lazovi\u0107, pp. 21<\/em> <a href=\"http:\/\/www.zbornik-eint.org\/wp-content\/uploads\/2026\/01\/2-62727-Ilija-Klasnic.pdf\" target=\"_blank\" rel=\"noreferrer noopener\">(2-62727)<\/a> <a href=\"https:\/\/scindeks.ceon.rs\/article.aspx?artid=0350-85282535021K\" target=\"_blank\" rel=\"noreferrer noopener\">SCIndeks<\/a><\/li>\n\n\n\n<li><em><strong>A 120 kVA Uninterrupted Power Supply System in Kostolac A Thermal Power Plant \u2013 Inverters in Parallel Operation<\/strong>, Nikola Mirkovi\u0107, Blagota Jovanovi\u0107, Slavko Veinovi\u0107, Miroslav Popovi\u0107, Ivan Kuraj, An\u0111elka Mirkovi\u0107, Zlatko Simeunovi\u0107, Dejan \u017dukovski, pp. 33<\/em> <a href=\"http:\/\/www.zbornik-eint.org\/wp-content\/uploads\/2026\/01\/3-63145-Nikola-MirkovicX.pdf\" target=\"_blank\" rel=\"noreferrer noopener\">(3-63145)<\/a> <a href=\"https:\/\/scindeks.ceon.rs\/article.aspx?artid=0350-85282535033M\" target=\"_blank\" rel=\"noreferrer noopener\">SCIndeks<\/a><\/li>\n\n\n\n<li><em><strong>Estimation of the Moment of Inertia of a Unit in a Thermal Power Plant<\/strong>, Jasna Dragosavac, Anita Mijajlovi\u0107, Ilija Klasni\u0107, Milan \u0110or\u0111evi\u0107, Igor Damjanac, Milo\u0161 Brdarevi\u0107, pp. 49<\/em> <a href=\"http:\/\/www.zbornik-eint.org\/wp-content\/uploads\/2026\/01\/4-63014-Jasna-Anita.pdf\" target=\"_blank\" rel=\"noreferrer noopener\">(4-63014)<\/a> <a href=\"https:\/\/scindeks.ceon.rs\/article.aspx?artid=0350-85282535049D\" target=\"_blank\" rel=\"noreferrer noopener\">SCIndeks<\/a><\/li>\n\n\n\n<li><em><strong>Remote Control Implementation of the Hydraulic Turbine Governor on the Test Field<\/strong>, Jovan Stevanovi\u0107, Goran Kva\u0161\u010dev, Miroslav Dragi\u0107evi\u0107, Jelena Pavlovi\u0107, pp. 61<\/em> <a href=\"http:\/\/www.zbornik-eint.org\/wp-content\/uploads\/2026\/01\/5-63093-Jovan-StevanovicX.pdf\" target=\"_blank\" rel=\"noreferrer noopener\">(5-63093)<\/a> <a href=\"https:\/\/scindeks.ceon.rs\/article.aspx?artid=0350-85282535061S\" target=\"_blank\" rel=\"noreferrer noopener\">SCIndeks<\/a><\/li>\n\n\n\n<li><em><strong>Methodology for Assessing Voltage\u2013Reactive Power Capability of Synchronous Units under Modified Transformer Impedance<\/strong>, Jasna Dragosavac, \u017darko Janda, Anita Mijajlovi\u0107, Ilija Klasni\u0107, pp. 73<\/em> <a href=\"http:\/\/www.zbornik-eint.org\/wp-content\/uploads\/2026\/01\/6-63149-Anita-Mijajlovic.pdf\" target=\"_blank\" rel=\"noreferrer noopener\">(6-63149)<\/a> <a href=\"https:\/\/scindeks.ceon.rs\/article.aspx?artid=0350-85282535073D\" target=\"_blank\" rel=\"noreferrer noopener\">SCIndeks<\/a><\/li>\n\n\n\n<li><em><strong>Measurements of Power Transformers Winding Frequency Response Using the SFRA (Sweep Frequency Response Analysis) Method\u2014examples after failures in power transformers and factors that have influence on the recorded frequency responses<\/strong>, \u00a0Mom\u010dilo Mili\u0107, \u0110or\u0111e Jovanovi\u0107, Marko Dimitrijevi\u0107, pp. 87<\/em> <a href=\"http:\/\/www.zbornik-eint.org\/wp-content\/uploads\/2026\/01\/7-62902-Momcilo-Milic.pdf\" target=\"_blank\" rel=\"noreferrer noopener\">(7-62902)<\/a> <a href=\"https:\/\/scindeks.ceon.rs\/article.aspx?artid=0350-85282535087M\" target=\"_blank\" rel=\"noreferrer noopener\">SCIndeks<\/a><\/li>\n\n\n\n<li><em><strong>Conceptual Solution for Enhancing the Electrolyser Power Supply System and Hydrogen Production<\/strong>, Nikola Kova\u010devi\u0107, Kristina Lazovi\u0107, Milorad Igi\u0107, Sava Dobri\u010di\u0107, pp.105<\/em> <a href=\"http:\/\/www.zbornik-eint.org\/wp-content\/uploads\/2026\/01\/8-63000-Nikola-Kovacevic.pdf\" target=\"_blank\" rel=\"noreferrer noopener\">(8-63000)<\/a> <a href=\"https:\/\/scindeks.ceon.rs\/article.aspx?artid=0350-85282535105K\" target=\"_blank\" rel=\"noreferrer noopener\">SCIndeks<\/a><\/li>\n\n\n\n<li><em><strong>Kinetics of the Reaction between Elemental Sulfur and Silver in Synthetic Esters and Comparison with Mineral Oils<\/strong>, Milica \u0110uki\u0107, Jelena Luki\u0107, Jelena Jankovi\u0107, Dejan Kolarski, pp.127<\/em> <a href=\"http:\/\/www.zbornik-eint.org\/wp-content\/uploads\/2026\/01\/9-63582-Milica-Djukic.pdf\" target=\"_blank\" rel=\"noreferrer noopener\">(9-63582)<\/a> <a href=\"https:\/\/scindeks.ceon.rs\/article.aspx?artid=0350-85282535127Q\" target=\"_blank\" rel=\"noreferrer noopener\">SCIndeks<\/a><\/li>\n\n\n\n<li><em><strong>Technical Specifications for the Procurement of Power Transformers<\/strong>, Mihajlo Risti\u0107, Slobodan Maksimovi\u0107, Branko Pejovi\u0107, \u0110or\u0111e Jovanovi\u0107, Dragan Tesli\u0107, Miroslav Radoj\u010di\u0107, Vesna Radin, <\/em>pp.<em>147<\/em> <a href=\"http:\/\/www.zbornik-eint.org\/wp-content\/uploads\/2026\/01\/10-55545-Mihajlo-Ristic.pdf\" target=\"_blank\" rel=\"noreferrer noopener\">(10-55545)<\/a> <a href=\"https:\/\/scindeks.ceon.rs\/article.aspx?artid=0350-85282535147R\" target=\"_blank\" rel=\"noreferrer noopener\">SCIndeks<\/a><\/li>\n<\/ol>\n","protected":false},"excerpt":{"rendered":"","protected":false},"author":1,"featured_media":0,"parent":565,"menu_order":2,"comment_status":"closed","ping_status":"closed","template":"","meta":{"_monsterinsights_skip_tracking":false,"_monsterinsights_sitenote_active":false,"_monsterinsights_sitenote_note":"","_monsterinsights_sitenote_category":0,"footnotes":""},"class_list":["post-1664","page","type-page","status-publish","hentry"],"_links":{"self":[{"href":"https:\/\/www.zbornik-eint.org\/index.php?rest_route=\/wp\/v2\/pages\/1664","targetHints":{"allow":["GET"]}}],"collection":[{"href":"https:\/\/www.zbornik-eint.org\/index.php?rest_route=\/wp\/v2\/pages"}],"about":[{"href":"https:\/\/www.zbornik-eint.org\/index.php?rest_route=\/wp\/v2\/types\/page"}],"author":[{"embeddable":true,"href":"https:\/\/www.zbornik-eint.org\/index.php?rest_route=\/wp\/v2\/users\/1"}],"replies":[{"embeddable":true,"href":"https:\/\/www.zbornik-eint.org\/index.php?rest_route=%2Fwp%2Fv2%2Fcomments&post=1664"}],"version-history":[{"count":8,"href":"https:\/\/www.zbornik-eint.org\/index.php?rest_route=\/wp\/v2\/pages\/1664\/revisions"}],"predecessor-version":[{"id":1672,"href":"https:\/\/www.zbornik-eint.org\/index.php?rest_route=\/wp\/v2\/pages\/1664\/revisions\/1672"}],"up":[{"embeddable":true,"href":"https:\/\/www.zbornik-eint.org\/index.php?rest_route=\/wp\/v2\/pages\/565"}],"wp:attachment":[{"href":"https:\/\/www.zbornik-eint.org\/index.php?rest_route=%2Fwp%2Fv2%2Fmedia&parent=1664"}],"curies":[{"name":"wp","href":"https:\/\/api.w.org\/{rel}","templated":true}]}}