{"id":265,"date":"2015-04-23T14:14:01","date_gmt":"2015-04-23T12:14:01","guid":{"rendered":"http:\/\/www.zbornik-eint.org\/?page_id=265"},"modified":"2024-12-29T22:17:36","modified_gmt":"2024-12-29T20:17:36","slug":"zbornik-radova-elektrotehnicki-institut-nikola-tesla-knjiga-17-2005","status":"publish","type":"page","link":"https:\/\/www.zbornik-eint.org\/?page_id=265&lang=sr","title":{"rendered":"Zbornik radova, Elektrotehni\u010dki institut Nikola Tesla, knjiga 17, 2005"},"content":{"rendered":"<ol>\n<li><em>Jedna unapre\u0111ena metoda upravljanja tokovima aktivnih snaga pomo\u0107u stati\u010dkih transformatora za regulaciju ugla<\/em> , Dragan P. Popovi\u0107, str. 1 (<a href=\"http:\/\/www.zbornik-eint.org\/wp-content\/uploads\/2015\/04\/1JEDNA-UNAPRE\u00d0ENA-METODA-UPRAVLJANJA-TOKOVIMA-AKTIVNIH-SNAGA-POMOCU-STATICKIH-TRANSFORMATORA-ZA-REGULACIJU-UGLA.pdf\">1-2005<\/a>)<i><\/i><\/li>\n<li><em>Mera\u010d brzine vetra, <\/em>Slobodan \u0160kundri\u0107, Srboljub Vukovojac, Nid\u017eo Miladinovi\u0107, Sr\u0111an Milosavljevi\u0107, str. 9 (<a href=\"http:\/\/www.zbornik-eint.org\/wp-content\/uploads\/2015\/04\/2MERAC-BRZINE-VETRA.pdf\">2-2005<\/a>)<\/li>\n<li><i><\/i><em>Vremenski orijentisan hijerarhijski metod za izra\u010dunavanje PCA i MCA, <\/em>Marko Jankovi\u0107, str. 19 (<a href=\"http:\/\/www.zbornik-eint.org\/wp-content\/uploads\/2015\/04\/3Vremenski-orijentisan-hijerarhijski-metod-za-izracunavanje-PCA-i-MCA.pdf\">3-2005<\/a>)<\/li>\n<li><em>Uticaj jonizuju\u0107eg zra\u010denja na karakteristike linearnih stabilizatora napona, <\/em>Vladimir Vuki\u0107, str. 31 (<a href=\"http:\/\/www.zbornik-eint.org\/wp-content\/uploads\/2015\/04\/4Uticaj-jonizujeceg-zracenja-na-karakteristike-linearnih-stabilizatora-napona.pdf\">4-2005<\/a>)<\/li>\n<li><em>Uporedna analiza efekata regeneracije kori\u0161\u0107enih transformatorskih ulja primenom prirodnih i sintenti\u010dkih adsorbenta na bazi alumino-silikata<\/em>, Jelena Luki\u0107<i><\/i>, Ksenija Draki\u0107, Vesna Radin, Vlada Ivan\u010devi\u0107, str. 45 (<a href=\"http:\/\/www.zbornik-eint.org\/wp-content\/uploads\/2015\/04\/5Uporedna-analiza-efekata-regeneracije-koriscenih-transformatorskih-ulja.pdf\">5-2005<\/a>)<i><\/i><\/li>\n<li><em>Uzroci havarijskih doga\u0111aja u mre\u017ei 10 kV Kombinata aluminijuma, <\/em>Petar Vukelja, Jovan Mrvi\u0107, Dejan Hrvi\u0107, str. 53 (<a href=\"http:\/\/www.zbornik-eint.org\/wp-content\/uploads\/2015\/04\/6Uzroci-havarijskih-dogadjaja-u-mrezi-10kV-kombinata-aluminijuma.pdf\">6-2005<\/a>)<\/li>\n<li><em>Istra\u017eivanja prelaznih napona i struja i ispitivanja opreme u elektroenergetskoj mre\u017ei U.S. Steel Serbia, <\/em>Petar Vukelja, Jovan Mrvi\u0107, Dejan Hrvi\u0107, str. 67 (<a href=\"http:\/\/www.zbornik-eint.org\/wp-content\/uploads\/2015\/04\/7Istrazivanje-prelaznih-napona-i-struja-i-ispitivanja-opreme.pdf\">7-2005<\/a>)<\/li>\n<li><em>Realizacija predregulatora za sistem napajanja sa baterije 110Vdc, <\/em>Predrag Ninkovi\u0107, Blagota Jovanovi\u0107, Marko Jankovi\u0107, str. 81 (<a href=\"http:\/\/www.zbornik-eint.org\/wp-content\/uploads\/2015\/04\/8REALIZACIJA-PREDREGULATORA-ZA-SISTEM-NAPAJANJA-SA-BATERIJE-110VDC.pdf\">8-2005<\/a>)<\/li>\n<li><em>Mere za pove\u0107anje energetske efikasnosti u industriji papira analizom kvaliteta elektri\u010dne energije, <\/em>Aleksandar Nikoli\u0107, str. 93 (<a href=\"http:\/\/www.zbornik-eint.org\/wp-content\/uploads\/2015\/04\/9Mere-za-povecanje-energetske-efikasnosti-u-industriji-papira.pdf\">9-2005<\/a>)<\/li>\n<li><em>Termografska istra\u017eivanja u elektroenergetskim postrojenjima Elektroprivrede Srbije, <\/em>Miomir Sen\u0107ani\u0107, Ljubi\u0161a \u010ci\u010dkari\u0107, Ninoslav Simi\u0107, str. 103 (<a href=\"http:\/\/www.zbornik-eint.org\/wp-content\/uploads\/2015\/04\/10Termografska-istrazivanja-u-elektroenergetskim-postrojenjima.pdf\">10-2005<\/a>)<\/li>\n<li><em>Odre\u0111ivanje redukcionog faktora 110\u00a0kV kablovskog voda \u201cBeograd 17-Obili<\/em><em>\u0107<\/em><em>\u201d, <\/em>Mladen \u0160upi\u0107, Mom\u010dilo Petrovi\u0107, str. 115 (<a href=\"http:\/\/www.zbornik-eint.org\/wp-content\/uploads\/2015\/04\/11Odredjivanje-redukcionog-faktora-110.pdf\">11-2005<\/a>)<\/li>\n<\/ol>\n","protected":false},"excerpt":{"rendered":"<p>Jedna unapre\u0111ena metoda upravljanja tokovima aktivnih snaga pomo\u0107u stati\u010dkih transformatora za regulaciju ugla , Dragan P. Popovi\u0107, str. 1 (1-2005) Mera\u010d brzine vetra, Slobodan \u0160kundri\u0107, Srboljub Vukovojac, Nid\u017eo Miladinovi\u0107, Sr\u0111an Milosavljevi\u0107, str. 9 (2-2005) Vremenski orijentisan hijerarhijski metod za izra\u010dunavanje PCA i MCA, Marko Jankovi\u0107, str. 19 (3-2005) Uticaj jonizuju\u0107eg zra\u010denja na karakteristike linearnih stabilizatora &hellip; <a href=\"https:\/\/www.zbornik-eint.org\/?page_id=265&#038;lang=sr\" class=\"more-link\">Continue reading <span class=\"screen-reader-text\">Zbornik radova, Elektrotehni\u010dki institut Nikola Tesla, knjiga 17, 2005<\/span> <span class=\"meta-nav\">&rarr;<\/span><\/a><\/p>\n","protected":false},"author":1,"featured_media":0,"parent":63,"menu_order":18,"comment_status":"closed","ping_status":"closed","template":"","meta":{"_monsterinsights_skip_tracking":false,"_monsterinsights_sitenote_active":false,"_monsterinsights_sitenote_note":"","_monsterinsights_sitenote_category":0,"footnotes":""},"class_list":["post-265","page","type-page","status-publish","hentry"],"_links":{"self":[{"href":"https:\/\/www.zbornik-eint.org\/index.php?rest_route=\/wp\/v2\/pages\/265","targetHints":{"allow":["GET"]}}],"collection":[{"href":"https:\/\/www.zbornik-eint.org\/index.php?rest_route=\/wp\/v2\/pages"}],"about":[{"href":"https:\/\/www.zbornik-eint.org\/index.php?rest_route=\/wp\/v2\/types\/page"}],"author":[{"embeddable":true,"href":"https:\/\/www.zbornik-eint.org\/index.php?rest_route=\/wp\/v2\/users\/1"}],"replies":[{"embeddable":true,"href":"https:\/\/www.zbornik-eint.org\/index.php?rest_route=%2Fwp%2Fv2%2Fcomments&post=265"}],"version-history":[{"count":3,"href":"https:\/\/www.zbornik-eint.org\/index.php?rest_route=\/wp\/v2\/pages\/265\/revisions"}],"predecessor-version":[{"id":280,"href":"https:\/\/www.zbornik-eint.org\/index.php?rest_route=\/wp\/v2\/pages\/265\/revisions\/280"}],"up":[{"embeddable":true,"href":"https:\/\/www.zbornik-eint.org\/index.php?rest_route=\/wp\/v2\/pages\/63"}],"wp:attachment":[{"href":"https:\/\/www.zbornik-eint.org\/index.php?rest_route=%2Fwp%2Fv2%2Fmedia&parent=265"}],"curies":[{"name":"wp","href":"https:\/\/api.w.org\/{rel}","templated":true}]}}