{"id":398,"date":"2015-05-07T11:10:01","date_gmt":"2015-05-07T09:10:01","guid":{"rendered":"http:\/\/www.zbornik-eint.org\/?page_id=398"},"modified":"2026-01-07T17:31:45","modified_gmt":"2026-01-07T15:31:45","slug":"proceedings-electrical-engineering-institute-nikola-tesla-vol-22-2012","status":"publish","type":"page","link":"https:\/\/www.zbornik-eint.org\/?page_id=398&lang=en","title":{"rendered":"Proceedings, Electrical engineering institute Nikola Tesla, vol. 22, 2012"},"content":{"rendered":"<ol>\n<li><em>Generator Voltage Droop and Voltage-Reactive States of Transmission Networks,<\/em>\u00a0M. Ivanovi\u0107, D.P. Popovi\u0107, \u0110. Stoji\u0107, S. Veinovi\u0107, M. Milinkovi\u0107, D. Arnautovi\u0107, S. Mini\u0107 , pp. 1 (<a href=\"http:\/\/www.zbornik-eint.org\/wp-content\/uploads\/2015\/04\/1-2012.pdf\">1-2012<\/a>)<\/li>\n<li><em>The Operating Performance Tests of Power Unit A1 in HPP &#8220;Zvornik&#8221; in Load-Frequency Control, V.\u00a0<\/em>Stanoj\u010di\u0107, D. D\u017eep\u010deski, D. Arnautovi\u0107 S. Bogdanovi\u0107, J. Pavlovi\u0107, pp. \u00a021 (<a href=\"http:\/\/www.zbornik-eint.org\/wp-content\/uploads\/2015\/04\/2-2012.pdf\">2-2012<\/a>)<\/li>\n<li><em>Mathematical Model of Transmission Network Static State Estimation, A.\u00a0<\/em>Ivanov, D. \u0110or\u0111evi\u0107, pp. 33 (<a href=\"http:\/\/www.zbornik-eint.org\/wp-content\/uploads\/2015\/04\/3-2012.pdf\">3-2012<\/a>)<\/li>\n<li><em>Models of Hydro Power Plant in Dynamic Security Analyses of Electric Power Interconnections,<\/em>\u00a0M. Ivanovi\u0107, D.P. Popovi\u0107, D. Arnautovi\u0107, S. Bogdanovi\u0107, D. D\u017eep\u010deski, J. Dragosavac, J. Pavlovi\u0107, S. Mini\u0107, pp. 43 (<a href=\"http:\/\/www.zbornik-eint.org\/wp-content\/uploads\/2015\/04\/4-2012.pdf\">4-2012<\/a>)<\/li>\n<li><em>Models of Generator Excitation Control Systems in Dynamic Security Analyses of Electric Power Interconnections, <\/em>M<em>.\u00a0<\/em> Ivanovi\u0107, D.P. Popovi\u0107, \u0110. Stoji\u0107, S. Veinovi\u0107, D. Joksimovi\u0107, S. Mini\u0107, pp. 69 (<a href=\"http:\/\/www.zbornik-eint.org\/wp-content\/uploads\/2015\/04\/5-2012.pdf\">5-2012<\/a>)<\/li>\n<li><em>Primary, Secondary and Tertiary Frequency Control in Dynamic Security Analyses of Electric Power Interconnections, M.\u00a0<\/em>Ivanovi\u0107, D.P. Popovi\u0107, S. Mini\u0107, pp. \u00a093 (<a href=\"http:\/\/www.zbornik-eint.org\/wp-content\/uploads\/2015\/04\/6-2012.pdf\">6-2012<\/a>)<\/li>\n<li><em>Measurement of Definite Integral Product of Two or More Signals Using Two-Bit ADCs, <\/em>Li\u010dina, P. Sovilj, V. Vuji\u010di\u0107, pp. 117 (<a href=\"http:\/\/www.zbornik-eint.org\/wp-content\/uploads\/2015\/04\/7-2012.pdf\">7-2012<\/a>)<\/li>\n<li><em>Experimental Research of the Effects of Different Shields on Power Frequency Electric Field Mitigation<\/em>, J. Nahman, D. Salamon, M. Grbi\u0107, pp. 137 (<a href=\"http:\/\/www.zbornik-eint.org\/wp-content\/uploads\/2015\/04\/8-2012.pdf\">8-2012<\/a>)<\/li>\n<li><em>Determination of Regression Functions for the Charging and Discharging Processes of Valve Regulated Lead-Acid Batteries, V.\u00a0<\/em>Vuki\u0107, pp<em>.\u00a0<\/em>153 (<a href=\"http:\/\/www.zbornik-eint.org\/wp-content\/uploads\/2015\/04\/9-2012.pdf\">9-2012<\/a>)<\/li>\n<li><em>Experimental Research of the Effects of Different Shields on Power Frequency Magnetic Induction Mitigation<\/em>, J. Nahman, D. Salamon, M. Grbi\u0107,pp. 173 (<a href=\"http:\/\/www.zbornik-eint.org\/wp-content\/uploads\/2015\/04\/10-2012.pdf\">10-2012<\/a>)<\/li>\n<li><em>Currents and Overvoltages Caused by Establishing and Interrupting of Ground Faults in 10 kV Network in the City of Nis, <\/em>P.<em>\u00a0<\/em>Vukelja, J. Mrvi\u0107, D. Hrvi\u0107, pp. 185 (<a href=\"http:\/\/www.zbornik-eint.org\/wp-content\/uploads\/2015\/04\/11-2012.pdf\">11-2012<\/a>)<\/li>\n<li><em>Characteristics and Possibilities of Software Tool for Metal-Oxide Surge Arresters Selection, <\/em>D<em>.\u00a0<\/em>\u0110or\u0111evi\u0107, Z .Stojkovi\u0107, A. Ivanov, pp. 195 (<a href=\"http:\/\/www.zbornik-eint.org\/wp-content\/uploads\/2015\/04\/12-2012.pdf\">12-2012<\/a>)<\/li>\n<li><em>Interlaboratory Comparison of Measuring Results of Magnetic Field near 400 kV Overhead Power Line, <\/em>M.<em>\u00a0<\/em>Grbi\u0107, A. Pavlovi\u0107, pp. \u00a0209 (<a href=\"http:\/\/www.zbornik-eint.org\/wp-content\/uploads\/2015\/04\/13-2012.pdf\">13-2012<\/a>)<\/li>\n<li><em>Ultrasonic Partial Discharge Monitoring Method On Instrument Transformers, <\/em>N.<em>\u00a0<\/em> Kartalovi\u0107, N. Ili\u0107, A. Milo\u0161evi\u0107, D. Tesli\u0107, N. Caki\u0107, S. Milosavljevi\u0107, pp. 223 (<a href=\"http:\/\/www.zbornik-eint.org\/wp-content\/uploads\/2015\/04\/14-2012.pdf\">14-2012<\/a>)<\/li>\n<li><em>The Advanced Eccentricity and Broken Cage Diagnostic Method for Medium Voltage Induction Motors<\/em>, \u017d. Janda, M. Jankovi\u0107, M. Milo\u0161evi\u0107, B. Jovanovi\u0107 , pp. \u00a0235 (<a href=\"http:\/\/www.zbornik-eint.org\/wp-content\/uploads\/2015\/04\/15-2012.pdf\">15-2012<\/a>)<\/li>\n<li><em>System for magnetic monitoring of high voltage motors MM6212, <\/em>N,<em>\u00a0<\/em>Kartalovi\u0107, B. Babi\u0107, N. Ili\u0107, S.Milosavljevi\u0107, pp. \u00a0251 (<a href=\"http:\/\/www.zbornik-eint.org\/wp-content\/uploads\/2015\/04\/16-2012.pdf\">16-2012<\/a>)<\/li>\n<\/ol>\n","protected":false},"excerpt":{"rendered":"<p>Generator Voltage Droop and Voltage-Reactive States of Transmission Networks,\u00a0M. Ivanovi\u0107, D.P. Popovi\u0107, \u0110. Stoji\u0107, S. Veinovi\u0107, M. Milinkovi\u0107, D. Arnautovi\u0107, S. Mini\u0107 , pp. 1 (1-2012) The Operating Performance Tests of Power Unit A1 in HPP &#8220;Zvornik&#8221; in Load-Frequency Control, V.\u00a0Stanoj\u010di\u0107, D. D\u017eep\u010deski, D. Arnautovi\u0107 S. Bogdanovi\u0107, J. Pavlovi\u0107, pp. \u00a021 (2-2012) Mathematical Model of &hellip; <a href=\"https:\/\/www.zbornik-eint.org\/?page_id=398&#038;lang=en\" class=\"more-link\">Continue reading <span class=\"screen-reader-text\">Proceedings, Electrical engineering institute Nikola Tesla, vol. 22, 2012<\/span> <span class=\"meta-nav\">&rarr;<\/span><\/a><\/p>\n","protected":false},"author":1,"featured_media":0,"parent":393,"menu_order":13,"comment_status":"closed","ping_status":"open","template":"","meta":{"_monsterinsights_skip_tracking":false,"_monsterinsights_sitenote_active":false,"_monsterinsights_sitenote_note":"","_monsterinsights_sitenote_category":0,"footnotes":""},"class_list":["post-398","page","type-page","status-publish","hentry"],"_links":{"self":[{"href":"https:\/\/www.zbornik-eint.org\/index.php?rest_route=\/wp\/v2\/pages\/398","targetHints":{"allow":["GET"]}}],"collection":[{"href":"https:\/\/www.zbornik-eint.org\/index.php?rest_route=\/wp\/v2\/pages"}],"about":[{"href":"https:\/\/www.zbornik-eint.org\/index.php?rest_route=\/wp\/v2\/types\/page"}],"author":[{"embeddable":true,"href":"https:\/\/www.zbornik-eint.org\/index.php?rest_route=\/wp\/v2\/users\/1"}],"replies":[{"embeddable":true,"href":"https:\/\/www.zbornik-eint.org\/index.php?rest_route=%2Fwp%2Fv2%2Fcomments&post=398"}],"version-history":[{"count":1,"href":"https:\/\/www.zbornik-eint.org\/index.php?rest_route=\/wp\/v2\/pages\/398\/revisions"}],"predecessor-version":[{"id":399,"href":"https:\/\/www.zbornik-eint.org\/index.php?rest_route=\/wp\/v2\/pages\/398\/revisions\/399"}],"up":[{"embeddable":true,"href":"https:\/\/www.zbornik-eint.org\/index.php?rest_route=\/wp\/v2\/pages\/393"}],"wp:attachment":[{"href":"https:\/\/www.zbornik-eint.org\/index.php?rest_route=%2Fwp%2Fv2%2Fmedia&parent=398"}],"curies":[{"name":"wp","href":"https:\/\/api.w.org\/{rel}","templated":true}]}}