{"id":404,"date":"2015-05-08T11:10:21","date_gmt":"2015-05-08T09:10:21","guid":{"rendered":"http:\/\/www.zbornik-eint.org\/?page_id=404"},"modified":"2026-01-07T17:31:45","modified_gmt":"2026-01-07T15:31:45","slug":"proceedings-electrical-engineering-institute-nikola-tesla-vol-20-2010","status":"publish","type":"page","link":"https:\/\/www.zbornik-eint.org\/?page_id=404&lang=en","title":{"rendered":"Proceedings, Electrical engineering institute Nikola Tesla, vol. 20, 2010"},"content":{"rendered":"<ol>\n<li><em>Characteristics and Possibilities of Computer Program for Generators Real-Time Voltages Control<\/em>, Milan Ivanovi\u0107, Dragan Popovi\u0107, Milo\u0161 Stojkovi\u0107, pp. 1<em> (<a href=\"http:\/\/www.zbornik-eint.org\/wp-content\/uploads\/2015\/04\/1Karakteristike-i-mogucnosti-racunarskog-programa-za-upravljanje-naponima-generato_.pdf\">1-2010<\/a>)<\/em><\/li>\n<li><em>Analytical Approach to Iron Losses Measuring, <\/em>Nenad Petrovi\u0107, Dragan Kova\u010devi\u0107, Vladimir Vuji\u010di\u0107, Slobodan Milovan\u010dev, pp. 11 (<a href=\"http:\/\/www.zbornik-eint.org\/wp-content\/uploads\/2015\/04\/2Analiticki-pristup-merenja-gubitaka-u-gvozdju.pdf\">2-2010<\/a>)<\/li>\n<li style=\"text-align: justify;\"><em>Calculation of Three-Phase Short Circuit Power in Current and Elaborated Perspective Distribution Network of ED Vranje, <\/em>Petar Kova\u010devi\u0107, Maja Markovi\u0107, pp. \u00a025 (<a href=\"http:\/\/www.zbornik-eint.org\/wp-content\/uploads\/2015\/04\/3Proracun-snaga-trofaznog-kratkog-spoja-u-aktuelnoj-i-perspektivno-sagledanoj-dist_.pdf\">3-2010<\/a>)<\/li>\n<li><em>Analysis of the Distribution Network with High Non-Technical Losses of Electricity, <\/em>Maja Markovi\u0107, Petar Kova\u010devi\u0107, pp. 37 (<a href=\"http:\/\/www.zbornik-eint.org\/wp-content\/uploads\/2015\/04\/4Analiza-rada-distributivne-mreze-sa-visokim-netehnickim-gubicima-elektricne-energ_.pdf\">4-2010<\/a>)<\/li>\n<li><em>Application of the Method of Generalized Reduced Gradient (GRG) to the Problem of the Optimal Location and Power Devices for Reactive Power Compensation in Distribution Networks, <\/em>Nada Vrcelj, Dragan P. Popovi\u0107, Sa\u0161a Mini\u0107, pp. 49 (<a href=\"http:\/\/www.zbornik-eint.org\/wp-content\/uploads\/2015\/04\/5Primena-metode-generalisanog-redukovanog-gradijenta-na-problem-optimalnog-izbora-lokacije.pdf\">5-2010<\/a>)<\/li>\n<li><em>Software Tool for Load Flow and Voltage Calculations in Distribution Systems<\/em>, Milan Ivanovi\u0107, pp. 65 (<a href=\"http:\/\/www.zbornik-eint.org\/wp-content\/uploads\/2015\/04\/6SOFTVERSKI-ALAT-ZA-PRORACUN-TOKOVA-SNAGA-I-NAPONSKIH-PRILIKA-U-DISTRIBUTIVNIM-MRE_.pdf\">6-2010<\/a>)<\/li>\n<li><em>Effects of Small Hydropower Plants on Distributive Network in the Area of ED Pirot, <\/em>Milan Ivanovi\u0107, Sa\u0161a Mini\u0107, pp.<em> 75<\/em> (<a href=\"http:\/\/www.zbornik-eint.org\/wp-content\/uploads\/2015\/04\/7UTICAJ-MHE-NA-ELEKTRODISTRIBUTIVNU-MREZU-ED-PIROT.pdf\">7-2010<\/a>)<\/li>\n<li><em>Perspectives of the 110 kV Network in Public Utility Jugoistok, <\/em>Tijana Janji\u0107, pp. \u00a087 (<a href=\"http:\/\/www.zbornik-eint.org\/wp-content\/uploads\/2015\/04\/8Perspektiva-razvoja-mreze-110-kV-na-podrucju-Jugoistoka.pdf\">8-2010<\/a>)<\/li>\n<li><em>Uncertainty in Measurement of High Frequency Electromagnetic Field<\/em>, Aleksandar Pavlovi\u0107, Maja Grbi\u0107, pp. 105 (<a href=\"http:\/\/www.zbornik-eint.org\/wp-content\/uploads\/2015\/04\/9Merna-nesigurnost-pri-merenju-visokofrekventnog-elektromagnetnog-polja.pdf\">9-2010<\/a>)<\/li>\n<li><em>Assessment of Measurement Uncertainty in Indirect Method of Electrical Resistance Measurement<\/em><em>, <\/em>Jelena Deli\u0107, Ljubi\u0161a Nikoli\u0107<em>, <\/em>pp. 121 (<a href=\"http:\/\/www.zbornik-eint.org\/wp-content\/uploads\/2015\/04\/10Procena-merne-nesigurnosti-pri-merenju-otpornosti-indirektnom-metodom.pdf\">10-2010<\/a>)<\/li>\n<li><em>A Novel Facility With Thyristor Rectifiers And Direct Current Distribution Board For A Hydro Power Plant Supply, <\/em>Vladimir Vuki\u0107, Rajko Prole, Darko Jevti\u0107, pp. 143 (<a href=\"http:\/\/www.zbornik-eint.org\/wp-content\/uploads\/2015\/04\/11Novo-postrojenje-sa-tiristorskim-ispravljacima-i-razvodom-jednosmeren-struje-za-napajanje-hidroelektrane.pdf\">11-2010<\/a>)<\/li>\n<li><em>Failures of Metal-Oxide Surge Arresters in 35 kV Network of Coal Mine \u201cKolubara\u201d, <\/em>Petar Vukelja, Jovan Mrvi\u0107, pp. 157 (<a href=\"http:\/\/www.zbornik-eint.org\/wp-content\/uploads\/2015\/04\/12Havarije-metaloksidnih-odvodnika-prenapona.pdf\">12-2010<\/a>)<\/li>\n<li><em>Smart Metering: Implementation Strategy and Example of Practical Application, <\/em>Dragan Kova\u010devi\u0107, Aleksandar Raki\u0107, Dalibor Muratovi\u0107, Sa\u0161a Mini\u0107, pp.\u00a0165 (<a href=\"http:\/\/www.zbornik-eint.org\/wp-content\/uploads\/2015\/04\/13Napredni-sistem-upravljanja-potrosnjomi-brojilima-elektricne-energije.pdf\">13-2010<\/a>)<\/li>\n<li><em>Primary, Secondary and Tertiary Frequency Control and Primary Voltage Control in EPS<\/em>, Gordana Radovi\u0107, Dragan P. Popovi\u0107, Petar Kova\u010devi\u0107, Milan Ivanovi\u0107, Sa\u0161a Mini\u0107, Slobodan Bogdanovi\u0107, Zoran \u0106iri\u0107, Dane D\u017eep\u010deski, Du\u0161an Arnautovi\u0107, pp. \u00a0179 (<a href=\"http:\/\/www.zbornik-eint.org\/wp-content\/uploads\/2015\/04\/14Primarna-sekundarna-i-tercijarna-regulacija.pdf\">14-2010<\/a>)<\/li>\n<li><em>Test of the Electrical Turbine Governor on the Test Field, <\/em>Dane D\u017eep\u010deski, Jelena Pavlovi\u0107, Du\u0161an Arnautovi\u0107, Slobodan Bogdanovi\u0107, pp. \u00a0201 (<a href=\"http:\/\/www.zbornik-eint.org\/wp-content\/uploads\/2015\/04\/15Ispitivanje-elektricnog-dela-turbinskog-regulatora-na-ispitnom-polju.pdf\">15-2010<\/a>)<\/li>\n<\/ol>\n","protected":false},"excerpt":{"rendered":"<p>Characteristics and Possibilities of Computer Program for Generators Real-Time Voltages Control, Milan Ivanovi\u0107, Dragan Popovi\u0107, Milo\u0161 Stojkovi\u0107, pp. 1 (1-2010) Analytical Approach to Iron Losses Measuring, Nenad Petrovi\u0107, Dragan Kova\u010devi\u0107, Vladimir Vuji\u010di\u0107, Slobodan Milovan\u010dev, pp. 11 (2-2010) Calculation of Three-Phase Short Circuit Power in Current and Elaborated Perspective Distribution Network of ED Vranje, Petar Kova\u010devi\u0107, &hellip; <a href=\"https:\/\/www.zbornik-eint.org\/?page_id=404&#038;lang=en\" class=\"more-link\">Continue reading <span class=\"screen-reader-text\">Proceedings, Electrical engineering institute Nikola Tesla, vol. 20, 2010<\/span> <span class=\"meta-nav\">&rarr;<\/span><\/a><\/p>\n","protected":false},"author":1,"featured_media":0,"parent":393,"menu_order":15,"comment_status":"closed","ping_status":"open","template":"","meta":{"_monsterinsights_skip_tracking":false,"_monsterinsights_sitenote_active":false,"_monsterinsights_sitenote_note":"","_monsterinsights_sitenote_category":0,"footnotes":""},"class_list":["post-404","page","type-page","status-publish","hentry"],"_links":{"self":[{"href":"https:\/\/www.zbornik-eint.org\/index.php?rest_route=\/wp\/v2\/pages\/404","targetHints":{"allow":["GET"]}}],"collection":[{"href":"https:\/\/www.zbornik-eint.org\/index.php?rest_route=\/wp\/v2\/pages"}],"about":[{"href":"https:\/\/www.zbornik-eint.org\/index.php?rest_route=\/wp\/v2\/types\/page"}],"author":[{"embeddable":true,"href":"https:\/\/www.zbornik-eint.org\/index.php?rest_route=\/wp\/v2\/users\/1"}],"replies":[{"embeddable":true,"href":"https:\/\/www.zbornik-eint.org\/index.php?rest_route=%2Fwp%2Fv2%2Fcomments&post=404"}],"version-history":[{"count":1,"href":"https:\/\/www.zbornik-eint.org\/index.php?rest_route=\/wp\/v2\/pages\/404\/revisions"}],"predecessor-version":[{"id":405,"href":"https:\/\/www.zbornik-eint.org\/index.php?rest_route=\/wp\/v2\/pages\/404\/revisions\/405"}],"up":[{"embeddable":true,"href":"https:\/\/www.zbornik-eint.org\/index.php?rest_route=\/wp\/v2\/pages\/393"}],"wp:attachment":[{"href":"https:\/\/www.zbornik-eint.org\/index.php?rest_route=%2Fwp%2Fv2%2Fmedia&parent=404"}],"curies":[{"name":"wp","href":"https:\/\/api.w.org\/{rel}","templated":true}]}}