{"id":439,"date":"2015-05-14T15:27:55","date_gmt":"2015-05-14T13:27:55","guid":{"rendered":"http:\/\/www.zbornik-eint.org\/?page_id=439"},"modified":"2026-01-07T17:31:46","modified_gmt":"2026-01-07T15:31:46","slug":"proceedings-electrical-engineering-institute-nikola-tesla-vol-15-2003","status":"publish","type":"page","link":"https:\/\/www.zbornik-eint.org\/?page_id=439&lang=en","title":{"rendered":"Proceedings, Electrical engineering institute Nikola Tesla, vol. 15, 2003"},"content":{"rendered":"<ol>\n<li><em>A Method for Evaluation of Desintegration and Restoration Processes of Electric Power Interconnections<\/em>, Dragan P. Popovi\u0107, pp. 1 (<a href=\"http:\/\/www.zbornik-eint.org\/wp-content\/uploads\/2015\/04\/1JEDNA-METODA-ZA-ANALIZU-TOKA-DEZINTEGRACIJE-I-OBNOVE-POGONA-ELEKTROENERGETSKIH-INTERKONEKCIJA.pdf\">1-2003<\/a>)<\/li>\n<li><em>Software Compensation of Transducer Nonlinearity Error<\/em>, Dragan Kova\u010devi\u0107, Slobodan \u0160kundri\u0107, Srboljub Vukovojac, pp. 15 (<a href=\"http:\/\/www.zbornik-eint.org\/wp-content\/uploads\/2015\/04\/2Softverska-kompenzacija-gre\u0161ke-nelinearnosti-mernih-pretvaraca.pdf\">2-2003<\/a>)<\/li>\n<li><em>Summary Results of Thermovision Controls in Elektroistok Power System Installations in the Period from 1997 to 2002<\/em>, Miomir Sen\u0107ani\u0107, Ljubi\u0161a \u010ci\u010dkari\u0107, Ninoslav Simi\u0107, Petar Vukelja, pp. 25 (<a href=\"http:\/\/www.zbornik-eint.org\/wp-content\/uploads\/2015\/04\/3PREGLED-REZULTATA-TERMOVIZIJSKIH-KONTROLA-U-POSTROJENJIMA-ELEKTROISTOKA-U-PERIODU-2000.pdf\">3-2003<\/a>)<\/li>\n<li><em>Inspection and Monitoring on Grounding Systems of Elektroistok&#8217;s Power Stations,<\/em> Mom\u010dilo Petrovi\u0107, Mladen \u0160upi\u0107, Aleksandar Pavlovi\u0107, Branko Josifovi\u0107, pp. 33 (<a href=\"http:\/\/www.zbornik-eint.org\/wp-content\/uploads\/2015\/04\/4PREGLEDI-KONTROLE-I-MERENJA-NA-SISTEMIMA-UZEMLJENJA.pdf\">4-2003<\/a>)<\/li>\n<li><em>Stresses on Tertiary-Winding Insulation of TS \u201cPancevo 2\u201d 400 kV\/115 kV\/ 10.5kV Autotransformer when Subjected to Lightning and Switching Overvoltages<\/em>, Petar Vukelja, Jovan Mrvi\u0107, Dejan Hrvi\u0107, Ninoslav Simi\u0107, pp. 41 (<a href=\"http:\/\/www.zbornik-eint.org\/wp-content\/uploads\/2015\/04\/5-2003.pdf\">5-2003<\/a>)<\/li>\n<li><em>Transient Voltage and Current Processes on \u201cSartid\u201d 35 kV Network at Earth Fault Appearance<\/em>, Petar Vukelja, Jovan Mrvi\u0107, Dejan Hrvi\u0107, pp. 53 (<a href=\"http:\/\/www.zbornik-eint.org\/wp-content\/uploads\/2015\/04\/6Prelazni-naponski-i-strujni-procesi-u-mre\u017ei-35-kv-Sartid-a-pri-pojavi-zemljospoja.pdf\">6-2003<\/a>)<\/li>\n<li><em>Measurement Of Magnetic Field Strength<\/em>, Mladen \u0160upi\u0107, Mom\u010dilo Petrovi\u0107, Aleksandar Pavlovi\u0107, pp. 63 (<a href=\"http:\/\/www.zbornik-eint.org\/wp-content\/uploads\/2015\/04\/7MERENjE-JACINE-MAGNETSKOG-POLjA-U-HE.pdf\">7-2003<\/a>)<\/li>\n<li><em>Characteristics of Silicone Dielectric Fluids and Theirs Advantages Compared with Mineral Insulating Oils<\/em>, Vladana Rajakovi\u0107, Ksenija Draki\u0107, Velinka Pejovi\u0107, pp. 71 (<a href=\"http:\/\/www.zbornik-eint.org\/wp-content\/uploads\/2015\/04\/8KOMPARATIVNA-ANALIZA-SILIKONSKIH-I-MINERALNIH-TRANSFORMATORSKIH-ULJA.pdf\">8-2003<\/a>)<\/li>\n<li><em>Supervision and Maintenance of Equipment Insulated by SF6\u00a0Gas<\/em>, Ksenija Draki\u0107, Vladana Rajakovi\u0107, pp. 81 (<a href=\"http:\/\/www.zbornik-eint.org\/wp-content\/uploads\/2015\/04\/9NADZOR-FINALNA.pdf\">9-2003<\/a>)<\/li>\n<li><em>One Realization of Microporcessor Based Static Switch for Single-Phase Uninterruptible Power Supply Systems<\/em>, Marko Jankovi\u0107, pp. 89 (<a href=\"http:\/\/www.zbornik-eint.org\/wp-content\/uploads\/2015\/04\/10PRAKTICNA-REALIZACIJA-MIKROPROCESORSKI-VO\u00d0ENOG-STATICKOG-PREKIDACA-U-MONOFAZNOM-SISTEMU-ZA-BESPREKIDNO-NAPAJANJE.pdf\">10-2003<\/a>)<\/li>\n<li><em>Local Power Supply of The Power Cable Temperature Monitoring System<\/em> , \u017darko Janda, Milutin Sredojevi\u0107, pp. 95 (<a href=\"http:\/\/www.zbornik-eint.org\/wp-content\/uploads\/2015\/04\/11LOKALNO-NAPAJANJE-MERNIH-SENZORA-TEMPERATURE-ENERGETSKIH-KABLOVA.pdf\">11-2003<\/a>)<\/li>\n<\/ol>\n","protected":false},"excerpt":{"rendered":"<p>A Method for Evaluation of Desintegration and Restoration Processes of Electric Power Interconnections, Dragan P. Popovi\u0107, pp. 1 (1-2003) Software Compensation of Transducer Nonlinearity Error, Dragan Kova\u010devi\u0107, Slobodan \u0160kundri\u0107, Srboljub Vukovojac, pp. 15 (2-2003) Summary Results of Thermovision Controls in Elektroistok Power System Installations in the Period from 1997 to 2002, Miomir Sen\u0107ani\u0107, Ljubi\u0161a \u010ci\u010dkari\u0107, &hellip; <a href=\"https:\/\/www.zbornik-eint.org\/?page_id=439&#038;lang=en\" class=\"more-link\">Continue reading <span class=\"screen-reader-text\">Proceedings, Electrical engineering institute Nikola Tesla, vol. 15, 2003<\/span> <span class=\"meta-nav\">&rarr;<\/span><\/a><\/p>\n","protected":false},"author":1,"featured_media":0,"parent":393,"menu_order":20,"comment_status":"closed","ping_status":"open","template":"","meta":{"_monsterinsights_skip_tracking":false,"_monsterinsights_sitenote_active":false,"_monsterinsights_sitenote_note":"","_monsterinsights_sitenote_category":0,"footnotes":""},"class_list":["post-439","page","type-page","status-publish","hentry"],"_links":{"self":[{"href":"https:\/\/www.zbornik-eint.org\/index.php?rest_route=\/wp\/v2\/pages\/439","targetHints":{"allow":["GET"]}}],"collection":[{"href":"https:\/\/www.zbornik-eint.org\/index.php?rest_route=\/wp\/v2\/pages"}],"about":[{"href":"https:\/\/www.zbornik-eint.org\/index.php?rest_route=\/wp\/v2\/types\/page"}],"author":[{"embeddable":true,"href":"https:\/\/www.zbornik-eint.org\/index.php?rest_route=\/wp\/v2\/users\/1"}],"replies":[{"embeddable":true,"href":"https:\/\/www.zbornik-eint.org\/index.php?rest_route=%2Fwp%2Fv2%2Fcomments&post=439"}],"version-history":[{"count":1,"href":"https:\/\/www.zbornik-eint.org\/index.php?rest_route=\/wp\/v2\/pages\/439\/revisions"}],"predecessor-version":[{"id":440,"href":"https:\/\/www.zbornik-eint.org\/index.php?rest_route=\/wp\/v2\/pages\/439\/revisions\/440"}],"up":[{"embeddable":true,"href":"https:\/\/www.zbornik-eint.org\/index.php?rest_route=\/wp\/v2\/pages\/393"}],"wp:attachment":[{"href":"https:\/\/www.zbornik-eint.org\/index.php?rest_route=%2Fwp%2Fv2%2Fmedia&parent=439"}],"curies":[{"name":"wp","href":"https:\/\/api.w.org\/{rel}","templated":true}]}}