{"id":508,"date":"2016-12-24T16:59:55","date_gmt":"2016-12-24T14:59:55","guid":{"rendered":"http:\/\/www.zbornik-eint.org\/?page_id=508"},"modified":"2017-12-20T12:11:40","modified_gmt":"2017-12-20T10:11:40","slug":"home","status":"publish","type":"page","link":"https:\/\/www.zbornik-eint.org\/?page_id=508&lang=sr","title":{"rendered":"Home"},"content":{"rendered":"<p>ZBORNIK RADOVA, ELEKTROTEHI\u010cKI INSTITUT NIKOLA TESLA je periodi\u010dna i stru\u010dna publikacija koja sadr\u017ei nau\u010dne i stru\u010dne radove iz oblasti elektrotehnike. Njegov osnovni cilj je da upozna nau\u010dnu javnost sa najnovijim torijskim I prakti\u010dnim rezultatima istra\u017eivanja iz oblasti elektroenergetskih sistema, energetske elektronike, automatike, regulacije, elektroenergetskih objekata i elektri\u010dnih merenja. Svi radovi su recenzirani od strane afirmisanih istra\u017eiva\u010da iz oblasti elektroenergetike i prvi put se publikuju.<\/p>\n","protected":false},"excerpt":{"rendered":"<p>ZBORNIK RADOVA, ELEKTROTEHI\u010cKI INSTITUT NIKOLA TESLA je periodi\u010dna i stru\u010dna publikacija koja sadr\u017ei nau\u010dne i stru\u010dne radove iz oblasti elektrotehnike. Njegov osnovni cilj je da upozna nau\u010dnu javnost sa najnovijim torijskim I prakti\u010dnim rezultatima istra\u017eivanja iz oblasti elektroenergetskih sistema, energetske elektronike, automatike, regulacije, elektroenergetskih objekata i elektri\u010dnih merenja. Svi radovi su recenzirani od strane afirmisanih &hellip; <a href=\"https:\/\/www.zbornik-eint.org\/?page_id=508&#038;lang=sr\" class=\"more-link\">Continue reading <span class=\"screen-reader-text\">Home<\/span> <span class=\"meta-nav\">&rarr;<\/span><\/a><\/p>\n","protected":false},"author":1,"featured_media":0,"parent":0,"menu_order":6,"comment_status":"closed","ping_status":"closed","template":"","meta":{"_monsterinsights_skip_tracking":false,"_monsterinsights_sitenote_active":false,"_monsterinsights_sitenote_note":"","_monsterinsights_sitenote_category":0,"footnotes":""},"class_list":["post-508","page","type-page","status-publish","hentry"],"_links":{"self":[{"href":"https:\/\/www.zbornik-eint.org\/index.php?rest_route=\/wp\/v2\/pages\/508","targetHints":{"allow":["GET"]}}],"collection":[{"href":"https:\/\/www.zbornik-eint.org\/index.php?rest_route=\/wp\/v2\/pages"}],"about":[{"href":"https:\/\/www.zbornik-eint.org\/index.php?rest_route=\/wp\/v2\/types\/page"}],"author":[{"embeddable":true,"href":"https:\/\/www.zbornik-eint.org\/index.php?rest_route=\/wp\/v2\/users\/1"}],"replies":[{"embeddable":true,"href":"https:\/\/www.zbornik-eint.org\/index.php?rest_route=%2Fwp%2Fv2%2Fcomments&post=508"}],"version-history":[{"count":2,"href":"https:\/\/www.zbornik-eint.org\/index.php?rest_route=\/wp\/v2\/pages\/508\/revisions"}],"predecessor-version":[{"id":581,"href":"https:\/\/www.zbornik-eint.org\/index.php?rest_route=\/wp\/v2\/pages\/508\/revisions\/581"}],"wp:attachment":[{"href":"https:\/\/www.zbornik-eint.org\/index.php?rest_route=%2Fwp%2Fv2%2Fmedia&parent=508"}],"curies":[{"name":"wp","href":"https:\/\/api.w.org\/{rel}","templated":true}]}}