{"id":563,"date":"2016-12-02T16:32:41","date_gmt":"2016-12-02T14:32:41","guid":{"rendered":"http:\/\/www.zbornik-eint.org\/?page_id=563"},"modified":"2026-01-07T17:18:23","modified_gmt":"2026-01-07T15:18:23","slug":"izjava-o-etickom-postupanju","status":"publish","type":"page","link":"https:\/\/www.zbornik-eint.org\/?page_id=563&lang=sr","title":{"rendered":"Izjava o eti\u010dkom postupanju"},"content":{"rendered":"<p><span style=\"color: #000080;\"><strong>Recenzentski postupak<\/strong><\/span><\/p>\n<ul>\n<li><span style=\"color: #000000;\">Recenzenti<\/span><\/li>\n<\/ul>\n<p style=\"text-align: justify;\">Zbornik radova, Elektrotehni\u010dki institut &#8220;Nikola Tesla&#8221; primenjuje postupak jednostranog anonimnog recenziranja svih radova. Svaki rukopis recenziraju barem dva recenzenta. Recenzenti deluju nezavisno jedni od drugih, a njihov identitet je me\u0111usobno nepoznat. Recenzenti se biraju isklju\u010divo prema tome da li raspola\u017eu relevantnim znanjima za ocenu rukopisa. Ne smeju biti iz iste institucije kao autori rukopisa, niti biti njihovi koautori u skorijoj pro\u0161losti. Eventualni predlozi poimeni\u010dnih recenzenata od strane autora rukopisa se ne uva\u017eavaju.<\/p>\n<p style=\"text-align: justify;\">Cilj recenzije je da uredni\u0161tvu pomogne u dono\u0161enju odluke o tome da li rad treba prihvatiti ili odbiti. Cilj je tako\u0111e da se u procesu komunikacije s urednikom, autorima i drugim recenzentima pobolj\u0161a kvalitet rukopisa.<\/p>\n<ul>\n<li>Recenzentski proces<\/li>\n<\/ul>\n<p>Rukopisi se upu\u0107uju na recenziju tek nakon inicijalne ocene da li su, s obzirom na formu i tematski delokrug, podobni za objavljivanje u \u010dasopisu. Posebna pa\u017enja se posve\u0107uje tome da inicijalna ocena ne traje du\u017ee nego \u0161to je neophodno.<\/p>\n<p>U redovnim okolnostima postupak recenziranja traje najvi\u0161e \u010detiri nedelje, a samo izuzetno do tri meseca. Period od prijema rada do njegovog objavljivanja traje u proseku 90 dana.<\/p>\n<p>Tokom postupka recenzije glavni urednik mo\u017ee da zahteva od autora da dostave dodatne informacije, uklju\u010duju\u0107i i primarne podatke, ako su one neophodne za dono\u0161enje suda o rukopisu. Urednik i recenzenti moraju da \u010duvaju takve informacije kao poverljive i ne smeju ih upotrebiti u druge svrhe.<\/p>\n<p>Celokupni proces recenziranja odvija se pod nadzorom urednika u onlajn okru\u017eenju, u okviru programa SCIndeks Asistent, zasnovanog na platformi OJS. Sistem tako\u0111e omogu\u0107ava autorima rukopisa da prate proces recenziranja.<\/p>\n<ul>\n<li>Razre\u0161avanje nesaglasnosti<\/li>\n<\/ul>\n<p style=\"text-align: justify;\">U slu\u010daju da autori imaju ozbiljne i osnovane zamerke na ra\u010dun recenzije, uredni\u0161tvo proverava da li je recenzija objektivna i da li zadovoljava akademske standarde. Ako se pojavi sumnja u objektivnost ili kvalitet recenzije, urednik anga\u017euje dodatne recenzente.<\/p>\n<p style=\"text-align: justify;\">Dodatni recenzenti se anga\u017euju i u slu\u010daju kada su odluke recenzenata (odbiti\/prihvatiti) me\u0111usobno opre\u010dne ili na drugi na\u010din nepomirljive.<\/p>\n<p style=\"text-align: justify;\">Kona\u010dnu odluku o prihvatanju rukopisa za objavljivanje donosi isklju\u010divo glavni urednik.<\/p>\n<p><span style=\"color: #000080;\"><strong>Odgovornosti<\/strong><\/span><\/p>\n<ul>\n<li>Odgovornosti autora<\/li>\n<\/ul>\n<p style=\"text-align: justify;\">Autori garantuju da rukopis predstavlja njihov originalan doprinos, da nije objavljen ranije i da se ne razmatra za objavljivanje na drugom mestu. Istovremeno predavanje istog rukopisa u vi\u0161e \u010dasopisa predstavlja kr\u0161enje eti\u010dkih standarda, \u0161to ga isklju\u010duje iz daljeg razmatranja za objavljivanje u \u010dasopisu. Rad koji je ve\u0107 objavljen na nekom drugom mestu ne mo\u017ee biti pre\u0161tampan u \u010dasopisu Zbornik radova, Elektrotehni\u010dki institut &#8220;Nikola Tesla&#8221;.<\/p>\n<p style=\"text-align: justify;\">Autori snose svu odgovornost za celokupni sadr\u017eaj rukopisa. Rukopis ne sme da sadr\u017ei neosnovane ili nezakonite tvrdnje, niti da kr\u0161i prava drugih lica.<\/p>\n<p style=\"text-align: justify;\">Autori su du\u017eni da obezbede da njihov autorski tim navaeden u rukopisu obuhvati sva i samo ona lica koja su zna\u010dajno doprinela sadr\u017eaju rukopisa. Ako su u bitnim aspektima istra\u017eiva\u010dkog projekta i pripreme rukopisa u\u010destvovala i druga lica, njihov doprinos treba navesti u fusnoti ili posebnoj napomeni (Zahvalnica, Acknowledgements).<\/p>\n<p style=\"text-align: justify;\">Obaveza je autora da u napomeni navedu naziv i kodnu oznaku nau\u010dnoistra\u017eiva\u010dkog projekta u okviru koga je rad nastao, kao i pun naziv finansiraju\u0107e institucije. U slu\u010daju da je rad pod istim ili sli\u010dnim naslovom bio izlo\u017een na nekom skupu u vidu usmenog saop\u0161tenja, detalji o tome treba da budu navedeni na istom mestu.<\/p>\n<p style=\"text-align: justify;\">Autori su du\u017eni da potpuno i pravilno citiraju izvore koji su zna\u010dajno uticali na sadr\u017eaj istra\u017eivanja i rukopisa. Delovi rukopisa, uklju\u010duju\u0107i tekst, jedna\u010dine, slike ili tabele, koji su doslovno preuzeti iz drugih radova moraju biti jasno ozna\u010deni posebnom napomenom, npr. znacima navoda s preciznom oznaku mesta preuzimanja (broja stranice) ili, ako su obimniji, dati u zasebnom paragrafu.<\/p>\n<p style=\"text-align: justify;\">Pune reference svih navoda u tekstu (citata) moraju biti navedene u zasebnom odeljku (Literatura ili Reference) i to na jednoobrazan na\u010din, u skladu sa citatnim stilom koji \u010dasopis koristi. U odeljku Literatura navode se samo citirani, a ne i ostali izvori upotrebljeni prilikom pripreme rukopisa.<\/p>\n<p style=\"text-align: justify;\">U slu\u010daju da autori otkriju va\u017enu gre\u0161ku u svom radu nakon njegovog objavljivanja, du\u017eni su da momentalno o tome obaveste glavnog urednika (ili izdava\u010da) i da sara\u0111uju na tome da se rad povu\u010de ili ispravi.<\/p>\n<p style=\"text-align: justify;\"><span style=\"color: #000000;\">Obaveza<\/span> je autora da u rukopisu navedu da li su u finansijskom ili bilo kom drugom bitnom sukobu interesa koji bi mogao da uti\u010de na njihove rezultate ili interpretaciju rezultata.<\/p>\n<p style=\"text-align: justify;\">Predavanjem rukopisa autori se obavezuju na po\u0161tovanje ure\u0111iva\u010dke politike \u010dasopisa Zbornik radova, Elektrotehni\u010dki institut &#8220;Nikola Tesla&#8221;.<\/p>\n<ul>\n<li>Odgovornosti uredni\u0161tva<\/li>\n<\/ul>\n<p style=\"text-align: justify;\">Glavni urednik donosi kona\u010dnu odluku o tome koji \u0107e se rukopisi objaviti. Odluke se donose isklju\u010divo na osnovu vrednosti rukopisa. Moraju biti oslobo\u0111ene rasnih, polnih\/rodnih, verskih, etni\u010dkih ili politi\u010dkih predrasuda. Prilikom dono\u0161enja odluke o objavljivanju glavni urednik se rukovodi ure\u0111iva\u010dkom politikom, vode\u0107i ra\u010duna o zakonskim propisima koji se odnose na klevetu, kr\u0161enja autorskih prava i plagiranje.<\/p>\n<p style=\"text-align: justify;\">\u010clanovi uredni\u0161tva, uklju\u010duju\u0107i glavnog urednika, ne smeju biti u sukobu interesa u vezi sa rukopisima koje razmatraju. \u010clanovi za koje se pretpostavi da bi neko mogao smatrati da su u sukobu interesa ne u\u010destvuju u postupku odlu\u010divanja o odre\u0111enom rukopisu.<\/p>\n<p style=\"text-align: justify;\">Rukopisi se \u010duvaju kao poverljiv materijal. Informacije i ideje sadr\u017eane u rukopisima ne smeju se koristiti u li\u010dne svrhe bez izri\u010dite pisane dozvole autora.<\/p>\n<p style=\"text-align: justify;\">Glavni urednik i \u010dlanovi uredni\u0161tva su du\u017eni da preduzmu sve razumne mere da recenzenti ostanu anonimni tokom i nakon procesa evaluacije u skladu s procedurom u upotrebi.<\/p>\n<p>Uredni\u0161tvo je du\u017eno da poma\u017ee recenzentima dostavljaju\u0107i im dopunske informacije o rukopisu, uklju\u010duju\u0107i i rezultate provere rukopisa na plagijarizam.<\/p>\n<ul>\n<li>Odgovornosti recenzenata<\/li>\n<\/ul>\n<p style=\"text-align: justify;\">Recenzenti su du\u017eni da kvalifikovano i u zadatim rokovima dostave uredniku ocenu nau\u010dne, odnosno stru\u010dne vrednosti rukopisa. Recenzent vodi posebnu brigu o stvarnom doprinosu i originalnosti rukopisa. Recenzija mora biti sasvim objektivna. Sud recenzenata mora biti jasan i potkrepljen argumentima.<\/p>\n<p style=\"text-align: justify;\">Recenzenti ocenjuju rukopise u odnosu na uskla\u0111enost sadr\u017eaja s profilom \u010dasopisa, zna\u010daj i korisnost sadr\u017eaja, adekvatnost primenjenih metoda, nau\u010dnu vrednost sadr\u017eanih informacija, stil izlaganja i opremljenost teksta. Recenzija ima standardni format koji obuhvata ocene pojedinih dimenzija rada, op\u0161tu ocenu i zaklju\u010dnu preporuku. Dostavlja se posredstvom sistema za onlajn ure\u0111ivanje \u010dasopisa, gde se deponuje na neodre\u0111eno vreme.<\/p>\n<p style=\"text-align: justify;\">Recenzent ne sme biti u sukobu interesa sa autorima ili finansijerom istra\u017eivanja. Ukoliko takav sukob postoji, recenzent je du\u017ean da o tome pravovremeno obavesti urednika. Recenzent ne prihvata na recenziju radove izvan oblasti za koju se smatra potpuno kompetentnim.<\/p>\n<p style=\"text-align: justify;\">Recenzenti treba da upozore glavnog urednika ako imaju osnovanu sumnju ili saznanje o mogu\u0107im povredama eti\u010dkih standarda od strane autora rukopisa. Tako\u0111e treba da prepoznaju relevantne izvore koji u radu nisu uzeti u obzir. Mogu da preporu\u010de citiranje odre\u0111enih referenci, ali ne i da zahtevaju citiranje radova objavljenih u \u010dasopisu Zbornik radova, Elektrotehni\u010dki institut &#8220;Nikola Tesla&#8221; ili svojih radova, ako za to ne postoji opravdanje.<\/p>\n<p style=\"text-align: justify;\">Od recenzenata se o\u010dekuje da svojim sugestijama unaprede kvalitet rukopisa. Ako ocene da rad zaslu\u017euje objavljivanje uz korekcije, du\u017eni su da preciziraju na\u010din na koji to mo\u017ee da se ostvari.<\/p>\n<p style=\"text-align: justify;\">Rukopisi koji su poslati recenzentu moraju se smatrati poverljivim dokumentima. Recenzenti ne smeju da koriste materijal iz rukopisa za svoja istra\u017eivanja bez izri\u010dite pisane dozvole autora.<\/p>\n<p><span style=\"color: #000080;\"><strong>Eti\u010dnost publikovanja<\/strong><\/span><\/p>\n<ul>\n<li>Razre\u0161avanje neeti\u010dkih postupaka<\/li>\n<\/ul>\n<p style=\"text-align: justify;\">Svaki pojedinac ili institucija mogu da u bilo kom trenutku uredniku prijave saznanja o kr\u0161enju eti\u010dkih standarda i drugim nepravilnostima i da o tome dostave verodostojne informacije radi pokretanja istrage. Postupak provere iznetih dokaza odvija se na slede\u0107i na\u010din:<\/p>\n<ol>\n<li>glavni urednik donosi odluku o pokretanju istrage;<\/li>\n<li>tokom tog postupka svi dokazi se smatraju poverljivim materijalom i predo\u010davaju samo onim licima koja su direktno obuhva\u0107ena slu\u010dajem;<\/li>\n<li>osumnji\u010denim licima pru\u017ea se prilika da odgovore na iznete optu\u017ebe;<\/li>\n<li>ako se utvrdi da je zaista do\u0161lo do nepravilnosti, ocenjuje se da li je re\u010d o manjem prekr\u0161aju ili grubom kr\u0161enju eti\u010dkih standarda.<\/li>\n<\/ol>\n<p style=\"text-align: justify;\">Manji prekr\u0161aji, bez posledica po integritet rada i \u010dasopisa, na primer kada je re\u010d o nerazumevanju ili pogre\u0161noj primeni publicisti\u010dkih standarda, razre\u0161avaju se u direktnoj komunikaciji s autorima i recenzentima, bez uklju\u010divanja tre\u0107ih lica, na neki od na\u010dina npr.:<\/p>\n<ol>\n<li>objavljuje se ispravka rada, npr. u slu\u010daju kada se sa spiska referenci izostave izvori koji su u samom tekstu citirani na propisan na\u010din;<\/li>\n<li>objavljuje se eratum, npr. ako se ispostavi da je gre\u0161ka nastala oma\u0161kom uredni\u0161tva.<\/li>\n<\/ol>\n<p style=\"text-align: justify;\">U slu\u010daju grubog kr\u0161enja eti\u010dkih standarda, glavni urednik mo\u017ee da preduzme razli\u010dite mere:<\/p>\n<ol>\n<li>povla\u010di objavljeni rada na na\u010din opisan pod Povla\u010denje radova;<\/li>\n<\/ol>\n<p style=\"text-align: justify;\">Ove mere se mogu primenjivati pojedina\u010dno ili istovremeno. U procesu razre\u0161avanja slu\u010daja po potrebi se konsultuju relevantne ekspertske organizacije, tela ili pojedinci.<\/p>\n<p>Prilikom razre\u0161avanja eti\u010dki spornih postupaka uredni\u0161tvo se rukovodi smernicama i Komiteta za etiku publikovanja (COPE).<\/p>\n<ul>\n<li>Spre\u010davanje plagijarizma<\/li>\n<\/ul>\n<p>Zbornik radova, Elektrotehni\u010dki institut &#8220;Nikola Tesla&#8221; ne objavljuje plagirane radove. Uredni\u0161tvo polazi od stava da je plagiranje, odnosno preuzimanje tu\u0111ih ideja, re\u010di ili drugih oblika kreativnog doprinosa i njihovo predstavljanje kao svojih, grubo kr\u0161enje nau\u010dne i izdava\u010dke etike. Plagiranje mo\u017ee da uklju\u010duje i kr\u0161enje autorskih prava, \u0161to je zakonom ka\u017enjivo.<\/p>\n<p>Plagiranje obuhvata:<\/p>\n<ol>\n<li>doslovno (re\u010d po re\u010d) ili gotovo doslovno preuzimanje ili smi\u0161ljeno, radi prikrivanja izvora, parafraziranje delova tekstova drugih autora bez jasnog nazna\u010davanja izvora, na na\u010din opisan pod Odgovornosti autora;<\/li>\n<li>kopiranje jedna\u010dina, podataka ili tabela iz drugih dokumenata bez pravilnog nazna\u010davanja izvora i\/ili bez dozvole izvornog autora ili nosioca autorskog prava.<\/li>\n<\/ol>\n<p style=\"text-align: justify;\">Rukopis u kome se utvrde jasne indicije plagijarizma bi\u0107e automatski odbijen. U slu\u010daju da se plagijarizam otkrije u ve\u0107 objavljenom radu, rad \u0107e biti opozvan (povu\u010den) u skladu sa procedurom opisanom pod Povla\u010denje radova .<\/p>\n<p style=\"text-align: justify;\">Radi spre\u010davanja plagijata u \u010dasopisu rukopisi se podvrgavaju proveri uz pomo\u0107 sistema iThenticate\/CrossRef u okviru servisa SCIndeks Asistent. Rezultate dobijene proverom verifikuje uredni\u0161tvo \u010dasopisa u skladu sa smernicama i preporukama Komiteta za etiku publikovanja (COPE).<\/p>\n<ul>\n<li>Politika povla\u010denja<\/li>\n<\/ul>\n<p style=\"text-align: justify;\">U slu\u010daju kr\u0161enja prava izdava\u010da, nosilaca autorskih prava ili samih autora, objavljivanja istog rukopisa u vi\u0161e \u010dasopisa, la\u017enog autorstva, plagijata, manipulacije podacima u cilju prevare ili bilo koje druge zloupotrebe, objavljeni rad se mora opozvati.<\/p>\n<p style=\"text-align: justify;\">Rad se mo\u017ee opozvati i zato da bi se ispravile ozbiljne i brojne oma\u0161ke koje nije mogu\u0107e obuhvatiti objavljivanjem ispravke. Opoziv objavljuje glavni urednik \/ uredni\u0161tvo, autor(i) ili obe strane sporazumno.<\/p>\n<p style=\"text-align: justify;\">Opoziv ima oblik zasebnog rada koji se prikazuje u sadr\u017eaju sveske i uredni\u010dki klasifikuje kao Opoziv ili Retrakcija. U SCIndeksu kao mati\u010dnoj bazi punog teksta uspostavlja se dvosmerna veza (HTML link) izme\u0111u originalnog rada i retrakcije. Originalni rad se i dalje \u010duva u neizmenjenom obliku, s tim da se vodenim \u017eigom na PDF dokumentu na svakoj stranici ozna\u010dava da je \u010dlanak povu\u010den.<\/p>\n<p style=\"text-align: justify;\">Opozivi se publikuju prema zahtevima COPE-a razra\u0111enim od strane CEON-a kao izdava\u010da baze u kojoj se \u010dasopis primarno indeksira.<\/p>\n<p><span style=\"color: #000080;\"><strong>Otvoreni pristup<\/strong><\/span><\/p>\n<ul>\n<li>Politika otvorenog pristupa<\/li>\n<\/ul>\n<p style=\"text-align: justify;\">Zbornik radova, Elektrotehni\u010dki institut &#8220;Nikola Tesla&#8221; se izdaje je u re\u017eimu tzv. otvorenog pristupa. Sav njegov sadr\u017eaj dostupan je korisnicima besplatno. Korisnici mogu da \u010ditaju, preuzimaju, kopiraju, distribuiraju, \u0161tampaju, pretra\u017euju puni tekst \u010dlanaka, kao i da uspostavljaju HTML linkove ka njima, bez obaveze da za to tra\u017ee saglasnost autora ili izdava\u010da.<\/p>\n<p>Pravo da sadr\u017eaj koriste bez pisane saglasnosti ne osloba\u0111a korisnike obaveze da citiraju sadr\u017eaj \u010dasopisa na na\u010din opisan pod Licenciranje.<\/p>\n<ul>\n<li>Arhiviranje digitalne verzije<\/li>\n<\/ul>\n<p style=\"text-align: justify;\">Sve objavljene sveske \u010dasopisa arhiviraju se po zakonu u digitalni depozit Narodne biblioteke Srbije i istovremeno se pola\u017eu u Repozitorijum SCIndeksa &#8211; Srpskog citatnog indeksa kao primarnu bazu punog teksta.<\/p>\n<ul>\n<li>Naplata tro\u0161kova autorima<\/li>\n<\/ul>\n<p style=\"text-align: justify;\">Zbornik radova, Elektrotehni\u010dki institut &#8220;Nikola Tesla&#8221; ne napla\u0107uje tro\u0161kove objavljivanja ni autorima niti tre\u0107im stranama. Besplatne su, kako usluge prijavljivanja rukopisa i njihove obrade, tako i usluge publikovanja \u010dlanaka. Ne postoje bilo kakvi skriveni tro\u0161kovi.<\/p>\n<p><span style=\"color: #000080;\"><strong>Autorska prava i licenciranje<\/strong><\/span><\/p>\n<ul>\n<li>Autorska prava<\/li>\n<\/ul>\n<p style=\"text-align: justify;\">Autori zadr\u017eavaju autorska prava nad objavljenim \u010dlancima, a izdava\u010du daju neekskluzivno pravo da \u010dlanak objavi, da u slu\u010daju daljeg kori\u0161\u0107enja \u010dlanka bude naveden kao njegov prvi izdava\u010d, kao i da distribuira \u010dlanak u svim oblicima i medijima.<\/p>\n<ul>\n<li>Licenciranje<\/li>\n<\/ul>\n<p style=\"text-align: justify;\">Objavljeni \u010dlanci distribuiraju se u skladu sa licencom Creative Commons Attribution 4.0 International (CC BY). Dopu\u0161teno je da se delo kopira i distribuira u svim medijima i formatima, da se prera\u0111uje, menja i nadogra\u0111uje u bilo koje svrhe, uklju\u010duju\u0107i i komercijalne, pod uslovom da se na pravilan na\u010din citiraju njegovi prvobitni autori, postavi link ka originalnoj licenci i nazna\u010di da li je delo izmenjeno.<\/p>\n<p style=\"text-align: justify;\">Korisnici su pri tome du\u017eni da navedu pun bibliografski opis \u010dlanka objavljenog u ovom \u010dasopisu (autori, naslov rada, naslov \u010dasopisa, volumen, sveska, paginacija), kao i njegovu DOI oznaku. U slu\u010daju objavljivanja u elektronskoj formi tako\u0111e su du\u017eni da postave HTML link, kako sa originalnim \u010dlankom objavljenim u \u010dasopisu Zbornik radova, Elektrotehni\u010dki institut &#8220;Nikola Tesla&#8221;, tako i sa kori\u0161\u0107enom licencom.<\/p>\n<p style=\"text-align: justify;\">Autori mogu da stupaju u zasebne, ugovorne aran\u017emane za neekskluzivnu distribuciju rada objavljenog u \u010dasopisu (npr. postavljanje u institucionalni repozitorijum ili objavljivanje u knjizi), uz navo\u0111enje da je rad prvobitno objavljen u ovom \u010dasopisu.<\/p>\n<ul>\n<li>Politika samoarhiviranja<\/li>\n<\/ul>\n<p style=\"text-align: justify;\">Autorima je dozvoljeno da objavljenu verziju rada deponuju u institucionalni ili tematski repozitorijum ili da je objave na li\u010dnim veb stranicama (uklju\u010duju\u0107i i profile na dru\u0161tvenim mre\u017eama, kao \u0161to su ResearchGate, Academia.edu, itd.), na sajtu institucije u kojoj su zaposleni, u bilo koje vreme nakon objavljivanja u \u010dasopisu.<\/p>\n<p style=\"text-align: justify;\">Autori su obavezni da pritom navedu pun bibliografski opis \u010dlanka objavljenog u ovom \u010dasopisu (autori, naslov rada, naslov \u010dasopisa, volumen, sveska, paginacija) i postave link, kako na DOI oznaku tog \u010dlanka, tako i na kori\u0161\u0107enu licencu.<\/p>\n<ul>\n<li>Odricanje od odgovornosti<\/li>\n<\/ul>\n<p style=\"text-align: justify;\">Stavovi izneti u objavljenim radovima ne izra\u017eavaju stavove urednika i \u010dlanova redakcije \u010dasopisa. Autori preuzimaju pravnu i moralnu odgovornost za ideje iznete u svojim radovima. Izdava\u010d ne\u0107e snositi nikakvu odgovornost u slu\u010daju ispostavljanja bilo kakvih zahteva za naknadu \u0161tete.<\/p>\n","protected":false},"excerpt":{"rendered":"<p>Recenzentski postupak Recenzenti Zbornik radova, Elektrotehni\u010dki institut &#8220;Nikola Tesla&#8221; primenjuje postupak jednostranog anonimnog recenziranja svih radova. Svaki rukopis recenziraju barem dva recenzenta. Recenzenti deluju nezavisno jedni od drugih, a njihov identitet je me\u0111usobno nepoznat. Recenzenti se biraju isklju\u010divo prema tome da li raspola\u017eu relevantnim znanjima za ocenu rukopisa. Ne smeju biti iz iste institucije kao &hellip; <a href=\"https:\/\/www.zbornik-eint.org\/?page_id=563&#038;lang=sr\" class=\"more-link\">Continue reading <span class=\"screen-reader-text\">Izjava o eti\u010dkom postupanju<\/span> <span class=\"meta-nav\">&rarr;<\/span><\/a><\/p>\n","protected":false},"author":1,"featured_media":0,"parent":12,"menu_order":1,"comment_status":"closed","ping_status":"closed","template":"","meta":{"_monsterinsights_skip_tracking":false,"_monsterinsights_sitenote_active":false,"_monsterinsights_sitenote_note":"","_monsterinsights_sitenote_category":0,"footnotes":""},"class_list":["post-563","page","type-page","status-publish","hentry"],"_links":{"self":[{"href":"https:\/\/www.zbornik-eint.org\/index.php?rest_route=\/wp\/v2\/pages\/563","targetHints":{"allow":["GET"]}}],"collection":[{"href":"https:\/\/www.zbornik-eint.org\/index.php?rest_route=\/wp\/v2\/pages"}],"about":[{"href":"https:\/\/www.zbornik-eint.org\/index.php?rest_route=\/wp\/v2\/types\/page"}],"author":[{"embeddable":true,"href":"https:\/\/www.zbornik-eint.org\/index.php?rest_route=\/wp\/v2\/users\/1"}],"replies":[{"embeddable":true,"href":"https:\/\/www.zbornik-eint.org\/index.php?rest_route=%2Fwp%2Fv2%2Fcomments&post=563"}],"version-history":[{"count":6,"href":"https:\/\/www.zbornik-eint.org\/index.php?rest_route=\/wp\/v2\/pages\/563\/revisions"}],"predecessor-version":[{"id":713,"href":"https:\/\/www.zbornik-eint.org\/index.php?rest_route=\/wp\/v2\/pages\/563\/revisions\/713"}],"up":[{"embeddable":true,"href":"https:\/\/www.zbornik-eint.org\/index.php?rest_route=\/wp\/v2\/pages\/12"}],"wp:attachment":[{"href":"https:\/\/www.zbornik-eint.org\/index.php?rest_route=%2Fwp%2Fv2%2Fmedia&parent=563"}],"curies":[{"name":"wp","href":"https:\/\/api.w.org\/{rel}","templated":true}]}}