{"id":587,"date":"2016-12-24T18:46:21","date_gmt":"2016-12-24T16:46:21","guid":{"rendered":"http:\/\/www.zbornik-eint.org\/?page_id=587"},"modified":"2024-12-29T22:17:35","modified_gmt":"2024-12-29T20:17:35","slug":"zbornik-radova-elektrotehnicki-institut-nikola-tesla-knjiga-25-2015","status":"publish","type":"page","link":"https:\/\/www.zbornik-eint.org\/?page_id=587&lang=sr","title":{"rendered":"Zbornik radova, Elektrotehni\u010dki institut Nikola Tesla, knjiga 25, 2015"},"content":{"rendered":"<ol>\n<li><em>Uticaj interfaznih transformatora i komutacionih prigu\u0161nica na deljenje struja tiristorskih mostova u osamnaestoimpulsnim ispravlja\u010dima<\/em>, V. Vuki\u0107 1 (<a href=\"http:\/\/www.zbornik-eint.org\/wp-content\/uploads\/2015\/12\/1-9150-4.pdf\" rel=\"\">1 9150<\/a>)&nbsp;<a href=\"http:\/\/scindeks.ceon.rs\/article.aspx?query=ISSID%26and%2612426&amp;page=0&amp;sort=8&amp;stype=0&amp;backurl=%2fissue.aspx%3fissue%3d12426\" target=\"_blank\" rel=\"noopener noreferrer\">SCIndeks<\/a><\/li>\n<li><em>Ispitivanje specifi\u010dne elektri\u010dne otpornosti guste hidrome\u0161avine pepela i povratne vode iz TE \u201eKostolac A\u201d u laboratorijskim uslovima<\/em>, V. Kosti\u0107, M. Grbi\u0107, P. Branisavljevi\u0107, \u017d. Janda, J. Mrvi\u0107, str. &nbsp;31 (<a href=\"http:\/\/www.zbornik-eint.org\/wp-content\/uploads\/2015\/12\/2-8524-1.pdf\" rel=\"\">2 8524<\/a>)&nbsp;<a href=\"http:\/\/scindeks.ceon.rs\/article.aspx?query=ISSID%26and%2612426&amp;page=1&amp;sort=8&amp;stype=0&amp;backurl=%2fissue.aspx%3fissue%3d12426\" target=\"_blank\" rel=\"noopener noreferrer\">SCIndeks<\/a><\/li>\n<li><em>Internet aplikacija sa prilagodljivim dizajnom za prikaz interpretacije rezultata gasnohromatografske analize transformatorskog ulja<\/em>, V. Polu\u017eanski, D. Boji\u0107, N. Miladinovi\u0107, J. Luki\u0107, S. Milosavljevi\u0107, str. 41 (<a href=\"http:\/\/www.zbornik-eint.org\/wp-content\/uploads\/2015\/12\/3-9151-1.pdf\" rel=\"\">3 9151<\/a>)&nbsp;<a href=\"http:\/\/scindeks.ceon.rs\/article.aspx?query=ISSID%26and%2612426&amp;page=2&amp;sort=8&amp;stype=0&amp;backurl=%2fissue.aspx%3fissue%3d12426\" target=\"_blank\" rel=\"noopener noreferrer\">SCIndeks<\/a><\/li>\n<li><em>Uticaj uva\u017eavanja temperature ambijenta pri modelovanju distributivnih mre\u017ea<\/em>, N. Vrcelj, D. Milo\u0161evi\u0107, N. \u0160u\u0161nica, V. Stanojevi\u0107, str. &nbsp;53 (<a href=\"http:\/\/www.zbornik-eint.org\/wp-content\/uploads\/2015\/12\/4-9155-1.pdf\" rel=\"\">4 9155<\/a>)&nbsp;<a href=\"http:\/\/scindeks.ceon.rs\/article.aspx?query=ISSID%26and%2612426&amp;page=3&amp;sort=8&amp;stype=0&amp;backurl=%2fissue.aspx%3fissue%3d12426\" target=\"_blank\" rel=\"noopener noreferrer\">SCIndeks<\/a><\/li>\n<li><em>Zna\u010daj uvo\u0111enja organizovanog pra\u0107enja i unapre\u0111enja energetske efikasnosti u JP EPS<\/em>, A. Nikoli\u0107, V. \u0110or\u0111evi\u0107, str. &nbsp;65 (<a href=\"http:\/\/www.zbornik-eint.org\/wp-content\/uploads\/2015\/12\/5-9320-1.pdf\" rel=\"\">5 9320<\/a>)&nbsp;<a href=\"http:\/\/scindeks.ceon.rs\/article.aspx?query=ISSID%26and%2612426&amp;page=4&amp;sort=8&amp;stype=0&amp;backurl=%2fissue.aspx%3fissue%3d12426\" target=\"_blank\" rel=\"noopener noreferrer\">SCIndeks<\/a><\/li>\n<li><em>Elektri\u010dne instalacije niskog napona u medicinskim ustanovama \u2013 klini\u010dko bolni\u010dkmi centrima<\/em>, N. Simi\u0107, str. &nbsp;79 (<a href=\"http:\/\/www.zbornik-eint.org\/wp-content\/uploads\/2015\/12\/6-9398-1.pdf\" rel=\"\">6 9398<\/a>)&nbsp;<a href=\"http:\/\/scindeks.ceon.rs\/article.aspx?query=ISSID%26and%2612426&amp;page=5&amp;sort=8&amp;stype=0&amp;backurl=%2fissue.aspx%3fissue%3d12426\" target=\"_blank\" rel=\"noopener noreferrer\">SCIndeks<\/a><\/li>\n<li><em>Prenaponska za\u0161tita blok transformatora u elektranama EPS<\/em>, J. Mrvi\u0107, P. Vukelja, N. Simi\u0107, str. &nbsp;87 (<a href=\"http:\/\/www.zbornik-eint.org\/wp-content\/uploads\/2015\/12\/7-9168-1.pdf\" rel=\"\">7 9168<\/a>)&nbsp;<a href=\"http:\/\/scindeks.ceon.rs\/article.aspx?query=ISSID%26and%2612426&amp;page=6&amp;sort=8&amp;stype=0&amp;backurl=%2fissue.aspx%3fissue%3d12426\" target=\"_blank\" rel=\"noopener noreferrer\">SCIndeks<\/a><\/li>\n<li><em>Odre\u0111ivanje pojedina\u010dnih gubitaka i stepena korisnog dejstva generatora<\/em>, I. Klasni\u0107, Z. \u0106iri\u0107, S. Bogdanovi\u0107, D. D\u017eep\u010deski, D. Joksimovi\u0107, D. Arnautovi\u0107, str.97 (<a href=\"http:\/\/www.zbornik-eint.org\/wp-content\/uploads\/2015\/12\/8-9222.pdf\" rel=\"\">8 9222<\/a>)&nbsp;<a href=\"http:\/\/scindeks.ceon.rs\/article.aspx?query=ISSID%26and%2612426&amp;page=7&amp;sort=8&amp;stype=0&amp;backurl=%2fissue.aspx%3fissue%3d12426\" target=\"_blank\" rel=\"noopener noreferrer\">SCIndeks<\/a><\/li>\n<li><em>Prora\u010dun i analiza grani\u010dnih re\u017eima sinhronog generatora s obzirom na pregrevanja krajnjih paketa limova statora<\/em>, M. Kosti\u0107, str. &nbsp;111 (<a href=\"http:\/\/www.zbornik-eint.org\/wp-content\/uploads\/2015\/12\/9-9205-1.pdf\" rel=\"\">9 9205<\/a>)&nbsp;<a href=\"http:\/\/scindeks.ceon.rs\/article.aspx?query=ISSID%26and%2612426&amp;page=8&amp;sort=8&amp;stype=0&amp;backurl=%2fissue.aspx%3fissue%3d12426\" target=\"_blank\" rel=\"noopener noreferrer\">SCIndeks<\/a><\/li>\n<li><em>Modelovanje termoelektrane za potrebe upravljanja Q-V karakteristikom VN sabirnica<\/em>, J. Pavlovi\u0107, T. Gaji\u0107, J. Dragosavac, \u017d. Janda, S. Dobri\u010di\u0107, D. Arnautovi\u0107, str. 127 (<a href=\"http:\/\/www.zbornik-eint.org\/wp-content\/uploads\/2015\/12\/10-9296-1.pdf\" rel=\"\">10 9296<\/a>)&nbsp;<a href=\"http:\/\/scindeks.ceon.rs\/article.aspx?query=ISSID%26and%2612426&amp;page=9&amp;sort=8&amp;stype=0&amp;backurl=%2fissue.aspx%3fissue%3d12426\" target=\"_blank\" rel=\"noopener noreferrer\">SCIndeks<\/a><\/li>\n<li><em>Provera verodostojnosti modela hidropostrojenja za potrebe simulacije rada hidroagregata u primarnoj regulaciji u\u010destanosti i snage razmene<\/em>, D. D\u017eep\u010deski, N. Georgijevi\u0107, J. Pavlovi\u0107, D. Arnautovi\u0107, S. Luki\u0107, V. Stanoj\u010di\u0107, S. Bogdanovi\u0107, D. Tri\u0161i\u0107, B. Jovanovi\u0107, A. Latinovi\u0107, str. 145 (<a href=\"http:\/\/www.zbornik-eint.org\/wp-content\/uploads\/2015\/12\/11-9401-1.pdf\" rel=\"\">11 9401<\/a>)&nbsp;<a href=\"http:\/\/scindeks.ceon.rs\/article.aspx?query=ISSID%26and%2612426&amp;page=11&amp;sort=8&amp;stype=0&amp;backurl=%2fissue.aspx%3fissue%3d12426\" target=\"_blank\" rel=\"noopener noreferrer\">SCIndeks<\/a><\/li>\n<li><em>Identifikacija parametara sistema pobude agregata A1 u HE \u201cPirot\u201d<\/em>, D. Joksimovi\u0107, \u0110. Stoji\u0107, Z. \u0106iri\u0107, D. Arnautovi\u0107, M. Milinkovi\u0107, S. Veinovi\u0107, N. Miloj\u010di\u0107, str. 155 (<a href=\"http:\/\/www.zbornik-eint.org\/wp-content\/uploads\/2015\/12\/12-9233.pdf\" rel=\"\">12 9233<\/a>) &nbsp;<a href=\"http:\/\/scindeks.ceon.rs\/article.aspx?query=ISSID%26and%2612426&amp;page=11&amp;sort=8&amp;stype=0&amp;backurl=%2fissue.aspx%3fissue%3d12426\" target=\"_blank\" rel=\"noopener noreferrer\">SCIndeks<\/a><\/li>\n<li><em>Garancijska ispitivanja sistema pobude agregata A4 u HE \u201c\u0110erdap 1\u201d<\/em>, D. Joksimovi\u0107, Z. \u0106iri\u0107, I. Klasni\u0107, D. Arnautovi\u0107, S. Bogdanovi\u0107, N. Miloj\u010di\u0107, str. 171 (<a href=\"http:\/\/www.zbornik-eint.org\/wp-content\/uploads\/2015\/12\/13-9232.pdf\" rel=\"\">13 9232<\/a>)&nbsp;<a href=\"http:\/\/scindeks.ceon.rs\/article.aspx?query=ISSID%26and%2612426&amp;page=12&amp;sort=8&amp;stype=0&amp;backurl=%2fissue.aspx%3fissue%3d12426\" target=\"_blank\" rel=\"noopener noreferrer\">SCIndeks<\/a><\/li>\n<li><em>F-T dijagram parcijalnih pra\u017enjenja kod velikih generatora<\/em>, N. Kartalovi\u0107, A. \u017digi\u0107, B. Babi\u0107, F. Zec, M. Radoj\u010di\u0107, str. 187 (<a href=\"http:\/\/www.zbornik-eint.org\/wp-content\/uploads\/2015\/12\/14-9539-1.pdf\" rel=\"\">14 9539<\/a>)&nbsp;<a href=\"http:\/\/scindeks.ceon.rs\/article.aspx?query=ISSID%26and%2612426&amp;page=13&amp;sort=8&amp;stype=0&amp;backurl=%2fissue.aspx%3fissue%3d12426\" target=\"_blank\" rel=\"noopener noreferrer\">SCIndeks<\/a><\/li>\n<\/ol>\n","protected":false},"excerpt":{"rendered":"<p>Uticaj interfaznih transformatora i komutacionih prigu\u0161nica na deljenje struja tiristorskih mostova u osamnaestoimpulsnim ispravlja\u010dima, V. Vuki\u0107 1 (1 9150)&nbsp;SCIndeks Ispitivanje specifi\u010dne elektri\u010dne otpornosti guste hidrome\u0161avine pepela i povratne vode iz TE \u201eKostolac A\u201d u laboratorijskim uslovima, V. Kosti\u0107, M. Grbi\u0107, P. Branisavljevi\u0107, \u017d. Janda, J. Mrvi\u0107, str. &nbsp;31 (2 8524)&nbsp;SCIndeks Internet aplikacija sa prilagodljivim dizajnom &hellip; <a href=\"https:\/\/www.zbornik-eint.org\/?page_id=587&#038;lang=sr\" class=\"more-link\">Continue reading <span class=\"screen-reader-text\">Zbornik radova, Elektrotehni\u010dki institut Nikola Tesla, knjiga 25, 2015<\/span> <span class=\"meta-nav\">&rarr;<\/span><\/a><\/p>\n","protected":false},"author":1,"featured_media":0,"parent":63,"menu_order":9,"comment_status":"closed","ping_status":"closed","template":"","meta":{"_monsterinsights_skip_tracking":false,"_monsterinsights_sitenote_active":false,"_monsterinsights_sitenote_note":"","_monsterinsights_sitenote_category":0,"footnotes":""},"class_list":["post-587","page","type-page","status-publish","hentry"],"_links":{"self":[{"href":"https:\/\/www.zbornik-eint.org\/index.php?rest_route=\/wp\/v2\/pages\/587","targetHints":{"allow":["GET"]}}],"collection":[{"href":"https:\/\/www.zbornik-eint.org\/index.php?rest_route=\/wp\/v2\/pages"}],"about":[{"href":"https:\/\/www.zbornik-eint.org\/index.php?rest_route=\/wp\/v2\/types\/page"}],"author":[{"embeddable":true,"href":"https:\/\/www.zbornik-eint.org\/index.php?rest_route=\/wp\/v2\/users\/1"}],"replies":[{"embeddable":true,"href":"https:\/\/www.zbornik-eint.org\/index.php?rest_route=%2Fwp%2Fv2%2Fcomments&post=587"}],"version-history":[{"count":4,"href":"https:\/\/www.zbornik-eint.org\/index.php?rest_route=\/wp\/v2\/pages\/587\/revisions"}],"predecessor-version":[{"id":1375,"href":"https:\/\/www.zbornik-eint.org\/index.php?rest_route=\/wp\/v2\/pages\/587\/revisions\/1375"}],"up":[{"embeddable":true,"href":"https:\/\/www.zbornik-eint.org\/index.php?rest_route=\/wp\/v2\/pages\/63"}],"wp:attachment":[{"href":"https:\/\/www.zbornik-eint.org\/index.php?rest_route=%2Fwp%2Fv2%2Fmedia&parent=587"}],"curies":[{"name":"wp","href":"https:\/\/api.w.org\/{rel}","templated":true}]}}