{"id":791,"date":"2018-12-27T09:41:51","date_gmt":"2018-12-27T07:41:51","guid":{"rendered":"http:\/\/www.zbornik-eint.org\/?page_id=791"},"modified":"2026-01-07T17:31:45","modified_gmt":"2026-01-07T15:31:45","slug":"proceedings-electrical-engineering-institute-nikola-tesla-vol-28-2018-2","status":"publish","type":"page","link":"https:\/\/www.zbornik-eint.org\/?page_id=791&lang=en","title":{"rendered":"Proceedings, Electrical engineering institute Nikola Tesla, vol. 28, 2018"},"content":{"rendered":"\n<ol class=\"wp-block-list\"><li><em><strong>The Output Current Ripple and the Dynamic Characteristics of an 18 pulse Thyristor Rectifier, Designed for the Electromagnet Power,<\/strong><\/em> Vladimir Vuki\u0107, pp. 1 (<a href=\"http:\/\/www.zbornik-eint.org\/wp-content\/uploads\/2018\/12\/1-19363-Vukic-1.pdf\">1-19363)<\/a><\/li><li><em><strong>Optimal Choice of the Number of Even Harmonics Demodulated from the Excitation Current of a Sensor for Precise DC Voltage Component Detection in Low Voltage Distributive Grid as a Strategy for Suppression of the Systematic Error Due to the Grid Voltage Fluctuation<\/strong><\/em>, Nenad Petrovi\u0107, Neboj\u0161a Pjevalica \u017darko Janda, pp.\u00a0 25 (<a href=\"http:\/\/www.zbornik-eint.org\/wp-content\/uploads\/2018\/12\/2-19390-Petrovic-1.pdf\">2-19390)<\/a><\/li><li><em><strong>Application of Patented Technology for Solving the Problem of PCB Contamination and Corrosive Sulpfur in Power Transformers<\/strong><\/em>, Jelena Jankovi\u0107, Draginja Mihajlovi\u0107, Neda Kova\u010devi\u0107, Valentina Vasovi\u0107, Jelena Luki\u0107, pp. 41 (<a href=\"http:\/\/www.zbornik-eint.org\/wp-content\/uploads\/2018\/12\/3-19592-Jelena-Jankovic-1.pdf\">3-19592)<\/a><\/li><li><em><strong>The Detection and Localization of Stator Bar with Electrical Breakdown of Insulation<\/strong><\/em>, Ilija Klasni\u0107, Ljubi\u0161a Nikoli\u0107. Zoran \u0106iri\u0107, pp. 51 (<a href=\"http:\/\/www.zbornik-eint.org\/wp-content\/uploads\/2018\/12\/4-19131-Klasnic-1.pdf\">4-19131)<\/a><\/li><li><em><strong>The Realization of Centralized Server User Interface for Network Communication and Control of Devices for Partial Discharge Monitoring<\/strong><\/em>, Nikola Caki\u0107, Milica Caki\u0107, Aleksandar \u017digi\u0107, Sr\u0111an Milosavl\u0458evi\u0107, Nenad Kartalovi\u0107, pp. 59 (<a href=\"http:\/\/www.zbornik-eint.org\/wp-content\/uploads\/2018\/12\/5-19605-Cakic-1.pdf\">5-19605)<\/a><\/li><li><em><strong>A Spear Governing Algorithms for Pelton Turbines on SPP<\/strong><\/em>, Jelena Pavlovi\u0107, Miroslav Dragi\u0107evi\u0107, Dane D\u017eep\u010deski, Vladimir Stanoj\u010di\u0107, Nemanja Miloj\u010di\u0107, \u0110or\u0111e Stoji\u0107, pp. 67 (<a href=\"http:\/\/www.zbornik-eint.org\/wp-content\/uploads\/2018\/12\/6-19597-Pavlovic-1.pdf\">6-19597)<\/a><\/li><li><em><strong>Testing 35kV Cable Lines Type IPZO13 and Re-energized after Flood Damage<\/strong><\/em>, Ninoslav Simi\u0107, Jovan Mrvi\u0107, pp. 75 (<a href=\"http:\/\/www.zbornik-eint.org\/wp-content\/uploads\/2018\/12\/7-19393-Simic-1.pdf\">7-19393)<\/a><\/li><li><em><strong>Testing of Electric and Magnetic Fields in the Environment in the Vicinity of 400\/110 kV Substation<\/strong><\/em>, Maja Grbi\u0107, Aleksandar Pavlovi\u0107, pp. 85 (<a href=\"http:\/\/www.zbornik-eint.org\/wp-content\/uploads\/2018\/12\/8-19622-Grbic-1.pdf\">8-19622)<\/a><\/li><li><em><strong>Influence of Large Solar Power Plant on Short-circuit Currents and Analysis of Operation of Distance Protection System of High-voltage Connection Line<\/strong><\/em>, Nikola Su\u010devi\u0107, pp. 93 (<a href=\"http:\/\/www.zbornik-eint.org\/wp-content\/uploads\/2018\/12\/9-19107-Sucevic-1.pdf\">9-19107)<\/a><\/li><li><em><strong>Indexing of Planned Investments in the EES,\u00a0<\/strong><\/em>Miroslav Stankovi\u0107, Sa\u0161a Mini\u0107, Igor Beli\u0107, Vladimir Jokovi\u0107, pp. 109 (<a href=\"http:\/\/www.zbornik-eint.org\/wp-content\/uploads\/2018\/12\/10-19532-Stankovic-1.pdf\">10-19532)<\/a><\/li><li><em><strong>New Method for Human Activity Recognition Based on IMU Sensors and Digital Speech Processing Theory<\/strong><\/em>, Nikola Caki\u0107, Milica Caki\u0107, Sr\u0111an Milosavljevi\u0107, Aleksandar \u017digi\u0107, pp. 135 (<a href=\"http:\/\/www.zbornik-eint.org\/wp-content\/uploads\/2018\/12\/11-19587-Cakic-1.pdf\">11-19587)<\/a><\/li><\/ol>\n","protected":false},"excerpt":{"rendered":"<p>The Output Current Ripple and the Dynamic Characteristics of an 18 pulse Thyristor Rectifier, Designed for the Electromagnet Power, Vladimir Vuki\u0107, pp. 1 (1-19363) Optimal Choice of the Number of Even Harmonics Demodulated from the Excitation Current of a Sensor for Precise DC Voltage Component Detection in Low Voltage Distributive Grid as a Strategy for &hellip; <a href=\"https:\/\/www.zbornik-eint.org\/?page_id=791&#038;lang=en\" class=\"more-link\">Continue reading <span class=\"screen-reader-text\">Proceedings, Electrical engineering institute Nikola Tesla, vol. 28, 2018<\/span> <span class=\"meta-nav\">&rarr;<\/span><\/a><\/p>\n","protected":false},"author":1,"featured_media":0,"parent":393,"menu_order":7,"comment_status":"closed","ping_status":"closed","template":"","meta":{"_monsterinsights_skip_tracking":false,"_monsterinsights_sitenote_active":false,"_monsterinsights_sitenote_note":"","_monsterinsights_sitenote_category":0,"footnotes":""},"class_list":["post-791","page","type-page","status-publish","hentry"],"_links":{"self":[{"href":"https:\/\/www.zbornik-eint.org\/index.php?rest_route=\/wp\/v2\/pages\/791","targetHints":{"allow":["GET"]}}],"collection":[{"href":"https:\/\/www.zbornik-eint.org\/index.php?rest_route=\/wp\/v2\/pages"}],"about":[{"href":"https:\/\/www.zbornik-eint.org\/index.php?rest_route=\/wp\/v2\/types\/page"}],"author":[{"embeddable":true,"href":"https:\/\/www.zbornik-eint.org\/index.php?rest_route=\/wp\/v2\/users\/1"}],"replies":[{"embeddable":true,"href":"https:\/\/www.zbornik-eint.org\/index.php?rest_route=%2Fwp%2Fv2%2Fcomments&post=791"}],"version-history":[{"count":1,"href":"https:\/\/www.zbornik-eint.org\/index.php?rest_route=\/wp\/v2\/pages\/791\/revisions"}],"predecessor-version":[{"id":800,"href":"https:\/\/www.zbornik-eint.org\/index.php?rest_route=\/wp\/v2\/pages\/791\/revisions\/800"}],"up":[{"embeddable":true,"href":"https:\/\/www.zbornik-eint.org\/index.php?rest_route=\/wp\/v2\/pages\/393"}],"wp:attachment":[{"href":"https:\/\/www.zbornik-eint.org\/index.php?rest_route=%2Fwp%2Fv2%2Fmedia&parent=791"}],"curies":[{"name":"wp","href":"https:\/\/api.w.org\/{rel}","templated":true}]}}