{"id":8,"date":"2015-04-20T10:40:36","date_gmt":"2015-04-20T08:40:36","guid":{"rendered":"http:\/\/www.zbornik-eint.org\/?page_id=8"},"modified":"2017-12-20T12:11:40","modified_gmt":"2017-12-20T10:11:40","slug":"kontakt","status":"publish","type":"page","link":"https:\/\/www.zbornik-eint.org\/?page_id=8&lang=sr","title":{"rendered":"Kontakt"},"content":{"rendered":"<p><span style=\"color: #0000ff;\">Glavni urednik: dr \u017darko Janda , e-mail:<a title=\"e-mail\" href=\"mailto:zarko.janda@ieent.org\" target=\"_blank\">\u00a0zarko.janda@ieent.org<\/a><\/span><\/p>\n<p><span style=\"color: #0000ff;\">\u00a0<\/span><\/p>\n<p><span style=\"color: #0000ff;\">Tehni\u010dki urednik: Tatjana Jugovi\u0107 Repaji\u0107, e-mail: <a title=\"e-mail\" href=\"mailto:tjrepaji@ieent.org\" target=\"_blank\">tjrepaji@ieent.org<\/a><\/span><\/p>\n","protected":false},"excerpt":{"rendered":"<p>Glavni urednik: dr \u017darko Janda , e-mail:\u00a0zarko.janda@ieent.org \u00a0 Tehni\u010dki urednik: Tatjana Jugovi\u0107 Repaji\u0107, e-mail: tjrepaji@ieent.org<\/p>\n","protected":false},"author":1,"featured_media":0,"parent":0,"menu_order":3,"comment_status":"closed","ping_status":"open","template":"","meta":{"_monsterinsights_skip_tracking":false,"_monsterinsights_sitenote_active":false,"_monsterinsights_sitenote_note":"","_monsterinsights_sitenote_category":0,"footnotes":""},"class_list":["post-8","page","type-page","status-publish","hentry"],"_links":{"self":[{"href":"https:\/\/www.zbornik-eint.org\/index.php?rest_route=\/wp\/v2\/pages\/8","targetHints":{"allow":["GET"]}}],"collection":[{"href":"https:\/\/www.zbornik-eint.org\/index.php?rest_route=\/wp\/v2\/pages"}],"about":[{"href":"https:\/\/www.zbornik-eint.org\/index.php?rest_route=\/wp\/v2\/types\/page"}],"author":[{"embeddable":true,"href":"https:\/\/www.zbornik-eint.org\/index.php?rest_route=\/wp\/v2\/users\/1"}],"replies":[{"embeddable":true,"href":"https:\/\/www.zbornik-eint.org\/index.php?rest_route=%2Fwp%2Fv2%2Fcomments&post=8"}],"version-history":[{"count":6,"href":"https:\/\/www.zbornik-eint.org\/index.php?rest_route=\/wp\/v2\/pages\/8\/revisions"}],"predecessor-version":[{"id":1452,"href":"https:\/\/www.zbornik-eint.org\/index.php?rest_route=\/wp\/v2\/pages\/8\/revisions\/1452"}],"wp:attachment":[{"href":"https:\/\/www.zbornik-eint.org\/index.php?rest_route=%2Fwp%2Fv2%2Fmedia&parent=8"}],"curies":[{"name":"wp","href":"https:\/\/api.w.org\/{rel}","templated":true}]}}