{"id":94,"date":"2015-04-21T10:02:29","date_gmt":"2015-04-21T08:02:29","guid":{"rendered":"http:\/\/www.zbornik-eint.org\/?page_id=94"},"modified":"2024-12-29T22:17:36","modified_gmt":"2024-12-29T20:17:36","slug":"zbornik-radova-knjiga-22-2012","status":"publish","type":"page","link":"https:\/\/www.zbornik-eint.org\/?page_id=94&lang=sr","title":{"rendered":"Zbornik radova, Elektrotehni\u010dki institut Nikola Tesla, knjiga 22, 2012"},"content":{"rendered":"<ol>\n<li><em>Stati<\/em><em>\u010dki i dinami\u010dki aspekti uva\u017eavanja statizma regulacije napona generatora u analizama naponski-reaktivnih stanja prenosnih mre\u017ea,<\/em>\u00a0M. Ivanovi\u0107, D.P. Popovi\u0107, \u0110. Stoji\u0107, S. Veinovi\u0107, M. Milinkovi\u0107, D. Arnautovi\u0107, S. Mini\u0107 , str. 1 (<a href=\"http:\/\/www.zbornik-eint.org\/wp-content\/uploads\/2015\/04\/1-2012.pdf\">1-2012<\/a>)\u00a0<a href=\"http:\/\/scindeks.ceon.rs\/article.aspx?artid=0350-85281222001I\" target=\"_blank\" rel=\"noopener noreferrer\">SCIndeks<\/a><\/li>\n<li><em>Ispitivanje kvaliteta rada agregata A1 u HE \u201eZvornik\u201c u primarnoj regulaciji u\u010destanosti, V.\u00a0<\/em>Stanoj\u010di\u0107, D. D\u017eep\u010deski, D. Arnautovi\u0107 S. Bogdanovi\u0107, J. Pavlovi\u0107, str. \u00a021 (<a href=\"http:\/\/www.zbornik-eint.org\/wp-content\/uploads\/2015\/04\/2-2012.pdf\">2-2012<\/a>)\u00a0<a href=\"http:\/\/scindeks.ceon.rs\/article.aspx?artid=0350-85281222021S\" target=\"_blank\" rel=\"noopener noreferrer\">SCIndeks<\/a><\/li>\n<li><em>Matemati\u010dki model stati\u010dke estimacije stanja prenosne mre\u017ee, A.\u00a0<\/em>Ivanov, D. \u0110or\u0111evi\u0107, str. 33 (<a href=\"http:\/\/www.zbornik-eint.org\/wp-content\/uploads\/2015\/04\/3-2012.pdf\">3-2012<\/a>)\u00a0<a href=\"http:\/\/scindeks.ceon.rs\/article.aspx?artid=0350-85281222033I\" target=\"_blank\" rel=\"noopener noreferrer\">SCIndeks<\/a><\/li>\n<li><em>Modeli hidropostrojenja u analizama dinami\u010dke sigurnosti elektroenergetskih interkonekcija,<\/em>\u00a0M. Ivanovi\u0107, D.P. Popovi\u0107, D. Arnautovi\u0107, S. Bogdanovi\u0107, D. D\u017eep\u010deski, J. Dragosavac, J. Pavlovi\u0107, S. Mini\u0107, str. 43 (<a href=\"http:\/\/www.zbornik-eint.org\/wp-content\/uploads\/2015\/04\/4-2012.pdf\">4-2012<\/a>)\u00a0<a href=\"http:\/\/scindeks.ceon.rs\/article.aspx?artid=0350-85281222043I\" target=\"_blank\" rel=\"noopener noreferrer\">SCIndeks<\/a><\/li>\n<li><em>Modeli sistema regulacije pobude generatora u analizama dinami\u010dke sigurnosti elektroenergetskih interkonekcija, <\/em>M<em>.\u00a0<\/em> Ivanovi\u0107, D.P. Popovi\u0107, \u0110. Stoji\u0107, S. Veinovi\u0107, D. Joksimovi\u0107, S. Mini\u0107, str. 69 (<a href=\"http:\/\/www.zbornik-eint.org\/wp-content\/uploads\/2015\/04\/5-2012.pdf\">5-2012<\/a>)\u00a0<a href=\"http:\/\/scindeks.ceon.rs\/article.aspx?artid=0350-85281222069I\" target=\"_blank\" rel=\"noopener noreferrer\">SCIndeks<\/a><\/li>\n<li><em>Primarna, sekundarna i tercijarna regulacija u\u010destanosti u analizama dinami\u010dke sigurnosti elektroenergetskih interkonekcija, M.\u00a0<\/em>Ivanovi\u0107, D.P. Popovi\u0107, S. Mini\u0107, str. \u00a093 (<a href=\"http:\/\/www.zbornik-eint.org\/wp-content\/uploads\/2015\/04\/6-2012.pdf\">6-2012<\/a>)\u00a0<a href=\"http:\/\/scindeks.ceon.rs\/article.aspx?artid=0350-85281222093I\" target=\"_blank\" rel=\"noopener noreferrer\">SCIndeks<\/a><\/li>\n<li><em>Merenje odre\u0111enog integrala proizvoda dva ili vi\u0161e signala dvobitnim A\/D konvertorom, <\/em> Li\u010dina, P. Sovilj, V. Vuji\u010di\u0107, str. 117 (<a href=\"http:\/\/www.zbornik-eint.org\/wp-content\/uploads\/2015\/04\/7-2012.pdf\">7-2012<\/a>)\u00a0<a href=\"http:\/\/scindeks.ceon.rs\/article.aspx?artid=0350-85281222117L\" target=\"_blank\" rel=\"noopener noreferrer\">SCIndeks<\/a><\/li>\n<li><em>Eksperimentalna istra\u017eivanja efekata razli\u010ditih ekrana na smanjenje ja\u010dine elektri\u010dnog polja industrijske u\u010destanosti<\/em>, J. Nahman, D. Salamon, M. Grbi\u0107, str. 137 (<a href=\"http:\/\/www.zbornik-eint.org\/wp-content\/uploads\/2015\/04\/8-2012.pdf\">8-2012<\/a>)\u00a0<a href=\"http:\/\/scindeks.ceon.rs\/article.aspx?artid=0350-85281222137N\" target=\"_blank\" rel=\"noopener noreferrer\">SCIndeks<\/a><\/li>\n<li><em>Odre\u0111ivanje regresionih funkcija procesa pra\u017enjenja i punjenja hermetizovanih olovnih baterija, <\/em><em> Vuki\u0107, str.\u00a0<\/em>153 (<a href=\"http:\/\/www.zbornik-eint.org\/wp-content\/uploads\/2015\/04\/9-2012.pdf\">9-2012<\/a>)\u00a0<a href=\"http:\/\/scindeks.ceon.rs\/article.aspx?artid=0350-85281222153V\" target=\"_blank\" rel=\"noopener noreferrer\">SCIndeks<\/a><\/li>\n<\/ol>\n<ol start=\"10\">\n<li><em>Eksperimentalna istra\u017eivanja efekata razli\u010ditih ekrana na smanjenje magnetske indukcije industrijske u\u010destanosti<\/em>, J. Nahman, D. Salamon, M. Grbi\u0107, str. 173 (<a href=\"http:\/\/www.zbornik-eint.org\/wp-content\/uploads\/2015\/04\/10-2012.pdf\">10-2012<\/a>)\u00a0<a href=\"http:\/\/scindeks.ceon.rs\/article.aspx?artid=0350-85281222173N\" target=\"_blank\" rel=\"noopener noreferrer\">SCIndeks<\/a><\/li>\n<li><em>Struje i prenaponi pri uspostavljanju i prekidanju zemljospoja u 10 kV mre\u017ei grada Ni\u0161a, <\/em>P.<em>\u00a0<\/em>Vukelja, J. Mrvi\u0107, D. Hrvi\u0107, str. 185 (<a href=\"http:\/\/www.zbornik-eint.org\/wp-content\/uploads\/2015\/04\/11-2012.pdf\">11-2012<\/a>)\u00a0<a href=\"http:\/\/scindeks.ceon.rs\/article.aspx?artid=0350-85281222185V\" target=\"_blank\" rel=\"noopener noreferrer\">SCIndeks<\/a><\/li>\n<li><em>Karakteristike i mogu\u0107nosti programskog alata za izbor metaloksodnih odvodnika prenapona, <\/em>D<em>.\u00a0<\/em>\u0110or\u0111evi\u0107, Z .Stojkovi\u0107, A. Ivanov, str. 195 (<a href=\"http:\/\/www.zbornik-eint.org\/wp-content\/uploads\/2015\/04\/12-2012.pdf\">12-2012<\/a>)\u00a0<a href=\"http:\/\/scindeks.ceon.rs\/article.aspx?artid=0350-85281222195D\" target=\"_blank\" rel=\"noopener noreferrer\">SCIndeks<\/a><\/li>\n<li><em>Me\u0111ulaboratorijsko pore\u0111enje rezultata merenja magnetske indukcije nadzemnog voda naponskog nivoa 400 kV, <\/em>M.<em>\u00a0<\/em>Grbi\u0107, A. Pavlovi\u0107, str. \u00a0209 (<a href=\"http:\/\/www.zbornik-eint.org\/wp-content\/uploads\/2015\/04\/13-2012.pdf\">13-2012<\/a>)\u00a0<a href=\"http:\/\/scindeks.ceon.rs\/article.aspx?artid=0350-85281222209G\" target=\"_blank\" rel=\"noopener noreferrer\">SCIndeks<\/a><\/li>\n<li><em>Metoda za ultrazvu\u010dno ispitivanje parcijalnih pra\u017enjenja kod mernih transformatora, <\/em>N.<em>\u00a0<\/em> Kartalovi\u0107, N. Ili\u0107, A. Milo\u0161evi\u0107, D. Tesli\u0107, N. Caki\u0107, S. Milosavljevi\u0107, str. 223 (<a href=\"http:\/\/www.zbornik-eint.org\/wp-content\/uploads\/2015\/04\/14-2012.pdf\">14-2012<\/a>)\u00a0<a href=\"http:\/\/scindeks.ceon.rs\/article.aspx?artid=0350-85281222223K\" target=\"_blank\" rel=\"noopener noreferrer\">SCIndeks<\/a><\/li>\n<li><em>Napredna dijagnostika ekscentrititeta i loma kaveza visokonaponskih asinhronih motora<\/em>, \u017d. Janda, M. Jankovi\u0107, M. Milo\u0161evi\u0107, B. Jovanovi\u0107 , str. \u00a0235 (<a href=\"http:\/\/www.zbornik-eint.org\/wp-content\/uploads\/2015\/04\/15-2012.pdf\">15-2012<\/a>)\u00a0<a href=\"http:\/\/scindeks.ceon.rs\/article.aspx?artid=0350-85281222235J\" target=\"_blank\" rel=\"noopener noreferrer\">SCIndeks<\/a><\/li>\n<li><em>Sistem za magnetni monitoring visokonaponskih motora MM6212S, N,\u00a0<\/em>Kartalovi\u0107, B. Babi\u0107, N. Ili\u0107, S.Milosavljevi\u0107, str. \u00a0251 (<a href=\"http:\/\/www.zbornik-eint.org\/wp-content\/uploads\/2015\/04\/16-2012.pdf\">16-2012<\/a>)\u00a0<a href=\"http:\/\/scindeks.ceon.rs\/article.aspx?artid=0350-85281222251K\" target=\"_blank\" rel=\"noopener noreferrer\">SCIndeks<\/a><\/li>\n<\/ol>\n","protected":false},"excerpt":{"rendered":"<p>Stati\u010dki i dinami\u010dki aspekti uva\u017eavanja statizma regulacije napona generatora u analizama naponski-reaktivnih stanja prenosnih mre\u017ea,\u00a0M. Ivanovi\u0107, D.P. Popovi\u0107, \u0110. Stoji\u0107, S. Veinovi\u0107, M. Milinkovi\u0107, D. Arnautovi\u0107, S. Mini\u0107 , str. 1 (1-2012)\u00a0SCIndeks Ispitivanje kvaliteta rada agregata A1 u HE \u201eZvornik\u201c u primarnoj regulaciji u\u010destanosti, V.\u00a0Stanoj\u010di\u0107, D. D\u017eep\u010deski, D. Arnautovi\u0107 S. Bogdanovi\u0107, J. Pavlovi\u0107, str. \u00a021 &hellip; <a href=\"https:\/\/www.zbornik-eint.org\/?page_id=94&#038;lang=sr\" class=\"more-link\">Continue reading <span class=\"screen-reader-text\">Zbornik radova, Elektrotehni\u010dki institut Nikola Tesla, knjiga 22, 2012<\/span> <span class=\"meta-nav\">&rarr;<\/span><\/a><\/p>\n","protected":false},"author":1,"featured_media":0,"parent":63,"menu_order":13,"comment_status":"closed","ping_status":"closed","template":"","meta":{"_monsterinsights_skip_tracking":false,"_monsterinsights_sitenote_active":false,"_monsterinsights_sitenote_note":"","_monsterinsights_sitenote_category":0,"footnotes":""},"class_list":["post-94","page","type-page","status-publish","hentry"],"_links":{"self":[{"href":"https:\/\/www.zbornik-eint.org\/index.php?rest_route=\/wp\/v2\/pages\/94","targetHints":{"allow":["GET"]}}],"collection":[{"href":"https:\/\/www.zbornik-eint.org\/index.php?rest_route=\/wp\/v2\/pages"}],"about":[{"href":"https:\/\/www.zbornik-eint.org\/index.php?rest_route=\/wp\/v2\/types\/page"}],"author":[{"embeddable":true,"href":"https:\/\/www.zbornik-eint.org\/index.php?rest_route=\/wp\/v2\/users\/1"}],"replies":[{"embeddable":true,"href":"https:\/\/www.zbornik-eint.org\/index.php?rest_route=%2Fwp%2Fv2%2Fcomments&post=94"}],"version-history":[{"count":10,"href":"https:\/\/www.zbornik-eint.org\/index.php?rest_route=\/wp\/v2\/pages\/94\/revisions"}],"predecessor-version":[{"id":1379,"href":"https:\/\/www.zbornik-eint.org\/index.php?rest_route=\/wp\/v2\/pages\/94\/revisions\/1379"}],"up":[{"embeddable":true,"href":"https:\/\/www.zbornik-eint.org\/index.php?rest_route=\/wp\/v2\/pages\/63"}],"wp:attachment":[{"href":"https:\/\/www.zbornik-eint.org\/index.php?rest_route=%2Fwp%2Fv2%2Fmedia&parent=94"}],"curies":[{"name":"wp","href":"https:\/\/api.w.org\/{rel}","templated":true}]}}